{"id":28903,"date":"2023-02-10T10:40:10","date_gmt":"2023-02-10T10:40:10","guid":{"rendered":"https:\/\/iko.website-in-progress.be\/flade-tagsystemer\/oplossingen\/iko-projectdaken\/"},"modified":"2024-04-15T08:08:07","modified_gmt":"2024-04-15T08:08:07","slug":"brugertilpassede-tagsystemer","status":"publish","type":"page","link":"https:\/\/eu.iko.com\/da\/systemer-til-flade-tage\/loesninger\/brugertilpassede-tagsystemer\/","title":{"rendered":"Brugertilpassede tagsystemer"},"content":{"rendered":"\n<section class=\"block block-hero-product pt-15 pb-50 pb-md-60 pb-lg-80 pb-xl-100 \" id=\"block_64ccc3cbfad9f\">\n    <div class=\"container\">\n        <div class=\"row\">\n            <div class=\"col-12\" data-aos=\"fade-up\">\n                <h1 class=\"h2 mb-40\"><span>Brugertilpassede<\/span> tagsystemer<\/h1>\n            <\/div>\n            <div class=\"col-12 col-md-6 order-2 order-md-1 pr-md-30 pr-lg-40 pr-xl-60 block-hero-product__text\" data-aos=\"fade-up\">\n                <p>IKO har en brugertilpasset l\u00f8sning til alle former for flade tag. Alle IKO-produkter g\u00e5r uden problemer i sp\u00e6nd og giver perfekt vandt\u00e6thed i flade tag. IKO v\u00e6lger konsekvent bitumen som tagbekl\u00e6dning. Ved flade tag er disse membraner den mest passende teknologi for at opn\u00e5 et perfekt vandt\u00e6t og holdbart tag.<\/p>\n                                                    <div class=\"d-flex flex-row flex-wrap align-items-center mt-10\">\n                                                                        <\/div>\n                                            <\/div>\n            <div class=\"col-12 col-md-6 text-center order-1 order-md-2 mb-40 mb-md-0 block-hero-product__image\" data-aos=\"fade-up\">\n                                    <img decoding=\"async\" src=\"https:\/\/eu.iko.com\/wp-content\/uploads\/2023\/01\/iko-projectdaken.jpeg\" alt=\"\" class=\"img-fluid h-100\">\n                            <\/div>\n        <\/div>\n    <\/div>\n<\/section>\n\n\n<section class=\"block b-post-grid pt-0 pb-30 pb-md-50 pb-lg-70 pb-xl-80 \" id=\"block_63e6203482753\">\n<div class=\"container\">\n\n            <div class=\"row mb-20 mb-md-30 mb-lg-40\" data-aos=\"fade-up\">\n            <div class=\"col-12\">\n                <h2>Opdag alle <span>IKO-produkterne<\/span> til propriet\u00e6re tagsystemer<\/h2>\n            <\/div>\n        <\/div>\n     \n    \n    <div class=\"row c-filter__animation_obj-wrapper c-filter__cpt_product\" data-aos=\"fade-up\">\n                    \n                            <div class=\"c-filter__animation_obj shadow d-flex flex-column c-small-product\" filterdata=\"1636 1120 \">\n                                            <a class=\"bg-white text-dark d-flex flex-column flex-grow-1 pt-15 pt-md-20 px-15 px-lg-20\" href=\"https:\/\/eu.iko.com\/da\/product\/systemer-til-flade-tage\/iko-powergum\/\">\n\n                                                            <h5 class=\"text-dark text-center font-weight-bolder mb-2\">\n                                    IKO powergum                                <\/h5>\n                            \n                            <\/a>\n                                                                <a class=\"min-height-1 bg-white\" href=\"https:\/\/eu.iko.com\/da\/product\/systemer-til-flade-tage\/iko-powergum\/\">\n                            <div class=\"overflow-hidden c-small-product__image\">\n                                <img loading=\"lazy\" decoding=\"async\" width=\"111\" height=\"300\" src=\"https:\/\/eu.iko.com\/wp-content\/uploads\/2023\/02\/IKOpowergumrol.png\" class=\"c-filter__animation_obj__thumbnail w-100 img-fluid wp-post-image\" alt=\"IKO powergum\" \/>                            <\/div>\n                        <\/a>\n                                    <\/div>\n                                \n                            <div class=\"c-filter__animation_obj shadow d-flex flex-column c-small-product\" filterdata=\"1636 1120 \">\n                                            <a class=\"bg-white text-dark d-flex flex-column flex-grow-1 pt-15 pt-md-20 px-15 px-lg-20\" href=\"https:\/\/eu.iko.com\/da\/product\/systemer-til-flade-tage\/iko-powerflex\/\">\n\n                                                            <h5 class=\"text-dark text-center font-weight-bolder mb-2\">\n                                    IKO powerflex                                <\/h5>\n                            \n                            <\/a>\n                                                                <a class=\"min-height-1 bg-white\" href=\"https:\/\/eu.iko.com\/da\/product\/systemer-til-flade-tage\/iko-powerflex\/\">\n                            <div class=\"overflow-hidden c-small-product__image\">\n                                <img loading=\"lazy\" decoding=\"async\" width=\"85\" height=\"300\" src=\"https:\/\/eu.iko.com\/wp-content\/uploads\/2023\/02\/iko-powerflex-rol.png\" class=\"c-filter__animation_obj__thumbnail w-100 img-fluid wp-post-image\" alt=\"IKO powerflex\" \/>                            <\/div>\n                        <\/a>\n                                    <\/div>\n                        <\/div>\n\n        \n    \n<\/div>\n<\/section>","protected":false},"excerpt":{"rendered":"","protected":false},"author":1,"featured_media":4718,"parent":28900,"menu_order":0,"comment_status":"closed","ping_status":"closed","template":"","meta":{"_acf_changed":false,"footnotes":""},"taxonomy_divisions":[937],"class_list":["post-28903","page","type-page","status-publish","has-post-thumbnail","hentry","taxonomy_divisions-systemer-til-flade-tage"],"acf":[],"yoast_head":"<!-- This site is optimized with the Yoast SEO plugin v27.3 - https:\/\/yoast.com\/product\/yoast-seo-wordpress\/ -->\n<title>Brugertilpassede tagsystemer | IKO<\/title>\n<meta name=\"robots\" content=\"index, follow, max-snippet:-1, max-image-preview:large, max-video-preview:-1\" \/>\n<link rel=\"canonical\" href=\"https:\/\/eu.iko.com\/da\/systemer-til-flade-tage\/loesninger\/brugertilpassede-tagsystemer\/\" \/>\n<meta property=\"og:locale\" content=\"da_DK\" \/>\n<meta property=\"og:type\" content=\"article\" \/>\n<meta property=\"og:title\" content=\"Brugertilpassede tagsystemer | IKO\" \/>\n<meta property=\"og:url\" content=\"https:\/\/eu.iko.com\/da\/systemer-til-flade-tage\/loesninger\/brugertilpassede-tagsystemer\/\" \/>\n<meta property=\"og:site_name\" content=\"IKO\" \/>\n<meta property=\"article:publisher\" content=\"https:\/\/www.facebook.com\/IKOwaterproofingandinsulation\/\" \/>\n<meta property=\"article:modified_time\" content=\"2024-04-15T08:08:07+00:00\" \/>\n<meta property=\"og:image\" content=\"https:\/\/eu.iko.com\/wp-content\/uploads\/2023\/01\/iko-projectdaken.jpeg\" \/>\n\t<meta property=\"og:image:width\" content=\"600\" \/>\n\t<meta property=\"og:image:height\" content=\"400\" \/>\n\t<meta property=\"og:image:type\" content=\"image\/jpeg\" \/>\n<meta name=\"twitter:card\" content=\"summary_large_image\" \/>\n<meta name=\"twitter:label1\" content=\"Estimeret l\u00e6setid\" \/>\n\t<meta name=\"twitter:data1\" content=\"1 minut\" \/>\n<script type=\"application\/ld+json\" class=\"yoast-schema-graph\">{\"@context\":\"https:\\\/\\\/schema.org\",\"@graph\":[{\"@type\":\"WebPage\",\"@id\":\"https:\\\/\\\/eu.iko.com\\\/da\\\/systemer-til-flade-tage\\\/loesninger\\\/brugertilpassede-tagsystemer\\\/\",\"url\":\"https:\\\/\\\/eu.iko.com\\\/da\\\/systemer-til-flade-tage\\\/loesninger\\\/brugertilpassede-tagsystemer\\\/\",\"name\":\"Brugertilpassede tagsystemer | IKO\",\"isPartOf\":{\"@id\":\"https:\\\/\\\/eu.iko.com\\\/da\\\/#website\"},\"primaryImageOfPage\":{\"@id\":\"https:\\\/\\\/eu.iko.com\\\/da\\\/systemer-til-flade-tage\\\/loesninger\\\/brugertilpassede-tagsystemer\\\/#primaryimage\"},\"image\":{\"@id\":\"https:\\\/\\\/eu.iko.com\\\/da\\\/systemer-til-flade-tage\\\/loesninger\\\/brugertilpassede-tagsystemer\\\/#primaryimage\"},\"thumbnailUrl\":\"https:\\\/\\\/eu.iko.com\\\/wp-content\\\/uploads\\\/2023\\\/01\\\/iko-projectdaken.jpeg\",\"datePublished\":\"2023-02-10T10:40:10+00:00\",\"dateModified\":\"2024-04-15T08:08:07+00:00\",\"breadcrumb\":{\"@id\":\"https:\\\/\\\/eu.iko.com\\\/da\\\/systemer-til-flade-tage\\\/loesninger\\\/brugertilpassede-tagsystemer\\\/#breadcrumb\"},\"inLanguage\":\"da-DK\",\"potentialAction\":[{\"@type\":\"ReadAction\",\"target\":[\"https:\\\/\\\/eu.iko.com\\\/da\\\/systemer-til-flade-tage\\\/loesninger\\\/brugertilpassede-tagsystemer\\\/\"]}]},{\"@type\":\"ImageObject\",\"inLanguage\":\"da-DK\",\"@id\":\"https:\\\/\\\/eu.iko.com\\\/da\\\/systemer-til-flade-tage\\\/loesninger\\\/brugertilpassede-tagsystemer\\\/#primaryimage\",\"url\":\"https:\\\/\\\/eu.iko.com\\\/wp-content\\\/uploads\\\/2023\\\/01\\\/iko-projectdaken.jpeg\",\"contentUrl\":\"https:\\\/\\\/eu.iko.com\\\/wp-content\\\/uploads\\\/2023\\\/01\\\/iko-projectdaken.jpeg\",\"width\":600,\"height\":400},{\"@type\":\"BreadcrumbList\",\"@id\":\"https:\\\/\\\/eu.iko.com\\\/da\\\/systemer-til-flade-tage\\\/loesninger\\\/brugertilpassede-tagsystemer\\\/#breadcrumb\",\"itemListElement\":[{\"@type\":\"ListItem\",\"position\":1,\"name\":\"Home\",\"item\":\"https:\\\/\\\/eu.iko.com\\\/da\\\/\"},{\"@type\":\"ListItem\",\"position\":2,\"name\":\"Systemer til flade tage\",\"item\":\"https:\\\/\\\/eu.iko.com\\\/da\\\/systemer-til-flade-tage\\\/\"},{\"@type\":\"ListItem\",\"position\":3,\"name\":\"L\u00f8sninger\",\"item\":\"https:\\\/\\\/eu.iko.com\\\/da\\\/systemer-til-flade-tage\\\/loesninger\\\/\"},{\"@type\":\"ListItem\",\"position\":4,\"name\":\"Brugertilpassede tagsystemer\"}]},{\"@type\":\"WebSite\",\"@id\":\"https:\\\/\\\/eu.iko.com\\\/da\\\/#website\",\"url\":\"https:\\\/\\\/eu.iko.com\\\/da\\\/\",\"name\":\"IKO Waterproofing & Insulation\",\"description\":\"Dakdichting, waterdichting en isolatie\",\"publisher\":{\"@id\":\"https:\\\/\\\/eu.iko.com\\\/da\\\/#organization\"},\"potentialAction\":[{\"@type\":\"SearchAction\",\"target\":{\"@type\":\"EntryPoint\",\"urlTemplate\":\"https:\\\/\\\/eu.iko.com\\\/da\\\/?s={search_term_string}\"},\"query-input\":{\"@type\":\"PropertyValueSpecification\",\"valueRequired\":true,\"valueName\":\"search_term_string\"}}],\"inLanguage\":\"da-DK\"},{\"@type\":\"Organization\",\"@id\":\"https:\\\/\\\/eu.iko.com\\\/da\\\/#organization\",\"name\":\"IKO Waterproofing & Insulation\",\"url\":\"https:\\\/\\\/eu.iko.com\\\/da\\\/\",\"logo\":{\"@type\":\"ImageObject\",\"inLanguage\":\"da-DK\",\"@id\":\"https:\\\/\\\/eu.iko.com\\\/da\\\/#\\\/schema\\\/logo\\\/image\\\/\",\"url\":\"https:\\\/\\\/eu.iko.com\\\/wp-content\\\/uploads\\\/2024\\\/03\\\/emailheader.jpg\",\"contentUrl\":\"https:\\\/\\\/eu.iko.com\\\/wp-content\\\/uploads\\\/2024\\\/03\\\/emailheader.jpg\",\"width\":600,\"height\":200,\"caption\":\"IKO Waterproofing & Insulation\"},\"image\":{\"@id\":\"https:\\\/\\\/eu.iko.com\\\/da\\\/#\\\/schema\\\/logo\\\/image\\\/\"},\"sameAs\":[\"https:\\\/\\\/www.facebook.com\\\/IKOwaterproofingandinsulation\\\/\",\"https:\\\/\\\/www.linkedin.com\\\/company\\\/iko-waterproofingandinsulation\\\/\",\"https:\\\/\\\/www.instagram.com\\\/iko_waterproofing_insulation\\\/\",\"https:\\\/\\\/www.youtube.com\\\/channel\\\/UCb6EjYDrbNjJJM0EeZHQHcg\"]}]}<\/script>\n<!-- \/ Yoast SEO plugin. -->","yoast_head_json":{"title":"Brugertilpassede tagsystemer | IKO","robots":{"index":"index","follow":"follow","max-snippet":"max-snippet:-1","max-image-preview":"max-image-preview:large","max-video-preview":"max-video-preview:-1"},"canonical":"https:\/\/eu.iko.com\/da\/systemer-til-flade-tage\/loesninger\/brugertilpassede-tagsystemer\/","og_locale":"da_DK","og_type":"article","og_title":"Brugertilpassede tagsystemer | IKO","og_url":"https:\/\/eu.iko.com\/da\/systemer-til-flade-tage\/loesninger\/brugertilpassede-tagsystemer\/","og_site_name":"IKO","article_publisher":"https:\/\/www.facebook.com\/IKOwaterproofingandinsulation\/","article_modified_time":"2024-04-15T08:08:07+00:00","og_image":[{"width":600,"height":400,"url":"https:\/\/eu.iko.com\/wp-content\/uploads\/2023\/01\/iko-projectdaken.jpeg","type":"image\/jpeg"}],"twitter_card":"summary_large_image","twitter_misc":{"Estimeret l\u00e6setid":"1 minut"},"schema":{"@context":"https:\/\/schema.org","@graph":[{"@type":"WebPage","@id":"https:\/\/eu.iko.com\/da\/systemer-til-flade-tage\/loesninger\/brugertilpassede-tagsystemer\/","url":"https:\/\/eu.iko.com\/da\/systemer-til-flade-tage\/loesninger\/brugertilpassede-tagsystemer\/","name":"Brugertilpassede tagsystemer | IKO","isPartOf":{"@id":"https:\/\/eu.iko.com\/da\/#website"},"primaryImageOfPage":{"@id":"https:\/\/eu.iko.com\/da\/systemer-til-flade-tage\/loesninger\/brugertilpassede-tagsystemer\/#primaryimage"},"image":{"@id":"https:\/\/eu.iko.com\/da\/systemer-til-flade-tage\/loesninger\/brugertilpassede-tagsystemer\/#primaryimage"},"thumbnailUrl":"https:\/\/eu.iko.com\/wp-content\/uploads\/2023\/01\/iko-projectdaken.jpeg","datePublished":"2023-02-10T10:40:10+00:00","dateModified":"2024-04-15T08:08:07+00:00","breadcrumb":{"@id":"https:\/\/eu.iko.com\/da\/systemer-til-flade-tage\/loesninger\/brugertilpassede-tagsystemer\/#breadcrumb"},"inLanguage":"da-DK","potentialAction":[{"@type":"ReadAction","target":["https:\/\/eu.iko.com\/da\/systemer-til-flade-tage\/loesninger\/brugertilpassede-tagsystemer\/"]}]},{"@type":"ImageObject","inLanguage":"da-DK","@id":"https:\/\/eu.iko.com\/da\/systemer-til-flade-tage\/loesninger\/brugertilpassede-tagsystemer\/#primaryimage","url":"https:\/\/eu.iko.com\/wp-content\/uploads\/2023\/01\/iko-projectdaken.jpeg","contentUrl":"https:\/\/eu.iko.com\/wp-content\/uploads\/2023\/01\/iko-projectdaken.jpeg","width":600,"height":400},{"@type":"BreadcrumbList","@id":"https:\/\/eu.iko.com\/da\/systemer-til-flade-tage\/loesninger\/brugertilpassede-tagsystemer\/#breadcrumb","itemListElement":[{"@type":"ListItem","position":1,"name":"Home","item":"https:\/\/eu.iko.com\/da\/"},{"@type":"ListItem","position":2,"name":"Systemer til flade tage","item":"https:\/\/eu.iko.com\/da\/systemer-til-flade-tage\/"},{"@type":"ListItem","position":3,"name":"L\u00f8sninger","item":"https:\/\/eu.iko.com\/da\/systemer-til-flade-tage\/loesninger\/"},{"@type":"ListItem","position":4,"name":"Brugertilpassede tagsystemer"}]},{"@type":"WebSite","@id":"https:\/\/eu.iko.com\/da\/#website","url":"https:\/\/eu.iko.com\/da\/","name":"IKO Waterproofing & Insulation","description":"Dakdichting, waterdichting en isolatie","publisher":{"@id":"https:\/\/eu.iko.com\/da\/#organization"},"potentialAction":[{"@type":"SearchAction","target":{"@type":"EntryPoint","urlTemplate":"https:\/\/eu.iko.com\/da\/?s={search_term_string}"},"query-input":{"@type":"PropertyValueSpecification","valueRequired":true,"valueName":"search_term_string"}}],"inLanguage":"da-DK"},{"@type":"Organization","@id":"https:\/\/eu.iko.com\/da\/#organization","name":"IKO Waterproofing & Insulation","url":"https:\/\/eu.iko.com\/da\/","logo":{"@type":"ImageObject","inLanguage":"da-DK","@id":"https:\/\/eu.iko.com\/da\/#\/schema\/logo\/image\/","url":"https:\/\/eu.iko.com\/wp-content\/uploads\/2024\/03\/emailheader.jpg","contentUrl":"https:\/\/eu.iko.com\/wp-content\/uploads\/2024\/03\/emailheader.jpg","width":600,"height":200,"caption":"IKO Waterproofing & Insulation"},"image":{"@id":"https:\/\/eu.iko.com\/da\/#\/schema\/logo\/image\/"},"sameAs":["https:\/\/www.facebook.com\/IKOwaterproofingandinsulation\/","https:\/\/www.linkedin.com\/company\/iko-waterproofingandinsulation\/","https:\/\/www.instagram.com\/iko_waterproofing_insulation\/","https:\/\/www.youtube.com\/channel\/UCb6EjYDrbNjJJM0EeZHQHcg"]}]}},"_links":{"self":[{"href":"https:\/\/eu.iko.com\/da\/wp-json\/wp\/v2\/pages\/28903","targetHints":{"allow":["GET"]}}],"collection":[{"href":"https:\/\/eu.iko.com\/da\/wp-json\/wp\/v2\/pages"}],"about":[{"href":"https:\/\/eu.iko.com\/da\/wp-json\/wp\/v2\/types\/page"}],"author":[{"embeddable":true,"href":"https:\/\/eu.iko.com\/da\/wp-json\/wp\/v2\/users\/1"}],"replies":[{"embeddable":true,"href":"https:\/\/eu.iko.com\/da\/wp-json\/wp\/v2\/comments?post=28903"}],"version-history":[{"count":0,"href":"https:\/\/eu.iko.com\/da\/wp-json\/wp\/v2\/pages\/28903\/revisions"}],"up":[{"embeddable":true,"href":"https:\/\/eu.iko.com\/da\/wp-json\/wp\/v2\/pages\/28900"}],"wp:featuredmedia":[{"embeddable":true,"href":"https:\/\/eu.iko.com\/da\/wp-json\/wp\/v2\/media\/4718"}],"wp:attachment":[{"href":"https:\/\/eu.iko.com\/da\/wp-json\/wp\/v2\/media?parent=28903"}],"wp:term":[{"taxonomy":"taxonomy_divisions","embeddable":true,"href":"https:\/\/eu.iko.com\/da\/wp-json\/wp\/v2\/taxonomy_divisions?post=28903"}],"curies":[{"name":"wp","href":"https:\/\/api.w.org\/{rel}","templated":true}]}}