{"id":35414,"date":"2023-02-10T13:57:27","date_gmt":"2023-02-10T13:57:27","guid":{"rendered":"https:\/\/iko.website-in-progress.be\/about-iko\/iko-en-topsport\/"},"modified":"2023-12-08T15:37:42","modified_gmt":"2023-12-08T15:37:42","slug":"iko-og-sport-paa-eliteplan","status":"publish","type":"page","link":"https:\/\/eu.iko.com\/da\/about-iko\/iko-og-sport-paa-eliteplan\/","title":{"rendered":"IKO og sport p\u00e5 eliteplan"},"content":{"rendered":"<section class=\"block block-image-text  pb-40 pb-md-50 pb-lg-60  \" id=\"block_63e25a581ba3e\">\n    <div class=\"container image_text_left\">\n        <div class=\"row align-items-center\">\n            <div class=\"col-12 col-sm-6 block-image-text__text  py-20 py-md-30 py-lg-40\" data-aos=\"fade-up\">\n                <h2 class=\"mb-40\">IKO og <span>sport p\u00e5 eliteplan<\/span><\/h2>\n                <p><strong>&#8220;At pr\u00e6stere er at skubbe til gr\u00e6nserne&#8221;<\/strong><\/p>\n<p>Som et st\u00e6rkt brand inden for PIR-isolering kommunikerer IKO enertherm sine styrker til omverdenen p\u00e5 en sammenh\u00e6ngende m\u00e5de: teknologi, \u00f8kologi og kvalitet. Konstant at skubbe til gr\u00e6nserne, n\u00e5r det g\u00e6lder isoleringsv\u00e6rdi og energibesparelse, og at tilpasse alle de faktorer, der bidrager til toppr\u00e6stationer, er pr\u00e6cis, hvad topatleter g\u00f8r.<\/p>\n<p>Selv topatleter m\u00e5 konstant skubbe gr\u00e6nserne for deres egen form\u00e5en: bedre tid, bedre kondition, flere m\u00e5l, bedre teknik &#8230;<\/p>\n<p>IKO enertherm skal ogs\u00e5 kombinere materialer, teknologi og egenskaber til et vinderkoncept. Det handler om at opn\u00e5 den rigtige kombination af materialer, egenskaber, form, tykkelse og energiydelse i forhold til udfordringen: den konkrete anvendelse i en bygning, indvendigt eller udvendigt.<\/p>\n                <div class=\"mx-n10\">\n                                                        <\/div>\n            <\/div>\n            <div class=\"col-12 col-sm-6 text-center block-image-text__image   \" data-aos=\"fade-up\">\n                <img decoding=\"async\" src=\"https:\/\/eu.iko.com\/wp-content\/uploads\/2023\/03\/iko-en-topsport-jorien-ter-mors.jpg\" alt=\"\" class=\"img-fluid h-100\">\n            <\/div>\n        <\/div>\n    <\/div>\n<\/section>\n\n\n<div style=\"background-color: #f3f3f3;\"><section class=\"block block-video-text pt-40 pt-md-50 pt-lg-60 pb-40 pb-md-50 pb-lg-60 mt-150 mt-lg-250\" id=\"block_63f4989a974ed\">\n    <div class=\"container video_text_right\">\n        <div class=\"row align-items-center\">\n            <div class=\"col-12 col-md-6 block-video-text__text order-2 px-sm-40 py-30 py-md-60 py-lg-80\" data-aos=\"fade-up\">\n                <h2 class=\"mb-40\">IKO enertherm <span>cykelcross-akademi<\/span><\/h2>\n                <p>Fra dette perspektiv investerer IKO enertherm i sport i topklasse.<\/p>\n<p>Det strategiske valg af sportssponsorering &#8211; prim\u00e6rt for at opbygge IKO enertherms brand awareness &#8211; har allerede givet pote i de senere \u00e5r.<\/p>\n<p>Det succesfulde samarbejde med cyclocross-holdet er blevet udvidet. Specifikt er IKO enertherm hovedsponsor for IKO enertherm-BKCP junior- og kvindecykelholdet med Sanne Cant, belgisk og europ\u00e6isk mester i cykelcross, som hovedfigur. Blandt eliterytterne er IKO enertherm tr\u00f8jesponsor for en international gruppe, der omfatter tyske Philipp Walsleben, holl\u00e6nderne Mathieu og David van der Poel og tjekkerne Petrus Lubomir og Adam Toupalik.<\/p>\n                            <\/div>\n            <div class=\"col-12 col-md-6 block-video-text__video order-1 \" data-aos=\"fade-up\">\n                <figure>\n                    <a class=\"block-video-text__video-play venobox\" data-autoplay=\"true\" data-vbtype=\"video\" href=\"https:\/\/www.youtube.com\/watch?v=X1-hcZGz2Y0\">\n                        <img loading=\"lazy\" decoding=\"async\" width=\"649\" height=\"392\" src=\"https:\/\/eu.iko.com\/wp-content\/uploads\/2023\/02\/iko-enertherm-en-topsport.jpeg\" class=\"attachment-uncropped size-uncropped\" alt=\"\" title=\"iko-enertherm-en-topsport\" srcset=\"https:\/\/eu.iko.com\/wp-content\/uploads\/2023\/02\/iko-enertherm-en-topsport.jpeg 649w, https:\/\/eu.iko.com\/wp-content\/uploads\/2023\/02\/iko-enertherm-en-topsport-290x175.jpeg 290w, https:\/\/eu.iko.com\/wp-content\/uploads\/2023\/02\/iko-enertherm-en-topsport-600x362.jpeg 600w\" sizes=\"auto, (max-width: 649px) 100vw, 649px\" \/>                    <\/a>\n                <\/figure>\n            <\/div>\n        <\/div>\n    <\/div>\n<\/section>\n<\/div>","protected":false},"excerpt":{"rendered":"","protected":false},"author":1,"featured_media":0,"parent":29264,"menu_order":0,"comment_status":"closed","ping_status":"closed","template":"","meta":{"_acf_changed":false,"footnotes":""},"taxonomy_divisions":[],"class_list":["post-35414","page","type-page","status-publish","hentry"],"acf":[],"yoast_head":"<!-- This site is optimized with the Yoast SEO plugin v27.3 - https:\/\/yoast.com\/product\/yoast-seo-wordpress\/ -->\n<title>IKO og sport p\u00e5 eliteplan | IKO<\/title>\n<meta name=\"robots\" content=\"index, follow, max-snippet:-1, max-image-preview:large, max-video-preview:-1\" \/>\n<link rel=\"canonical\" href=\"https:\/\/eu.iko.com\/da\/about-iko\/iko-og-sport-paa-eliteplan\/\" \/>\n<meta property=\"og:locale\" content=\"da_DK\" \/>\n<meta property=\"og:type\" content=\"article\" \/>\n<meta property=\"og:title\" content=\"IKO og sport p\u00e5 eliteplan | IKO\" \/>\n<meta property=\"og:url\" content=\"https:\/\/eu.iko.com\/da\/about-iko\/iko-og-sport-paa-eliteplan\/\" \/>\n<meta property=\"og:site_name\" content=\"IKO\" \/>\n<meta property=\"article:publisher\" content=\"https:\/\/www.facebook.com\/IKOwaterproofingandinsulation\/\" \/>\n<meta property=\"article:modified_time\" content=\"2023-12-08T15:37:42+00:00\" \/>\n<meta property=\"og:image\" content=\"https:\/\/eu.iko.com\/wp-content\/uploads\/2024\/03\/emailheader.jpg\" \/>\n\t<meta property=\"og:image:width\" content=\"600\" \/>\n\t<meta property=\"og:image:height\" content=\"200\" \/>\n\t<meta property=\"og:image:type\" content=\"image\/jpeg\" \/>\n<meta name=\"twitter:card\" content=\"summary_large_image\" \/>\n<script type=\"application\/ld+json\" class=\"yoast-schema-graph\">{\"@context\":\"https:\\\/\\\/schema.org\",\"@graph\":[{\"@type\":\"WebPage\",\"@id\":\"https:\\\/\\\/eu.iko.com\\\/da\\\/about-iko\\\/iko-og-sport-paa-eliteplan\\\/\",\"url\":\"https:\\\/\\\/eu.iko.com\\\/da\\\/about-iko\\\/iko-og-sport-paa-eliteplan\\\/\",\"name\":\"IKO og sport p\u00e5 eliteplan | IKO\",\"isPartOf\":{\"@id\":\"https:\\\/\\\/eu.iko.com\\\/da\\\/#website\"},\"datePublished\":\"2023-02-10T13:57:27+00:00\",\"dateModified\":\"2023-12-08T15:37:42+00:00\",\"breadcrumb\":{\"@id\":\"https:\\\/\\\/eu.iko.com\\\/da\\\/about-iko\\\/iko-og-sport-paa-eliteplan\\\/#breadcrumb\"},\"inLanguage\":\"da-DK\",\"potentialAction\":[{\"@type\":\"ReadAction\",\"target\":[\"https:\\\/\\\/eu.iko.com\\\/da\\\/about-iko\\\/iko-og-sport-paa-eliteplan\\\/\"]}]},{\"@type\":\"BreadcrumbList\",\"@id\":\"https:\\\/\\\/eu.iko.com\\\/da\\\/about-iko\\\/iko-og-sport-paa-eliteplan\\\/#breadcrumb\",\"itemListElement\":[{\"@type\":\"ListItem\",\"position\":1,\"name\":\"Home\",\"item\":\"https:\\\/\\\/eu.iko.com\\\/da\\\/\"},{\"@type\":\"ListItem\",\"position\":2,\"name\":\"Om IKO\",\"item\":\"https:\\\/\\\/eu.iko.com\\\/da\\\/about-iko\\\/\"},{\"@type\":\"ListItem\",\"position\":3,\"name\":\"IKO og sport p\u00e5 eliteplan\"}]},{\"@type\":\"WebSite\",\"@id\":\"https:\\\/\\\/eu.iko.com\\\/da\\\/#website\",\"url\":\"https:\\\/\\\/eu.iko.com\\\/da\\\/\",\"name\":\"IKO Waterproofing & Insulation\",\"description\":\"Dakdichting, waterdichting en isolatie\",\"publisher\":{\"@id\":\"https:\\\/\\\/eu.iko.com\\\/da\\\/#organization\"},\"potentialAction\":[{\"@type\":\"SearchAction\",\"target\":{\"@type\":\"EntryPoint\",\"urlTemplate\":\"https:\\\/\\\/eu.iko.com\\\/da\\\/?s={search_term_string}\"},\"query-input\":{\"@type\":\"PropertyValueSpecification\",\"valueRequired\":true,\"valueName\":\"search_term_string\"}}],\"inLanguage\":\"da-DK\"},{\"@type\":\"Organization\",\"@id\":\"https:\\\/\\\/eu.iko.com\\\/da\\\/#organization\",\"name\":\"IKO Waterproofing & Insulation\",\"url\":\"https:\\\/\\\/eu.iko.com\\\/da\\\/\",\"logo\":{\"@type\":\"ImageObject\",\"inLanguage\":\"da-DK\",\"@id\":\"https:\\\/\\\/eu.iko.com\\\/da\\\/#\\\/schema\\\/logo\\\/image\\\/\",\"url\":\"https:\\\/\\\/eu.iko.com\\\/wp-content\\\/uploads\\\/2024\\\/03\\\/emailheader.jpg\",\"contentUrl\":\"https:\\\/\\\/eu.iko.com\\\/wp-content\\\/uploads\\\/2024\\\/03\\\/emailheader.jpg\",\"width\":600,\"height\":200,\"caption\":\"IKO Waterproofing & Insulation\"},\"image\":{\"@id\":\"https:\\\/\\\/eu.iko.com\\\/da\\\/#\\\/schema\\\/logo\\\/image\\\/\"},\"sameAs\":[\"https:\\\/\\\/www.facebook.com\\\/IKOwaterproofingandinsulation\\\/\",\"https:\\\/\\\/www.linkedin.com\\\/company\\\/iko-waterproofingandinsulation\\\/\",\"https:\\\/\\\/www.instagram.com\\\/iko_waterproofing_insulation\\\/\",\"https:\\\/\\\/www.youtube.com\\\/channel\\\/UCb6EjYDrbNjJJM0EeZHQHcg\"]}]}<\/script>\n<!-- \/ Yoast SEO plugin. -->","yoast_head_json":{"title":"IKO og sport p\u00e5 eliteplan | IKO","robots":{"index":"index","follow":"follow","max-snippet":"max-snippet:-1","max-image-preview":"max-image-preview:large","max-video-preview":"max-video-preview:-1"},"canonical":"https:\/\/eu.iko.com\/da\/about-iko\/iko-og-sport-paa-eliteplan\/","og_locale":"da_DK","og_type":"article","og_title":"IKO og sport p\u00e5 eliteplan | IKO","og_url":"https:\/\/eu.iko.com\/da\/about-iko\/iko-og-sport-paa-eliteplan\/","og_site_name":"IKO","article_publisher":"https:\/\/www.facebook.com\/IKOwaterproofingandinsulation\/","article_modified_time":"2023-12-08T15:37:42+00:00","og_image":[{"width":600,"height":200,"url":"https:\/\/eu.iko.com\/wp-content\/uploads\/2024\/03\/emailheader.jpg","type":"image\/jpeg"}],"twitter_card":"summary_large_image","schema":{"@context":"https:\/\/schema.org","@graph":[{"@type":"WebPage","@id":"https:\/\/eu.iko.com\/da\/about-iko\/iko-og-sport-paa-eliteplan\/","url":"https:\/\/eu.iko.com\/da\/about-iko\/iko-og-sport-paa-eliteplan\/","name":"IKO og sport p\u00e5 eliteplan | IKO","isPartOf":{"@id":"https:\/\/eu.iko.com\/da\/#website"},"datePublished":"2023-02-10T13:57:27+00:00","dateModified":"2023-12-08T15:37:42+00:00","breadcrumb":{"@id":"https:\/\/eu.iko.com\/da\/about-iko\/iko-og-sport-paa-eliteplan\/#breadcrumb"},"inLanguage":"da-DK","potentialAction":[{"@type":"ReadAction","target":["https:\/\/eu.iko.com\/da\/about-iko\/iko-og-sport-paa-eliteplan\/"]}]},{"@type":"BreadcrumbList","@id":"https:\/\/eu.iko.com\/da\/about-iko\/iko-og-sport-paa-eliteplan\/#breadcrumb","itemListElement":[{"@type":"ListItem","position":1,"name":"Home","item":"https:\/\/eu.iko.com\/da\/"},{"@type":"ListItem","position":2,"name":"Om IKO","item":"https:\/\/eu.iko.com\/da\/about-iko\/"},{"@type":"ListItem","position":3,"name":"IKO og sport p\u00e5 eliteplan"}]},{"@type":"WebSite","@id":"https:\/\/eu.iko.com\/da\/#website","url":"https:\/\/eu.iko.com\/da\/","name":"IKO Waterproofing & Insulation","description":"Dakdichting, waterdichting en isolatie","publisher":{"@id":"https:\/\/eu.iko.com\/da\/#organization"},"potentialAction":[{"@type":"SearchAction","target":{"@type":"EntryPoint","urlTemplate":"https:\/\/eu.iko.com\/da\/?s={search_term_string}"},"query-input":{"@type":"PropertyValueSpecification","valueRequired":true,"valueName":"search_term_string"}}],"inLanguage":"da-DK"},{"@type":"Organization","@id":"https:\/\/eu.iko.com\/da\/#organization","name":"IKO Waterproofing & Insulation","url":"https:\/\/eu.iko.com\/da\/","logo":{"@type":"ImageObject","inLanguage":"da-DK","@id":"https:\/\/eu.iko.com\/da\/#\/schema\/logo\/image\/","url":"https:\/\/eu.iko.com\/wp-content\/uploads\/2024\/03\/emailheader.jpg","contentUrl":"https:\/\/eu.iko.com\/wp-content\/uploads\/2024\/03\/emailheader.jpg","width":600,"height":200,"caption":"IKO Waterproofing & Insulation"},"image":{"@id":"https:\/\/eu.iko.com\/da\/#\/schema\/logo\/image\/"},"sameAs":["https:\/\/www.facebook.com\/IKOwaterproofingandinsulation\/","https:\/\/www.linkedin.com\/company\/iko-waterproofingandinsulation\/","https:\/\/www.instagram.com\/iko_waterproofing_insulation\/","https:\/\/www.youtube.com\/channel\/UCb6EjYDrbNjJJM0EeZHQHcg"]}]}},"_links":{"self":[{"href":"https:\/\/eu.iko.com\/da\/wp-json\/wp\/v2\/pages\/35414","targetHints":{"allow":["GET"]}}],"collection":[{"href":"https:\/\/eu.iko.com\/da\/wp-json\/wp\/v2\/pages"}],"about":[{"href":"https:\/\/eu.iko.com\/da\/wp-json\/wp\/v2\/types\/page"}],"author":[{"embeddable":true,"href":"https:\/\/eu.iko.com\/da\/wp-json\/wp\/v2\/users\/1"}],"replies":[{"embeddable":true,"href":"https:\/\/eu.iko.com\/da\/wp-json\/wp\/v2\/comments?post=35414"}],"version-history":[{"count":0,"href":"https:\/\/eu.iko.com\/da\/wp-json\/wp\/v2\/pages\/35414\/revisions"}],"up":[{"embeddable":true,"href":"https:\/\/eu.iko.com\/da\/wp-json\/wp\/v2\/pages\/29264"}],"wp:attachment":[{"href":"https:\/\/eu.iko.com\/da\/wp-json\/wp\/v2\/media?parent=35414"}],"wp:term":[{"taxonomy":"taxonomy_divisions","embeddable":true,"href":"https:\/\/eu.iko.com\/da\/wp-json\/wp\/v2\/taxonomy_divisions?post=35414"}],"curies":[{"name":"wp","href":"https:\/\/api.w.org\/{rel}","templated":true}]}}