{"id":40242,"date":"2023-02-16T14:06:29","date_gmt":"2023-02-16T14:06:29","guid":{"rendered":"https:\/\/iko.website-in-progress.be\/?page_id=40242"},"modified":"2024-03-26T18:41:58","modified_gmt":"2024-03-26T18:41:58","slug":"isolering-med-undertag-til-skraat-tage","status":"publish","type":"page","link":"https:\/\/eu.iko.com\/da\/isolering\/isolering-til-skraat-tag\/isolering-med-undertag-til-skraat-tage\/","title":{"rendered":"Isolering med undertag til skr\u00e5t tage"},"content":{"rendered":"\n<section class=\"block block-hero-product pt-15 pb-50 pb-md-60 pb-lg-80 pb-xl-100  \" id=\"block_63ce76c93c8fb\">\n    <div class=\"container\">\n        <div class=\"row\">\n            <div class=\"col-12\" data-aos=\"fade-up\">\n                <h1 class=\"h2 mb-40\">Isolering <span>med undertag<\/span> til skr\u00e5t tage<\/h1>\n            <\/div>\n            <div class=\"col-12 col-md-6 order-2 order-md-1 pr-md-30 pr-lg-40 pr-xl-60 block-hero-product__text\" data-aos=\"fade-up\">\n                <p>IKO enertherm bruges til termisk isolering af skr\u00e5 tage p\u00e5 eller mellem sp\u00e6rene.<\/p>\n<ul>\n<li><a href=\"https:\/\/eu.iko.com\/da\/?post_type=cpt_product&#038;p=27763\">IKO enertherm ALU NF PRO<\/a><\/li>\n<\/ul>\n                                                    <div class=\"d-flex flex-row flex-wrap align-items-center mt-10\">\n                                                                        <\/div>\n                                            <\/div>\n            <div class=\"col-12 col-md-6 text-center order-1 order-md-2 mb-40 mb-md-0 block-hero-product__image\" data-aos=\"fade-up\">\n                                    <img decoding=\"async\" src=\"https:\/\/eu.iko.com\/wp-content\/uploads\/2023\/02\/hellend-dak-isolatie-met-onderdakfolie.jpeg\" alt=\"\" class=\"img-fluid h-100\">\n                            <\/div>\n        <\/div>\n    <\/div>\n<\/section>\n\n<section class=\"block block-image-text pt-40 pt-md-50 pt-lg-60 pb-40 pb-md-50 pb-lg-60 bg-light\" id=\"block_63caa696c0446\">\n    <div class=\"container image_text_left\">\n        <div class=\"row align-items-center\">\n            <div class=\"col-12 col-sm-6 block-image-text__text  py-20 py-md-30 py-lg-40\" data-aos=\"fade-up\">\n                <h2 class=\"mb-40\"><span>Fordele<\/span> ved Isolering med undertag til skr\u00e5t tage<\/h2>\n                <div class=\"vc_row wpb_row vc_row-fluid\">\n<div class=\"wpb_column vc_column_container vc_col-sm-12\">\n<div class=\"vc_column-inner\">\n<div class=\"wpb_wrapper\">\n<div class=\"wpb_text_column wpb_content_element \">\n<div class=\"wpb_wrapper\">\n<div class=\"content_2\">\n<ul class=\"list-unstyled\">\n<li>Isoleringsbeskyttelse p\u00e5 sp\u00e6rfagene uden brudflader.<\/li>\n<li>IKO enertherm ALU NF PRO-pladen er forsynet med integreret\u00a0diffusions\u00e5bent undertag.<\/li>\n<li>Integreret diffusions\u00e5bent undertag med dobbeltsidet kl\u00e6bestrimmel.<\/li>\n<li>Indvendig finish bibeholdes uden tab af volumen.<\/li>\n<li>Vindt\u00e6t i \u00e9n arbejdsgang.<\/li>\n<li>Meget lav belastning af tagkonstruktionen.<\/li>\n<li>Meget nem montering uden brudflader.<\/li>\n<\/ul>\n<div class=\"clear\"><\/div>\n<\/div>\n<\/div>\n<\/div>\n<\/div>\n<\/div>\n<\/div>\n<\/div>\n                <div class=\"mx-n10\">\n                                                        <\/div>\n            <\/div>\n            <div class=\"col-12 col-sm-6 text-center block-image-text__image   \" data-aos=\"fade-up\">\n                <img decoding=\"async\" src=\"https:\/\/eu.iko.com\/wp-content\/uploads\/2023\/02\/hellend-dak-isolatie-met-onderdakfolie-referentie.jpeg\" alt=\"\" class=\"img-fluid h-100\">\n            <\/div>\n        <\/div>\n    <\/div>\n<\/section>\n\n\n\n<section class=\"block block-documentation   bg-light\" id=\"block_63caa4a3c0440\">\n    <div class=\"block-documentation__content\">\n        <div class=\"block-documentation__container py-40 py-lg-80 bp-xl-100 bg-white\" data-aos=\"fade-up\">\n            <div class=\"px-15 pl-sm-0 pr-sm-25 pr-md-40\">\n\n                            <div class=\"row mb-20 mb-md-30 mb-lg-40 mb-xl-50\">\n                    <div class=\"col-12\">\n                        <h2>Al <span>dokumentation<\/span> samlet p\u00e5 \u00e9t sted<\/h2>\n                    <\/div>\n                <\/div>\n            \n            <div class=\"row\">\n                                                        <div class=\"col-6 col-md-20 mb-30\" data-aos=\"fade-up\">\n                                                    <a class=\"d-flex flex-column align-items-center bg-white h-100 p-20 py-lg-30 px-lg-40 block-documentation__single\" href=\"http:\/\/products.enertherm.eu\/products\/download\/21\/en\/I\" target=\"_blank\">\n                                                                                            <div class=\"min-height-1\">\n                                        <div class=\"overflow-hidden\">\n                                            <img loading=\"lazy\" decoding=\"async\" width=\"70\" height=\"70\" src=\"https:\/\/eu.iko.com\/wp-content\/uploads\/2023\/01\/image-51.png\" class=\"block-documentation__single-image w-100 img-fluid\" alt=\"\" srcset=\"https:\/\/eu.iko.com\/wp-content\/uploads\/2023\/01\/image-51.png 70w, https:\/\/eu.iko.com\/wp-content\/uploads\/2023\/01\/image-51-200x200.png 200w\" sizes=\"auto, (max-width: 70px) 100vw, 70px\" \/>                                        <\/div>\n                                    <\/div>\n                                                                <div class=\"text-dark text-center mt-15 mt-lg-20 block-documentation__single-text\">Datablade IKO enertherm ALU NF PRO<\/div>\n                                                                                    <\/a>\n                                            <\/div>\n                                                        <div class=\"col-6 col-md-20 mb-30\" data-aos=\"fade-up\">\n                                                    <a class=\"d-flex flex-column align-items-center bg-white h-100 p-20 py-lg-30 px-lg-40 block-documentation__single\" href=\"https:\/\/eu.iko.com\/da\/iko-brochurer\/\" target=\"_blank\">\n                                                                                            <div class=\"min-height-1\">\n                                        <div class=\"overflow-hidden\">\n                                            <img loading=\"lazy\" decoding=\"async\" width=\"70\" height=\"70\" src=\"https:\/\/eu.iko.com\/wp-content\/uploads\/2023\/01\/image-49.png\" class=\"block-documentation__single-image w-100 img-fluid\" alt=\"\" srcset=\"https:\/\/eu.iko.com\/wp-content\/uploads\/2023\/01\/image-49.png 70w, https:\/\/eu.iko.com\/wp-content\/uploads\/2023\/01\/image-49-200x200.png 200w\" sizes=\"auto, (max-width: 70px) 100vw, 70px\" \/>                                        <\/div>\n                                    <\/div>\n                                                                <div class=\"text-dark text-center mt-15 mt-lg-20 block-documentation__single-text\">Brochurer<\/div>\n                                                                                    <\/a>\n                                            <\/div>\n                                                        <div class=\"col-6 col-md-20 mb-30\" data-aos=\"fade-up\">\n                                                    <a class=\"d-flex flex-column align-items-center bg-white h-100 p-20 py-lg-30 px-lg-40 block-documentation__single\" href=\"https:\/\/www.ikodop.eu\/\" target=\"_blank\">\n                                                                                            <div class=\"min-height-1\">\n                                        <div class=\"overflow-hidden\">\n                                            <img loading=\"lazy\" decoding=\"async\" width=\"70\" height=\"70\" src=\"https:\/\/eu.iko.com\/wp-content\/uploads\/2023\/01\/image-50.png\" class=\"block-documentation__single-image w-100 img-fluid\" alt=\"\" srcset=\"https:\/\/eu.iko.com\/wp-content\/uploads\/2023\/01\/image-50.png 70w, https:\/\/eu.iko.com\/wp-content\/uploads\/2023\/01\/image-50-200x200.png 200w\" sizes=\"auto, (max-width: 70px) 100vw, 70px\" \/>                                        <\/div>\n                                    <\/div>\n                                                                <div class=\"text-dark text-center mt-15 mt-lg-20 block-documentation__single-text\">DOP<\/div>\n                                                                                    <\/a>\n                                            <\/div>\n                                                        <div class=\"col-6 col-md-20 mb-30\" data-aos=\"fade-up\">\n                                                    <a class=\"d-flex flex-column align-items-center bg-white h-100 p-20 py-lg-30 px-lg-40 block-documentation__single\" href=\"https:\/\/eu.iko.com\/da\/iko-certifikater\/\" target=\"_blank\">\n                                                                                            <div class=\"min-height-1\">\n                                        <div class=\"overflow-hidden\">\n                                            <img loading=\"lazy\" decoding=\"async\" width=\"70\" height=\"70\" src=\"https:\/\/eu.iko.com\/wp-content\/uploads\/2023\/01\/image-48.png\" class=\"block-documentation__single-image w-100 img-fluid\" alt=\"\" srcset=\"https:\/\/eu.iko.com\/wp-content\/uploads\/2023\/01\/image-48.png 70w, https:\/\/eu.iko.com\/wp-content\/uploads\/2023\/01\/image-48-200x200.png 200w\" sizes=\"auto, (max-width: 70px) 100vw, 70px\" \/>                                        <\/div>\n                                    <\/div>\n                                                                <div class=\"text-dark text-center mt-15 mt-lg-20 block-documentation__single-text\">Certifikater<\/div>\n                                                                                    <\/a>\n                                            <\/div>\n                            <\/div>\n\n            \n            <\/div>\n        <\/div>\n    <\/div>\n\n    <div class=\"block-documentation__background py-40 py-md-60 py-lg-80 py-xl-100 filter-dark\" style=\"background-image: url('https:\/\/eu.iko.com\/wp-content\/uploads\/2023\/02\/hellend-dak-isolatie-met-onderdakfolie-referentie.jpeg');\">\n        <div class=\"container pt-120 pt-md-150 pt-lg-200 pt-xl-250\">\n            <div class=\"row\">\n                <div class=\"col-12 block-documentation__background-content\">\n                                            <h2 class=\"text-white\">Jeg vil gerne stille et sp\u00f8rgsm\u00e5l om Isolering med undertag til skr\u00e5t tage<\/h2>\n                                                                <div class=\"mt-20 mt-md-30 mt-lg-40\">\n                            <a href=\"https:\/\/eu.iko.com\/da\/contact\/\" class=\"btn btn-white\" target=\"\">Kom i kontakt med os<\/a>\n                        <\/div>\n                                    <\/div>\n            <\/div>\n        <\/div>\n    <\/div>\n<\/section>\n\n\n\n<section class=\"block b-post-grid pt-30 pt-md-50 pt-lg-70 pt-xl-80 pb-30 pb-md-50 pb-lg-70 pb-xl-80 \" id=\"block_63ce7fd93c8fc\">\n<div class=\"container\">\n\n            <div class=\"row mb-20 mb-md-30 mb-lg-40\" data-aos=\"fade-up\">\n            <div class=\"col-12\">\n                <h2>Se alle vores <span>IKO-isoleringsplader<\/span><\/h2>\n            <\/div>\n        <\/div>\n     \n    \n    <div class=\"row c-filter__animation_obj-wrapper c-filter__cpt_product\" data-aos=\"fade-up\">\n            <\/div>\n\n        \n    \n<\/div>\n<\/section>","protected":false},"excerpt":{"rendered":"","protected":false},"author":2,"featured_media":5429,"parent":70571,"menu_order":0,"comment_status":"closed","ping_status":"closed","template":"","meta":{"_acf_changed":false,"footnotes":""},"taxonomy_divisions":[1128],"class_list":["post-40242","page","type-page","status-publish","has-post-thumbnail","hentry","taxonomy_divisions-isolering"],"acf":[],"yoast_head":"<!-- This site is optimized with the Yoast SEO plugin v27.3 - https:\/\/yoast.com\/product\/yoast-seo-wordpress\/ -->\n<title>Isolering med undertag til skr\u00e5t tage | IKO<\/title>\n<meta name=\"robots\" content=\"index, follow, max-snippet:-1, max-image-preview:large, max-video-preview:-1\" \/>\n<link rel=\"canonical\" href=\"https:\/\/eu.iko.com\/da\/isolering\/isolering-til-skraat-tag\/isolering-med-undertag-til-skraat-tage\/\" \/>\n<meta property=\"og:locale\" content=\"da_DK\" \/>\n<meta property=\"og:type\" content=\"article\" \/>\n<meta property=\"og:title\" content=\"Isolering med undertag til skr\u00e5t tage | IKO\" \/>\n<meta property=\"og:url\" content=\"https:\/\/eu.iko.com\/da\/isolering\/isolering-til-skraat-tag\/isolering-med-undertag-til-skraat-tage\/\" \/>\n<meta property=\"og:site_name\" content=\"IKO\" \/>\n<meta property=\"article:publisher\" content=\"https:\/\/www.facebook.com\/IKOwaterproofingandinsulation\/\" \/>\n<meta property=\"article:modified_time\" content=\"2024-03-26T18:41:58+00:00\" \/>\n<meta property=\"og:image\" content=\"https:\/\/eu.iko.com\/wp-content\/uploads\/2023\/02\/hellend-dak-isolatie-met-onderdakfolie.jpeg\" \/>\n\t<meta property=\"og:image:width\" content=\"550\" \/>\n\t<meta property=\"og:image:height\" content=\"369\" \/>\n\t<meta property=\"og:image:type\" content=\"image\/jpeg\" \/>\n<meta name=\"twitter:card\" content=\"summary_large_image\" \/>\n<meta name=\"twitter:label1\" content=\"Estimeret l\u00e6setid\" \/>\n\t<meta name=\"twitter:data1\" content=\"1 minut\" \/>\n<script type=\"application\/ld+json\" class=\"yoast-schema-graph\">{\"@context\":\"https:\\\/\\\/schema.org\",\"@graph\":[{\"@type\":\"WebPage\",\"@id\":\"https:\\\/\\\/eu.iko.com\\\/da\\\/isolering\\\/isolering-til-skraat-tag\\\/isolering-med-undertag-til-skraat-tage\\\/\",\"url\":\"https:\\\/\\\/eu.iko.com\\\/da\\\/isolering\\\/isolering-til-skraat-tag\\\/isolering-med-undertag-til-skraat-tage\\\/\",\"name\":\"Isolering med undertag til skr\u00e5t tage | IKO\",\"isPartOf\":{\"@id\":\"https:\\\/\\\/eu.iko.com\\\/da\\\/#website\"},\"primaryImageOfPage\":{\"@id\":\"https:\\\/\\\/eu.iko.com\\\/da\\\/isolering\\\/isolering-til-skraat-tag\\\/isolering-med-undertag-til-skraat-tage\\\/#primaryimage\"},\"image\":{\"@id\":\"https:\\\/\\\/eu.iko.com\\\/da\\\/isolering\\\/isolering-til-skraat-tag\\\/isolering-med-undertag-til-skraat-tage\\\/#primaryimage\"},\"thumbnailUrl\":\"https:\\\/\\\/eu.iko.com\\\/wp-content\\\/uploads\\\/2023\\\/02\\\/hellend-dak-isolatie-met-onderdakfolie.jpeg\",\"datePublished\":\"2023-02-16T14:06:29+00:00\",\"dateModified\":\"2024-03-26T18:41:58+00:00\",\"breadcrumb\":{\"@id\":\"https:\\\/\\\/eu.iko.com\\\/da\\\/isolering\\\/isolering-til-skraat-tag\\\/isolering-med-undertag-til-skraat-tage\\\/#breadcrumb\"},\"inLanguage\":\"da-DK\",\"potentialAction\":[{\"@type\":\"ReadAction\",\"target\":[\"https:\\\/\\\/eu.iko.com\\\/da\\\/isolering\\\/isolering-til-skraat-tag\\\/isolering-med-undertag-til-skraat-tage\\\/\"]}]},{\"@type\":\"ImageObject\",\"inLanguage\":\"da-DK\",\"@id\":\"https:\\\/\\\/eu.iko.com\\\/da\\\/isolering\\\/isolering-til-skraat-tag\\\/isolering-med-undertag-til-skraat-tage\\\/#primaryimage\",\"url\":\"https:\\\/\\\/eu.iko.com\\\/wp-content\\\/uploads\\\/2023\\\/02\\\/hellend-dak-isolatie-met-onderdakfolie.jpeg\",\"contentUrl\":\"https:\\\/\\\/eu.iko.com\\\/wp-content\\\/uploads\\\/2023\\\/02\\\/hellend-dak-isolatie-met-onderdakfolie.jpeg\",\"width\":550,\"height\":369},{\"@type\":\"BreadcrumbList\",\"@id\":\"https:\\\/\\\/eu.iko.com\\\/da\\\/isolering\\\/isolering-til-skraat-tag\\\/isolering-med-undertag-til-skraat-tage\\\/#breadcrumb\",\"itemListElement\":[{\"@type\":\"ListItem\",\"position\":1,\"name\":\"Home\",\"item\":\"https:\\\/\\\/eu.iko.com\\\/da\\\/\"},{\"@type\":\"ListItem\",\"position\":2,\"name\":\"Isolering\",\"item\":\"https:\\\/\\\/eu.iko.com\\\/da\\\/isolering\\\/\"},{\"@type\":\"ListItem\",\"position\":3,\"name\":\"Isolering\u00a0til skr\u00e5t tag\",\"item\":\"https:\\\/\\\/eu.iko.com\\\/da\\\/isolering\\\/isolering-til-skraat-tag\\\/\"},{\"@type\":\"ListItem\",\"position\":4,\"name\":\"Isolering med undertag til skr\u00e5t tage\"}]},{\"@type\":\"WebSite\",\"@id\":\"https:\\\/\\\/eu.iko.com\\\/da\\\/#website\",\"url\":\"https:\\\/\\\/eu.iko.com\\\/da\\\/\",\"name\":\"IKO Waterproofing & Insulation\",\"description\":\"Dakdichting, waterdichting en isolatie\",\"publisher\":{\"@id\":\"https:\\\/\\\/eu.iko.com\\\/da\\\/#organization\"},\"potentialAction\":[{\"@type\":\"SearchAction\",\"target\":{\"@type\":\"EntryPoint\",\"urlTemplate\":\"https:\\\/\\\/eu.iko.com\\\/da\\\/?s={search_term_string}\"},\"query-input\":{\"@type\":\"PropertyValueSpecification\",\"valueRequired\":true,\"valueName\":\"search_term_string\"}}],\"inLanguage\":\"da-DK\"},{\"@type\":\"Organization\",\"@id\":\"https:\\\/\\\/eu.iko.com\\\/da\\\/#organization\",\"name\":\"IKO Waterproofing & Insulation\",\"url\":\"https:\\\/\\\/eu.iko.com\\\/da\\\/\",\"logo\":{\"@type\":\"ImageObject\",\"inLanguage\":\"da-DK\",\"@id\":\"https:\\\/\\\/eu.iko.com\\\/da\\\/#\\\/schema\\\/logo\\\/image\\\/\",\"url\":\"https:\\\/\\\/eu.iko.com\\\/wp-content\\\/uploads\\\/2024\\\/03\\\/emailheader.jpg\",\"contentUrl\":\"https:\\\/\\\/eu.iko.com\\\/wp-content\\\/uploads\\\/2024\\\/03\\\/emailheader.jpg\",\"width\":600,\"height\":200,\"caption\":\"IKO Waterproofing & Insulation\"},\"image\":{\"@id\":\"https:\\\/\\\/eu.iko.com\\\/da\\\/#\\\/schema\\\/logo\\\/image\\\/\"},\"sameAs\":[\"https:\\\/\\\/www.facebook.com\\\/IKOwaterproofingandinsulation\\\/\",\"https:\\\/\\\/www.linkedin.com\\\/company\\\/iko-waterproofingandinsulation\\\/\",\"https:\\\/\\\/www.instagram.com\\\/iko_waterproofing_insulation\\\/\",\"https:\\\/\\\/www.youtube.com\\\/channel\\\/UCb6EjYDrbNjJJM0EeZHQHcg\"]}]}<\/script>\n<!-- \/ Yoast SEO plugin. -->","yoast_head_json":{"title":"Isolering med undertag til skr\u00e5t tage | IKO","robots":{"index":"index","follow":"follow","max-snippet":"max-snippet:-1","max-image-preview":"max-image-preview:large","max-video-preview":"max-video-preview:-1"},"canonical":"https:\/\/eu.iko.com\/da\/isolering\/isolering-til-skraat-tag\/isolering-med-undertag-til-skraat-tage\/","og_locale":"da_DK","og_type":"article","og_title":"Isolering med undertag til skr\u00e5t tage | IKO","og_url":"https:\/\/eu.iko.com\/da\/isolering\/isolering-til-skraat-tag\/isolering-med-undertag-til-skraat-tage\/","og_site_name":"IKO","article_publisher":"https:\/\/www.facebook.com\/IKOwaterproofingandinsulation\/","article_modified_time":"2024-03-26T18:41:58+00:00","og_image":[{"width":550,"height":369,"url":"https:\/\/eu.iko.com\/wp-content\/uploads\/2023\/02\/hellend-dak-isolatie-met-onderdakfolie.jpeg","type":"image\/jpeg"}],"twitter_card":"summary_large_image","twitter_misc":{"Estimeret l\u00e6setid":"1 minut"},"schema":{"@context":"https:\/\/schema.org","@graph":[{"@type":"WebPage","@id":"https:\/\/eu.iko.com\/da\/isolering\/isolering-til-skraat-tag\/isolering-med-undertag-til-skraat-tage\/","url":"https:\/\/eu.iko.com\/da\/isolering\/isolering-til-skraat-tag\/isolering-med-undertag-til-skraat-tage\/","name":"Isolering med undertag til skr\u00e5t tage | IKO","isPartOf":{"@id":"https:\/\/eu.iko.com\/da\/#website"},"primaryImageOfPage":{"@id":"https:\/\/eu.iko.com\/da\/isolering\/isolering-til-skraat-tag\/isolering-med-undertag-til-skraat-tage\/#primaryimage"},"image":{"@id":"https:\/\/eu.iko.com\/da\/isolering\/isolering-til-skraat-tag\/isolering-med-undertag-til-skraat-tage\/#primaryimage"},"thumbnailUrl":"https:\/\/eu.iko.com\/wp-content\/uploads\/2023\/02\/hellend-dak-isolatie-met-onderdakfolie.jpeg","datePublished":"2023-02-16T14:06:29+00:00","dateModified":"2024-03-26T18:41:58+00:00","breadcrumb":{"@id":"https:\/\/eu.iko.com\/da\/isolering\/isolering-til-skraat-tag\/isolering-med-undertag-til-skraat-tage\/#breadcrumb"},"inLanguage":"da-DK","potentialAction":[{"@type":"ReadAction","target":["https:\/\/eu.iko.com\/da\/isolering\/isolering-til-skraat-tag\/isolering-med-undertag-til-skraat-tage\/"]}]},{"@type":"ImageObject","inLanguage":"da-DK","@id":"https:\/\/eu.iko.com\/da\/isolering\/isolering-til-skraat-tag\/isolering-med-undertag-til-skraat-tage\/#primaryimage","url":"https:\/\/eu.iko.com\/wp-content\/uploads\/2023\/02\/hellend-dak-isolatie-met-onderdakfolie.jpeg","contentUrl":"https:\/\/eu.iko.com\/wp-content\/uploads\/2023\/02\/hellend-dak-isolatie-met-onderdakfolie.jpeg","width":550,"height":369},{"@type":"BreadcrumbList","@id":"https:\/\/eu.iko.com\/da\/isolering\/isolering-til-skraat-tag\/isolering-med-undertag-til-skraat-tage\/#breadcrumb","itemListElement":[{"@type":"ListItem","position":1,"name":"Home","item":"https:\/\/eu.iko.com\/da\/"},{"@type":"ListItem","position":2,"name":"Isolering","item":"https:\/\/eu.iko.com\/da\/isolering\/"},{"@type":"ListItem","position":3,"name":"Isolering\u00a0til skr\u00e5t tag","item":"https:\/\/eu.iko.com\/da\/isolering\/isolering-til-skraat-tag\/"},{"@type":"ListItem","position":4,"name":"Isolering med undertag til skr\u00e5t tage"}]},{"@type":"WebSite","@id":"https:\/\/eu.iko.com\/da\/#website","url":"https:\/\/eu.iko.com\/da\/","name":"IKO Waterproofing & Insulation","description":"Dakdichting, waterdichting en isolatie","publisher":{"@id":"https:\/\/eu.iko.com\/da\/#organization"},"potentialAction":[{"@type":"SearchAction","target":{"@type":"EntryPoint","urlTemplate":"https:\/\/eu.iko.com\/da\/?s={search_term_string}"},"query-input":{"@type":"PropertyValueSpecification","valueRequired":true,"valueName":"search_term_string"}}],"inLanguage":"da-DK"},{"@type":"Organization","@id":"https:\/\/eu.iko.com\/da\/#organization","name":"IKO Waterproofing & Insulation","url":"https:\/\/eu.iko.com\/da\/","logo":{"@type":"ImageObject","inLanguage":"da-DK","@id":"https:\/\/eu.iko.com\/da\/#\/schema\/logo\/image\/","url":"https:\/\/eu.iko.com\/wp-content\/uploads\/2024\/03\/emailheader.jpg","contentUrl":"https:\/\/eu.iko.com\/wp-content\/uploads\/2024\/03\/emailheader.jpg","width":600,"height":200,"caption":"IKO Waterproofing & Insulation"},"image":{"@id":"https:\/\/eu.iko.com\/da\/#\/schema\/logo\/image\/"},"sameAs":["https:\/\/www.facebook.com\/IKOwaterproofingandinsulation\/","https:\/\/www.linkedin.com\/company\/iko-waterproofingandinsulation\/","https:\/\/www.instagram.com\/iko_waterproofing_insulation\/","https:\/\/www.youtube.com\/channel\/UCb6EjYDrbNjJJM0EeZHQHcg"]}]}},"_links":{"self":[{"href":"https:\/\/eu.iko.com\/da\/wp-json\/wp\/v2\/pages\/40242","targetHints":{"allow":["GET"]}}],"collection":[{"href":"https:\/\/eu.iko.com\/da\/wp-json\/wp\/v2\/pages"}],"about":[{"href":"https:\/\/eu.iko.com\/da\/wp-json\/wp\/v2\/types\/page"}],"author":[{"embeddable":true,"href":"https:\/\/eu.iko.com\/da\/wp-json\/wp\/v2\/users\/2"}],"replies":[{"embeddable":true,"href":"https:\/\/eu.iko.com\/da\/wp-json\/wp\/v2\/comments?post=40242"}],"version-history":[{"count":0,"href":"https:\/\/eu.iko.com\/da\/wp-json\/wp\/v2\/pages\/40242\/revisions"}],"up":[{"embeddable":true,"href":"https:\/\/eu.iko.com\/da\/wp-json\/wp\/v2\/pages\/70571"}],"wp:featuredmedia":[{"embeddable":true,"href":"https:\/\/eu.iko.com\/da\/wp-json\/wp\/v2\/media\/5429"}],"wp:attachment":[{"href":"https:\/\/eu.iko.com\/da\/wp-json\/wp\/v2\/media?parent=40242"}],"wp:term":[{"taxonomy":"taxonomy_divisions","embeddable":true,"href":"https:\/\/eu.iko.com\/da\/wp-json\/wp\/v2\/taxonomy_divisions?post=40242"}],"curies":[{"name":"wp","href":"https:\/\/api.w.org\/{rel}","templated":true}]}}