{"id":28907,"date":"2023-02-10T10:40:31","date_gmt":"2023-02-10T10:40:31","guid":{"rendered":"https:\/\/iko.website-in-progress.be\/flachdachsysteme\/oplossingen\/iko-energiedaken\/"},"modified":"2025-05-14T11:04:26","modified_gmt":"2025-05-14T11:04:26","slug":"iko-energiedach","status":"publish","type":"page","link":"https:\/\/eu.iko.com\/de\/flachdachsysteme\/loesungen\/iko-energiedach\/","title":{"rendered":"IKO Energiedach"},"content":{"rendered":"\n<section class=\"block block-hero-product pt-15 pb-50 pb-md-60 pb-lg-80 pb-xl-100 \" id=\"block_5bbd8fa2b32a01cbde3de1dad2e7eb60\">\n    <div class=\"container\">\n        <div class=\"row\">\n            <div class=\"col-12\" data-aos=\"fade-up\">\n                <h1 class=\"h2 mb-40\">IKO <span>Energiedach<\/span><\/h1>\n            <\/div>\n            <div class=\"col-12 col-md-6 order-2 order-md-1 pr-md-30 pr-lg-40 pr-xl-60 block-hero-product__text\" data-aos=\"fade-up\">\n                <p>Umweltfreundlich erzeugter Strom aus regenerativen Quellen gewinnt in Zeiten des Klimawandels und steigender Stromkosten zunehmend an Bedeutung. Was liegt also n\u00e4her, als ein Flachdach durch den Einsatz von Solaranlagen f\u00fcr die Stromgewinnung zu nutzen.<\/p>\n<p>Die Wahl der richtigen Dacheindeckung ist bei der Planung eines Energiedachs von entscheidender Bedeutung. Die Bitumenbahnen von Iko helfen dabei, die Effizienz der eingesetzten Solaranlagen zu erh\u00f6hen, da das wei\u00dfe Granulat auf der Oberseite das einfallende Sonnenlicht reflektiert. Die Bahnen bieten eine lange Lebensdauer und sind anschlie\u00dfend zu 100% recyclebar.<\/p>\n<p>Die Bitumenbahnen von IKO k\u00f6nnen im ein- oder mehrlagigen System verwendet werden. Sie sind robust und widerstandsf\u00e4hig und k\u00f6nnen sowohl bei aufgest\u00e4nderten als auch aufgelegten (ballastierte) Solaranlagen verwendet werden.<\/p>\n                                                    <div class=\"d-flex flex-row flex-wrap align-items-center mt-10\">\n                                                                        <\/div>\n                                            <\/div>\n            <div class=\"col-12 col-md-6 text-center order-1 order-md-2 mb-40 mb-md-0 block-hero-product__image\" data-aos=\"fade-up\">\n                                    <img decoding=\"async\" src=\"https:\/\/eu.iko.com\/wp-content\/uploads\/2023\/01\/iko-circulaire-daken.jpeg\" alt=\"Ein Flachdach gedeckt mit wei\u00dfen Bitumenbahnen und Solarpanelen.\" class=\"img-fluid h-100\">\n                            <\/div>\n        <\/div>\n    <\/div>\n<\/section>\n\n\n<section class=\"block b-post-grid pt-0 pb-30 pb-md-50 pb-lg-70 pb-xl-80 \" id=\"block_afa3e95cbab50241b593e796234327ee\">\n<div class=\"container\">\n\n            <div class=\"row mb-20 mb-md-30 mb-lg-40\" data-aos=\"fade-up\">\n            <div class=\"col-12\">\n                <h2>Entdecken Sie alle <span>IKO-Produkte<\/span> f\u00fcr Energied\u00e4cher<\/h2>\n            <\/div>\n        <\/div>\n     \n    \n    <div class=\"row c-filter__animation_obj-wrapper c-filter__cpt_product\" data-aos=\"fade-up\">\n                    \n                            <div class=\"c-filter__animation_obj shadow d-flex flex-column c-small-product\" filterdata=\"1108 1064 \">\n                                            <a class=\"bg-white text-dark d-flex flex-column flex-grow-1 pt-15 pt-md-20 px-15 px-lg-20\" href=\"https:\/\/eu.iko.com\/de\/product\/flachdachsysteme\/iko-carrara\/\">\n\n                                                            <h5 class=\"text-dark text-center font-weight-bolder mb-2\">\n                                    IKO carrara                                <\/h5>\n                            \n                            <\/a>\n                                                                <a class=\"min-height-1 bg-white\" href=\"https:\/\/eu.iko.com\/de\/product\/flachdachsysteme\/iko-carrara\/\">\n                            <div class=\"overflow-hidden c-small-product__image\">\n                                <img loading=\"lazy\" decoding=\"async\" width=\"85\" height=\"300\" src=\"https:\/\/eu.iko.com\/wp-content\/uploads\/2023\/01\/iko-carrara-rol.png\" class=\"c-filter__animation_obj__thumbnail w-100 img-fluid wp-post-image\" alt=\"IKO carrara\" \/>                            <\/div>\n                        <\/a>\n                                    <\/div>\n                        <\/div>\n\n        \n    \n<\/div>\n<\/section>\n\n\n<section class=\"block b-post-grid pt-30 pt-md-50 pt-lg-70 pt-xl-80 pb-30 pb-md-50 pb-lg-70 pb-xl-80 \" id=\"block_c8c84e9a87189e40a5b00cb27dfb1ae0\">\n<div class=\"container\">\n\n            <div class=\"row mb-20 mb-md-30 mb-lg-40\" data-aos=\"fade-up\">\n            <div class=\"col-12\">\n                <h2>Unsere <span>Erfolgsgeschichten<\/span><\/h2>\n            <\/div>\n        <\/div>\n     \n    \n    <div class=\"row c-filter__animation_obj-wrapper c-filter__cpt_references\" data-aos=\"fade-up\">\n                    \n                            <div class=\"c-filter__animation_obj c-filter__blog  shadow d-flex flex-column cpt_references\" filterdata=\"806 838 811 812 816 818 \">\n                                            <a class=\"min-height-1\" href=\"https:\/\/eu.iko.com\/de\/referenzen\/staedtische-grundschule-dijkstein-belgien\/\">\n                            <div class=\"overflow-hidden\">\n                                <img loading=\"lazy\" decoding=\"async\" width=\"800\" height=\"600\" src=\"https:\/\/eu.iko.com\/wp-content\/uploads\/2023\/06\/20180409_090131188_iOS.jpg\" class=\"c-filter__animation_obj__thumbnail w-100 img-fluid wp-post-image\" alt=\"St\u00e4dtische Grundschule Dijkstein, Belgien\" srcset=\"https:\/\/eu.iko.com\/wp-content\/uploads\/2023\/06\/20180409_090131188_iOS.jpg 1200w, https:\/\/eu.iko.com\/wp-content\/uploads\/2023\/06\/20180409_090131188_iOS-800x600.jpg 800w, https:\/\/eu.iko.com\/wp-content\/uploads\/2023\/06\/20180409_090131188_iOS-1600x1200.jpg 1600w, https:\/\/eu.iko.com\/wp-content\/uploads\/2023\/06\/20180409_090131188_iOS-400x300.jpg 400w, https:\/\/eu.iko.com\/wp-content\/uploads\/2023\/06\/20180409_090131188_iOS-768x576.jpg 768w, https:\/\/eu.iko.com\/wp-content\/uploads\/2023\/06\/20180409_090131188_iOS-290x218.jpg 290w, https:\/\/eu.iko.com\/wp-content\/uploads\/2023\/06\/20180409_090131188_iOS-600x450.jpg 600w\" sizes=\"auto, (max-width: 800px) 100vw, 800px\" \/>                            <\/div>\n                        <\/a>\n                    \n                    <a class=\"text-dark h-100\" href=\"https:\/\/eu.iko.com\/de\/referenzen\/staedtische-grundschule-dijkstein-belgien\/\">                                                \n                        <div class=\"px-20 px-md-30 py-15 bg-light h-100\">\n                            <div class=\"mt-auto\">\n                                                                    <div class=\"text-dark font-weight-bolder d-flex flex-wrap align-items-center\" href=\"https:\/\/eu.iko.com\/de\/referenzen\/staedtische-grundschule-dijkstein-belgien\/\">\n                                        St\u00e4dtische Grundschule Dijkstein, Belgien                                        <i class=\"fas fa-plus-circle text-primary ml-auto mr-0\"><\/i>\n                                    <\/div>\n                                                            <\/div>\n                            \n                        <\/div>\n                                                <\/a>                <\/div>\n                                \n                            <div class=\"c-filter__animation_obj c-filter__blog  shadow d-flex flex-column cpt_references\" filterdata=\"806 838 812 815 818 830 \">\n                                            <a class=\"min-height-1\" href=\"https:\/\/eu.iko.com\/de\/referenzen\/sint-pauluscollege-wevelgem-belgien\/\">\n                            <div class=\"overflow-hidden\">\n                                <img loading=\"lazy\" decoding=\"async\" width=\"800\" height=\"534\" src=\"https:\/\/eu.iko.com\/wp-content\/uploads\/2023\/06\/MDW0007_resize.jpg\" class=\"c-filter__animation_obj__thumbnail w-100 img-fluid wp-post-image\" alt=\"Sint Pauluscollege Wevelgem, Belgien\" srcset=\"https:\/\/eu.iko.com\/wp-content\/uploads\/2023\/06\/MDW0007_resize.jpg 1000w, https:\/\/eu.iko.com\/wp-content\/uploads\/2023\/06\/MDW0007_resize-768x512.jpg 768w, https:\/\/eu.iko.com\/wp-content\/uploads\/2023\/06\/MDW0007_resize-290x193.jpg 290w, https:\/\/eu.iko.com\/wp-content\/uploads\/2023\/06\/MDW0007_resize-600x400.jpg 600w, https:\/\/eu.iko.com\/wp-content\/uploads\/2023\/06\/MDW0007_resize-1050x700.jpg 1050w, https:\/\/eu.iko.com\/wp-content\/uploads\/2023\/06\/MDW0007_resize-800x534.jpg 800w\" sizes=\"auto, (max-width: 800px) 100vw, 800px\" \/>                            <\/div>\n                        <\/a>\n                    \n                    <a class=\"text-dark h-100\" href=\"https:\/\/eu.iko.com\/de\/referenzen\/sint-pauluscollege-wevelgem-belgien\/\">                                                \n                        <div class=\"px-20 px-md-30 py-15 bg-light h-100\">\n                            <div class=\"mt-auto\">\n                                                                    <div class=\"text-dark font-weight-bolder d-flex flex-wrap align-items-center\" href=\"https:\/\/eu.iko.com\/de\/referenzen\/sint-pauluscollege-wevelgem-belgien\/\">\n                                        Sint Pauluscollege Wevelgem, Belgien                                        <i class=\"fas fa-plus-circle text-primary ml-auto mr-0\"><\/i>\n                                    <\/div>\n                                                            <\/div>\n                            \n                        <\/div>\n                                                <\/a>                <\/div>\n                                \n                            <div class=\"c-filter__animation_obj c-filter__blog  shadow d-flex flex-column cpt_references\" filterdata=\"984 806 838 812 816 817 836 \">\n                                            <a class=\"min-height-1\" href=\"https:\/\/eu.iko.com\/de\/referenzen\/sint-maarten-krankenhaus-mechelen-belgien\/\">\n                            <div class=\"overflow-hidden\">\n                                <img loading=\"lazy\" decoding=\"async\" width=\"800\" height=\"450\" src=\"https:\/\/eu.iko.com\/wp-content\/uploads\/2023\/06\/131314Sint_Maarten__4.jpg\" class=\"c-filter__animation_obj__thumbnail w-100 img-fluid wp-post-image\" alt=\"Sint Maarten Krankenhaus, Mechelen, Belgien\" srcset=\"https:\/\/eu.iko.com\/wp-content\/uploads\/2023\/06\/131314Sint_Maarten__4.jpg 1024w, https:\/\/eu.iko.com\/wp-content\/uploads\/2023\/06\/131314Sint_Maarten__4-768x432.jpg 768w, https:\/\/eu.iko.com\/wp-content\/uploads\/2023\/06\/131314Sint_Maarten__4-290x163.jpg 290w, https:\/\/eu.iko.com\/wp-content\/uploads\/2023\/06\/131314Sint_Maarten__4-600x338.jpg 600w, https:\/\/eu.iko.com\/wp-content\/uploads\/2023\/06\/131314Sint_Maarten__4-800x450.jpg 800w\" sizes=\"auto, (max-width: 800px) 100vw, 800px\" \/>                            <\/div>\n                        <\/a>\n                    \n                    <a class=\"text-dark h-100\" href=\"https:\/\/eu.iko.com\/de\/referenzen\/sint-maarten-krankenhaus-mechelen-belgien\/\">                                                \n                        <div class=\"px-20 px-md-30 py-15 bg-light h-100\">\n                            <div class=\"mt-auto\">\n                                                                    <div class=\"text-dark font-weight-bolder d-flex flex-wrap align-items-center\" href=\"https:\/\/eu.iko.com\/de\/referenzen\/sint-maarten-krankenhaus-mechelen-belgien\/\">\n                                        Sint Maarten Krankenhaus, Mechelen, Belgien                                        <i class=\"fas fa-plus-circle text-primary ml-auto mr-0\"><\/i>\n                                    <\/div>\n                                                            <\/div>\n                            \n                        <\/div>\n                                                <\/a>                <\/div>\n                                \n                            <div class=\"c-filter__animation_obj c-filter__blog  shadow d-flex flex-column cpt_references\" filterdata=\"984 806 838 812 818 827 836 \">\n                                            <a class=\"min-height-1\" href=\"https:\/\/eu.iko.com\/de\/referenzen\/okay-stavelot-belgien\/\">\n                            <div class=\"overflow-hidden\">\n                                <img loading=\"lazy\" decoding=\"async\" width=\"800\" height=\"451\" src=\"https:\/\/eu.iko.com\/wp-content\/uploads\/2023\/06\/Okay-stavelot.jpg\" class=\"c-filter__animation_obj__thumbnail w-100 img-fluid wp-post-image\" alt=\"Okay, Stavelot, Belgien\" srcset=\"https:\/\/eu.iko.com\/wp-content\/uploads\/2023\/06\/Okay-stavelot.jpg 1378w, https:\/\/eu.iko.com\/wp-content\/uploads\/2023\/06\/Okay-stavelot-768x433.jpg 768w, https:\/\/eu.iko.com\/wp-content\/uploads\/2023\/06\/Okay-stavelot-290x164.jpg 290w, https:\/\/eu.iko.com\/wp-content\/uploads\/2023\/06\/Okay-stavelot-600x338.jpg 600w, https:\/\/eu.iko.com\/wp-content\/uploads\/2023\/06\/Okay-stavelot-800x451.jpg 800w\" sizes=\"auto, (max-width: 800px) 100vw, 800px\" \/>                            <\/div>\n                        <\/a>\n                    \n                    <a class=\"text-dark h-100\" href=\"https:\/\/eu.iko.com\/de\/referenzen\/okay-stavelot-belgien\/\">                                                \n                        <div class=\"px-20 px-md-30 py-15 bg-light h-100\">\n                            <div class=\"mt-auto\">\n                                                                    <div class=\"text-dark font-weight-bolder d-flex flex-wrap align-items-center\" href=\"https:\/\/eu.iko.com\/de\/referenzen\/okay-stavelot-belgien\/\">\n                                        Okay, Stavelot, Belgien                                        <i class=\"fas fa-plus-circle text-primary ml-auto mr-0\"><\/i>\n                                    <\/div>\n                                                            <\/div>\n                            \n                        <\/div>\n                                                <\/a>                <\/div>\n                        <\/div>\n\n        \n            <div class=\"row mt-20 mt-lg-30\" data-aos=\"fade-up\">\n            <div class=\"col-12\">\n                <a class=\"btn btn-secondary\" href=\"https:\/\/eu.iko.com\/de\/flachdachsysteme\/referenzen\/\" target=\"\">\n                    Weitere Referenzen finden Sie hier                    <i class=\"fas fa-plus fa-xs border border-sm rounded-circle p-1 ml-2\"><\/i>\n                <\/a>\n            <\/div>\n        <\/div>\n    \n<\/div>\n<\/section>","protected":false},"excerpt":{"rendered":"","protected":false},"author":1,"featured_media":4710,"parent":28901,"menu_order":0,"comment_status":"closed","ping_status":"closed","template":"","meta":{"_acf_changed":false,"footnotes":""},"taxonomy_divisions":[936],"class_list":["post-28907","page","type-page","status-publish","has-post-thumbnail","hentry","taxonomy_divisions-flachdachsysteme"],"acf":[],"yoast_head":"<!-- This site is optimized with the Yoast SEO plugin v27.3 - https:\/\/yoast.com\/product\/yoast-seo-wordpress\/ -->\n<title>Unsere L\u00f6sungen f\u00fcr Energied\u00e4cher<\/title>\n<meta name=\"description\" content=\"IKOs Produkte f\u00fcr das Energiedach unterst\u00fctzen Sie dabei, das optimale Ergebnis mit Ihren Solaranlagen auf dem Flachdach zu erzielen.\" \/>\n<meta name=\"robots\" content=\"index, follow, max-snippet:-1, max-image-preview:large, max-video-preview:-1\" \/>\n<link rel=\"canonical\" href=\"https:\/\/eu.iko.com\/de\/flachdachsysteme\/loesungen\/iko-energiedach\/\" \/>\n<meta property=\"og:locale\" content=\"de_DE\" \/>\n<meta property=\"og:type\" content=\"article\" \/>\n<meta property=\"og:title\" content=\"Unsere L\u00f6sungen f\u00fcr Energied\u00e4cher\" \/>\n<meta property=\"og:description\" content=\"IKOs Produkte f\u00fcr das Energiedach unterst\u00fctzen Sie dabei, das optimale Ergebnis mit Ihren Solaranlagen auf dem Flachdach zu erzielen.\" \/>\n<meta property=\"og:url\" content=\"https:\/\/eu.iko.com\/de\/flachdachsysteme\/loesungen\/iko-energiedach\/\" \/>\n<meta property=\"og:site_name\" content=\"IKO\" \/>\n<meta property=\"article:publisher\" content=\"https:\/\/www.facebook.com\/IKOwaterproofingandinsulation\/\" \/>\n<meta property=\"article:modified_time\" content=\"2025-05-14T11:04:26+00:00\" \/>\n<meta property=\"og:image\" content=\"https:\/\/eu.iko.com\/wp-content\/uploads\/2023\/01\/iko-circulaire-daken.jpeg\" \/>\n\t<meta property=\"og:image:width\" content=\"600\" \/>\n\t<meta property=\"og:image:height\" content=\"400\" \/>\n\t<meta property=\"og:image:type\" content=\"image\/jpeg\" \/>\n<meta name=\"twitter:card\" content=\"summary_large_image\" \/>\n<meta name=\"twitter:label1\" content=\"Gesch\u00e4tzte Lesezeit\" \/>\n\t<meta name=\"twitter:data1\" content=\"1\u00a0Minute\" \/>\n<script type=\"application\/ld+json\" class=\"yoast-schema-graph\">{\"@context\":\"https:\\\/\\\/schema.org\",\"@graph\":[{\"@type\":\"WebPage\",\"@id\":\"https:\\\/\\\/eu.iko.com\\\/de\\\/flachdachsysteme\\\/loesungen\\\/iko-energiedach\\\/\",\"url\":\"https:\\\/\\\/eu.iko.com\\\/de\\\/flachdachsysteme\\\/loesungen\\\/iko-energiedach\\\/\",\"name\":\"Unsere L\u00f6sungen f\u00fcr Energied\u00e4cher\",\"isPartOf\":{\"@id\":\"https:\\\/\\\/eu.iko.com\\\/de\\\/#website\"},\"primaryImageOfPage\":{\"@id\":\"https:\\\/\\\/eu.iko.com\\\/de\\\/flachdachsysteme\\\/loesungen\\\/iko-energiedach\\\/#primaryimage\"},\"image\":{\"@id\":\"https:\\\/\\\/eu.iko.com\\\/de\\\/flachdachsysteme\\\/loesungen\\\/iko-energiedach\\\/#primaryimage\"},\"thumbnailUrl\":\"https:\\\/\\\/eu.iko.com\\\/wp-content\\\/uploads\\\/2023\\\/01\\\/iko-circulaire-daken.jpeg\",\"datePublished\":\"2023-02-10T10:40:31+00:00\",\"dateModified\":\"2025-05-14T11:04:26+00:00\",\"description\":\"IKOs Produkte f\u00fcr das Energiedach unterst\u00fctzen Sie dabei, das optimale Ergebnis mit Ihren Solaranlagen auf dem Flachdach zu erzielen.\",\"breadcrumb\":{\"@id\":\"https:\\\/\\\/eu.iko.com\\\/de\\\/flachdachsysteme\\\/loesungen\\\/iko-energiedach\\\/#breadcrumb\"},\"inLanguage\":\"de\",\"potentialAction\":[{\"@type\":\"ReadAction\",\"target\":[\"https:\\\/\\\/eu.iko.com\\\/de\\\/flachdachsysteme\\\/loesungen\\\/iko-energiedach\\\/\"]}]},{\"@type\":\"ImageObject\",\"inLanguage\":\"de\",\"@id\":\"https:\\\/\\\/eu.iko.com\\\/de\\\/flachdachsysteme\\\/loesungen\\\/iko-energiedach\\\/#primaryimage\",\"url\":\"https:\\\/\\\/eu.iko.com\\\/wp-content\\\/uploads\\\/2023\\\/01\\\/iko-circulaire-daken.jpeg\",\"contentUrl\":\"https:\\\/\\\/eu.iko.com\\\/wp-content\\\/uploads\\\/2023\\\/01\\\/iko-circulaire-daken.jpeg\",\"width\":600,\"height\":400,\"caption\":\"Nutzung eines Flachdachs als Energiedach\"},{\"@type\":\"BreadcrumbList\",\"@id\":\"https:\\\/\\\/eu.iko.com\\\/de\\\/flachdachsysteme\\\/loesungen\\\/iko-energiedach\\\/#breadcrumb\",\"itemListElement\":[{\"@type\":\"ListItem\",\"position\":1,\"name\":\"Home\",\"item\":\"https:\\\/\\\/eu.iko.com\\\/de\\\/\"},{\"@type\":\"ListItem\",\"position\":2,\"name\":\"Flachdachsysteme\",\"item\":\"https:\\\/\\\/eu.iko.com\\\/de\\\/flachdachsysteme\\\/\"},{\"@type\":\"ListItem\",\"position\":3,\"name\":\"L\u00f6sungen\",\"item\":\"https:\\\/\\\/eu.iko.com\\\/de\\\/flachdachsysteme\\\/loesungen\\\/\"},{\"@type\":\"ListItem\",\"position\":4,\"name\":\"IKO Energiedach\"}]},{\"@type\":\"WebSite\",\"@id\":\"https:\\\/\\\/eu.iko.com\\\/de\\\/#website\",\"url\":\"https:\\\/\\\/eu.iko.com\\\/de\\\/\",\"name\":\"IKO Waterproofing & Insulation\",\"description\":\"Dakdichting, waterdichting en isolatie\",\"publisher\":{\"@id\":\"https:\\\/\\\/eu.iko.com\\\/de\\\/#organization\"},\"potentialAction\":[{\"@type\":\"SearchAction\",\"target\":{\"@type\":\"EntryPoint\",\"urlTemplate\":\"https:\\\/\\\/eu.iko.com\\\/de\\\/?s={search_term_string}\"},\"query-input\":{\"@type\":\"PropertyValueSpecification\",\"valueRequired\":true,\"valueName\":\"search_term_string\"}}],\"inLanguage\":\"de\"},{\"@type\":\"Organization\",\"@id\":\"https:\\\/\\\/eu.iko.com\\\/de\\\/#organization\",\"name\":\"IKO Waterproofing & Insulation\",\"url\":\"https:\\\/\\\/eu.iko.com\\\/de\\\/\",\"logo\":{\"@type\":\"ImageObject\",\"inLanguage\":\"de\",\"@id\":\"https:\\\/\\\/eu.iko.com\\\/de\\\/#\\\/schema\\\/logo\\\/image\\\/\",\"url\":\"https:\\\/\\\/eu.iko.com\\\/wp-content\\\/uploads\\\/2024\\\/03\\\/emailheader.jpg\",\"contentUrl\":\"https:\\\/\\\/eu.iko.com\\\/wp-content\\\/uploads\\\/2024\\\/03\\\/emailheader.jpg\",\"width\":600,\"height\":200,\"caption\":\"IKO Waterproofing & Insulation\"},\"image\":{\"@id\":\"https:\\\/\\\/eu.iko.com\\\/de\\\/#\\\/schema\\\/logo\\\/image\\\/\"},\"sameAs\":[\"https:\\\/\\\/www.facebook.com\\\/IKOwaterproofingandinsulation\\\/\",\"https:\\\/\\\/www.linkedin.com\\\/company\\\/iko-waterproofingandinsulation\\\/\",\"https:\\\/\\\/www.instagram.com\\\/iko_waterproofing_insulation\\\/\",\"https:\\\/\\\/www.youtube.com\\\/channel\\\/UCb6EjYDrbNjJJM0EeZHQHcg\"]}]}<\/script>\n<!-- \/ Yoast SEO plugin. -->","yoast_head_json":{"title":"Unsere L\u00f6sungen f\u00fcr Energied\u00e4cher","description":"IKOs Produkte f\u00fcr das Energiedach unterst\u00fctzen Sie dabei, das optimale Ergebnis mit Ihren Solaranlagen auf dem Flachdach zu erzielen.","robots":{"index":"index","follow":"follow","max-snippet":"max-snippet:-1","max-image-preview":"max-image-preview:large","max-video-preview":"max-video-preview:-1"},"canonical":"https:\/\/eu.iko.com\/de\/flachdachsysteme\/loesungen\/iko-energiedach\/","og_locale":"de_DE","og_type":"article","og_title":"Unsere L\u00f6sungen f\u00fcr Energied\u00e4cher","og_description":"IKOs Produkte f\u00fcr das Energiedach unterst\u00fctzen Sie dabei, das optimale Ergebnis mit Ihren Solaranlagen auf dem Flachdach zu erzielen.","og_url":"https:\/\/eu.iko.com\/de\/flachdachsysteme\/loesungen\/iko-energiedach\/","og_site_name":"IKO","article_publisher":"https:\/\/www.facebook.com\/IKOwaterproofingandinsulation\/","article_modified_time":"2025-05-14T11:04:26+00:00","og_image":[{"width":600,"height":400,"url":"https:\/\/eu.iko.com\/wp-content\/uploads\/2023\/01\/iko-circulaire-daken.jpeg","type":"image\/jpeg"}],"twitter_card":"summary_large_image","twitter_misc":{"Gesch\u00e4tzte Lesezeit":"1\u00a0Minute"},"schema":{"@context":"https:\/\/schema.org","@graph":[{"@type":"WebPage","@id":"https:\/\/eu.iko.com\/de\/flachdachsysteme\/loesungen\/iko-energiedach\/","url":"https:\/\/eu.iko.com\/de\/flachdachsysteme\/loesungen\/iko-energiedach\/","name":"Unsere L\u00f6sungen f\u00fcr Energied\u00e4cher","isPartOf":{"@id":"https:\/\/eu.iko.com\/de\/#website"},"primaryImageOfPage":{"@id":"https:\/\/eu.iko.com\/de\/flachdachsysteme\/loesungen\/iko-energiedach\/#primaryimage"},"image":{"@id":"https:\/\/eu.iko.com\/de\/flachdachsysteme\/loesungen\/iko-energiedach\/#primaryimage"},"thumbnailUrl":"https:\/\/eu.iko.com\/wp-content\/uploads\/2023\/01\/iko-circulaire-daken.jpeg","datePublished":"2023-02-10T10:40:31+00:00","dateModified":"2025-05-14T11:04:26+00:00","description":"IKOs Produkte f\u00fcr das Energiedach unterst\u00fctzen Sie dabei, das optimale Ergebnis mit Ihren Solaranlagen auf dem Flachdach zu erzielen.","breadcrumb":{"@id":"https:\/\/eu.iko.com\/de\/flachdachsysteme\/loesungen\/iko-energiedach\/#breadcrumb"},"inLanguage":"de","potentialAction":[{"@type":"ReadAction","target":["https:\/\/eu.iko.com\/de\/flachdachsysteme\/loesungen\/iko-energiedach\/"]}]},{"@type":"ImageObject","inLanguage":"de","@id":"https:\/\/eu.iko.com\/de\/flachdachsysteme\/loesungen\/iko-energiedach\/#primaryimage","url":"https:\/\/eu.iko.com\/wp-content\/uploads\/2023\/01\/iko-circulaire-daken.jpeg","contentUrl":"https:\/\/eu.iko.com\/wp-content\/uploads\/2023\/01\/iko-circulaire-daken.jpeg","width":600,"height":400,"caption":"Nutzung eines Flachdachs als Energiedach"},{"@type":"BreadcrumbList","@id":"https:\/\/eu.iko.com\/de\/flachdachsysteme\/loesungen\/iko-energiedach\/#breadcrumb","itemListElement":[{"@type":"ListItem","position":1,"name":"Home","item":"https:\/\/eu.iko.com\/de\/"},{"@type":"ListItem","position":2,"name":"Flachdachsysteme","item":"https:\/\/eu.iko.com\/de\/flachdachsysteme\/"},{"@type":"ListItem","position":3,"name":"L\u00f6sungen","item":"https:\/\/eu.iko.com\/de\/flachdachsysteme\/loesungen\/"},{"@type":"ListItem","position":4,"name":"IKO Energiedach"}]},{"@type":"WebSite","@id":"https:\/\/eu.iko.com\/de\/#website","url":"https:\/\/eu.iko.com\/de\/","name":"IKO Waterproofing & Insulation","description":"Dakdichting, waterdichting en isolatie","publisher":{"@id":"https:\/\/eu.iko.com\/de\/#organization"},"potentialAction":[{"@type":"SearchAction","target":{"@type":"EntryPoint","urlTemplate":"https:\/\/eu.iko.com\/de\/?s={search_term_string}"},"query-input":{"@type":"PropertyValueSpecification","valueRequired":true,"valueName":"search_term_string"}}],"inLanguage":"de"},{"@type":"Organization","@id":"https:\/\/eu.iko.com\/de\/#organization","name":"IKO Waterproofing & Insulation","url":"https:\/\/eu.iko.com\/de\/","logo":{"@type":"ImageObject","inLanguage":"de","@id":"https:\/\/eu.iko.com\/de\/#\/schema\/logo\/image\/","url":"https:\/\/eu.iko.com\/wp-content\/uploads\/2024\/03\/emailheader.jpg","contentUrl":"https:\/\/eu.iko.com\/wp-content\/uploads\/2024\/03\/emailheader.jpg","width":600,"height":200,"caption":"IKO Waterproofing & Insulation"},"image":{"@id":"https:\/\/eu.iko.com\/de\/#\/schema\/logo\/image\/"},"sameAs":["https:\/\/www.facebook.com\/IKOwaterproofingandinsulation\/","https:\/\/www.linkedin.com\/company\/iko-waterproofingandinsulation\/","https:\/\/www.instagram.com\/iko_waterproofing_insulation\/","https:\/\/www.youtube.com\/channel\/UCb6EjYDrbNjJJM0EeZHQHcg"]}]}},"_links":{"self":[{"href":"https:\/\/eu.iko.com\/de\/wp-json\/wp\/v2\/pages\/28907","targetHints":{"allow":["GET"]}}],"collection":[{"href":"https:\/\/eu.iko.com\/de\/wp-json\/wp\/v2\/pages"}],"about":[{"href":"https:\/\/eu.iko.com\/de\/wp-json\/wp\/v2\/types\/page"}],"author":[{"embeddable":true,"href":"https:\/\/eu.iko.com\/de\/wp-json\/wp\/v2\/users\/1"}],"replies":[{"embeddable":true,"href":"https:\/\/eu.iko.com\/de\/wp-json\/wp\/v2\/comments?post=28907"}],"version-history":[{"count":0,"href":"https:\/\/eu.iko.com\/de\/wp-json\/wp\/v2\/pages\/28907\/revisions"}],"up":[{"embeddable":true,"href":"https:\/\/eu.iko.com\/de\/wp-json\/wp\/v2\/pages\/28901"}],"wp:featuredmedia":[{"embeddable":true,"href":"https:\/\/eu.iko.com\/de\/wp-json\/wp\/v2\/media\/4710"}],"wp:attachment":[{"href":"https:\/\/eu.iko.com\/de\/wp-json\/wp\/v2\/media?parent=28907"}],"wp:term":[{"taxonomy":"taxonomy_divisions","embeddable":true,"href":"https:\/\/eu.iko.com\/de\/wp-json\/wp\/v2\/taxonomy_divisions?post=28907"}],"curies":[{"name":"wp","href":"https:\/\/api.w.org\/{rel}","templated":true}]}}