{"id":35417,"date":"2023-02-10T13:57:27","date_gmt":"2023-02-10T13:57:27","guid":{"rendered":"https:\/\/iko.website-in-progress.be\/about-iko\/iko-en-topsport\/"},"modified":"2024-08-12T05:27:37","modified_gmt":"2024-08-12T05:27:37","slug":"iko-und-leistungssport","status":"publish","type":"page","link":"https:\/\/eu.iko.com\/de\/about-iko\/iko-und-leistungssport\/","title":{"rendered":"IKO und Spitzensport"},"content":{"rendered":"    <div class=\"pt-15 pb-15 \" id=\"block_12f2d58015c1897008782739d093d9ae\">\n        <div class=\"container\">            <div class=\"block block-heading text-left\" data-aos=\"fade-up\">\n                <h3 class=\"h2 text-dark mb-0\">IKO und <span>Spitzensport<\/span>: Eine gemeinsame Leidenschaft f\u00fcr Exzellenz<\/h3>\n            <\/div>\n        <\/div>\n    <\/div>\n\n\n<div class=\"block block-editor pt-15 pb-15 \" id=\"block_c18da0a1a59143f0febebfdf1290f707\">\n    <div class=\"container\">        <div class=\"row\">\n            <div class=\"col-12\" data-aos=\"fade-up\">\n                <p data-sourcepos=\"3:1-3:55\">Bei IKO geht unser Engagement f\u00fcr Qualit\u00e4t und Innovation \u00fcber unsere f\u00fchrenden Isolations- und Abdichtungsl\u00f6sungen hinaus.<br \/>\nWir sind stolz darauf, Spitzensportler in Europa zu unterst\u00fctzen, die unsere Werte von Engagement, Ausdauer und dem unerm\u00fcdlichen Streben nach Exzellenz teilen.<\/p>\n            <\/div>\n        <\/div>\n    <\/div><\/div>\n\n\n<div class=\"wp-block-jetpack-layout-grid column1-desktop-grid__span-6 column1-desktop-grid__row-1 column2-desktop-grid__span-4 column2-desktop-grid__start-8 column2-desktop-grid__row-1 column1-tablet-grid__span-4 column1-tablet-grid__row-1 column2-tablet-grid__span-4 column2-tablet-grid__start-5 column2-tablet-grid__row-1 column1-mobile-grid__span-4 column1-mobile-grid__row-1 column2-mobile-grid__span-4 column2-mobile-grid__row-2 wp-block-jetpack-layout-gutter__nowrap are-vertically-aligned-center\">\n<div class=\"wp-block-jetpack-layout-grid-column wp-block-jetpack-layout-grid__padding-none is-vertically-aligned-center\">    <div class=\"pt-15 pb-15 \" id=\"block_892035d854a7fd1ea3b289938fe918f3\">\n        <div class=\"container\">            <div class=\"block block-heading text-left\" data-aos=\"fade-up\">\n                <h3 class=\"h2 text-dark mb-0\">Meister <span>auf dem Eis<\/span><\/h3>\n            <\/div>\n        <\/div>\n    <\/div>\n\n\n<div class=\"block block-editor pt-15 pb-15 \" id=\"block_b2fa498a733aa35219990e938c7f623c\">\n    <div class=\"container\">        <div class=\"row\">\n            <div class=\"col-12\" data-aos=\"fade-up\">\n                <p data-sourcepos=\"7:1-7:107\">Als Titelsponsor von Als Titelsponsor von <strong>Team IKO<\/strong> unterst\u00fctzen wir die Tr\u00e4ume von Eisschnelll\u00e4ufern der Weltklasse auf ihrem Weg zu Gold. Dieses au\u00dfergew\u00f6hnliche Team umfasst Olympiasieger und Medaillengewinner wie Bart Swings, Jorien ter Mors, Esmee Visser und Joy Beune, die st\u00e4ndig die Grenzen ihres Sports erweitern.unterst\u00fctzen wir die Tr\u00e4ume von Eisschnelll\u00e4ufern der Weltklasse auf ihrem Weg zu Gold. Dieses au\u00dfergew\u00f6hnliche Team umfasst Olympiasieger und Medaillengewinner wie Bart Swings, Jorien ter Mors, Esmee Visser und Joy Beune, die st\u00e4ndig die Grenzen ihres Sports erweitern.<\/p>\n            <\/div>\n        <\/div>\n    <\/div><\/div><\/div>\n\n\n\n<div class=\"wp-block-jetpack-layout-grid-column wp-block-jetpack-layout-grid__padding-none is-vertically-aligned-center\"><div class=\"block block-image pt-15 pt-md-20 pt-lg-30 pb-15 pb-md-20 pb-lg-30 \" id=\"block_32c77a709ff68286ec09cbbe40c8be4b\">\n    <div class=\"container\">        <figure class=\"mx-auto\" style=\"max-width: px\" data-aos=\"fade-up\">\n            <img loading=\"lazy\" decoding=\"async\" width=\"979\" height=\"1033\" src=\"https:\/\/eu.iko.com\/wp-content\/uploads\/2024\/05\/IKO-en-topsport.webp\" class=\"img-fluid\" alt=\"\" title=\"IKO en topsport\" srcset=\"https:\/\/eu.iko.com\/wp-content\/uploads\/2024\/05\/IKO-en-topsport.webp 979w, https:\/\/eu.iko.com\/wp-content\/uploads\/2024\/05\/IKO-en-topsport-768x810.webp 768w, https:\/\/eu.iko.com\/wp-content\/uploads\/2024\/05\/IKO-en-topsport-290x306.webp 290w, https:\/\/eu.iko.com\/wp-content\/uploads\/2024\/05\/IKO-en-topsport-600x633.webp 600w, https:\/\/eu.iko.com\/wp-content\/uploads\/2024\/05\/IKO-en-topsport-800x844.webp 800w\" sizes=\"auto, (max-width: 979px) 100vw, 979px\" \/>        <\/figure>\n            <\/div><\/div><\/div>\n<\/div>\n\n\n<div style=\"background-color: #f3f3f3;\"><section class=\"block block-video-text pt-40 pt-md-50 pt-lg-60 pb-40 pb-md-50 pb-lg-60 \" id=\"block_cedec62369ec983ee012930e7875bd19\">\n    <div class=\"container video_text_right\">\n        <div class=\"row align-items-center\">\n            <div class=\"col-12 col-md-6 block-video-text__text order-2 px-sm-40 py-30 py-md-60 py-lg-80\" data-aos=\"fade-up\">\n                <h2 class=\"mb-40\">IKO <span>Cyclo-Cross- und Radsport-Akademie<\/span><\/h2>\n                <h3 class=\"\" data-sourcepos=\"9:1-9:30\">Auf dem Weg zum Sieg<\/h3>\n<p data-sourcepos=\"11:1-11:291\">Unsere Leidenschaft f\u00fcr den Radsport zeigt sich in unserer Unterst\u00fctzung des Radsportteams <strong>Alpecin-Deceuninck<\/strong>, einem Kraftpaket in der Welt des Cyclo-Cross und Stra\u00dfenradsports. Wir unterst\u00fctzen Champions wie Mathieu van der Poel, Jasper Philipsen, S\u00f8ren Kragh Andersen und Quinten Hermans, die anspruchsvolle Terrains \u00fcberwinden und Fans weltweit inspirieren.<\/p>\n                            <\/div>\n            <div class=\"col-12 col-md-6 block-video-text__video order-1 \" data-aos=\"fade-up\">\n                <figure>\n                    <a class=\"block-video-text__video-play venobox\" data-autoplay=\"true\" data-vbtype=\"video\" href=\"https:\/\/www.youtube.com\/watch?v=X1-hcZGz2Y0\">\n                        <img loading=\"lazy\" decoding=\"async\" width=\"649\" height=\"392\" src=\"https:\/\/eu.iko.com\/wp-content\/uploads\/2023\/02\/iko-enertherm-en-topsport.jpeg\" class=\"attachment-uncropped size-uncropped\" alt=\"\" title=\"iko-enertherm-en-topsport\" srcset=\"https:\/\/eu.iko.com\/wp-content\/uploads\/2023\/02\/iko-enertherm-en-topsport.jpeg 649w, https:\/\/eu.iko.com\/wp-content\/uploads\/2023\/02\/iko-enertherm-en-topsport-290x175.jpeg 290w, https:\/\/eu.iko.com\/wp-content\/uploads\/2023\/02\/iko-enertherm-en-topsport-600x362.jpeg 600w\" sizes=\"auto, (max-width: 649px) 100vw, 649px\" \/>                    <\/a>\n                <\/figure>\n            <\/div>\n        <\/div>\n    <\/div>\n<\/section>\n<\/div>\n\n<section class=\"block block-image-text pt-40 pt-md-50 pt-lg-60 pb-40 pb-md-50 pb-lg-60  \" id=\"block_ef8bf4cc84cdbf716e33d84838f5dabc\">\n    <div class=\"container image_text_left\">\n        <div class=\"row align-items-center\">\n            <div class=\"col-12 col-sm-6 block-image-text__text  py-20 py-md-30 py-lg-40\" data-aos=\"fade-up\">\n                <h2 class=\"mb-40\">F\u00f6rderung von <span>Inklusivit\u00e4t<\/span> im Sport<\/h2>\n                <p data-sourcepos=\"5:1-5:25\">Bei IKO glauben wir an die Kraft des Sports, Menschen aus allen Lebensbereichen zu vereinen und zu f\u00f6rdern. Deshalb sind wir stolz darauf, <strong>Peter Genyn<\/strong>, einen paralympischen Champion im Rollstuhlrennen, zu unterst\u00fctzen, der den Geist von Entschlossenheit und Widerstandskraft verk\u00f6rpert. Peters bemerkenswerte Erfolge auf der Strecke sind ein Beweis f\u00fcr die Kraft des menschlichen Geistes und die Bedeutung der Schaffung gleicher Voraussetzungen f\u00fcr alle Athleten.<\/p>\n                <div class=\"mx-n10\">\n                                                        <\/div>\n            <\/div>\n            <div class=\"col-12 col-sm-6 text-center block-image-text__image   \" data-aos=\"fade-up\">\n                <img decoding=\"async\" src=\"https:\/\/eu.iko.com\/wp-content\/uploads\/2023\/05\/IKO-peter-genyn-strikes-again-1.webp\" alt=\"\" class=\"img-fluid h-100\">\n            <\/div>\n        <\/div>\n    <\/div>\n<\/section>\n\n\n<div style=\"background-color: #f3f3f3;\"><section class=\"block block-image-text pt-40 pt-md-50 pt-lg-60 pb-40 pb-md-50 pb-lg-60  \" id=\"block_5d495b5ce7cbf5abb892988a6ac118cc\">\n    <div class=\"container image_text_right\">\n        <div class=\"row align-items-center\">\n            <div class=\"col-12 col-sm-6 block-image-text__text order-2 px-sm-40 py-20 py-md-30 py-lg-40\" data-aos=\"fade-up\">\n                <h2 class=\"mb-40\">Ein gemeinsames Streben nach <span>Gr\u00f6\u00dfe<\/span><\/h2>\n                <p data-sourcepos=\"19:1-19:292\">Unsere Zusammenarbeit mit diesen au\u00dfergew\u00f6hnlichen Athleten und Teams spiegelt unser unerm\u00fcdliches Engagement f\u00fcr Qualit\u00e4t, Innovation und soziale Verantwortung wider. Gemeinsam streben wir danach, die n\u00e4chste Generation von Champions zu inspirieren und zu st\u00e4rken, sowohl auf als auch au\u00dferhalb des Feldes.<\/p>\n<p data-sourcepos=\"19:1-19:292\"><strong>Feiern Sie mit uns die Kraft des Sports, Menschen zusammenzubringen und die Grenzen des menschlichen Potenzials zu erweitern.<\/strong><\/p>\n                <div class=\"mx-n10\">\n                                                        <\/div>\n            <\/div>\n            <div class=\"col-12 col-sm-6 text-center block-image-text__image order-1  \" data-aos=\"fade-up\">\n                <img decoding=\"async\" src=\"https:\/\/eu.iko.com\/wp-content\/uploads\/2024\/05\/Team-IKO-logo.webp\" alt=\"Team IKO logo\" class=\"img-fluid h-100\">\n            <\/div>\n        <\/div>\n    <\/div>\n<\/section>\n<\/div>","protected":false},"excerpt":{"rendered":"","protected":false},"author":1,"featured_media":0,"parent":29265,"menu_order":0,"comment_status":"closed","ping_status":"closed","template":"","meta":{"_acf_changed":false,"footnotes":""},"taxonomy_divisions":[],"class_list":["post-35417","page","type-page","status-publish","hentry"],"acf":[],"yoast_head":"<!-- This site is optimized with the Yoast SEO plugin v27.3 - https:\/\/yoast.com\/product\/yoast-seo-wordpress\/ -->\n<title>IKO und Spitzensport | IKO<\/title>\n<meta name=\"description\" content=\"Die eigenen Grenzen \u00fcberwinden - Dieses Ziel haben IKO und ambitionierte Spitzensportler gemeinsam. Lesen Sie, was uns antreibt.\" \/>\n<meta name=\"robots\" content=\"index, follow, max-snippet:-1, max-image-preview:large, max-video-preview:-1\" \/>\n<link rel=\"canonical\" href=\"https:\/\/eu.iko.com\/de\/about-iko\/iko-und-leistungssport\/\" \/>\n<meta property=\"og:locale\" content=\"de_DE\" \/>\n<meta property=\"og:type\" content=\"article\" \/>\n<meta property=\"og:title\" content=\"IKO und Spitzensport | IKO\" \/>\n<meta property=\"og:description\" content=\"Die eigenen Grenzen \u00fcberwinden - Dieses Ziel haben IKO und ambitionierte Spitzensportler gemeinsam. Lesen Sie, was uns antreibt.\" \/>\n<meta property=\"og:url\" content=\"https:\/\/eu.iko.com\/de\/about-iko\/iko-und-leistungssport\/\" \/>\n<meta property=\"og:site_name\" content=\"IKO\" \/>\n<meta property=\"article:publisher\" content=\"https:\/\/www.facebook.com\/IKOwaterproofingandinsulation\/\" \/>\n<meta property=\"article:modified_time\" content=\"2024-08-12T05:27:37+00:00\" \/>\n<meta property=\"og:image\" content=\"https:\/\/eu.iko.com\/wp-content\/uploads\/2024\/03\/emailheader.jpg\" \/>\n\t<meta property=\"og:image:width\" content=\"600\" \/>\n\t<meta property=\"og:image:height\" content=\"200\" \/>\n\t<meta property=\"og:image:type\" content=\"image\/jpeg\" \/>\n<meta name=\"twitter:card\" content=\"summary_large_image\" \/>\n<script type=\"application\/ld+json\" class=\"yoast-schema-graph\">{\"@context\":\"https:\\\/\\\/schema.org\",\"@graph\":[{\"@type\":\"WebPage\",\"@id\":\"https:\\\/\\\/eu.iko.com\\\/de\\\/about-iko\\\/iko-und-leistungssport\\\/\",\"url\":\"https:\\\/\\\/eu.iko.com\\\/de\\\/about-iko\\\/iko-und-leistungssport\\\/\",\"name\":\"IKO und Spitzensport | IKO\",\"isPartOf\":{\"@id\":\"https:\\\/\\\/eu.iko.com\\\/de\\\/#website\"},\"datePublished\":\"2023-02-10T13:57:27+00:00\",\"dateModified\":\"2024-08-12T05:27:37+00:00\",\"description\":\"Die eigenen Grenzen \u00fcberwinden - Dieses Ziel haben IKO und ambitionierte Spitzensportler gemeinsam. Lesen Sie, was uns antreibt.\",\"breadcrumb\":{\"@id\":\"https:\\\/\\\/eu.iko.com\\\/de\\\/about-iko\\\/iko-und-leistungssport\\\/#breadcrumb\"},\"inLanguage\":\"de\",\"potentialAction\":[{\"@type\":\"ReadAction\",\"target\":[\"https:\\\/\\\/eu.iko.com\\\/de\\\/about-iko\\\/iko-und-leistungssport\\\/\"]}]},{\"@type\":\"BreadcrumbList\",\"@id\":\"https:\\\/\\\/eu.iko.com\\\/de\\\/about-iko\\\/iko-und-leistungssport\\\/#breadcrumb\",\"itemListElement\":[{\"@type\":\"ListItem\",\"position\":1,\"name\":\"Home\",\"item\":\"https:\\\/\\\/eu.iko.com\\\/de\\\/\"},{\"@type\":\"ListItem\",\"position\":2,\"name\":\"\u00dcber IKO\",\"item\":\"https:\\\/\\\/eu.iko.com\\\/de\\\/about-iko\\\/\"},{\"@type\":\"ListItem\",\"position\":3,\"name\":\"IKO und Spitzensport\"}]},{\"@type\":\"WebSite\",\"@id\":\"https:\\\/\\\/eu.iko.com\\\/de\\\/#website\",\"url\":\"https:\\\/\\\/eu.iko.com\\\/de\\\/\",\"name\":\"IKO Waterproofing & Insulation\",\"description\":\"Dakdichting, waterdichting en isolatie\",\"publisher\":{\"@id\":\"https:\\\/\\\/eu.iko.com\\\/de\\\/#organization\"},\"potentialAction\":[{\"@type\":\"SearchAction\",\"target\":{\"@type\":\"EntryPoint\",\"urlTemplate\":\"https:\\\/\\\/eu.iko.com\\\/de\\\/?s={search_term_string}\"},\"query-input\":{\"@type\":\"PropertyValueSpecification\",\"valueRequired\":true,\"valueName\":\"search_term_string\"}}],\"inLanguage\":\"de\"},{\"@type\":\"Organization\",\"@id\":\"https:\\\/\\\/eu.iko.com\\\/de\\\/#organization\",\"name\":\"IKO Waterproofing & Insulation\",\"url\":\"https:\\\/\\\/eu.iko.com\\\/de\\\/\",\"logo\":{\"@type\":\"ImageObject\",\"inLanguage\":\"de\",\"@id\":\"https:\\\/\\\/eu.iko.com\\\/de\\\/#\\\/schema\\\/logo\\\/image\\\/\",\"url\":\"https:\\\/\\\/eu.iko.com\\\/wp-content\\\/uploads\\\/2024\\\/03\\\/emailheader.jpg\",\"contentUrl\":\"https:\\\/\\\/eu.iko.com\\\/wp-content\\\/uploads\\\/2024\\\/03\\\/emailheader.jpg\",\"width\":600,\"height\":200,\"caption\":\"IKO Waterproofing & Insulation\"},\"image\":{\"@id\":\"https:\\\/\\\/eu.iko.com\\\/de\\\/#\\\/schema\\\/logo\\\/image\\\/\"},\"sameAs\":[\"https:\\\/\\\/www.facebook.com\\\/IKOwaterproofingandinsulation\\\/\",\"https:\\\/\\\/www.linkedin.com\\\/company\\\/iko-waterproofingandinsulation\\\/\",\"https:\\\/\\\/www.instagram.com\\\/iko_waterproofing_insulation\\\/\",\"https:\\\/\\\/www.youtube.com\\\/channel\\\/UCb6EjYDrbNjJJM0EeZHQHcg\"]}]}<\/script>\n<!-- \/ Yoast SEO plugin. -->","yoast_head_json":{"title":"IKO und Spitzensport | IKO","description":"Die eigenen Grenzen \u00fcberwinden - Dieses Ziel haben IKO und ambitionierte Spitzensportler gemeinsam. Lesen Sie, was uns antreibt.","robots":{"index":"index","follow":"follow","max-snippet":"max-snippet:-1","max-image-preview":"max-image-preview:large","max-video-preview":"max-video-preview:-1"},"canonical":"https:\/\/eu.iko.com\/de\/about-iko\/iko-und-leistungssport\/","og_locale":"de_DE","og_type":"article","og_title":"IKO und Spitzensport | IKO","og_description":"Die eigenen Grenzen \u00fcberwinden - Dieses Ziel haben IKO und ambitionierte Spitzensportler gemeinsam. Lesen Sie, was uns antreibt.","og_url":"https:\/\/eu.iko.com\/de\/about-iko\/iko-und-leistungssport\/","og_site_name":"IKO","article_publisher":"https:\/\/www.facebook.com\/IKOwaterproofingandinsulation\/","article_modified_time":"2024-08-12T05:27:37+00:00","og_image":[{"width":600,"height":200,"url":"https:\/\/eu.iko.com\/wp-content\/uploads\/2024\/03\/emailheader.jpg","type":"image\/jpeg"}],"twitter_card":"summary_large_image","schema":{"@context":"https:\/\/schema.org","@graph":[{"@type":"WebPage","@id":"https:\/\/eu.iko.com\/de\/about-iko\/iko-und-leistungssport\/","url":"https:\/\/eu.iko.com\/de\/about-iko\/iko-und-leistungssport\/","name":"IKO und Spitzensport | IKO","isPartOf":{"@id":"https:\/\/eu.iko.com\/de\/#website"},"datePublished":"2023-02-10T13:57:27+00:00","dateModified":"2024-08-12T05:27:37+00:00","description":"Die eigenen Grenzen \u00fcberwinden - Dieses Ziel haben IKO und ambitionierte Spitzensportler gemeinsam. Lesen Sie, was uns antreibt.","breadcrumb":{"@id":"https:\/\/eu.iko.com\/de\/about-iko\/iko-und-leistungssport\/#breadcrumb"},"inLanguage":"de","potentialAction":[{"@type":"ReadAction","target":["https:\/\/eu.iko.com\/de\/about-iko\/iko-und-leistungssport\/"]}]},{"@type":"BreadcrumbList","@id":"https:\/\/eu.iko.com\/de\/about-iko\/iko-und-leistungssport\/#breadcrumb","itemListElement":[{"@type":"ListItem","position":1,"name":"Home","item":"https:\/\/eu.iko.com\/de\/"},{"@type":"ListItem","position":2,"name":"\u00dcber IKO","item":"https:\/\/eu.iko.com\/de\/about-iko\/"},{"@type":"ListItem","position":3,"name":"IKO und Spitzensport"}]},{"@type":"WebSite","@id":"https:\/\/eu.iko.com\/de\/#website","url":"https:\/\/eu.iko.com\/de\/","name":"IKO Waterproofing & Insulation","description":"Dakdichting, waterdichting en isolatie","publisher":{"@id":"https:\/\/eu.iko.com\/de\/#organization"},"potentialAction":[{"@type":"SearchAction","target":{"@type":"EntryPoint","urlTemplate":"https:\/\/eu.iko.com\/de\/?s={search_term_string}"},"query-input":{"@type":"PropertyValueSpecification","valueRequired":true,"valueName":"search_term_string"}}],"inLanguage":"de"},{"@type":"Organization","@id":"https:\/\/eu.iko.com\/de\/#organization","name":"IKO Waterproofing & Insulation","url":"https:\/\/eu.iko.com\/de\/","logo":{"@type":"ImageObject","inLanguage":"de","@id":"https:\/\/eu.iko.com\/de\/#\/schema\/logo\/image\/","url":"https:\/\/eu.iko.com\/wp-content\/uploads\/2024\/03\/emailheader.jpg","contentUrl":"https:\/\/eu.iko.com\/wp-content\/uploads\/2024\/03\/emailheader.jpg","width":600,"height":200,"caption":"IKO Waterproofing & Insulation"},"image":{"@id":"https:\/\/eu.iko.com\/de\/#\/schema\/logo\/image\/"},"sameAs":["https:\/\/www.facebook.com\/IKOwaterproofingandinsulation\/","https:\/\/www.linkedin.com\/company\/iko-waterproofingandinsulation\/","https:\/\/www.instagram.com\/iko_waterproofing_insulation\/","https:\/\/www.youtube.com\/channel\/UCb6EjYDrbNjJJM0EeZHQHcg"]}]}},"_links":{"self":[{"href":"https:\/\/eu.iko.com\/de\/wp-json\/wp\/v2\/pages\/35417","targetHints":{"allow":["GET"]}}],"collection":[{"href":"https:\/\/eu.iko.com\/de\/wp-json\/wp\/v2\/pages"}],"about":[{"href":"https:\/\/eu.iko.com\/de\/wp-json\/wp\/v2\/types\/page"}],"author":[{"embeddable":true,"href":"https:\/\/eu.iko.com\/de\/wp-json\/wp\/v2\/users\/1"}],"replies":[{"embeddable":true,"href":"https:\/\/eu.iko.com\/de\/wp-json\/wp\/v2\/comments?post=35417"}],"version-history":[{"count":0,"href":"https:\/\/eu.iko.com\/de\/wp-json\/wp\/v2\/pages\/35417\/revisions"}],"up":[{"embeddable":true,"href":"https:\/\/eu.iko.com\/de\/wp-json\/wp\/v2\/pages\/29265"}],"wp:attachment":[{"href":"https:\/\/eu.iko.com\/de\/wp-json\/wp\/v2\/media?parent=35417"}],"wp:term":[{"taxonomy":"taxonomy_divisions","embeddable":true,"href":"https:\/\/eu.iko.com\/de\/wp-json\/wp\/v2\/taxonomy_divisions?post=35417"}],"curies":[{"name":"wp","href":"https:\/\/api.w.org\/{rel}","templated":true}]}}