{"id":35790,"date":"2023-02-10T12:28:27","date_gmt":"2023-02-10T12:28:27","guid":{"rendered":"https:\/\/iko.website-in-progress.be\/algemene-verkoopsvoorwaarden-iko\/"},"modified":"2026-01-22T13:28:42","modified_gmt":"2026-01-22T13:28:42","slug":"allgemeine-verkaufs-und-lieferbedingungen-iko","status":"publish","type":"page","link":"https:\/\/eu.iko.com\/de\/allgemeine-verkaufs-und-lieferbedingungen-iko\/","title":{"rendered":"Allgemeine Verkaufs- und Lieferbedingungen IKO"},"content":{"rendered":"    <div class=\"pt-15 pb-15  \" id=\"block_504a23468e94eca5b92ed338fa205392\">\n        <div class=\"container\">            <div class=\"block block-heading text-left\" data-aos=\"fade-up\">\n                <h3 class=\"h2 text-dark mb-0\">Allgemeine <span>Verkaufs- und Lieferbedingungen<\/span> IKO Insulations GmbH<\/h3>\n            <\/div>\n        <\/div>\n    <\/div>\n\n\n<div class=\"block block-editor pt-15 pb-15 \" id=\"block_b2c575540b2b7c5686fd3f8b3c5f83ad\">\n    <div class=\"container\">        <div class=\"row\">\n            <div class=\"col-12\" data-aos=\"fade-up\">\n                <p>1.<br \/>\nEs gelten ausschlie\u00dflich unsere Liefer- und Verkaufsbedingungen. Entgegenstehende und hiervon abweichende Bedingungen erkennen wir nicht an, es sei denn wir h\u00e4tten schriftlich zu gestimmt. Unsere Verkaufsbedingungen gelten auch dann, wenn wir Kenntnis anderer, von unseren abweichenden Bedingungen des Bestellers haben. Durch Bestellung der Ware werden unser AGB durch den Besteller vorbehaltlos anerkannt. Alle Vereinbarungen, die zwischen IKO und dem Besteller zwecks Ausf\u00fchrung dieses Vertrages getroffen werden, sind in dem Vertrag niedergelegt.<\/p>\n<p>Die Nichtigkeit oder Nicht-Durchsetzbarkeit einer in einem der Artikel dieser Bedingungen enthaltenen Bestimmung wird auf keinerlei Weise den durchsetzbaren Charakter der anderen Bestimmungen beeintr\u00e4chtigen und die betroffene Bestimmung wird durch eine g\u00fcltige und durchsetzbare Bestimmung ersetzt werden, die der Absicht der Parteien m\u00f6glichst gut nahekommt. Wir behalten uns das Recht vor, die Bedingungen zu \u00e4ndern. \u00a0Die Bedingungen, die zum Zeitpunkt des Vertragsabschlusses gelten bleiben davon unber\u00fchrt.<\/p>\n<p><strong>2. ANGEBOTE:<\/strong><br \/>\nUnsere Angebote sind alle unverbindlich und deren Annahme durch den K\u00e4ufer ist f\u00fcr IKO nur nach unserer schriftlichen Bestellbest\u00e4tigung verbindlich. Angebote sind 30 lang Tage g\u00fcltig, wenn im Angebot selbst nicht ausdr\u00fccklich anders angegeben. IKO hat immer das Recht, Bestellungen zu verweigern. Aufgegebene Bestellungen k\u00f6nnen durch IKO storniert werden, wenn die bestellten G\u00fcter nicht ausreichend auf Lager sind, ohne Anrecht auf Entsch\u00e4digung f\u00fcr den K\u00e4ufer.<\/p>\n<p><strong>3. AUFTRAGSANNAHME:<\/strong><br \/>\nAlle Bestellungen m\u00fcssen den gestellten Anforderungen in Bezug auf die in unseren Preislisten angegebenen Produktspezifikation, Mengen u. dergl. entsprechen. Pro Preisliste sind auch die Verpackungsmengen und etwaige Ausnahmen angegeben. Ohne richtige und vollst\u00e4ndige Lieferadresse kann eine Bestellung nicht ausgef\u00fchrt werden. Bei Baustellenlieferungen muss stets die Telefonnummer des Baustellenleiters angegeben werden.<\/p>\n<p><strong>4. AUFTRAGS\u00c4NDERUNG \/ STORNO:<\/strong><br \/>\nStornos \/ \u00c4nderungen sind nur nach R\u00fccksprache mit IKO m\u00f6glich. Storno von \u201eMake To Order Items\u201c sind nach deren Herstellung nicht m\u00f6glich. Storno\/\u00c4nderung eines Auftrages, wobei der Transporteur schon abgefahren ist, f\u00e4llt unter die Regelung f\u00fcr R\u00fccksendungen. Bei Storno \/ \u00c4nderung eines Auftrages binnen 48 Stunden vor der Lieferung werden die reellen Kosten, mindestens \u20ac 300, in Rechnung gestellt werden. Bei Storno von Auftr\u00e4gen mehr als 3 Tagen vor der Lieferung behalten wir uns das Recht vor, die reellen Kosten, mindestens \u20ac 300, in Rechnung zu stellen. Das Aufschieben von Lieferterminen f\u00fcr Baustellenauftr\u00e4ge k\u00f6nnen wir bis 3 Tage vor der Lieferung flexibel anwenden. Akzeptierte \u00c4nderungen werden durch IKO schriftlich best\u00e4tigt.<\/p>\n<p><strong>5. PREIS\u00c4NDERUNG:<\/strong><br \/>\nAlle in unserem Angebot oder unserer Auftragsbest\u00e4tigung angegebenen Preise sind vorbehaltlich einseitiger \u00c4nderung (Erh\u00f6hung) infolge u.a. Preiserh\u00f6hung und\/oder Knappheit der Rohstoffe, der IKO selbst unterliegt, angegeben. Auch kann IKO in einem solchen Fall die Lieferung aufschieben oder die Bestellung stornieren, ohne dass dies zu einer Entsch\u00e4digung zu Lasten von IKO Anlass geben kann. Wenn IKO eine Preiserh\u00f6hung anwendet, hat der Kunde das Recht, die Bestellung ohne weitere Kosten zu stornieren.<\/p>\n<p><strong>6. LIEFERFRISTEN:<\/strong><br \/>\nDie von uns angegebenen Lieferfristen sind nicht verbindlich, sondern stets ein Richtwert. Eine \u00dcberschreitung der Lieferfristen kann niemals zu irgendwelcher Entsch\u00e4digung\/Verg\u00fctung Anlass geben, wenn nicht ausdr\u00fccklich anders vereinbart. Auf jeden Fall werden die Fristen im Fall der h\u00f6heren Gewalt (z.B. Brand, Frost, Sturm, \u00dcberschwemmung, Streik, Aufruhr, Krieg, Anschlag, Terrorismus, pl\u00f6tzlicher Anstieg der Rohstoffpreise, Nichtlieferung durch Lieferanten von IKO, usw. (nicht ersch\u00f6pfend)) verl\u00e4ngert und unterliegen die Transporte externen Faktoren, wie Stauen, Stra\u00dfenbaustellen, Pannen und sonstigen Katastrophen, sodass genaue Lieferzeiten nicht best\u00e4tigt werden k\u00f6nnen. Lieferungen k\u00f6nnen nicht zu einer bestimmten Uhrzeit erzwungen werden.<\/p>\n<p><strong>7. LIEFERFRISTEN und FRACHTKOSTEN:<\/strong><br \/>\nUnsere G\u00fcter werden ausschlie\u00dflich AB WERK (EXW) abgeliefert. Die Lieferung erfolgt stets auf Gefahr des Bestellers, auch wenn die Lieferung durch IKO organisiert, oder als frachtfrei geliefert wird. Alle Preise sind in Euro und ohne MwSt..<\/p>\n            <\/div>\n        <\/div>\n    <\/div><\/div>\n\n<div class=\"block block-image pt-15 pt-md-20 pt-lg-30  \" id=\"block_c4fba4ff039e59be0040d6c520e9aaac\">\n    <div class=\"container\">        <figure class=\"mx-auto\" style=\"max-width: 609px\" data-aos=\"none\">\n            <img loading=\"lazy\" decoding=\"async\" width=\"1058\" height=\"1497\" src=\"https:\/\/eu.iko.com\/wp-content\/uploads\/2026\/01\/Logistieke-Charter-DUITSLAND-EXTERN-2026-pdf.jpg\" class=\"img-fluid\" alt=\"\" title=\"Logistieke Charter DUITSLAND &#8211; EXTERN 2026\" \/>        <\/figure>\n            <\/div><\/div>\n\n\n<div class=\"block block-editor pt-15 pb-15 \" id=\"block_fd2f08c5b6ec3a37ee40c2c02e47f654\">\n    <div class=\"container\">        <div class=\"row\">\n            <div class=\"col-12\" data-aos=\"fade-up\">\n                <p>F\u00fcr alle Streitsachen, die sogar indirekt mit irgendwelchem Vertrag zwischen IKO und dem Kunden im Zusammenhang stehen, sind die Bonner Gerichte und Gerichtsh\u00f6fe zust\u00e4ndig. Das deutsche Recht findet stets Anwendung. Die Parteien vereinbaren den Ausschluss des Wiener Kaufrechts\u00fcbereinkommens.<br \/>\nDie Lieferungen erfolgen gem\u00e4\u00df geltenden CMR-Bedingungen. Alle Abweichungen bez\u00fcglich Mengen, Qualit\u00e4t, wie auch die Abfahrts- und Ankunftszeit m\u00fcssen auf dem CMR\/Versandschein angegeben und unterzeichnet werden. Besch\u00e4digung infolge des Transportes muss unmittelbar im CMR angegeben werden. Unsichtbarer Schaden ist sp\u00e4testens 48 Stunden nach Lieferung zu melden. Lieferungen mit Selbstentlader (ohne Mehrkosten) sind stets im Bestellschein zu beantragen.<\/p>\n<p>Abladen von G\u00fctern: Wenn ein Lastkraftwagen mit bestellten G\u00fctern am Bestimmungsort ankommt, wird davon ausgegangen, dass auch unmittelbar mit dem Entladen des Wagens begonnen wird. Wenn an eine andere Entladeadresse verwiesen wird, beh\u00e4lt IKO sich das Recht vor, Kosten zu berechnen (\u20ac 1,75 \/ km mindestens jedoch \u20ac 50). Als maximale Abladezeit f\u00fcr die f\u00fcr 1 Adresse bestimmten G\u00fcter gilt 1,0 Stunde.<\/p>\n<p>Bei einer Abladezeit von mehr als 1 Stunden beh\u00e4lt IKO sich das Recht vor, \u20ac75\/Stunde zu berechnen.<\/p>\n<p><strong>8. HAFTUNG:<\/strong><br \/>\nAusschlie\u00dflich der K\u00e4ufer ist f\u00fcr die Wahl der bestellten G\u00fcter verantwortlich. F\u00fcr Kontrolle oder Pr\u00fcfung der Tauglichkeit des gew\u00e4hlten Produkts f\u00fcr den Zweck, den der K\u00e4ufer vor Augen hat, stehen wir nicht ein. Wir garantieren nur f\u00fcr die Konformit\u00e4t des Produkts mit seinen technischen Merkmalen. Ein sichtbarer Mangel muss bei der Lieferung mitgeteilt werden, im gegenteiligen Fall gelten die G\u00fcter sowieso als endg\u00fcltig angenommen und kann IKO nicht mehr f\u00fcr diese M\u00e4ngel haftbar gemacht werden. Mit Ausnahme zwingender Vorschriften oder Vorschriften \u00f6ffentlicher Ordnung oder bei einem bewiesenen absichtlichen und betr\u00fcgerischen Fehler kann IKO nur f\u00fcr den direkten Schaden haftbar gemacht werden (ohne indirekten oder Folgeschaden), der aus unseren Verpflichtungen hervorgeht und maximal in H\u00f6he des Betrags der bestellten, verkauften oder gelieferten G\u00fcter. Beschwerden bez\u00fcglich verborgener M\u00e4ngel m\u00fcssen binnen f\u00fcnf Tagen nach Entdeckung oder nachdem diese vern\u00fcnftigerweise h\u00e4tten entdeckt werden k\u00f6nnen, per Einschreiben an uns gemeldet werden unter Androhung des Verfalls und unter der Voraussetzung, dass die Handelsware nicht bearbeitet oder ver\u00e4ndert wurde.<\/p>\n<p>Sobald die gelieferten Materialien vor Meldung eines etwaigen Mangels verarbeitet wurden, gilt der Mangel als durch den K\u00e4ufer akzeptiert. Unsere Haftung ist v\u00f6llig ausgeschlossen, wenn der Schaden durch sowohl einen Mangel im Produkt als durch die Schuld der gesch\u00e4digten Partei oder einer Person, f\u00fcr die diese verantwortlich ist, verursacht wurde.<\/p>\n<p><strong>9. R\u00dcCKSENDUNGEN:<\/strong><br \/>\nMaterialien m\u00fcssen unbesch\u00e4digt vor Ablauf der Haltbarkeitsfrist oder h\u00f6chstens 3 Monate nach Empfang und in der urspr\u00fcnglichen Verpackung unter der Bedingung einer \u00fcblichen Lagerung und eines \u00fcblichen Transports zur\u00fcckgesandt werden. R\u00fccksendungen sind nur nach vorheriger R\u00fccksprache und Genehmigung der Verkaufsabteilung von IKO und mit Angabe der Nummer des R\u00fccksendungsscheins m\u00f6glich. Ohne Genehmigung der R\u00fccknahme wird die R\u00fccksendung verweigert oder nicht angenommen.<\/p>\n<p>F\u00fcr die R\u00fccknahme werden 85 % + \u20ac150 der urspr\u00fcnglichen Rechnungssumme in Abzug gebracht.<\/p>\n<p><strong>10. ZAHLUNGEN:<\/strong><br \/>\nSoweit nicht anders bestimmt, gelten alle genannten Betr\u00e4ge stets in Euro und ohne MwSt., sowie jedwede Steuern oder Abgaben, die beh\u00f6rdlicherseits auferlegt werden k\u00f6nnen. Alle Rechnungen sind binnen 30 Tagen nach Rechnungsdatum oder fr\u00fcher, wenn das Kreditlimit \u00fcberschritten ist und sofern keine andere Frist vereinbart wurde, an unserem Sitz zahlbar. Bei verz\u00f6gerter Zahlung ist von Rechts wegen und ohne dass hierzu eine vorherige \u201eInverzugsetzung\u201c erforderlich ist, eine vertragliche Pauschalentsch\u00e4digung in H\u00f6he von 10% der Rechnungssumme, mindestens aber \u20ac 150,00 Euro geschuldet, vorbehaltlich des Beweises eines gr\u00f6\u00dferen Schadens, wie auch Verzugszinsen zum Zinssatz entsprechend dem Gesetz vom 02.08.2002 zur Bek\u00e4mpfung von Zahlungsverzug im Gesch\u00e4ftsverkehr (BS 7. August 2002). Im Fall verz\u00f6gerter Zahlung sind wird berechtigt, alle laufenden Bestellungen oder Verk\u00e4ufe oder noch durchzuf\u00fchrenden Lieferungen, Dienste oder sonstigen Leistungen aufzuschieben oder zu stornieren. Auch werden in diesem Fall alle Rechnungen unmittelbar f\u00e4llig.<\/p>\n<p><strong>11. EIGENTUMSVORBEHALT:<\/strong><br \/>\nJedes bei uns bestellte oder von uns verkaufte oder gelieferte Gut bleibt unser ausschlie\u00dfliches Eigentum bis zur vollst\u00e4ndigen Zahlung und Erf\u00fcllung aller aus diesem Vertrag hervorgehenden Verpflichtungen. Die Gefahr der verkauften G\u00fcter wird aber entsprechend Art. 4 \u00fcbertragen. Bis dahin ist der Kunde nicht befugt, f\u00fcr welches Gut auch immer, ohne unsere vorherige Zustimmung an Dritte zu liefern, zu ver\u00e4u\u00dfern, zu verpf\u00e4nden oder hierauf irgendwelches andere Recht zu begr\u00fcnden. Ist der Kunde in Verzug oder besteht begr\u00fcndete Furcht, dass er in Verzug geraten wird, sind wir berechtigt, die bestellten, verkauften oder gelieferten G\u00fcter beim Kunden oder bei jedweder Drittperson, die das Gut innehat \u2013 ohne gerichtliches Eingreifen \u2013 wegholen zu lassen. Der Kunde wird hierbei voll mitwirken, in Ermangelung dessen uns von ihm eine Pauschalentsch\u00e4digung von 5% pro Tag des vom Kunden geschuldeten Betrages mit Wirkung ab dem Tag, an dem die Meldung erfolgt ist, geschuldet sein wird.<\/p>\n<p><strong>12. BEENDIGUNG:<\/strong><br \/>\nGer\u00e4t die Zahlungsf\u00e4higkeit einer der Parteien in Gefahr, wie unter anderem wenn an einem Teil oder der Gesamtheit der G\u00fcter dieser Partei eine Sicherungs- oder eine Vollstreckungspf\u00e4ndung durchgef\u00fchrt wird, beantragt die Partei Zahlungsaufschub oder hat sie diesen bekommen, ist sie offenkundig zahlungsunf\u00e4hig oder hat sie die Zahlungen eingestellt, hat die Widerpartei jederzeit das Recht, entweder Zahlungsgarantien oder andere Sicherheiten zu fordern. Die Partei, die die Garantie oder die Sicherheit fordert, hat, wenn die andere Partei hier\u00fcber in Verzug bleibt, das Recht, ohne weitere Mahnung oder \u201eInverzugsetzung\u201c den Vertrag ab sofort und von Rechts wegen einseitig per Einschreiben zu l\u00f6sen oder auszusetzen. IKO hat jederzeit das Recht, jede Lieferung einzustellen, wenn der Kreditversicherer seine Deckung f\u00fcr den Kunden widerruft, in welchem Fall der Vertrag zwischen den Parteien als gel\u00f6st betrachtet werden kann.<\/p>\n<p><strong>13. GERICHTSSTAND:<\/strong><br \/>\nF\u00fcr alle Streitsachen, die sogar indirekt mit irgendwelchem Vertrag zwischen IKO und dem Kunden im Zusammenhang stehen, sind die Bonner Gerichte und Gerichtsh\u00f6fe zust\u00e4ndig. Das deutsche Recht findet stets Anwendung. Die Parteien vereinbaren den Ausschluss des Wiener Kaufrechts\u00fcbereinkommens.<\/p>\n            <\/div>\n        <\/div>\n    <\/div><\/div>","protected":false},"excerpt":{"rendered":"","protected":false},"author":1,"featured_media":0,"parent":0,"menu_order":0,"comment_status":"closed","ping_status":"closed","template":"","meta":{"_acf_changed":false,"footnotes":""},"taxonomy_divisions":[],"class_list":["post-35790","page","type-page","status-publish","hentry"],"acf":[],"yoast_head":"<!-- This site is optimized with the Yoast SEO plugin v27.3 - https:\/\/yoast.com\/product\/yoast-seo-wordpress\/ -->\n<title>IKO - Allgemeine Verkaufs- und Lieferbedingungen<\/title>\n<meta name=\"description\" content=\"Hier finden Sie die Allgemeinen Verkaufs- und Lieferbedingungen der IKO Insulations.\" \/>\n<meta name=\"robots\" content=\"index, follow, max-snippet:-1, max-image-preview:large, max-video-preview:-1\" \/>\n<link rel=\"canonical\" href=\"https:\/\/eu.iko.com\/de\/allgemeine-verkaufs-und-lieferbedingungen-iko\/\" \/>\n<meta property=\"og:locale\" content=\"de_DE\" \/>\n<meta property=\"og:type\" content=\"article\" \/>\n<meta property=\"og:title\" content=\"IKO - Allgemeine Verkaufs- und Lieferbedingungen\" \/>\n<meta property=\"og:description\" content=\"Hier finden Sie die Allgemeinen Verkaufs- und Lieferbedingungen der IKO Insulations.\" \/>\n<meta property=\"og:url\" content=\"https:\/\/eu.iko.com\/de\/allgemeine-verkaufs-und-lieferbedingungen-iko\/\" \/>\n<meta property=\"og:site_name\" content=\"IKO\" \/>\n<meta property=\"article:publisher\" content=\"https:\/\/www.facebook.com\/IKOwaterproofingandinsulation\/\" \/>\n<meta property=\"article:modified_time\" content=\"2026-01-22T13:28:42+00:00\" \/>\n<meta property=\"og:image\" content=\"https:\/\/eu.iko.com\/wp-content\/uploads\/2024\/03\/emailheader.jpg\" \/>\n\t<meta property=\"og:image:width\" content=\"600\" \/>\n\t<meta property=\"og:image:height\" content=\"200\" \/>\n\t<meta property=\"og:image:type\" content=\"image\/jpeg\" \/>\n<meta name=\"twitter:card\" content=\"summary_large_image\" \/>\n<script type=\"application\/ld+json\" class=\"yoast-schema-graph\">{\"@context\":\"https:\\\/\\\/schema.org\",\"@graph\":[{\"@type\":\"WebPage\",\"@id\":\"https:\\\/\\\/eu.iko.com\\\/de\\\/allgemeine-verkaufs-und-lieferbedingungen-iko\\\/\",\"url\":\"https:\\\/\\\/eu.iko.com\\\/de\\\/allgemeine-verkaufs-und-lieferbedingungen-iko\\\/\",\"name\":\"IKO - Allgemeine Verkaufs- und Lieferbedingungen\",\"isPartOf\":{\"@id\":\"https:\\\/\\\/eu.iko.com\\\/de\\\/#website\"},\"datePublished\":\"2023-02-10T12:28:27+00:00\",\"dateModified\":\"2026-01-22T13:28:42+00:00\",\"description\":\"Hier finden Sie die Allgemeinen Verkaufs- und Lieferbedingungen der IKO Insulations.\",\"breadcrumb\":{\"@id\":\"https:\\\/\\\/eu.iko.com\\\/de\\\/allgemeine-verkaufs-und-lieferbedingungen-iko\\\/#breadcrumb\"},\"inLanguage\":\"de\",\"potentialAction\":[{\"@type\":\"ReadAction\",\"target\":[\"https:\\\/\\\/eu.iko.com\\\/de\\\/allgemeine-verkaufs-und-lieferbedingungen-iko\\\/\"]}]},{\"@type\":\"BreadcrumbList\",\"@id\":\"https:\\\/\\\/eu.iko.com\\\/de\\\/allgemeine-verkaufs-und-lieferbedingungen-iko\\\/#breadcrumb\",\"itemListElement\":[{\"@type\":\"ListItem\",\"position\":1,\"name\":\"Home\",\"item\":\"https:\\\/\\\/eu.iko.com\\\/de\\\/\"},{\"@type\":\"ListItem\",\"position\":2,\"name\":\"Allgemeine Verkaufs- und Lieferbedingungen IKO\"}]},{\"@type\":\"WebSite\",\"@id\":\"https:\\\/\\\/eu.iko.com\\\/de\\\/#website\",\"url\":\"https:\\\/\\\/eu.iko.com\\\/de\\\/\",\"name\":\"IKO Waterproofing & Insulation\",\"description\":\"Dakdichting, waterdichting en isolatie\",\"publisher\":{\"@id\":\"https:\\\/\\\/eu.iko.com\\\/de\\\/#organization\"},\"potentialAction\":[{\"@type\":\"SearchAction\",\"target\":{\"@type\":\"EntryPoint\",\"urlTemplate\":\"https:\\\/\\\/eu.iko.com\\\/de\\\/?s={search_term_string}\"},\"query-input\":{\"@type\":\"PropertyValueSpecification\",\"valueRequired\":true,\"valueName\":\"search_term_string\"}}],\"inLanguage\":\"de\"},{\"@type\":\"Organization\",\"@id\":\"https:\\\/\\\/eu.iko.com\\\/de\\\/#organization\",\"name\":\"IKO Waterproofing & Insulation\",\"url\":\"https:\\\/\\\/eu.iko.com\\\/de\\\/\",\"logo\":{\"@type\":\"ImageObject\",\"inLanguage\":\"de\",\"@id\":\"https:\\\/\\\/eu.iko.com\\\/de\\\/#\\\/schema\\\/logo\\\/image\\\/\",\"url\":\"https:\\\/\\\/eu.iko.com\\\/wp-content\\\/uploads\\\/2024\\\/03\\\/emailheader.jpg\",\"contentUrl\":\"https:\\\/\\\/eu.iko.com\\\/wp-content\\\/uploads\\\/2024\\\/03\\\/emailheader.jpg\",\"width\":600,\"height\":200,\"caption\":\"IKO Waterproofing & Insulation\"},\"image\":{\"@id\":\"https:\\\/\\\/eu.iko.com\\\/de\\\/#\\\/schema\\\/logo\\\/image\\\/\"},\"sameAs\":[\"https:\\\/\\\/www.facebook.com\\\/IKOwaterproofingandinsulation\\\/\",\"https:\\\/\\\/www.linkedin.com\\\/company\\\/iko-waterproofingandinsulation\\\/\",\"https:\\\/\\\/www.instagram.com\\\/iko_waterproofing_insulation\\\/\",\"https:\\\/\\\/www.youtube.com\\\/channel\\\/UCb6EjYDrbNjJJM0EeZHQHcg\"]}]}<\/script>\n<!-- \/ Yoast SEO plugin. -->","yoast_head_json":{"title":"IKO - Allgemeine Verkaufs- und Lieferbedingungen","description":"Hier finden Sie die Allgemeinen Verkaufs- und Lieferbedingungen der IKO Insulations.","robots":{"index":"index","follow":"follow","max-snippet":"max-snippet:-1","max-image-preview":"max-image-preview:large","max-video-preview":"max-video-preview:-1"},"canonical":"https:\/\/eu.iko.com\/de\/allgemeine-verkaufs-und-lieferbedingungen-iko\/","og_locale":"de_DE","og_type":"article","og_title":"IKO - Allgemeine Verkaufs- und Lieferbedingungen","og_description":"Hier finden Sie die Allgemeinen Verkaufs- und Lieferbedingungen der IKO Insulations.","og_url":"https:\/\/eu.iko.com\/de\/allgemeine-verkaufs-und-lieferbedingungen-iko\/","og_site_name":"IKO","article_publisher":"https:\/\/www.facebook.com\/IKOwaterproofingandinsulation\/","article_modified_time":"2026-01-22T13:28:42+00:00","og_image":[{"width":600,"height":200,"url":"https:\/\/eu.iko.com\/wp-content\/uploads\/2024\/03\/emailheader.jpg","type":"image\/jpeg"}],"twitter_card":"summary_large_image","schema":{"@context":"https:\/\/schema.org","@graph":[{"@type":"WebPage","@id":"https:\/\/eu.iko.com\/de\/allgemeine-verkaufs-und-lieferbedingungen-iko\/","url":"https:\/\/eu.iko.com\/de\/allgemeine-verkaufs-und-lieferbedingungen-iko\/","name":"IKO - Allgemeine Verkaufs- und Lieferbedingungen","isPartOf":{"@id":"https:\/\/eu.iko.com\/de\/#website"},"datePublished":"2023-02-10T12:28:27+00:00","dateModified":"2026-01-22T13:28:42+00:00","description":"Hier finden Sie die Allgemeinen Verkaufs- und Lieferbedingungen der IKO Insulations.","breadcrumb":{"@id":"https:\/\/eu.iko.com\/de\/allgemeine-verkaufs-und-lieferbedingungen-iko\/#breadcrumb"},"inLanguage":"de","potentialAction":[{"@type":"ReadAction","target":["https:\/\/eu.iko.com\/de\/allgemeine-verkaufs-und-lieferbedingungen-iko\/"]}]},{"@type":"BreadcrumbList","@id":"https:\/\/eu.iko.com\/de\/allgemeine-verkaufs-und-lieferbedingungen-iko\/#breadcrumb","itemListElement":[{"@type":"ListItem","position":1,"name":"Home","item":"https:\/\/eu.iko.com\/de\/"},{"@type":"ListItem","position":2,"name":"Allgemeine Verkaufs- und Lieferbedingungen IKO"}]},{"@type":"WebSite","@id":"https:\/\/eu.iko.com\/de\/#website","url":"https:\/\/eu.iko.com\/de\/","name":"IKO Waterproofing & Insulation","description":"Dakdichting, waterdichting en isolatie","publisher":{"@id":"https:\/\/eu.iko.com\/de\/#organization"},"potentialAction":[{"@type":"SearchAction","target":{"@type":"EntryPoint","urlTemplate":"https:\/\/eu.iko.com\/de\/?s={search_term_string}"},"query-input":{"@type":"PropertyValueSpecification","valueRequired":true,"valueName":"search_term_string"}}],"inLanguage":"de"},{"@type":"Organization","@id":"https:\/\/eu.iko.com\/de\/#organization","name":"IKO Waterproofing & Insulation","url":"https:\/\/eu.iko.com\/de\/","logo":{"@type":"ImageObject","inLanguage":"de","@id":"https:\/\/eu.iko.com\/de\/#\/schema\/logo\/image\/","url":"https:\/\/eu.iko.com\/wp-content\/uploads\/2024\/03\/emailheader.jpg","contentUrl":"https:\/\/eu.iko.com\/wp-content\/uploads\/2024\/03\/emailheader.jpg","width":600,"height":200,"caption":"IKO Waterproofing & Insulation"},"image":{"@id":"https:\/\/eu.iko.com\/de\/#\/schema\/logo\/image\/"},"sameAs":["https:\/\/www.facebook.com\/IKOwaterproofingandinsulation\/","https:\/\/www.linkedin.com\/company\/iko-waterproofingandinsulation\/","https:\/\/www.instagram.com\/iko_waterproofing_insulation\/","https:\/\/www.youtube.com\/channel\/UCb6EjYDrbNjJJM0EeZHQHcg"]}]}},"_links":{"self":[{"href":"https:\/\/eu.iko.com\/de\/wp-json\/wp\/v2\/pages\/35790","targetHints":{"allow":["GET"]}}],"collection":[{"href":"https:\/\/eu.iko.com\/de\/wp-json\/wp\/v2\/pages"}],"about":[{"href":"https:\/\/eu.iko.com\/de\/wp-json\/wp\/v2\/types\/page"}],"author":[{"embeddable":true,"href":"https:\/\/eu.iko.com\/de\/wp-json\/wp\/v2\/users\/1"}],"replies":[{"embeddable":true,"href":"https:\/\/eu.iko.com\/de\/wp-json\/wp\/v2\/comments?post=35790"}],"version-history":[{"count":3,"href":"https:\/\/eu.iko.com\/de\/wp-json\/wp\/v2\/pages\/35790\/revisions"}],"predecessor-version":[{"id":93349,"href":"https:\/\/eu.iko.com\/de\/wp-json\/wp\/v2\/pages\/35790\/revisions\/93349"}],"wp:attachment":[{"href":"https:\/\/eu.iko.com\/de\/wp-json\/wp\/v2\/media?parent=35790"}],"wp:term":[{"taxonomy":"taxonomy_divisions","embeddable":true,"href":"https:\/\/eu.iko.com\/de\/wp-json\/wp\/v2\/taxonomy_divisions?post=35790"}],"curies":[{"name":"wp","href":"https:\/\/api.w.org\/{rel}","templated":true}]}}