{"id":67557,"date":"2024-02-27T12:59:53","date_gmt":"2024-02-27T12:59:53","guid":{"rendered":"https:\/\/iko.website-in-progress.be\/about-iko\/onze-visie-op-brandveiligheid\/"},"modified":"2024-11-26T10:44:50","modified_gmt":"2024-11-26T10:44:50","slug":"unsere-vision-von-brandschutz","status":"publish","type":"page","link":"https:\/\/eu.iko.com\/de\/about-iko\/unsere-vision-von-brandschutz\/","title":{"rendered":"Unsere Vision von Brandschutz"},"content":{"rendered":"<section class=\"block block-image-text  pb-40 pb-md-50 pb-lg-60 \" id=\"block_2194ede1f9154701ba9fd364d532dc88\">\n    <div class=\"container image_text_left\">\n        <div class=\"row align-items-center\">\n            <div class=\"col-12 col-sm-6 block-image-text__text  py-20 py-md-30 py-lg-40\" data-aos=\"fade-up\">\n                <h2 class=\"mb-40\">Unsere Vision von <span>Brandschutz<\/span><\/h2>\n                <p><strong>IKO legt gro\u00dfen Wert auf die sichere und vorschriftsm\u00e4\u00dfige Verwendung seiner D\u00e4mmstoffprodukte in den vorgesehenen Bauanwendungen. Mit dieser Beilage m\u00f6chten wir Sie als Planer, Bauherrn oder Unternehmer \u00fcber eine korrekte Bewertung der Brandsicherheit von D\u00e4mmstoffanwendungen beraten.<\/strong><\/p>\n<p>&nbsp;<\/p>\n<h3 class=\"vc_custom_heading\">1. Brandschutz erfordert einen ganzheitlichen Ansatz<\/h3>\n<p>Neben der Geb\u00e4udekonzeption bestimmen viele weitere Faktoren (darunter technische Anlage, Geb\u00e4udemanagement, Evakuierungsplanung usw.) die endg\u00fcltige Brandsicherheit. Wir verweisen diesbez\u00fcglich auf den B.I.O.-Rahmen der Modern Building Alliance.<\/p>\n<p>Weitere Informationen \u00fcber den ganzheitlichen Brandschutzansatz finden Sie auf\u00a0<a href=\"http:\/\/www.modernbuildingalliance.eu\/\" target=\"_blank\" rel=\"noopener noreferrer\">www.modernbuildingalliance.eu<\/a>.<\/p>\n                <div class=\"mx-n10\">\n                                            <a href=\"http:\/\/www.modernbuildingalliance.eu\/\" target=\"_blank\" class=\"btn btn-dark mt-20 mx-10\">\n                            www.modernbuildingalliance.eu  \n                            <i class=\"fas fa-plus fa-xs border border-sm rounded-circle p-1 ml-2\"><\/i>\n                        <\/a>\n                                                        <\/div>\n            <\/div>\n            <div class=\"col-12 col-sm-6 text-center block-image-text__image   \" data-aos=\"fade-up\">\n                <img decoding=\"async\" src=\"https:\/\/eu.iko.com\/wp-content\/uploads\/2024\/02\/brandveiligheid.png\" alt=\"\" class=\"img-fluid h-100\">\n            <\/div>\n        <\/div>\n    <\/div>\n<\/section>\n\n\n\n<div class=\"wp-block-jetpack-layout-grid alignfull bg-light pt-80 pb-40 column1-desktop-grid__span-4 column1-desktop-grid__row-1 column2-desktop-grid__span-4 column2-desktop-grid__start-5 column2-desktop-grid__row-1 column3-desktop-grid__span-4 column3-desktop-grid__start-9 column3-desktop-grid__row-1 column1-tablet-grid__span-4 column1-tablet-grid__row-1 column2-tablet-grid__span-4 column2-tablet-grid__start-5 column2-tablet-grid__row-1 column3-tablet-grid__span-8 column3-tablet-grid__row-2 column1-mobile-grid__span-4 column1-mobile-grid__row-1 column2-mobile-grid__span-4 column2-mobile-grid__row-2 column3-mobile-grid__span-4 column3-mobile-grid__row-3\">\n<div class=\"wp-block-jetpack-layout-grid-column wp-block-jetpack-layout-grid__padding-none\">\n<section class=\"block-icon text-left \" data-aos=\"fade-up\" id=\"block_1e69854f28f67b3e347a09ebf5d3a1d9\">\n        \n        <img decoding=\"async\" src=\"https:\/\/eu.iko.com\/wp-content\/uploads\/2024\/02\/brandveiligheid-icon-3.png\" alt=\"\" class=\"img-fluid mb-20\">\n        <div class=\"mb-20\">\n        <h3 class=\"mt-15 mb-20\">2. Eine Bewertung auf Produktebene ist unzureichend<\/h3>\n        <p>Das Brandverhalten dieses D\u00e4mmstoffs ist kein Ma\u00df f\u00fcr die endg\u00fcltige Brandsicherheit der Gesamtkonstruktion oder des Geb\u00e4udes. Neben dem Brandverhalten des D\u00e4mmstoffs wird die Brandsicherheit auch durch andere Bauprodukte im System und deren Eigenschaften (Brandverhalten, Feuerbest\u00e4ndigkeit, Vorhandensein von Luftzwischenr\u00e4umen und Fugen usw.) bestimmt.<\/p>\n    <\/div>\n<\/section><\/div>\n\n\n\n<div class=\"wp-block-jetpack-layout-grid-column wp-block-jetpack-layout-grid__padding-none\">\n<section class=\"block-icon text-left \" data-aos=\"fade-up\" id=\"block_a7862341b09bb93dfbe24dfed830e5dc\">\n        \n        <img decoding=\"async\" src=\"https:\/\/eu.iko.com\/wp-content\/uploads\/2024\/02\/brandveiligheid-icon-1.png\" alt=\"\" class=\"img-fluid mb-20\">\n        <div class=\"mb-20\">\n        <h3 class=\"mt-15 mb-20\">3. Konsultation und Einhaltung der aktuellen Brandschutzvor-schriften sind wesentlich<\/h3>\n        <p>Die auf dem technischen Datenblatt angegebenen Anwendungsbereiche m\u00fcssen vom Kunden validiert werden. Konsultieren Sie immer die aktuellen (Brandschutz-)Vorschriften, um eine korrekte und konforme Verwendung des D\u00e4mmstoffs zu gew\u00e4hrleisten. Die erforderlichen Eigenschaften auf Produkt- und\/oder Systemebene werden unter anderem durch die Art der Anwendung, die Geb\u00e4udeh\u00f6he, die Geb\u00e4ude- oder Raumfunktion und die Art der Geb\u00e4udenutzung bestimmt.<\/p>\n    <\/div>\n<\/section><\/div>\n\n\n\n<div class=\"wp-block-jetpack-layout-grid-column wp-block-jetpack-layout-grid__padding-none\">\n<section class=\"block-icon text-left \" data-aos=\"fade-up\" id=\"block_c1f08b456206692c5f469baabeb02a86\">\n        \n        <img decoding=\"async\" src=\"https:\/\/eu.iko.com\/wp-content\/uploads\/2024\/02\/brandveiligheid-icon-2.png\" alt=\"\" class=\"img-fluid mb-20\">\n        <div class=\"mb-20\">\n        <h3 class=\"mt-15 mb-20\">4. Grundlage f\u00fcr das Brandverhalten sind die vorgelegten Pr\u00fcfberichte<\/h3>\n        <p>Die D\u00e4mmprodukte m\u00fcssen entsprechend den Anwendungsbedingungen aus dem Pr\u00fcfbericht unter Ber\u00fccksichtigung der f\u00fcr den vorgesehenen Anwendungsbereich und die gesamte Konstruktion geltenden Brandschutzanforderungen eingebaut werden. Die verf\u00fcgbaren Pr\u00fcfberichte erhalten Sie auf Anfrage von Ihrem IKO-Berater.<\/p>\n    <\/div>\n<\/section><\/div>\n<\/div>\n\n\n<div class=\"block block-cta text-left\" id=\"block_9ed12270339b2561f71375f921a437b0\">\n    <div class=\"block-cta__background\" style=\"background-image: url(https:\/\/eu.iko.com\/wp-content\/uploads\/2024\/02\/banner-iko-enertherm.jpeg);\">\n        <div class=\"   block-cta__overlay\">\n            <div class=\"block-cta__container py-60 py-lg-80 pl-20 pl-md-60 pl-md-40\">\n                <div class=\"row align-items-center\">\n                    <div class=\"col-12 col-lg-8\">\n                                                    <h2 class=\"text-white\" data-aos=\"fade-up\">Bei Fragen zu dieser Beilage wenden Sie sich an Ihren IKO-Berater.<\/h2>\n                        \n                                            <\/div>\n                                            <div class=\"col-12 col-lg-4 mt-2 mt-lg-0 text-lg-right\" data-aos=\"fade-up\">\n                            <a href=\"https:\/\/eu.iko.com\/de\/kontakt\/\" class=\"btn btn-primary\" target=\"\">\n                                Kontaktiere uns  \n                                <i class=\"fas fa-plus fa-xs border border-sm rounded-circle p-1 ml-2\"><\/i>\n                            <\/a>\n                        <\/div>\n                                    <\/div>\n            <\/div>\n        <\/div>\n    <\/div>\n<\/div>\n\n\n<div class=\"block block-editor pt-40 pt-md-60 pt-lg-80 pt-xl-90 pb-40 pb-md-60 pb-lg-80 pb-xl-90 \" id=\"block_4556efab2412ceeb1d3f092bdd102b84\">\n    <div class=\"container\">        <div class=\"row\">\n            <div class=\"col-12\" data-aos=\"fade-up\">\n                <div class=\"container\">\n<div class=\"row\">\n<div class=\"col-xs-12\">\n<article class=\"post-34964 page type-page status-publish hentry\">\n<div class=\"page-content\">\n<div class=\"vc_row wpb_row vc_row-fluid\">\n<div class=\"wpb_column vc_column_container vc_col-sm-12\">\n<div class=\"vc_column-inner\">\n<div class=\"wpb_wrapper\">\n<div class=\"wpb_text_column wpb_content_element \">\n<div class=\"wpb_wrapper\">\n<div class=\"container\">\n<div class=\"row\">\n<div class=\"col-xs-12\">\n<article class=\"post-34762 page type-page status-publish hentry\">\n<div class=\"page-content\">\n<div class=\"vc_row wpb_row vc_row-fluid\">\n<div class=\"wpb_column vc_column_container vc_col-sm-12\">\n<div class=\"vc_column-inner\">\n<div class=\"wpb_wrapper\">\n<div class=\"wpb_text_column wpb_content_element \">\n<div class=\"wpb_wrapper\">\n<p>Die IKO-Gruppe, worunter die NV IKO, die BV IKO und die IKO Insulations BV in ihrer Gesamtheit und jede f\u00fcr sich zu verstehen sind, hat keinerlei Ergebnisverpflichtung in Bezug auf die Angabe des Anwendungsgebiets. Diese Informationen beeintr\u00e4chtigen zu keinem Zeitpunkt die Haftung der IKO-Gruppe.<\/p>\n<\/div>\n<\/div>\n<\/div>\n<\/div>\n<\/div>\n<\/div>\n<\/div>\n<\/article>\n<\/div>\n<\/div>\n<\/div>\n<\/div>\n<\/div>\n<\/div>\n<\/div>\n<\/div>\n<\/div>\n<\/div>\n<\/article>\n<\/div>\n<\/div>\n<\/div>\n            <\/div>\n        <\/div>\n    <\/div><\/div>","protected":false},"excerpt":{"rendered":"","protected":false},"author":1,"featured_media":0,"parent":29265,"menu_order":0,"comment_status":"closed","ping_status":"closed","template":"","meta":{"_acf_changed":false,"footnotes":""},"taxonomy_divisions":[],"class_list":["post-67557","page","type-page","status-publish","hentry"],"acf":[],"yoast_head":"<!-- This site is optimized with the Yoast SEO plugin v27.3 - https:\/\/yoast.com\/product\/yoast-seo-wordpress\/ -->\n<title>Unsere Vision von Brandschutz | IKO<\/title>\n<meta name=\"description\" content=\"IKO legt gro\u00dfen Wert auf die sichere und vorschriftsm\u00e4\u00dfige Verwendung seiner D\u00e4mmstoffprodukte in den vorgesehenen Bauanwendungen.\" \/>\n<meta name=\"robots\" content=\"index, follow, max-snippet:-1, max-image-preview:large, max-video-preview:-1\" \/>\n<link rel=\"canonical\" href=\"https:\/\/eu.iko.com\/de\/about-iko\/unsere-vision-von-brandschutz\/\" \/>\n<meta property=\"og:locale\" content=\"de_DE\" \/>\n<meta property=\"og:type\" content=\"article\" \/>\n<meta property=\"og:title\" content=\"Unsere Vision von Brandschutz | IKO\" \/>\n<meta property=\"og:description\" content=\"IKO legt gro\u00dfen Wert auf die sichere und vorschriftsm\u00e4\u00dfige Verwendung seiner D\u00e4mmstoffprodukte in den vorgesehenen Bauanwendungen.\" \/>\n<meta property=\"og:url\" content=\"https:\/\/eu.iko.com\/de\/about-iko\/unsere-vision-von-brandschutz\/\" \/>\n<meta property=\"og:site_name\" content=\"IKO\" \/>\n<meta property=\"article:publisher\" content=\"https:\/\/www.facebook.com\/IKOwaterproofingandinsulation\/\" \/>\n<meta property=\"article:modified_time\" content=\"2024-11-26T10:44:50+00:00\" \/>\n<meta property=\"og:image\" content=\"https:\/\/eu.iko.com\/wp-content\/uploads\/2024\/03\/emailheader.jpg\" \/>\n\t<meta property=\"og:image:width\" content=\"600\" \/>\n\t<meta property=\"og:image:height\" content=\"200\" \/>\n\t<meta property=\"og:image:type\" content=\"image\/jpeg\" \/>\n<meta name=\"twitter:card\" content=\"summary_large_image\" \/>\n<script type=\"application\/ld+json\" class=\"yoast-schema-graph\">{\"@context\":\"https:\\\/\\\/schema.org\",\"@graph\":[{\"@type\":\"WebPage\",\"@id\":\"https:\\\/\\\/eu.iko.com\\\/de\\\/about-iko\\\/unsere-vision-von-brandschutz\\\/\",\"url\":\"https:\\\/\\\/eu.iko.com\\\/de\\\/about-iko\\\/unsere-vision-von-brandschutz\\\/\",\"name\":\"Unsere Vision von Brandschutz | IKO\",\"isPartOf\":{\"@id\":\"https:\\\/\\\/eu.iko.com\\\/de\\\/#website\"},\"datePublished\":\"2024-02-27T12:59:53+00:00\",\"dateModified\":\"2024-11-26T10:44:50+00:00\",\"description\":\"IKO legt gro\u00dfen Wert auf die sichere und vorschriftsm\u00e4\u00dfige Verwendung seiner D\u00e4mmstoffprodukte in den vorgesehenen Bauanwendungen.\",\"breadcrumb\":{\"@id\":\"https:\\\/\\\/eu.iko.com\\\/de\\\/about-iko\\\/unsere-vision-von-brandschutz\\\/#breadcrumb\"},\"inLanguage\":\"de\",\"potentialAction\":[{\"@type\":\"ReadAction\",\"target\":[\"https:\\\/\\\/eu.iko.com\\\/de\\\/about-iko\\\/unsere-vision-von-brandschutz\\\/\"]}]},{\"@type\":\"BreadcrumbList\",\"@id\":\"https:\\\/\\\/eu.iko.com\\\/de\\\/about-iko\\\/unsere-vision-von-brandschutz\\\/#breadcrumb\",\"itemListElement\":[{\"@type\":\"ListItem\",\"position\":1,\"name\":\"Home\",\"item\":\"https:\\\/\\\/eu.iko.com\\\/de\\\/\"},{\"@type\":\"ListItem\",\"position\":2,\"name\":\"\u00dcber IKO\",\"item\":\"https:\\\/\\\/eu.iko.com\\\/de\\\/about-iko\\\/\"},{\"@type\":\"ListItem\",\"position\":3,\"name\":\"Unsere Vision von Brandschutz\"}]},{\"@type\":\"WebSite\",\"@id\":\"https:\\\/\\\/eu.iko.com\\\/de\\\/#website\",\"url\":\"https:\\\/\\\/eu.iko.com\\\/de\\\/\",\"name\":\"IKO Waterproofing & Insulation\",\"description\":\"Dakdichting, waterdichting en isolatie\",\"publisher\":{\"@id\":\"https:\\\/\\\/eu.iko.com\\\/de\\\/#organization\"},\"potentialAction\":[{\"@type\":\"SearchAction\",\"target\":{\"@type\":\"EntryPoint\",\"urlTemplate\":\"https:\\\/\\\/eu.iko.com\\\/de\\\/?s={search_term_string}\"},\"query-input\":{\"@type\":\"PropertyValueSpecification\",\"valueRequired\":true,\"valueName\":\"search_term_string\"}}],\"inLanguage\":\"de\"},{\"@type\":\"Organization\",\"@id\":\"https:\\\/\\\/eu.iko.com\\\/de\\\/#organization\",\"name\":\"IKO Waterproofing & Insulation\",\"url\":\"https:\\\/\\\/eu.iko.com\\\/de\\\/\",\"logo\":{\"@type\":\"ImageObject\",\"inLanguage\":\"de\",\"@id\":\"https:\\\/\\\/eu.iko.com\\\/de\\\/#\\\/schema\\\/logo\\\/image\\\/\",\"url\":\"https:\\\/\\\/eu.iko.com\\\/wp-content\\\/uploads\\\/2024\\\/03\\\/emailheader.jpg\",\"contentUrl\":\"https:\\\/\\\/eu.iko.com\\\/wp-content\\\/uploads\\\/2024\\\/03\\\/emailheader.jpg\",\"width\":600,\"height\":200,\"caption\":\"IKO Waterproofing & Insulation\"},\"image\":{\"@id\":\"https:\\\/\\\/eu.iko.com\\\/de\\\/#\\\/schema\\\/logo\\\/image\\\/\"},\"sameAs\":[\"https:\\\/\\\/www.facebook.com\\\/IKOwaterproofingandinsulation\\\/\",\"https:\\\/\\\/www.linkedin.com\\\/company\\\/iko-waterproofingandinsulation\\\/\",\"https:\\\/\\\/www.instagram.com\\\/iko_waterproofing_insulation\\\/\",\"https:\\\/\\\/www.youtube.com\\\/channel\\\/UCb6EjYDrbNjJJM0EeZHQHcg\"]}]}<\/script>\n<!-- \/ Yoast SEO plugin. -->","yoast_head_json":{"title":"Unsere Vision von Brandschutz | IKO","description":"IKO legt gro\u00dfen Wert auf die sichere und vorschriftsm\u00e4\u00dfige Verwendung seiner D\u00e4mmstoffprodukte in den vorgesehenen Bauanwendungen.","robots":{"index":"index","follow":"follow","max-snippet":"max-snippet:-1","max-image-preview":"max-image-preview:large","max-video-preview":"max-video-preview:-1"},"canonical":"https:\/\/eu.iko.com\/de\/about-iko\/unsere-vision-von-brandschutz\/","og_locale":"de_DE","og_type":"article","og_title":"Unsere Vision von Brandschutz | IKO","og_description":"IKO legt gro\u00dfen Wert auf die sichere und vorschriftsm\u00e4\u00dfige Verwendung seiner D\u00e4mmstoffprodukte in den vorgesehenen Bauanwendungen.","og_url":"https:\/\/eu.iko.com\/de\/about-iko\/unsere-vision-von-brandschutz\/","og_site_name":"IKO","article_publisher":"https:\/\/www.facebook.com\/IKOwaterproofingandinsulation\/","article_modified_time":"2024-11-26T10:44:50+00:00","og_image":[{"width":600,"height":200,"url":"https:\/\/eu.iko.com\/wp-content\/uploads\/2024\/03\/emailheader.jpg","type":"image\/jpeg"}],"twitter_card":"summary_large_image","schema":{"@context":"https:\/\/schema.org","@graph":[{"@type":"WebPage","@id":"https:\/\/eu.iko.com\/de\/about-iko\/unsere-vision-von-brandschutz\/","url":"https:\/\/eu.iko.com\/de\/about-iko\/unsere-vision-von-brandschutz\/","name":"Unsere Vision von Brandschutz | IKO","isPartOf":{"@id":"https:\/\/eu.iko.com\/de\/#website"},"datePublished":"2024-02-27T12:59:53+00:00","dateModified":"2024-11-26T10:44:50+00:00","description":"IKO legt gro\u00dfen Wert auf die sichere und vorschriftsm\u00e4\u00dfige Verwendung seiner D\u00e4mmstoffprodukte in den vorgesehenen Bauanwendungen.","breadcrumb":{"@id":"https:\/\/eu.iko.com\/de\/about-iko\/unsere-vision-von-brandschutz\/#breadcrumb"},"inLanguage":"de","potentialAction":[{"@type":"ReadAction","target":["https:\/\/eu.iko.com\/de\/about-iko\/unsere-vision-von-brandschutz\/"]}]},{"@type":"BreadcrumbList","@id":"https:\/\/eu.iko.com\/de\/about-iko\/unsere-vision-von-brandschutz\/#breadcrumb","itemListElement":[{"@type":"ListItem","position":1,"name":"Home","item":"https:\/\/eu.iko.com\/de\/"},{"@type":"ListItem","position":2,"name":"\u00dcber IKO","item":"https:\/\/eu.iko.com\/de\/about-iko\/"},{"@type":"ListItem","position":3,"name":"Unsere Vision von Brandschutz"}]},{"@type":"WebSite","@id":"https:\/\/eu.iko.com\/de\/#website","url":"https:\/\/eu.iko.com\/de\/","name":"IKO Waterproofing & Insulation","description":"Dakdichting, waterdichting en isolatie","publisher":{"@id":"https:\/\/eu.iko.com\/de\/#organization"},"potentialAction":[{"@type":"SearchAction","target":{"@type":"EntryPoint","urlTemplate":"https:\/\/eu.iko.com\/de\/?s={search_term_string}"},"query-input":{"@type":"PropertyValueSpecification","valueRequired":true,"valueName":"search_term_string"}}],"inLanguage":"de"},{"@type":"Organization","@id":"https:\/\/eu.iko.com\/de\/#organization","name":"IKO Waterproofing & Insulation","url":"https:\/\/eu.iko.com\/de\/","logo":{"@type":"ImageObject","inLanguage":"de","@id":"https:\/\/eu.iko.com\/de\/#\/schema\/logo\/image\/","url":"https:\/\/eu.iko.com\/wp-content\/uploads\/2024\/03\/emailheader.jpg","contentUrl":"https:\/\/eu.iko.com\/wp-content\/uploads\/2024\/03\/emailheader.jpg","width":600,"height":200,"caption":"IKO Waterproofing & Insulation"},"image":{"@id":"https:\/\/eu.iko.com\/de\/#\/schema\/logo\/image\/"},"sameAs":["https:\/\/www.facebook.com\/IKOwaterproofingandinsulation\/","https:\/\/www.linkedin.com\/company\/iko-waterproofingandinsulation\/","https:\/\/www.instagram.com\/iko_waterproofing_insulation\/","https:\/\/www.youtube.com\/channel\/UCb6EjYDrbNjJJM0EeZHQHcg"]}]}},"_links":{"self":[{"href":"https:\/\/eu.iko.com\/de\/wp-json\/wp\/v2\/pages\/67557","targetHints":{"allow":["GET"]}}],"collection":[{"href":"https:\/\/eu.iko.com\/de\/wp-json\/wp\/v2\/pages"}],"about":[{"href":"https:\/\/eu.iko.com\/de\/wp-json\/wp\/v2\/types\/page"}],"author":[{"embeddable":true,"href":"https:\/\/eu.iko.com\/de\/wp-json\/wp\/v2\/users\/1"}],"replies":[{"embeddable":true,"href":"https:\/\/eu.iko.com\/de\/wp-json\/wp\/v2\/comments?post=67557"}],"version-history":[{"count":0,"href":"https:\/\/eu.iko.com\/de\/wp-json\/wp\/v2\/pages\/67557\/revisions"}],"up":[{"embeddable":true,"href":"https:\/\/eu.iko.com\/de\/wp-json\/wp\/v2\/pages\/29265"}],"wp:attachment":[{"href":"https:\/\/eu.iko.com\/de\/wp-json\/wp\/v2\/media?parent=67557"}],"wp:term":[{"taxonomy":"taxonomy_divisions","embeddable":true,"href":"https:\/\/eu.iko.com\/de\/wp-json\/wp\/v2\/taxonomy_divisions?post=67557"}],"curies":[{"name":"wp","href":"https:\/\/api.w.org\/{rel}","templated":true}]}}