{"id":28727,"date":"2023-02-10T10:39:48","date_gmt":"2023-02-10T10:39:48","guid":{"rendered":"https:\/\/iko.website-in-progress.be\/roof-systems\/oplossingen\/iko-groendaken\/"},"modified":"2023-09-14T11:31:30","modified_gmt":"2023-09-14T11:31:30","slug":"iko-green-roofs","status":"publish","type":"page","link":"https:\/\/eu.iko.com\/en\/flat-roof-systems\/solutions\/iko-green-roofs\/","title":{"rendered":"IKO green roofs"},"content":{"rendered":"\n<section class=\"block block-hero-product pt-15 pb-50 pb-md-60 pb-lg-80 pb-xl-100 \" id=\"block_64ccc3d6e8729\">\n    <div class=\"container\">\n        <div class=\"row\">\n            <div class=\"col-12\" data-aos=\"fade-up\">\n                <h1 class=\"h2 mb-40\">IKO <span>green roofs<\/span><\/h1>\n            <\/div>\n            <div class=\"col-12 col-md-6 order-2 order-md-1 pr-md-30 pr-lg-40 pr-xl-60 block-hero-product__text\" data-aos=\"fade-up\">\n                <p>A green roof adds a little something extra to your home. Green roofs are covered with a certain type of vegetation. Grasses, herbs, succulents or other vegetation are used to give the roof a beautiful green appearance. As the seasons change, so does the colour palette of the roof. If you opt for a green roof, you must choose a suitable roofing membrane so that the vegetation and the building remain protected.<\/p>\n                                                    <div class=\"d-flex flex-row flex-wrap align-items-center mt-10\">\n                                                                        <\/div>\n                                            <\/div>\n            <div class=\"col-12 col-md-6 text-center order-1 order-md-2 mb-40 mb-md-0 block-hero-product__image\" data-aos=\"fade-up\">\n                                    <img decoding=\"async\" src=\"https:\/\/eu.iko.com\/wp-content\/uploads\/2023\/02\/iko-groendaken.jpeg\" alt=\"Zwei moderne H\u00e4user mit begr\u00fcnten D\u00e4chern.\" class=\"img-fluid h-100\">\n                            <\/div>\n        <\/div>\n    <\/div>\n<\/section>\n\n\n<section class=\"block b-post-grid pt-0 pb-30 pb-md-50 pb-lg-70 pb-xl-80 \" id=\"block_63e6203482753\">\n<div class=\"container\">\n\n            <div class=\"row mb-20 mb-md-30 mb-lg-40\" data-aos=\"fade-up\">\n            <div class=\"col-12\">\n                <h2>Discover all <span>IKO products<\/span> for green roofs<\/h2>\n            <\/div>\n        <\/div>\n     \n    \n    <div class=\"row c-filter__animation_obj-wrapper c-filter__cpt_product\" data-aos=\"fade-up\">\n                    \n                            <div class=\"c-filter__animation_obj shadow d-flex flex-column c-small-product\" filterdata=\"1059 1088 77 1090 \">\n                                            <a class=\"bg-white text-dark d-flex flex-column flex-grow-1 pt-15 pt-md-20 px-15 px-lg-20\" href=\"https:\/\/eu.iko.com\/en\/product\/flat-roof-systems\/iko-carbon\/\">\n\n                                                            <h5 class=\"text-dark text-center font-weight-bolder mb-2\">\n                                    IKO carbon                                <\/h5>\n                            \n                            <\/a>\n                                                                <a class=\"min-height-1 bg-white\" href=\"https:\/\/eu.iko.com\/en\/product\/flat-roof-systems\/iko-carbon\/\">\n                            <div class=\"overflow-hidden c-small-product__image\">\n                                <img loading=\"lazy\" decoding=\"async\" width=\"85\" height=\"300\" src=\"https:\/\/eu.iko.com\/wp-content\/uploads\/2023\/01\/iko-carbon-rol.png\" class=\"c-filter__animation_obj__thumbnail w-100 img-fluid wp-post-image\" alt=\"IKO carbon\" \/>                            <\/div>\n                        <\/a>\n                                    <\/div>\n                                \n                            <div class=\"c-filter__animation_obj shadow d-flex flex-column c-small-product\" filterdata=\"1059 1088 \">\n                                            <a class=\"bg-white text-dark d-flex flex-column flex-grow-1 pt-15 pt-md-20 px-15 px-lg-20\" href=\"https:\/\/eu.iko.com\/en\/product\/flat-roof-systems\/iko-roofgarden\/\">\n\n                                                            <h5 class=\"text-dark text-center font-weight-bolder mb-2\">\n                                    IKO roofgarden                                <\/h5>\n                            \n                            <\/a>\n                                                                <a class=\"min-height-1 bg-white\" href=\"https:\/\/eu.iko.com\/en\/product\/flat-roof-systems\/iko-roofgarden\/\">\n                            <div class=\"overflow-hidden c-small-product__image\">\n                                <img loading=\"lazy\" decoding=\"async\" width=\"85\" height=\"300\" src=\"https:\/\/eu.iko.com\/wp-content\/uploads\/2023\/02\/iko-roofgarden-rol.png\" class=\"c-filter__animation_obj__thumbnail w-100 img-fluid wp-post-image\" alt=\"IKO roofgarden\" \/>                            <\/div>\n                        <\/a>\n                                    <\/div>\n                                \n                            <div class=\"c-filter__animation_obj shadow d-flex flex-column c-small-product\" filterdata=\"1059 1088 1060 \">\n                                            <a class=\"bg-white text-dark d-flex flex-column flex-grow-1 pt-15 pt-md-20 px-15 px-lg-20\" href=\"https:\/\/eu.iko.com\/en\/product\/flat-roof-systems\/iko-roofgarden-pantera\/\">\n\n                                                            <h5 class=\"text-dark text-center font-weight-bolder mb-2\">\n                                    IKO roofgarden pantera                                <\/h5>\n                            \n                            <\/a>\n                                                                <a class=\"min-height-1 bg-white\" href=\"https:\/\/eu.iko.com\/en\/product\/flat-roof-systems\/iko-roofgarden-pantera\/\">\n                            <div class=\"overflow-hidden c-small-product__image\">\n                                <img loading=\"lazy\" decoding=\"async\" width=\"95\" height=\"300\" src=\"https:\/\/eu.iko.com\/wp-content\/uploads\/2023\/08\/product-packshot-iko-roofgarden-pantera.png\" class=\"c-filter__animation_obj__thumbnail w-100 img-fluid wp-post-image\" alt=\"IKO roofgarden pantera\" \/>                            <\/div>\n                        <\/a>\n                                    <\/div>\n                        <\/div>\n\n        \n    \n<\/div>\n<\/section>","protected":false},"excerpt":{"rendered":"","protected":false},"author":1,"featured_media":4481,"parent":28724,"menu_order":0,"comment_status":"closed","ping_status":"closed","template":"","meta":{"_acf_changed":false,"footnotes":""},"taxonomy_divisions":[641],"class_list":["post-28727","page","type-page","status-publish","has-post-thumbnail","hentry","taxonomy_divisions-flat-roof-systems"],"acf":[],"yoast_head":"<!-- This site is optimized with the Yoast SEO plugin v27.3 - https:\/\/yoast.com\/product\/yoast-seo-wordpress\/ -->\n<title>IKO green roofs | IKO<\/title>\n<meta name=\"robots\" content=\"index, follow, max-snippet:-1, max-image-preview:large, max-video-preview:-1\" \/>\n<link rel=\"canonical\" href=\"https:\/\/eu.iko.com\/en\/flat-roof-systems\/solutions\/iko-green-roofs\/\" \/>\n<meta property=\"og:locale\" content=\"en_US\" \/>\n<meta property=\"og:type\" content=\"article\" \/>\n<meta property=\"og:title\" content=\"IKO green roofs | IKO\" \/>\n<meta property=\"og:url\" content=\"https:\/\/eu.iko.com\/en\/flat-roof-systems\/solutions\/iko-green-roofs\/\" \/>\n<meta property=\"og:site_name\" content=\"IKO\" \/>\n<meta property=\"article:publisher\" content=\"https:\/\/www.facebook.com\/IKOwaterproofingandinsulation\/\" \/>\n<meta property=\"article:modified_time\" content=\"2023-09-14T11:31:30+00:00\" \/>\n<meta property=\"og:image\" content=\"https:\/\/eu.iko.com\/wp-content\/uploads\/2023\/02\/iko-groendaken.jpeg\" \/>\n\t<meta property=\"og:image:width\" content=\"600\" \/>\n\t<meta property=\"og:image:height\" content=\"400\" \/>\n\t<meta property=\"og:image:type\" content=\"image\/jpeg\" \/>\n<meta name=\"twitter:card\" content=\"summary_large_image\" \/>\n<script type=\"application\/ld+json\" class=\"yoast-schema-graph\">{\"@context\":\"https:\\\/\\\/schema.org\",\"@graph\":[{\"@type\":\"WebPage\",\"@id\":\"https:\\\/\\\/eu.iko.com\\\/en\\\/flat-roof-systems\\\/solutions\\\/iko-green-roofs\\\/\",\"url\":\"https:\\\/\\\/eu.iko.com\\\/en\\\/flat-roof-systems\\\/solutions\\\/iko-green-roofs\\\/\",\"name\":\"IKO green roofs | IKO\",\"isPartOf\":{\"@id\":\"https:\\\/\\\/eu.iko.com\\\/en\\\/#website\"},\"primaryImageOfPage\":{\"@id\":\"https:\\\/\\\/eu.iko.com\\\/en\\\/flat-roof-systems\\\/solutions\\\/iko-green-roofs\\\/#primaryimage\"},\"image\":{\"@id\":\"https:\\\/\\\/eu.iko.com\\\/en\\\/flat-roof-systems\\\/solutions\\\/iko-green-roofs\\\/#primaryimage\"},\"thumbnailUrl\":\"https:\\\/\\\/eu.iko.com\\\/wp-content\\\/uploads\\\/2023\\\/02\\\/iko-groendaken.jpeg\",\"datePublished\":\"2023-02-10T10:39:48+00:00\",\"dateModified\":\"2023-09-14T11:31:30+00:00\",\"breadcrumb\":{\"@id\":\"https:\\\/\\\/eu.iko.com\\\/en\\\/flat-roof-systems\\\/solutions\\\/iko-green-roofs\\\/#breadcrumb\"},\"inLanguage\":\"en-US\",\"potentialAction\":[{\"@type\":\"ReadAction\",\"target\":[\"https:\\\/\\\/eu.iko.com\\\/en\\\/flat-roof-systems\\\/solutions\\\/iko-green-roofs\\\/\"]}]},{\"@type\":\"ImageObject\",\"inLanguage\":\"en-US\",\"@id\":\"https:\\\/\\\/eu.iko.com\\\/en\\\/flat-roof-systems\\\/solutions\\\/iko-green-roofs\\\/#primaryimage\",\"url\":\"https:\\\/\\\/eu.iko.com\\\/wp-content\\\/uploads\\\/2023\\\/02\\\/iko-groendaken.jpeg\",\"contentUrl\":\"https:\\\/\\\/eu.iko.com\\\/wp-content\\\/uploads\\\/2023\\\/02\\\/iko-groendaken.jpeg\",\"width\":600,\"height\":400,\"caption\":\"Zwei moderne H\u00e4user mit begr\u00fcnten D\u00e4chern.\"},{\"@type\":\"BreadcrumbList\",\"@id\":\"https:\\\/\\\/eu.iko.com\\\/en\\\/flat-roof-systems\\\/solutions\\\/iko-green-roofs\\\/#breadcrumb\",\"itemListElement\":[{\"@type\":\"ListItem\",\"position\":1,\"name\":\"Home\",\"item\":\"https:\\\/\\\/eu.iko.com\\\/en\\\/home\\\/\"},{\"@type\":\"ListItem\",\"position\":2,\"name\":\"Flat roof systems\",\"item\":\"https:\\\/\\\/eu.iko.com\\\/en\\\/flat-roof-systems\\\/\"},{\"@type\":\"ListItem\",\"position\":3,\"name\":\"Solutions\",\"item\":\"https:\\\/\\\/eu.iko.com\\\/en\\\/flat-roof-systems\\\/solutions\\\/\"},{\"@type\":\"ListItem\",\"position\":4,\"name\":\"IKO green roofs\"}]},{\"@type\":\"WebSite\",\"@id\":\"https:\\\/\\\/eu.iko.com\\\/en\\\/#website\",\"url\":\"https:\\\/\\\/eu.iko.com\\\/en\\\/\",\"name\":\"IKO Waterproofing & Insulation\",\"description\":\"Dakdichting, waterdichting en isolatie\",\"publisher\":{\"@id\":\"https:\\\/\\\/eu.iko.com\\\/en\\\/#organization\"},\"potentialAction\":[{\"@type\":\"SearchAction\",\"target\":{\"@type\":\"EntryPoint\",\"urlTemplate\":\"https:\\\/\\\/eu.iko.com\\\/en\\\/?s={search_term_string}\"},\"query-input\":{\"@type\":\"PropertyValueSpecification\",\"valueRequired\":true,\"valueName\":\"search_term_string\"}}],\"inLanguage\":\"en-US\"},{\"@type\":\"Organization\",\"@id\":\"https:\\\/\\\/eu.iko.com\\\/en\\\/#organization\",\"name\":\"IKO Waterproofing & Insulation\",\"url\":\"https:\\\/\\\/eu.iko.com\\\/en\\\/\",\"logo\":{\"@type\":\"ImageObject\",\"inLanguage\":\"en-US\",\"@id\":\"https:\\\/\\\/eu.iko.com\\\/en\\\/#\\\/schema\\\/logo\\\/image\\\/\",\"url\":\"https:\\\/\\\/eu.iko.com\\\/wp-content\\\/uploads\\\/2024\\\/03\\\/emailheader.jpg\",\"contentUrl\":\"https:\\\/\\\/eu.iko.com\\\/wp-content\\\/uploads\\\/2024\\\/03\\\/emailheader.jpg\",\"width\":600,\"height\":200,\"caption\":\"IKO Waterproofing & Insulation\"},\"image\":{\"@id\":\"https:\\\/\\\/eu.iko.com\\\/en\\\/#\\\/schema\\\/logo\\\/image\\\/\"},\"sameAs\":[\"https:\\\/\\\/www.facebook.com\\\/IKOwaterproofingandinsulation\\\/\",\"https:\\\/\\\/www.linkedin.com\\\/company\\\/iko-waterproofingandinsulation\\\/\",\"https:\\\/\\\/www.instagram.com\\\/iko_waterproofing_insulation\\\/\",\"https:\\\/\\\/www.youtube.com\\\/channel\\\/UCb6EjYDrbNjJJM0EeZHQHcg\"]}]}<\/script>\n<!-- \/ Yoast SEO plugin. -->","yoast_head_json":{"title":"IKO green roofs | IKO","robots":{"index":"index","follow":"follow","max-snippet":"max-snippet:-1","max-image-preview":"max-image-preview:large","max-video-preview":"max-video-preview:-1"},"canonical":"https:\/\/eu.iko.com\/en\/flat-roof-systems\/solutions\/iko-green-roofs\/","og_locale":"en_US","og_type":"article","og_title":"IKO green roofs | IKO","og_url":"https:\/\/eu.iko.com\/en\/flat-roof-systems\/solutions\/iko-green-roofs\/","og_site_name":"IKO","article_publisher":"https:\/\/www.facebook.com\/IKOwaterproofingandinsulation\/","article_modified_time":"2023-09-14T11:31:30+00:00","og_image":[{"width":600,"height":400,"url":"https:\/\/eu.iko.com\/wp-content\/uploads\/2023\/02\/iko-groendaken.jpeg","type":"image\/jpeg"}],"twitter_card":"summary_large_image","schema":{"@context":"https:\/\/schema.org","@graph":[{"@type":"WebPage","@id":"https:\/\/eu.iko.com\/en\/flat-roof-systems\/solutions\/iko-green-roofs\/","url":"https:\/\/eu.iko.com\/en\/flat-roof-systems\/solutions\/iko-green-roofs\/","name":"IKO green roofs | IKO","isPartOf":{"@id":"https:\/\/eu.iko.com\/en\/#website"},"primaryImageOfPage":{"@id":"https:\/\/eu.iko.com\/en\/flat-roof-systems\/solutions\/iko-green-roofs\/#primaryimage"},"image":{"@id":"https:\/\/eu.iko.com\/en\/flat-roof-systems\/solutions\/iko-green-roofs\/#primaryimage"},"thumbnailUrl":"https:\/\/eu.iko.com\/wp-content\/uploads\/2023\/02\/iko-groendaken.jpeg","datePublished":"2023-02-10T10:39:48+00:00","dateModified":"2023-09-14T11:31:30+00:00","breadcrumb":{"@id":"https:\/\/eu.iko.com\/en\/flat-roof-systems\/solutions\/iko-green-roofs\/#breadcrumb"},"inLanguage":"en-US","potentialAction":[{"@type":"ReadAction","target":["https:\/\/eu.iko.com\/en\/flat-roof-systems\/solutions\/iko-green-roofs\/"]}]},{"@type":"ImageObject","inLanguage":"en-US","@id":"https:\/\/eu.iko.com\/en\/flat-roof-systems\/solutions\/iko-green-roofs\/#primaryimage","url":"https:\/\/eu.iko.com\/wp-content\/uploads\/2023\/02\/iko-groendaken.jpeg","contentUrl":"https:\/\/eu.iko.com\/wp-content\/uploads\/2023\/02\/iko-groendaken.jpeg","width":600,"height":400,"caption":"Zwei moderne H\u00e4user mit begr\u00fcnten D\u00e4chern."},{"@type":"BreadcrumbList","@id":"https:\/\/eu.iko.com\/en\/flat-roof-systems\/solutions\/iko-green-roofs\/#breadcrumb","itemListElement":[{"@type":"ListItem","position":1,"name":"Home","item":"https:\/\/eu.iko.com\/en\/home\/"},{"@type":"ListItem","position":2,"name":"Flat roof systems","item":"https:\/\/eu.iko.com\/en\/flat-roof-systems\/"},{"@type":"ListItem","position":3,"name":"Solutions","item":"https:\/\/eu.iko.com\/en\/flat-roof-systems\/solutions\/"},{"@type":"ListItem","position":4,"name":"IKO green roofs"}]},{"@type":"WebSite","@id":"https:\/\/eu.iko.com\/en\/#website","url":"https:\/\/eu.iko.com\/en\/","name":"IKO Waterproofing & Insulation","description":"Dakdichting, waterdichting en isolatie","publisher":{"@id":"https:\/\/eu.iko.com\/en\/#organization"},"potentialAction":[{"@type":"SearchAction","target":{"@type":"EntryPoint","urlTemplate":"https:\/\/eu.iko.com\/en\/?s={search_term_string}"},"query-input":{"@type":"PropertyValueSpecification","valueRequired":true,"valueName":"search_term_string"}}],"inLanguage":"en-US"},{"@type":"Organization","@id":"https:\/\/eu.iko.com\/en\/#organization","name":"IKO Waterproofing & Insulation","url":"https:\/\/eu.iko.com\/en\/","logo":{"@type":"ImageObject","inLanguage":"en-US","@id":"https:\/\/eu.iko.com\/en\/#\/schema\/logo\/image\/","url":"https:\/\/eu.iko.com\/wp-content\/uploads\/2024\/03\/emailheader.jpg","contentUrl":"https:\/\/eu.iko.com\/wp-content\/uploads\/2024\/03\/emailheader.jpg","width":600,"height":200,"caption":"IKO Waterproofing & Insulation"},"image":{"@id":"https:\/\/eu.iko.com\/en\/#\/schema\/logo\/image\/"},"sameAs":["https:\/\/www.facebook.com\/IKOwaterproofingandinsulation\/","https:\/\/www.linkedin.com\/company\/iko-waterproofingandinsulation\/","https:\/\/www.instagram.com\/iko_waterproofing_insulation\/","https:\/\/www.youtube.com\/channel\/UCb6EjYDrbNjJJM0EeZHQHcg"]}]}},"_links":{"self":[{"href":"https:\/\/eu.iko.com\/en\/wp-json\/wp\/v2\/pages\/28727","targetHints":{"allow":["GET"]}}],"collection":[{"href":"https:\/\/eu.iko.com\/en\/wp-json\/wp\/v2\/pages"}],"about":[{"href":"https:\/\/eu.iko.com\/en\/wp-json\/wp\/v2\/types\/page"}],"author":[{"embeddable":true,"href":"https:\/\/eu.iko.com\/en\/wp-json\/wp\/v2\/users\/1"}],"replies":[{"embeddable":true,"href":"https:\/\/eu.iko.com\/en\/wp-json\/wp\/v2\/comments?post=28727"}],"version-history":[{"count":0,"href":"https:\/\/eu.iko.com\/en\/wp-json\/wp\/v2\/pages\/28727\/revisions"}],"up":[{"embeddable":true,"href":"https:\/\/eu.iko.com\/en\/wp-json\/wp\/v2\/pages\/28724"}],"wp:featuredmedia":[{"embeddable":true,"href":"https:\/\/eu.iko.com\/en\/wp-json\/wp\/v2\/media\/4481"}],"wp:attachment":[{"href":"https:\/\/eu.iko.com\/en\/wp-json\/wp\/v2\/media?parent=28727"}],"wp:term":[{"taxonomy":"taxonomy_divisions","embeddable":true,"href":"https:\/\/eu.iko.com\/en\/wp-json\/wp\/v2\/taxonomy_divisions?post=28727"}],"curies":[{"name":"wp","href":"https:\/\/api.w.org\/{rel}","templated":true}]}}