{"id":85867,"date":"2024-12-19T11:07:39","date_gmt":"2024-12-19T11:07:39","guid":{"rendered":"https:\/\/eu.iko.com\/?page_id=85867"},"modified":"2024-12-19T13:49:35","modified_gmt":"2024-12-19T13:49:35","slug":"nos-engagements","status":"publish","type":"page","link":"https:\/\/eu.iko.com\/fr-fr\/a-propos-diko\/nos-engagements\/","title":{"rendered":"Nos engagements"},"content":{"rendered":"<section class=\"block block-image-text  pb-40 pb-md-50 pb-lg-60  \" id=\"block_455de95afed95b7fb3c8926ee8f5520e\">\n    <div class=\"container image_text_left\">\n        <div class=\"row align-items-center\">\n            <div class=\"col-12 col-sm-6 block-image-text__text  py-20 py-md-30 py-lg-40\" data-aos=\"fade-up\">\n                <h2 class=\"mb-40\">Nos engagements pour un avenir <span>durable<\/span><\/h2>\n                <p>Conform\u00e9ment \u00e0 la loi relative \u00e0 la transition \u00e9nerg\u00e9tique pour la croissance verte, qui fixe des objectifs ambitieux pour r\u00e9duire les \u00e9missions de gaz \u00e0 effet de serre, am\u00e9liorer l&#8217;efficacit\u00e9 \u00e9nerg\u00e9tique et promouvoir les \u00e9nergies renouvelables, IKO Insulations s&#8217;engage pleinement \u00e0 soutenir cette transition. Cette l\u00e9gislation, visant \u00e0 transformer en profondeur notre mani\u00e8re de consommer et de produire de l&#8217;\u00e9nergie, guide nos actions et nos initiatives. En ligne avec ces objectifs, nous nous concentrons sur l&#8217;innovation dans nos produits d&#8217;isolation pour am\u00e9liorer leur performance \u00e9nerg\u00e9tique et r\u00e9duire leur impact environnemental.<\/p>\n<p>Nous nous engageons \u00e9galement \u00e0 minimiser notre empreinte \u00e9cologique \u00e0 travers des pratiques durables, incluant la r\u00e9duction des impressions papier et la promotion des supports digitaux. Notre d\u00e9marche est un reflet direct de notre volont\u00e9 de contribuer activement aux objectifs de la transition \u00e9nerg\u00e9tique et de construire un avenir plus durable.<\/p>\n                <div class=\"mx-n10\">\n                                                        <\/div>\n            <\/div>\n            <div class=\"col-12 col-sm-6 text-center block-image-text__image   \" data-aos=\"fade-up\">\n                <img decoding=\"async\" src=\"https:\/\/eu.iko.com\/wp-content\/uploads\/2024\/12\/iko-nos-engagements.webp\" alt=\"iko nos engagements\" class=\"img-fluid h-100\">\n            <\/div>\n        <\/div>\n    <\/div>\n<\/section>\n\n\n<div style=\"background-color: #f3f3f3;\"><section class=\"block block-image-text pt-40 pt-md-50 pt-lg-60 pb-40 pb-md-50 pb-lg-60  \" id=\"block_31ba5245a57b88e5fba60041da58680c\">\n    <div class=\"container image_text_right\">\n        <div class=\"row align-items-center\">\n            <div class=\"col-12 col-sm-6 block-image-text__text order-2 px-sm-40 py-20 py-md-30 py-lg-40\" data-aos=\"fade-up\">\n                <h2 class=\"mb-40\">Une approche environnementale responsable<\/h2>\n                <p><span style=\"font-weight: 400;\">En tant que fabricant de produits d&#8217;isolation \u00e0 haute performance, IKO Insulations Combronde s&#8217;engage activement en faveur de la durabilit\u00e9. Nos solutions contribuent \u00e0 r\u00e9duire les besoins \u00e9nerg\u00e9tiques et les \u00e9missions de CO2. Align\u00e9s avec la norme ISO 14001, nous nous concentrons sur l&#8217;am\u00e9lioration continue de notre performance environnementale, notamment en optimisant la gestion des d\u00e9chets, en r\u00e9duisant les rejets de COV, et en soutenant la recherche pour des solutions plus \u00e9cologiques. Nous impliquons nos \u00e9quipes et partenaires pour garantir un impact environnemental positif \u00e0 chaque \u00e9tape.<\/span><\/p>\n                <div class=\"mx-n10\">\n                                            <a href=\"https:\/\/eu.iko.com\/wp-content\/uploads\/2026\/03\/26-02-19_Politique-environnementale_Combronde.pdf\" target=\"_blank\" class=\"btn btn-primary mt-20 mx-10\">\n                            Politique environnementale  \n                            <i class=\"fas fa-plus fa-xs border border-sm rounded-circle p-1 ml-2\"><\/i>\n                        <\/a>\n                                                        <\/div>\n            <\/div>\n            <div class=\"col-12 col-sm-6 text-center block-image-text__image order-1  \" data-aos=\"fade-up\">\n                <img decoding=\"async\" src=\"https:\/\/eu.iko.com\/wp-content\/uploads\/2024\/12\/iso-14001.webp\" alt=\"iso 14001\" class=\"img-fluid h-100\">\n            <\/div>\n        <\/div>\n    <\/div>\n<\/section>\n<\/div>\n\n<section class=\"block block-image-text pt-40 pt-md-50 pt-lg-60 pb-40 pb-md-50 pb-lg-60  \" id=\"block_9e05866ba27411a0172550d602b122a8\">\n    <div class=\"container image_text_left\">\n        <div class=\"row align-items-center\">\n            <div class=\"col-12 col-sm-6 block-image-text__text  py-20 py-md-30 py-lg-40\" data-aos=\"fade-up\">\n                <h2 class=\"mb-40\">IKO Insulations s&#8217;engage aupr\u00e8s de Valobat pour le recyclage des d\u00e9chets<\/h2>\n                <p>L\u2019engagement de IKO Insulations envers la durabilit\u00e9 ne se limite pas \u00e0 la conception de produits de qualit\u00e9. Nous sommes fiers d\u2019annoncer notre adh\u00e9sion \u00e0 VALOBAT, un partenaire cl\u00e9 dans la gestion responsable de la fin de vie de nos produits, conform\u00e9ment \u00e0 la Responsabilit\u00e9 \u00c9largie des Producteurs (REP) dans le secteur du b\u00e2timent. Cette initiative souligne notre engagement \u00e0 minimiser l\u2019impact environnemental de nos produits \u00e0 toutes les \u00e9tapes de leur cycle de vie.<\/p>\n<p>Pour chaque acteur du secteur, notre partenariat avec VALOBAT repr\u00e9sente un avantage majeur. Il garantit que les produits que vous choisissez pour vos projets b\u00e9n\u00e9ficient d\u2019une gestion soign\u00e9e \u00e0 la fin de leur utilisation, contribuant ainsi \u00e0 r\u00e9duire les d\u00e9chets et \u00e0 favoriser une \u00e9conomie circulaire. En choisissant IKO Insulations, vous optez pour des solutions qui allient performances, durabilit\u00e9 et responsabilit\u00e9, tout en contribuant activement \u00e0 la construction d\u2019un avenir plus respectueux de la plan\u00e8te.<\/p>\n                <div class=\"mx-n10\">\n                                                        <\/div>\n            <\/div>\n            <div class=\"col-12 col-sm-6 text-center block-image-text__image   \" data-aos=\"fade-up\">\n                <img decoding=\"async\" src=\"https:\/\/eu.iko.com\/wp-content\/uploads\/2024\/12\/logo-valobat-2.webp\" alt=\"\" class=\"img-fluid h-100\">\n            <\/div>\n        <\/div>\n    <\/div>\n<\/section>\n\n\n<div style=\"background-color: #f3f3f3;\"><section class=\"block block-image-text pt-40 pt-md-50 pt-lg-60 pb-40 pb-md-50 pb-lg-60  \" id=\"block_8a7b6b263f815264decf4861de4dc770\">\n    <div class=\"container image_text_right\">\n        <div class=\"row align-items-center\">\n            <div class=\"col-12 col-sm-6 block-image-text__text order-2 px-sm-40 py-20 py-md-30 py-lg-40\" data-aos=\"fade-up\">\n                <h2 class=\"mb-40\">Limiter l\u2019impact environnemental des impressions<\/h2>\n                <p>Chez IKO Insulations, nous nous engageons fermement en faveur de la durabilit\u00e9 et du respect de l&#8217;environnement. Dans cette optique, nous limitons les impressions de brochures papier et privil\u00e9gions les supports digitaux pour un avenir plus durable. Tous nos documents sont disponibles gratuitement en ligne sur notre site, avec la possibilit\u00e9 de les t\u00e9l\u00e9charger au format PDF, facilement accessibles \u00e0 tout moment. Si vous utilisez encore des documents imprim\u00e9s, nous vous invitons \u00e0 les recycler une fois que vous n&#8217;en avez plus besoin, contribuant ainsi \u00e0 la protection de notre plan\u00e8te.<\/p>\n                <div class=\"mx-n10\">\n                                            <a href=\"https:\/\/eu.iko.com\/fr-fr\/iko-brochures\/\" target=\"\" class=\"btn btn-primary mt-20 mx-10\">\n                            D\u00e9couvrez nos brochures en format digital  \n                            <i class=\"fas fa-plus fa-xs border border-sm rounded-circle p-1 ml-2\"><\/i>\n                        <\/a>\n                                                        <\/div>\n            <\/div>\n            <div class=\"col-12 col-sm-6 text-center block-image-text__image order-1  \" data-aos=\"fade-up\">\n                <img decoding=\"async\" src=\"https:\/\/eu.iko.com\/wp-content\/uploads\/2024\/12\/mockup-iko-brochures-scaled.webp\" alt=\"\" class=\"img-fluid h-100\">\n            <\/div>\n        <\/div>\n    <\/div>\n<\/section>\n<\/div>","protected":false},"excerpt":{"rendered":"","protected":false},"author":1,"featured_media":0,"parent":51581,"menu_order":0,"comment_status":"closed","ping_status":"closed","template":"","meta":{"_acf_changed":false,"footnotes":""},"taxonomy_divisions":[],"class_list":["post-85867","page","type-page","status-publish","hentry"],"acf":[],"yoast_head":"<!-- This site is optimized with the Yoast SEO plugin v27.3 - https:\/\/yoast.com\/product\/yoast-seo-wordpress\/ -->\n<title>Nos engagements | IKO<\/title>\n<meta name=\"robots\" content=\"index, follow, max-snippet:-1, max-image-preview:large, max-video-preview:-1\" \/>\n<link rel=\"canonical\" href=\"https:\/\/eu.iko.com\/fr-fr\/a-propos-diko\/nos-engagements\/\" \/>\n<meta property=\"og:locale\" content=\"fr_FR\" \/>\n<meta property=\"og:type\" content=\"article\" \/>\n<meta property=\"og:title\" content=\"Nos engagements | IKO\" \/>\n<meta property=\"og:url\" content=\"https:\/\/eu.iko.com\/fr-fr\/a-propos-diko\/nos-engagements\/\" \/>\n<meta property=\"og:site_name\" content=\"IKO\" \/>\n<meta property=\"article:publisher\" content=\"https:\/\/www.facebook.com\/IKOwaterproofingandinsulation\/\" \/>\n<meta property=\"article:modified_time\" content=\"2024-12-19T13:49:35+00:00\" \/>\n<meta property=\"og:image\" content=\"https:\/\/eu.iko.com\/wp-content\/uploads\/2024\/03\/emailheader.jpg\" \/>\n\t<meta property=\"og:image:width\" content=\"600\" \/>\n\t<meta property=\"og:image:height\" content=\"200\" \/>\n\t<meta property=\"og:image:type\" content=\"image\/jpeg\" \/>\n<meta name=\"twitter:card\" content=\"summary_large_image\" \/>\n<script type=\"application\/ld+json\" class=\"yoast-schema-graph\">{\"@context\":\"https:\\\/\\\/schema.org\",\"@graph\":[{\"@type\":\"WebPage\",\"@id\":\"https:\\\/\\\/eu.iko.com\\\/fr-fr\\\/a-propos-diko\\\/nos-engagements\\\/\",\"url\":\"https:\\\/\\\/eu.iko.com\\\/fr-fr\\\/a-propos-diko\\\/nos-engagements\\\/\",\"name\":\"Nos engagements | IKO\",\"isPartOf\":{\"@id\":\"https:\\\/\\\/eu.iko.com\\\/fr-fr\\\/#website\"},\"datePublished\":\"2024-12-19T11:07:39+00:00\",\"dateModified\":\"2024-12-19T13:49:35+00:00\",\"breadcrumb\":{\"@id\":\"https:\\\/\\\/eu.iko.com\\\/fr-fr\\\/a-propos-diko\\\/nos-engagements\\\/#breadcrumb\"},\"inLanguage\":\"fr-FR\",\"potentialAction\":[{\"@type\":\"ReadAction\",\"target\":[\"https:\\\/\\\/eu.iko.com\\\/fr-fr\\\/a-propos-diko\\\/nos-engagements\\\/\"]}]},{\"@type\":\"BreadcrumbList\",\"@id\":\"https:\\\/\\\/eu.iko.com\\\/fr-fr\\\/a-propos-diko\\\/nos-engagements\\\/#breadcrumb\",\"itemListElement\":[{\"@type\":\"ListItem\",\"position\":1,\"name\":\"Home\",\"item\":\"https:\\\/\\\/eu.iko.com\\\/fr-fr\\\/\"},{\"@type\":\"ListItem\",\"position\":2,\"name\":\"\u00c0 propos d&#8217;IKO\",\"item\":\"https:\\\/\\\/eu.iko.com\\\/fr-fr\\\/a-propos-diko\\\/\"},{\"@type\":\"ListItem\",\"position\":3,\"name\":\"Nos engagements\"}]},{\"@type\":\"WebSite\",\"@id\":\"https:\\\/\\\/eu.iko.com\\\/fr-fr\\\/#website\",\"url\":\"https:\\\/\\\/eu.iko.com\\\/fr-fr\\\/\",\"name\":\"IKO Waterproofing & Insulation\",\"description\":\"Dakdichting, waterdichting en isolatie\",\"publisher\":{\"@id\":\"https:\\\/\\\/eu.iko.com\\\/fr-fr\\\/#organization\"},\"potentialAction\":[{\"@type\":\"SearchAction\",\"target\":{\"@type\":\"EntryPoint\",\"urlTemplate\":\"https:\\\/\\\/eu.iko.com\\\/fr-fr\\\/?s={search_term_string}\"},\"query-input\":{\"@type\":\"PropertyValueSpecification\",\"valueRequired\":true,\"valueName\":\"search_term_string\"}}],\"inLanguage\":\"fr-FR\"},{\"@type\":\"Organization\",\"@id\":\"https:\\\/\\\/eu.iko.com\\\/fr-fr\\\/#organization\",\"name\":\"IKO Waterproofing & Insulation\",\"url\":\"https:\\\/\\\/eu.iko.com\\\/fr-fr\\\/\",\"logo\":{\"@type\":\"ImageObject\",\"inLanguage\":\"fr-FR\",\"@id\":\"https:\\\/\\\/eu.iko.com\\\/fr-fr\\\/#\\\/schema\\\/logo\\\/image\\\/\",\"url\":\"https:\\\/\\\/eu.iko.com\\\/wp-content\\\/uploads\\\/2024\\\/03\\\/emailheader.jpg\",\"contentUrl\":\"https:\\\/\\\/eu.iko.com\\\/wp-content\\\/uploads\\\/2024\\\/03\\\/emailheader.jpg\",\"width\":600,\"height\":200,\"caption\":\"IKO Waterproofing & Insulation\"},\"image\":{\"@id\":\"https:\\\/\\\/eu.iko.com\\\/fr-fr\\\/#\\\/schema\\\/logo\\\/image\\\/\"},\"sameAs\":[\"https:\\\/\\\/www.facebook.com\\\/IKOwaterproofingandinsulation\\\/\",\"https:\\\/\\\/www.linkedin.com\\\/company\\\/iko-waterproofingandinsulation\\\/\",\"https:\\\/\\\/www.instagram.com\\\/iko_waterproofing_insulation\\\/\",\"https:\\\/\\\/www.youtube.com\\\/channel\\\/UCb6EjYDrbNjJJM0EeZHQHcg\"]}]}<\/script>\n<!-- \/ Yoast SEO plugin. -->","yoast_head_json":{"title":"Nos engagements | IKO","robots":{"index":"index","follow":"follow","max-snippet":"max-snippet:-1","max-image-preview":"max-image-preview:large","max-video-preview":"max-video-preview:-1"},"canonical":"https:\/\/eu.iko.com\/fr-fr\/a-propos-diko\/nos-engagements\/","og_locale":"fr_FR","og_type":"article","og_title":"Nos engagements | IKO","og_url":"https:\/\/eu.iko.com\/fr-fr\/a-propos-diko\/nos-engagements\/","og_site_name":"IKO","article_publisher":"https:\/\/www.facebook.com\/IKOwaterproofingandinsulation\/","article_modified_time":"2024-12-19T13:49:35+00:00","og_image":[{"width":600,"height":200,"url":"https:\/\/eu.iko.com\/wp-content\/uploads\/2024\/03\/emailheader.jpg","type":"image\/jpeg"}],"twitter_card":"summary_large_image","schema":{"@context":"https:\/\/schema.org","@graph":[{"@type":"WebPage","@id":"https:\/\/eu.iko.com\/fr-fr\/a-propos-diko\/nos-engagements\/","url":"https:\/\/eu.iko.com\/fr-fr\/a-propos-diko\/nos-engagements\/","name":"Nos engagements | IKO","isPartOf":{"@id":"https:\/\/eu.iko.com\/fr-fr\/#website"},"datePublished":"2024-12-19T11:07:39+00:00","dateModified":"2024-12-19T13:49:35+00:00","breadcrumb":{"@id":"https:\/\/eu.iko.com\/fr-fr\/a-propos-diko\/nos-engagements\/#breadcrumb"},"inLanguage":"fr-FR","potentialAction":[{"@type":"ReadAction","target":["https:\/\/eu.iko.com\/fr-fr\/a-propos-diko\/nos-engagements\/"]}]},{"@type":"BreadcrumbList","@id":"https:\/\/eu.iko.com\/fr-fr\/a-propos-diko\/nos-engagements\/#breadcrumb","itemListElement":[{"@type":"ListItem","position":1,"name":"Home","item":"https:\/\/eu.iko.com\/fr-fr\/"},{"@type":"ListItem","position":2,"name":"\u00c0 propos d&#8217;IKO","item":"https:\/\/eu.iko.com\/fr-fr\/a-propos-diko\/"},{"@type":"ListItem","position":3,"name":"Nos engagements"}]},{"@type":"WebSite","@id":"https:\/\/eu.iko.com\/fr-fr\/#website","url":"https:\/\/eu.iko.com\/fr-fr\/","name":"IKO Waterproofing & Insulation","description":"Dakdichting, waterdichting en isolatie","publisher":{"@id":"https:\/\/eu.iko.com\/fr-fr\/#organization"},"potentialAction":[{"@type":"SearchAction","target":{"@type":"EntryPoint","urlTemplate":"https:\/\/eu.iko.com\/fr-fr\/?s={search_term_string}"},"query-input":{"@type":"PropertyValueSpecification","valueRequired":true,"valueName":"search_term_string"}}],"inLanguage":"fr-FR"},{"@type":"Organization","@id":"https:\/\/eu.iko.com\/fr-fr\/#organization","name":"IKO Waterproofing & Insulation","url":"https:\/\/eu.iko.com\/fr-fr\/","logo":{"@type":"ImageObject","inLanguage":"fr-FR","@id":"https:\/\/eu.iko.com\/fr-fr\/#\/schema\/logo\/image\/","url":"https:\/\/eu.iko.com\/wp-content\/uploads\/2024\/03\/emailheader.jpg","contentUrl":"https:\/\/eu.iko.com\/wp-content\/uploads\/2024\/03\/emailheader.jpg","width":600,"height":200,"caption":"IKO Waterproofing & Insulation"},"image":{"@id":"https:\/\/eu.iko.com\/fr-fr\/#\/schema\/logo\/image\/"},"sameAs":["https:\/\/www.facebook.com\/IKOwaterproofingandinsulation\/","https:\/\/www.linkedin.com\/company\/iko-waterproofingandinsulation\/","https:\/\/www.instagram.com\/iko_waterproofing_insulation\/","https:\/\/www.youtube.com\/channel\/UCb6EjYDrbNjJJM0EeZHQHcg"]}]}},"_links":{"self":[{"href":"https:\/\/eu.iko.com\/fr-fr\/wp-json\/wp\/v2\/pages\/85867","targetHints":{"allow":["GET"]}}],"collection":[{"href":"https:\/\/eu.iko.com\/fr-fr\/wp-json\/wp\/v2\/pages"}],"about":[{"href":"https:\/\/eu.iko.com\/fr-fr\/wp-json\/wp\/v2\/types\/page"}],"author":[{"embeddable":true,"href":"https:\/\/eu.iko.com\/fr-fr\/wp-json\/wp\/v2\/users\/1"}],"replies":[{"embeddable":true,"href":"https:\/\/eu.iko.com\/fr-fr\/wp-json\/wp\/v2\/comments?post=85867"}],"version-history":[{"count":0,"href":"https:\/\/eu.iko.com\/fr-fr\/wp-json\/wp\/v2\/pages\/85867\/revisions"}],"up":[{"embeddable":true,"href":"https:\/\/eu.iko.com\/fr-fr\/wp-json\/wp\/v2\/pages\/51581"}],"wp:attachment":[{"href":"https:\/\/eu.iko.com\/fr-fr\/wp-json\/wp\/v2\/media?parent=85867"}],"wp:term":[{"taxonomy":"taxonomy_divisions","embeddable":true,"href":"https:\/\/eu.iko.com\/fr-fr\/wp-json\/wp\/v2\/taxonomy_divisions?post=85867"}],"curies":[{"name":"wp","href":"https:\/\/api.w.org\/{rel}","templated":true}]}}