{"id":19382,"date":"2023-01-13T07:47:06","date_gmt":"2023-01-13T07:47:06","guid":{"rendered":"https:\/\/iko.website-in-progress.be\/over-iko\/"},"modified":"2024-10-15T14:46:16","modified_gmt":"2024-10-15T14:46:16","slug":"about-iko","status":"publish","type":"page","link":"https:\/\/eu.iko.com\/fr\/about-iko\/","title":{"rendered":"About IKO"},"content":{"rendered":"<section class=\"block block-image-text  pb-40 pb-md-50 pb-lg-60  \" id=\"block_7b73f11697ecb31e1b2b5695808e203b\">\n    <div class=\"container image_text_left\">\n        <div class=\"row align-items-center\">\n            <div class=\"col-12 col-sm-6 block-image-text__text  py-20 py-md-30 py-lg-40\" data-aos=\"fade-up\">\n                <h2 class=\"mb-40\">\u00c0 propos d&#8217;<span>IKO<\/span><\/h2>\n                <p>IKO est l\u2019un des principal fabricant de mat\u00e9riaux de toiture, d\u2019isolation et de solutions d\u2019\u00e9tanch\u00e9it\u00e9 liquides. Depuis 2000, l&#8217;ancienne soci\u00e9t\u00e9 Atab fait partie du groupe canadien IKO.<\/p>\n<p>Avec plus de 35 usines et 4000 collaborateurs dans le monde, IKO est un acteur de classe mondiale dans ce segment de march\u00e9.<\/p>\n<p>IKO se distingue \u00e9galement, en tant qu\u2019entreprise familiale, par ses lignes de communication courtes et ses prises de d\u00e9cisions rapides qui se traduisent par une entreprise agile et puissante.<\/p>\n                <div class=\"mx-n10\">\n                                                        <\/div>\n            <\/div>\n            <div class=\"col-12 col-sm-6 text-center block-image-text__image   \" data-aos=\"fade-up\">\n                <img decoding=\"async\" src=\"https:\/\/eu.iko.com\/wp-content\/uploads\/2023\/02\/over-iko-algemeen.jpeg\" alt=\"\" class=\"img-fluid h-100\">\n            <\/div>\n        <\/div>\n    <\/div>\n<\/section>\n\n\n\n<section class=\"block-icons pt-0 pb-20 pb-md-40 pb-lg-60 pb-xl-80 \" data-aos=\"fade-up\" id=\"block_ef2f61dc9f6a8ca3317410ca939d846f\">\n<div class=\"container\">        <div class=\"row\">\n                                            <div class=\"col-6 col-md-4 mb-30\" data-aos=\"fade-up\">\n                                            <div class=\"d-flex flex-column align-items-center bg-white h-100 p-20 py-lg-30 px-lg-40 block-icons__single\">\n                                                                                <div class=\"min-height-1\">\n                                    <div class=\"overflow-hidden\">\n                                        <img loading=\"lazy\" decoding=\"async\" width=\"300\" height=\"300\" src=\"https:\/\/eu.iko.com\/wp-content\/uploads\/2023\/02\/100-jaar-ervaring.png\" class=\"block-icons__single-image w-100 img-fluid\" alt=\"\" srcset=\"https:\/\/eu.iko.com\/wp-content\/uploads\/2023\/02\/100-jaar-ervaring.png 300w, https:\/\/eu.iko.com\/wp-content\/uploads\/2023\/02\/100-jaar-ervaring-200x200.png 200w, https:\/\/eu.iko.com\/wp-content\/uploads\/2023\/02\/100-jaar-ervaring-290x290.png 290w\" sizes=\"auto, (max-width: 300px) 100vw, 300px\" \/>                                    <\/div>\n                                <\/div>\n                                                        <div class=\"flex-grow-1 text-primary text-center mt-15 mt-lg-20 block-icons__single-text\">110 ans d&#8217;exp\u00e9rience<\/div>\n                                            <\/div>\n                                    <\/div>\n                                            <div class=\"col-6 col-md-4 mb-30\" data-aos=\"fade-up\">\n                                            <div class=\"d-flex flex-column align-items-center bg-white h-100 p-20 py-lg-30 px-lg-40 block-icons__single\">\n                                                                                <div class=\"min-height-1\">\n                                    <div class=\"overflow-hidden\">\n                                        <img loading=\"lazy\" decoding=\"async\" width=\"300\" height=\"300\" src=\"https:\/\/eu.iko.com\/wp-content\/uploads\/2023\/02\/30-fabrieken-wereldwijd.png\" class=\"block-icons__single-image w-100 img-fluid\" alt=\"\" srcset=\"https:\/\/eu.iko.com\/wp-content\/uploads\/2023\/02\/30-fabrieken-wereldwijd.png 300w, https:\/\/eu.iko.com\/wp-content\/uploads\/2023\/02\/30-fabrieken-wereldwijd-200x200.png 200w, https:\/\/eu.iko.com\/wp-content\/uploads\/2023\/02\/30-fabrieken-wereldwijd-290x290.png 290w\" sizes=\"auto, (max-width: 300px) 100vw, 300px\" \/>                                    <\/div>\n                                <\/div>\n                                                        <div class=\"flex-grow-1 text-primary text-center mt-15 mt-lg-20 block-icons__single-text\">35 usines dans le monde<\/div>\n                                            <\/div>\n                                    <\/div>\n                                            <div class=\"col-6 col-md-4 mb-30\" data-aos=\"fade-up\">\n                                            <div class=\"d-flex flex-column align-items-center bg-white h-100 p-20 py-lg-30 px-lg-40 block-icons__single\">\n                                                                                <div class=\"min-height-1\">\n                                    <div class=\"overflow-hidden\">\n                                        <img loading=\"lazy\" decoding=\"async\" width=\"300\" height=\"300\" src=\"https:\/\/eu.iko.com\/wp-content\/uploads\/2023\/02\/4500-werknemers.png\" class=\"block-icons__single-image w-100 img-fluid\" alt=\"\" srcset=\"https:\/\/eu.iko.com\/wp-content\/uploads\/2023\/02\/4500-werknemers.png 300w, https:\/\/eu.iko.com\/wp-content\/uploads\/2023\/02\/4500-werknemers-200x200.png 200w, https:\/\/eu.iko.com\/wp-content\/uploads\/2023\/02\/4500-werknemers-290x290.png 290w\" sizes=\"auto, (max-width: 300px) 100vw, 300px\" \/>                                    <\/div>\n                                <\/div>\n                                                        <div class=\"flex-grow-1 text-primary text-center mt-15 mt-lg-20 block-icons__single-text\">4000 collaborateurs<\/div>\n                                            <\/div>\n                                    <\/div>\n                                <\/div>\n    <\/div><\/section>\n\n    <div class=\"pt-15 pb-40 pb-md-60 pb-lg-80 pb-xl-90 \" id=\"block_9b7159a02f54a5b8c872a77f5f8f287b\">\n        <div class=\"container\">            <div class=\"block block-heading text-left\" data-aos=\"fade-up\">\n                <h3 class=\"h2 text-dark mb-0\"><span>L\u2019\u00e9tanch\u00e9it\u00e9<\/span> IKO pr\u00e8s de chez vous &#8230;<\/h3>\n            <\/div>\n        <\/div>\n    <\/div>\n\n\n<div class=\"wp-block-jetpack-layout-grid pb-50 column1-desktop-grid__span-4 column1-desktop-grid__row-1 column2-desktop-grid__span-4 column2-desktop-grid__start-5 column2-desktop-grid__row-1 column3-desktop-grid__span-4 column3-desktop-grid__start-9 column3-desktop-grid__row-1 column1-tablet-grid__span-4 column1-tablet-grid__row-1 column2-tablet-grid__span-4 column2-tablet-grid__start-5 column2-tablet-grid__row-1 column3-tablet-grid__span-8 column3-tablet-grid__row-2 column1-mobile-grid__span-4 column1-mobile-grid__row-1 column2-mobile-grid__span-4 column2-mobile-grid__row-2 column3-mobile-grid__span-4 column3-mobile-grid__row-3 wp-block-jetpack-layout-gutter__nowrap wp-block-jetpack-layout-gutter__huge\">\n<div class=\"wp-block-jetpack-layout-grid-column wp-block-jetpack-layout-grid__padding-none\">\n<section class=\"block-icon text-left \" data-aos=\"fade-up\" id=\"block_41b57ff0ff8b2a2da0e920bcf4a98f1b\">\n        \n        <img decoding=\"async\" src=\"https:\/\/eu.iko.com\/wp-content\/uploads\/2023\/05\/over-iko-3.png\" alt=\"\" class=\"img-fluid mb-20\">\n        <div class=\"mb-20\">\n        <h3 class=\"mt-15 mb-20\">L\u2019\u00e9tanch\u00e9it\u00e9 IKO \u00e0 Anvers et partout dans le monde<\/h3>\n        <p>Notre usine de bitume, \u00e9quip\u00e9e des derni\u00e8res technologies, est implant\u00e9e sur les rives de l\u2019Escaut. Cela nous permet d\u2019acheminer les mati\u00e8res premi\u00e8res par bateau. Notre empreinte CO2 s\u2019en trouve r\u00e9duite. De m\u00eame, les produits que nous exportons vers plus de 70 pays voyagent par la voie maritime. La Su\u00e8de, la Finlande, l\u2019Islande, les \u00c9mirats, Madagascar, le Maroc, \u2026 aucun climat ne nous est \u00e9tranger. Dans le monde entier, nos syst\u00e8mes d\u2019\u00e9tanch\u00e9it\u00e9 et d\u2019isolation sont int\u00e9gr\u00e9s dans divers projets de nouvelle construction et de r\u00e9novation.<\/p>\n    <\/div>\n<\/section><\/div>\n\n\n\n<div class=\"wp-block-jetpack-layout-grid-column wp-block-jetpack-layout-grid__padding-none\">\n<section class=\"block-icon text-left \" data-aos=\"fade-up\" id=\"block_f312cdf3f5ae6d2e6451a48d3d10b055\">\n        \n        <img decoding=\"async\" src=\"https:\/\/eu.iko.com\/wp-content\/uploads\/2023\/05\/over-iko-1.png\" alt=\"\" class=\"img-fluid mb-20\">\n        <div class=\"mb-20\">\n        <h3 class=\"mt-15 mb-20\">L\u2019\u00e9tanch\u00e9it\u00e9 pr\u00e8s de chez vous pour relever les d\u00e9fis climatiques et autres d\u2019aujourd\u2019hui et de demain<\/h3>\n        <p>Le si\u00e8ge principal europ\u00e9en d\u2019IKO et le centre R&amp;D du groupe se situent \u00e0 Anvers. Forts de notre savoir-faire et de notre exp\u00e9rience en \u00e9tanch\u00e9it\u00e9 de toiture, isolation et syst\u00e8mes d\u2019\u00e9tanch\u00e9it\u00e9 liquide, nous d\u00e9veloppons et produisons des solutions totales qui r\u00e9pondent \u00e0 des crit\u00e8res de durabilit\u00e9 et de sobri\u00e9t\u00e9 \u00e9nerg\u00e9tique de plus en plus stricts. Le r\u00e9sultat concret ? Nos solutions pour toitures circulaires IKO Atelia. Les membranes de toiture Atelia sont fabriqu\u00e9es \u00e0 partir de r\u00e9sidus de bitume recycl\u00e9s. Il en r\u00e9sulte une r\u00e9duction spectaculaire des mati\u00e8res premi\u00e8res primaires et des d\u00e9chets de construction.<\/p>\n    <\/div>\n<\/section><\/div>\n\n\n\n<div class=\"wp-block-jetpack-layout-grid-column wp-block-jetpack-layout-grid__padding-none\">\n<section class=\"block-icon text-left \" data-aos=\"fade-up\" id=\"block_3818052aa74faa8319ab2ca30f35f945\">\n        \n        <img decoding=\"async\" src=\"https:\/\/eu.iko.com\/wp-content\/uploads\/2023\/05\/over-iko-2.png\" alt=\"\" class=\"img-fluid mb-20\">\n        <div class=\"mb-20\">\n        <h3 class=\"mt-15 mb-20\">L\u2019\u00e9tanch\u00e9it\u00e9 pr\u00e8s de chez vous gr\u00e2ce \u00e0 nos plus de 110 ans d\u2019exp\u00e9rience<\/h3>\n        <p>Nous occupons entre-temps la premi\u00e8re place dans notre branche depuis plus de 110 ans. Depuis 1911, IKO dispose d\u2019une solution sur mesure, pour les b\u00e2timents tant industriels que priv\u00e9s. Outre la production de membranes de toiture bitumineuses, IKO fabrique aussi des panneaux d\u2019isolation de haute qualit\u00e9, des produits d\u2019\u00e9tanch\u00e9it\u00e9 liquides et des accessoires d\u2019\u00e9tanch\u00e9it\u00e9 \u00e0 l\u2019eau compl\u00e9mentaires tels que des primers et des colles.<\/p>\n    <\/div>\n<\/section><\/div>\n<\/div>\n","protected":false},"excerpt":{"rendered":"","protected":false},"author":1,"featured_media":0,"parent":0,"menu_order":0,"comment_status":"closed","ping_status":"closed","template":"","meta":{"_acf_changed":false,"footnotes":""},"taxonomy_divisions":[],"class_list":["post-19382","page","type-page","status-publish","hentry"],"acf":[],"yoast_head":"<!-- This site is optimized with the Yoast SEO plugin v27.3 - https:\/\/yoast.com\/product\/yoast-seo-wordpress\/ -->\n<title>About IKO | IKO<\/title>\n<meta name=\"robots\" content=\"index, follow, max-snippet:-1, max-image-preview:large, max-video-preview:-1\" \/>\n<link rel=\"canonical\" href=\"https:\/\/eu.iko.com\/fr\/about-iko\/\" \/>\n<meta property=\"og:locale\" content=\"fr_FR\" \/>\n<meta property=\"og:type\" content=\"article\" \/>\n<meta property=\"og:title\" content=\"About IKO | IKO\" \/>\n<meta property=\"og:url\" content=\"https:\/\/eu.iko.com\/fr\/about-iko\/\" \/>\n<meta property=\"og:site_name\" content=\"IKO\" \/>\n<meta property=\"article:publisher\" content=\"https:\/\/www.facebook.com\/IKOwaterproofingandinsulation\/\" \/>\n<meta property=\"article:modified_time\" content=\"2024-10-15T14:46:16+00:00\" \/>\n<meta property=\"og:image\" content=\"https:\/\/eu.iko.com\/wp-content\/uploads\/2024\/03\/emailheader.jpg\" \/>\n\t<meta property=\"og:image:width\" content=\"600\" \/>\n\t<meta property=\"og:image:height\" content=\"200\" \/>\n\t<meta property=\"og:image:type\" content=\"image\/jpeg\" \/>\n<meta name=\"twitter:card\" content=\"summary_large_image\" \/>\n<script type=\"application\/ld+json\" class=\"yoast-schema-graph\">{\"@context\":\"https:\\\/\\\/schema.org\",\"@graph\":[{\"@type\":\"WebPage\",\"@id\":\"https:\\\/\\\/eu.iko.com\\\/fr\\\/about-iko\\\/\",\"url\":\"https:\\\/\\\/eu.iko.com\\\/fr\\\/about-iko\\\/\",\"name\":\"About IKO | IKO\",\"isPartOf\":{\"@id\":\"https:\\\/\\\/eu.iko.com\\\/fr\\\/#website\"},\"datePublished\":\"2023-01-13T07:47:06+00:00\",\"dateModified\":\"2024-10-15T14:46:16+00:00\",\"breadcrumb\":{\"@id\":\"https:\\\/\\\/eu.iko.com\\\/fr\\\/about-iko\\\/#breadcrumb\"},\"inLanguage\":\"fr-BE\",\"potentialAction\":[{\"@type\":\"ReadAction\",\"target\":[\"https:\\\/\\\/eu.iko.com\\\/fr\\\/about-iko\\\/\"]}]},{\"@type\":\"BreadcrumbList\",\"@id\":\"https:\\\/\\\/eu.iko.com\\\/fr\\\/about-iko\\\/#breadcrumb\",\"itemListElement\":[{\"@type\":\"ListItem\",\"position\":1,\"name\":\"Home\",\"item\":\"https:\\\/\\\/eu.iko.com\\\/fr\\\/\"},{\"@type\":\"ListItem\",\"position\":2,\"name\":\"About IKO\"}]},{\"@type\":\"WebSite\",\"@id\":\"https:\\\/\\\/eu.iko.com\\\/fr\\\/#website\",\"url\":\"https:\\\/\\\/eu.iko.com\\\/fr\\\/\",\"name\":\"IKO Waterproofing & Insulation\",\"description\":\"Dakdichting, waterdichting en isolatie\",\"publisher\":{\"@id\":\"https:\\\/\\\/eu.iko.com\\\/fr\\\/#organization\"},\"potentialAction\":[{\"@type\":\"SearchAction\",\"target\":{\"@type\":\"EntryPoint\",\"urlTemplate\":\"https:\\\/\\\/eu.iko.com\\\/fr\\\/?s={search_term_string}\"},\"query-input\":{\"@type\":\"PropertyValueSpecification\",\"valueRequired\":true,\"valueName\":\"search_term_string\"}}],\"inLanguage\":\"fr-BE\"},{\"@type\":\"Organization\",\"@id\":\"https:\\\/\\\/eu.iko.com\\\/fr\\\/#organization\",\"name\":\"IKO Waterproofing & Insulation\",\"url\":\"https:\\\/\\\/eu.iko.com\\\/fr\\\/\",\"logo\":{\"@type\":\"ImageObject\",\"inLanguage\":\"fr-BE\",\"@id\":\"https:\\\/\\\/eu.iko.com\\\/fr\\\/#\\\/schema\\\/logo\\\/image\\\/\",\"url\":\"https:\\\/\\\/eu.iko.com\\\/wp-content\\\/uploads\\\/2024\\\/03\\\/emailheader.jpg\",\"contentUrl\":\"https:\\\/\\\/eu.iko.com\\\/wp-content\\\/uploads\\\/2024\\\/03\\\/emailheader.jpg\",\"width\":600,\"height\":200,\"caption\":\"IKO Waterproofing & Insulation\"},\"image\":{\"@id\":\"https:\\\/\\\/eu.iko.com\\\/fr\\\/#\\\/schema\\\/logo\\\/image\\\/\"},\"sameAs\":[\"https:\\\/\\\/www.facebook.com\\\/IKOwaterproofingandinsulation\\\/\",\"https:\\\/\\\/www.linkedin.com\\\/company\\\/iko-waterproofingandinsulation\\\/\",\"https:\\\/\\\/www.instagram.com\\\/iko_waterproofing_insulation\\\/\",\"https:\\\/\\\/www.youtube.com\\\/channel\\\/UCb6EjYDrbNjJJM0EeZHQHcg\"]}]}<\/script>\n<!-- \/ Yoast SEO plugin. -->","yoast_head_json":{"title":"About IKO | IKO","robots":{"index":"index","follow":"follow","max-snippet":"max-snippet:-1","max-image-preview":"max-image-preview:large","max-video-preview":"max-video-preview:-1"},"canonical":"https:\/\/eu.iko.com\/fr\/about-iko\/","og_locale":"fr_FR","og_type":"article","og_title":"About IKO | IKO","og_url":"https:\/\/eu.iko.com\/fr\/about-iko\/","og_site_name":"IKO","article_publisher":"https:\/\/www.facebook.com\/IKOwaterproofingandinsulation\/","article_modified_time":"2024-10-15T14:46:16+00:00","og_image":[{"width":600,"height":200,"url":"https:\/\/eu.iko.com\/wp-content\/uploads\/2024\/03\/emailheader.jpg","type":"image\/jpeg"}],"twitter_card":"summary_large_image","schema":{"@context":"https:\/\/schema.org","@graph":[{"@type":"WebPage","@id":"https:\/\/eu.iko.com\/fr\/about-iko\/","url":"https:\/\/eu.iko.com\/fr\/about-iko\/","name":"About IKO | IKO","isPartOf":{"@id":"https:\/\/eu.iko.com\/fr\/#website"},"datePublished":"2023-01-13T07:47:06+00:00","dateModified":"2024-10-15T14:46:16+00:00","breadcrumb":{"@id":"https:\/\/eu.iko.com\/fr\/about-iko\/#breadcrumb"},"inLanguage":"fr-BE","potentialAction":[{"@type":"ReadAction","target":["https:\/\/eu.iko.com\/fr\/about-iko\/"]}]},{"@type":"BreadcrumbList","@id":"https:\/\/eu.iko.com\/fr\/about-iko\/#breadcrumb","itemListElement":[{"@type":"ListItem","position":1,"name":"Home","item":"https:\/\/eu.iko.com\/fr\/"},{"@type":"ListItem","position":2,"name":"About IKO"}]},{"@type":"WebSite","@id":"https:\/\/eu.iko.com\/fr\/#website","url":"https:\/\/eu.iko.com\/fr\/","name":"IKO Waterproofing & Insulation","description":"Dakdichting, waterdichting en isolatie","publisher":{"@id":"https:\/\/eu.iko.com\/fr\/#organization"},"potentialAction":[{"@type":"SearchAction","target":{"@type":"EntryPoint","urlTemplate":"https:\/\/eu.iko.com\/fr\/?s={search_term_string}"},"query-input":{"@type":"PropertyValueSpecification","valueRequired":true,"valueName":"search_term_string"}}],"inLanguage":"fr-BE"},{"@type":"Organization","@id":"https:\/\/eu.iko.com\/fr\/#organization","name":"IKO Waterproofing & Insulation","url":"https:\/\/eu.iko.com\/fr\/","logo":{"@type":"ImageObject","inLanguage":"fr-BE","@id":"https:\/\/eu.iko.com\/fr\/#\/schema\/logo\/image\/","url":"https:\/\/eu.iko.com\/wp-content\/uploads\/2024\/03\/emailheader.jpg","contentUrl":"https:\/\/eu.iko.com\/wp-content\/uploads\/2024\/03\/emailheader.jpg","width":600,"height":200,"caption":"IKO Waterproofing & Insulation"},"image":{"@id":"https:\/\/eu.iko.com\/fr\/#\/schema\/logo\/image\/"},"sameAs":["https:\/\/www.facebook.com\/IKOwaterproofingandinsulation\/","https:\/\/www.linkedin.com\/company\/iko-waterproofingandinsulation\/","https:\/\/www.instagram.com\/iko_waterproofing_insulation\/","https:\/\/www.youtube.com\/channel\/UCb6EjYDrbNjJJM0EeZHQHcg"]}]}},"_links":{"self":[{"href":"https:\/\/eu.iko.com\/fr\/wp-json\/wp\/v2\/pages\/19382","targetHints":{"allow":["GET"]}}],"collection":[{"href":"https:\/\/eu.iko.com\/fr\/wp-json\/wp\/v2\/pages"}],"about":[{"href":"https:\/\/eu.iko.com\/fr\/wp-json\/wp\/v2\/types\/page"}],"author":[{"embeddable":true,"href":"https:\/\/eu.iko.com\/fr\/wp-json\/wp\/v2\/users\/1"}],"replies":[{"embeddable":true,"href":"https:\/\/eu.iko.com\/fr\/wp-json\/wp\/v2\/comments?post=19382"}],"version-history":[{"count":0,"href":"https:\/\/eu.iko.com\/fr\/wp-json\/wp\/v2\/pages\/19382\/revisions"}],"wp:attachment":[{"href":"https:\/\/eu.iko.com\/fr\/wp-json\/wp\/v2\/media?parent=19382"}],"wp:term":[{"taxonomy":"taxonomy_divisions","embeddable":true,"href":"https:\/\/eu.iko.com\/fr\/wp-json\/wp\/v2\/taxonomy_divisions?post=19382"}],"curies":[{"name":"wp","href":"https:\/\/api.w.org\/{rel}","templated":true}]}}