{"id":28331,"date":"2023-02-10T10:39:16","date_gmt":"2023-02-10T10:39:16","guid":{"rendered":"https:\/\/iko.website-in-progress.be\/systemes-pour-les-toitures-plates\/oplossingen\/iko-leefdaken\/"},"modified":"2024-04-23T09:03:17","modified_gmt":"2024-04-23T09:03:17","slug":"toitures-espaces-de-vie-iko","status":"publish","type":"page","link":"https:\/\/eu.iko.com\/fr\/systemes-de-toitures-plates\/solutions\/toitures-espaces-de-vie-iko\/","title":{"rendered":"Toitures espaces de vie IKO"},"content":{"rendered":"\n<section class=\"block block-hero-product pt-15 pb-50 pb-md-60 pb-lg-80 pb-xl-100 \" id=\"block_64ccc3dba80a0\">\n    <div class=\"container\">\n        <div class=\"row\">\n            <div class=\"col-12\" data-aos=\"fade-up\">\n                <h1 class=\"h2 mb-40\">Toitures <span>espaces de vie<\/span> IKO<\/h1>\n            <\/div>\n            <div class=\"col-12 col-md-6 order-2 order-md-1 pr-md-30 pr-lg-40 pr-xl-60 block-hero-product__text\" data-aos=\"fade-up\">\n                <p>Une toiture espace de vie est le moyen id\u00e9al d&#8217;ajouter un espace de vie suppl\u00e9mentaire \u00e0 la maison. Un plus grand espace de vie ext\u00e9rieur am\u00e9liore la qualit\u00e9 de vie. Une utilisation plus intensive de la toiture n\u00e9cessite un rev\u00eatement de toiture adapt\u00e9 qui soutienne sa fonctionnalit\u00e9. Les IKO carbon et IKO pantera s&#8217;adaptent parfaitement \u00e0 une toiture utilis\u00e9e de mani\u00e8re intensive.<\/p>\n                                                    <div class=\"d-flex flex-row flex-wrap align-items-center mt-10\">\n                                                                        <\/div>\n                                            <\/div>\n            <div class=\"col-12 col-md-6 text-center order-1 order-md-2 mb-40 mb-md-0 block-hero-product__image\" data-aos=\"fade-up\">\n                                    <img decoding=\"async\" src=\"https:\/\/eu.iko.com\/wp-content\/uploads\/2023\/01\/iko-leefdaken.jpeg\" alt=\"Ein Flachdach wird als Wohndach benutzt, auf dem Wohndach stehen Sofas und Tische. \" class=\"img-fluid h-100\">\n                            <\/div>\n        <\/div>\n    <\/div>\n<\/section>\n\n\n<section class=\"block b-post-grid pt-0 pb-30 pb-md-50 pb-lg-70 pb-xl-80 \" id=\"block_63e6203482753\">\n<div class=\"container\">\n\n            <div class=\"row mb-20 mb-md-30 mb-lg-40\" data-aos=\"fade-up\">\n            <div class=\"col-12\">\n                <h2>D\u00e9couvrez tous <span>les produits IKO<\/span> pour les toitures espaces de vie<\/h2>\n            <\/div>\n        <\/div>\n     \n    \n    <div class=\"row c-filter__animation_obj-wrapper c-filter__cpt_product\" data-aos=\"fade-up\">\n                    \n                            <div class=\"c-filter__animation_obj shadow d-flex flex-column c-small-product\" filterdata=\"1061 1096 \">\n                                            <a class=\"bg-white text-dark d-flex flex-column flex-grow-1 pt-15 pt-md-20 px-15 px-lg-20\" href=\"https:\/\/eu.iko.com\/fr\/product\/systemes-de-toitures-plates\/iko-pantera\/\">\n\n                                                            <h5 class=\"text-dark text-center font-weight-bolder mb-2\">\n                                    IKO pantera                                <\/h5>\n                            \n                            <\/a>\n                                                                <a class=\"min-height-1 bg-white\" href=\"https:\/\/eu.iko.com\/fr\/product\/systemes-de-toitures-plates\/iko-pantera\/\">\n                            <div class=\"overflow-hidden c-small-product__image\">\n                                <img loading=\"lazy\" decoding=\"async\" width=\"85\" height=\"300\" src=\"https:\/\/eu.iko.com\/wp-content\/uploads\/2023\/02\/iko-pantera-rol.png\" class=\"c-filter__animation_obj__thumbnail w-100 img-fluid wp-post-image\" alt=\"IKO pantera\" \/>                            <\/div>\n                        <\/a>\n                                    <\/div>\n                                \n                            <div class=\"c-filter__animation_obj shadow d-flex flex-column c-small-product\" filterdata=\"1061 77 1096 1098 \">\n                                            <a class=\"bg-white text-dark d-flex flex-column flex-grow-1 pt-15 pt-md-20 px-15 px-lg-20\" href=\"https:\/\/eu.iko.com\/fr\/product\/systemes-de-toitures-plates\/iko-carbon\/\">\n\n                                                            <h5 class=\"text-dark text-center font-weight-bolder mb-2\">\n                                    IKO carbon                                <\/h5>\n                            \n                            <\/a>\n                                                                <a class=\"min-height-1 bg-white\" href=\"https:\/\/eu.iko.com\/fr\/product\/systemes-de-toitures-plates\/iko-carbon\/\">\n                            <div class=\"overflow-hidden c-small-product__image\">\n                                <img loading=\"lazy\" decoding=\"async\" width=\"85\" height=\"300\" src=\"https:\/\/eu.iko.com\/wp-content\/uploads\/2023\/01\/iko-carbon-rol.png\" class=\"c-filter__animation_obj__thumbnail w-100 img-fluid wp-post-image\" alt=\"IKO carbon\" \/>                            <\/div>\n                        <\/a>\n                                    <\/div>\n                        <\/div>\n\n        \n    \n<\/div>\n<\/section>","protected":false},"excerpt":{"rendered":"","protected":false},"author":1,"featured_media":4446,"parent":28327,"menu_order":0,"comment_status":"closed","ping_status":"closed","template":"","meta":{"_acf_changed":false,"footnotes":""},"taxonomy_divisions":[935],"class_list":["post-28331","page","type-page","status-publish","has-post-thumbnail","hentry","taxonomy_divisions-systemes-de-toitures-plates"],"acf":[],"yoast_head":"<!-- This site is optimized with the Yoast SEO plugin v27.3 - https:\/\/yoast.com\/product\/yoast-seo-wordpress\/ -->\n<title>Toitures espaces de vie IKO | IKO<\/title>\n<meta name=\"robots\" content=\"index, follow, max-snippet:-1, max-image-preview:large, max-video-preview:-1\" \/>\n<link rel=\"canonical\" href=\"https:\/\/eu.iko.com\/fr\/systemes-de-toitures-plates\/solutions\/toitures-espaces-de-vie-iko\/\" \/>\n<meta property=\"og:locale\" content=\"fr_FR\" \/>\n<meta property=\"og:type\" content=\"article\" \/>\n<meta property=\"og:title\" content=\"Toitures espaces de vie IKO | IKO\" \/>\n<meta property=\"og:url\" content=\"https:\/\/eu.iko.com\/fr\/systemes-de-toitures-plates\/solutions\/toitures-espaces-de-vie-iko\/\" \/>\n<meta property=\"og:site_name\" content=\"IKO\" \/>\n<meta property=\"article:publisher\" content=\"https:\/\/www.facebook.com\/IKOwaterproofingandinsulation\/\" \/>\n<meta property=\"article:modified_time\" content=\"2024-04-23T09:03:17+00:00\" \/>\n<meta property=\"og:image\" content=\"https:\/\/eu.iko.com\/wp-content\/uploads\/2023\/01\/iko-leefdaken.jpeg\" \/>\n\t<meta property=\"og:image:width\" content=\"600\" \/>\n\t<meta property=\"og:image:height\" content=\"400\" \/>\n\t<meta property=\"og:image:type\" content=\"image\/jpeg\" \/>\n<meta name=\"twitter:card\" content=\"summary_large_image\" \/>\n<meta name=\"twitter:label1\" content=\"Dur\u00e9e de lecture est.\" \/>\n\t<meta name=\"twitter:data1\" content=\"1 minute\" \/>\n<script type=\"application\/ld+json\" class=\"yoast-schema-graph\">{\"@context\":\"https:\\\/\\\/schema.org\",\"@graph\":[{\"@type\":\"WebPage\",\"@id\":\"https:\\\/\\\/eu.iko.com\\\/fr\\\/systemes-de-toitures-plates\\\/solutions\\\/toitures-espaces-de-vie-iko\\\/\",\"url\":\"https:\\\/\\\/eu.iko.com\\\/fr\\\/systemes-de-toitures-plates\\\/solutions\\\/toitures-espaces-de-vie-iko\\\/\",\"name\":\"Toitures espaces de vie IKO | IKO\",\"isPartOf\":{\"@id\":\"https:\\\/\\\/eu.iko.com\\\/fr\\\/#website\"},\"primaryImageOfPage\":{\"@id\":\"https:\\\/\\\/eu.iko.com\\\/fr\\\/systemes-de-toitures-plates\\\/solutions\\\/toitures-espaces-de-vie-iko\\\/#primaryimage\"},\"image\":{\"@id\":\"https:\\\/\\\/eu.iko.com\\\/fr\\\/systemes-de-toitures-plates\\\/solutions\\\/toitures-espaces-de-vie-iko\\\/#primaryimage\"},\"thumbnailUrl\":\"https:\\\/\\\/eu.iko.com\\\/wp-content\\\/uploads\\\/2023\\\/01\\\/iko-leefdaken.jpeg\",\"datePublished\":\"2023-02-10T10:39:16+00:00\",\"dateModified\":\"2024-04-23T09:03:17+00:00\",\"breadcrumb\":{\"@id\":\"https:\\\/\\\/eu.iko.com\\\/fr\\\/systemes-de-toitures-plates\\\/solutions\\\/toitures-espaces-de-vie-iko\\\/#breadcrumb\"},\"inLanguage\":\"fr-BE\",\"potentialAction\":[{\"@type\":\"ReadAction\",\"target\":[\"https:\\\/\\\/eu.iko.com\\\/fr\\\/systemes-de-toitures-plates\\\/solutions\\\/toitures-espaces-de-vie-iko\\\/\"]}]},{\"@type\":\"ImageObject\",\"inLanguage\":\"fr-BE\",\"@id\":\"https:\\\/\\\/eu.iko.com\\\/fr\\\/systemes-de-toitures-plates\\\/solutions\\\/toitures-espaces-de-vie-iko\\\/#primaryimage\",\"url\":\"https:\\\/\\\/eu.iko.com\\\/wp-content\\\/uploads\\\/2023\\\/01\\\/iko-leefdaken.jpeg\",\"contentUrl\":\"https:\\\/\\\/eu.iko.com\\\/wp-content\\\/uploads\\\/2023\\\/01\\\/iko-leefdaken.jpeg\",\"width\":600,\"height\":400,\"caption\":\"Ein Flachdach wird als Wohndach benutzt, auf dem Wohndach stehen Sofas und Tische.\"},{\"@type\":\"BreadcrumbList\",\"@id\":\"https:\\\/\\\/eu.iko.com\\\/fr\\\/systemes-de-toitures-plates\\\/solutions\\\/toitures-espaces-de-vie-iko\\\/#breadcrumb\",\"itemListElement\":[{\"@type\":\"ListItem\",\"position\":1,\"name\":\"Home\",\"item\":\"https:\\\/\\\/eu.iko.com\\\/fr\\\/\"},{\"@type\":\"ListItem\",\"position\":2,\"name\":\"Syst\u00e8mes de toitures plates\",\"item\":\"https:\\\/\\\/eu.iko.com\\\/fr\\\/systemes-de-toitures-plates\\\/\"},{\"@type\":\"ListItem\",\"position\":3,\"name\":\"Solutions\",\"item\":\"https:\\\/\\\/eu.iko.com\\\/fr\\\/systemes-de-toitures-plates\\\/solutions\\\/\"},{\"@type\":\"ListItem\",\"position\":4,\"name\":\"Toitures espaces de vie IKO\"}]},{\"@type\":\"WebSite\",\"@id\":\"https:\\\/\\\/eu.iko.com\\\/fr\\\/#website\",\"url\":\"https:\\\/\\\/eu.iko.com\\\/fr\\\/\",\"name\":\"IKO Waterproofing & Insulation\",\"description\":\"Dakdichting, waterdichting en isolatie\",\"publisher\":{\"@id\":\"https:\\\/\\\/eu.iko.com\\\/fr\\\/#organization\"},\"potentialAction\":[{\"@type\":\"SearchAction\",\"target\":{\"@type\":\"EntryPoint\",\"urlTemplate\":\"https:\\\/\\\/eu.iko.com\\\/fr\\\/?s={search_term_string}\"},\"query-input\":{\"@type\":\"PropertyValueSpecification\",\"valueRequired\":true,\"valueName\":\"search_term_string\"}}],\"inLanguage\":\"fr-BE\"},{\"@type\":\"Organization\",\"@id\":\"https:\\\/\\\/eu.iko.com\\\/fr\\\/#organization\",\"name\":\"IKO Waterproofing & Insulation\",\"url\":\"https:\\\/\\\/eu.iko.com\\\/fr\\\/\",\"logo\":{\"@type\":\"ImageObject\",\"inLanguage\":\"fr-BE\",\"@id\":\"https:\\\/\\\/eu.iko.com\\\/fr\\\/#\\\/schema\\\/logo\\\/image\\\/\",\"url\":\"https:\\\/\\\/eu.iko.com\\\/wp-content\\\/uploads\\\/2024\\\/03\\\/emailheader.jpg\",\"contentUrl\":\"https:\\\/\\\/eu.iko.com\\\/wp-content\\\/uploads\\\/2024\\\/03\\\/emailheader.jpg\",\"width\":600,\"height\":200,\"caption\":\"IKO Waterproofing & Insulation\"},\"image\":{\"@id\":\"https:\\\/\\\/eu.iko.com\\\/fr\\\/#\\\/schema\\\/logo\\\/image\\\/\"},\"sameAs\":[\"https:\\\/\\\/www.facebook.com\\\/IKOwaterproofingandinsulation\\\/\",\"https:\\\/\\\/www.linkedin.com\\\/company\\\/iko-waterproofingandinsulation\\\/\",\"https:\\\/\\\/www.instagram.com\\\/iko_waterproofing_insulation\\\/\",\"https:\\\/\\\/www.youtube.com\\\/channel\\\/UCb6EjYDrbNjJJM0EeZHQHcg\"]}]}<\/script>\n<!-- \/ Yoast SEO plugin. -->","yoast_head_json":{"title":"Toitures espaces de vie IKO | IKO","robots":{"index":"index","follow":"follow","max-snippet":"max-snippet:-1","max-image-preview":"max-image-preview:large","max-video-preview":"max-video-preview:-1"},"canonical":"https:\/\/eu.iko.com\/fr\/systemes-de-toitures-plates\/solutions\/toitures-espaces-de-vie-iko\/","og_locale":"fr_FR","og_type":"article","og_title":"Toitures espaces de vie IKO | IKO","og_url":"https:\/\/eu.iko.com\/fr\/systemes-de-toitures-plates\/solutions\/toitures-espaces-de-vie-iko\/","og_site_name":"IKO","article_publisher":"https:\/\/www.facebook.com\/IKOwaterproofingandinsulation\/","article_modified_time":"2024-04-23T09:03:17+00:00","og_image":[{"width":600,"height":400,"url":"https:\/\/eu.iko.com\/wp-content\/uploads\/2023\/01\/iko-leefdaken.jpeg","type":"image\/jpeg"}],"twitter_card":"summary_large_image","twitter_misc":{"Dur\u00e9e de lecture est.":"1 minute"},"schema":{"@context":"https:\/\/schema.org","@graph":[{"@type":"WebPage","@id":"https:\/\/eu.iko.com\/fr\/systemes-de-toitures-plates\/solutions\/toitures-espaces-de-vie-iko\/","url":"https:\/\/eu.iko.com\/fr\/systemes-de-toitures-plates\/solutions\/toitures-espaces-de-vie-iko\/","name":"Toitures espaces de vie IKO | IKO","isPartOf":{"@id":"https:\/\/eu.iko.com\/fr\/#website"},"primaryImageOfPage":{"@id":"https:\/\/eu.iko.com\/fr\/systemes-de-toitures-plates\/solutions\/toitures-espaces-de-vie-iko\/#primaryimage"},"image":{"@id":"https:\/\/eu.iko.com\/fr\/systemes-de-toitures-plates\/solutions\/toitures-espaces-de-vie-iko\/#primaryimage"},"thumbnailUrl":"https:\/\/eu.iko.com\/wp-content\/uploads\/2023\/01\/iko-leefdaken.jpeg","datePublished":"2023-02-10T10:39:16+00:00","dateModified":"2024-04-23T09:03:17+00:00","breadcrumb":{"@id":"https:\/\/eu.iko.com\/fr\/systemes-de-toitures-plates\/solutions\/toitures-espaces-de-vie-iko\/#breadcrumb"},"inLanguage":"fr-BE","potentialAction":[{"@type":"ReadAction","target":["https:\/\/eu.iko.com\/fr\/systemes-de-toitures-plates\/solutions\/toitures-espaces-de-vie-iko\/"]}]},{"@type":"ImageObject","inLanguage":"fr-BE","@id":"https:\/\/eu.iko.com\/fr\/systemes-de-toitures-plates\/solutions\/toitures-espaces-de-vie-iko\/#primaryimage","url":"https:\/\/eu.iko.com\/wp-content\/uploads\/2023\/01\/iko-leefdaken.jpeg","contentUrl":"https:\/\/eu.iko.com\/wp-content\/uploads\/2023\/01\/iko-leefdaken.jpeg","width":600,"height":400,"caption":"Ein Flachdach wird als Wohndach benutzt, auf dem Wohndach stehen Sofas und Tische."},{"@type":"BreadcrumbList","@id":"https:\/\/eu.iko.com\/fr\/systemes-de-toitures-plates\/solutions\/toitures-espaces-de-vie-iko\/#breadcrumb","itemListElement":[{"@type":"ListItem","position":1,"name":"Home","item":"https:\/\/eu.iko.com\/fr\/"},{"@type":"ListItem","position":2,"name":"Syst\u00e8mes de toitures plates","item":"https:\/\/eu.iko.com\/fr\/systemes-de-toitures-plates\/"},{"@type":"ListItem","position":3,"name":"Solutions","item":"https:\/\/eu.iko.com\/fr\/systemes-de-toitures-plates\/solutions\/"},{"@type":"ListItem","position":4,"name":"Toitures espaces de vie IKO"}]},{"@type":"WebSite","@id":"https:\/\/eu.iko.com\/fr\/#website","url":"https:\/\/eu.iko.com\/fr\/","name":"IKO Waterproofing & Insulation","description":"Dakdichting, waterdichting en isolatie","publisher":{"@id":"https:\/\/eu.iko.com\/fr\/#organization"},"potentialAction":[{"@type":"SearchAction","target":{"@type":"EntryPoint","urlTemplate":"https:\/\/eu.iko.com\/fr\/?s={search_term_string}"},"query-input":{"@type":"PropertyValueSpecification","valueRequired":true,"valueName":"search_term_string"}}],"inLanguage":"fr-BE"},{"@type":"Organization","@id":"https:\/\/eu.iko.com\/fr\/#organization","name":"IKO Waterproofing & Insulation","url":"https:\/\/eu.iko.com\/fr\/","logo":{"@type":"ImageObject","inLanguage":"fr-BE","@id":"https:\/\/eu.iko.com\/fr\/#\/schema\/logo\/image\/","url":"https:\/\/eu.iko.com\/wp-content\/uploads\/2024\/03\/emailheader.jpg","contentUrl":"https:\/\/eu.iko.com\/wp-content\/uploads\/2024\/03\/emailheader.jpg","width":600,"height":200,"caption":"IKO Waterproofing & Insulation"},"image":{"@id":"https:\/\/eu.iko.com\/fr\/#\/schema\/logo\/image\/"},"sameAs":["https:\/\/www.facebook.com\/IKOwaterproofingandinsulation\/","https:\/\/www.linkedin.com\/company\/iko-waterproofingandinsulation\/","https:\/\/www.instagram.com\/iko_waterproofing_insulation\/","https:\/\/www.youtube.com\/channel\/UCb6EjYDrbNjJJM0EeZHQHcg"]}]}},"_links":{"self":[{"href":"https:\/\/eu.iko.com\/fr\/wp-json\/wp\/v2\/pages\/28331","targetHints":{"allow":["GET"]}}],"collection":[{"href":"https:\/\/eu.iko.com\/fr\/wp-json\/wp\/v2\/pages"}],"about":[{"href":"https:\/\/eu.iko.com\/fr\/wp-json\/wp\/v2\/types\/page"}],"author":[{"embeddable":true,"href":"https:\/\/eu.iko.com\/fr\/wp-json\/wp\/v2\/users\/1"}],"replies":[{"embeddable":true,"href":"https:\/\/eu.iko.com\/fr\/wp-json\/wp\/v2\/comments?post=28331"}],"version-history":[{"count":0,"href":"https:\/\/eu.iko.com\/fr\/wp-json\/wp\/v2\/pages\/28331\/revisions"}],"up":[{"embeddable":true,"href":"https:\/\/eu.iko.com\/fr\/wp-json\/wp\/v2\/pages\/28327"}],"wp:featuredmedia":[{"embeddable":true,"href":"https:\/\/eu.iko.com\/fr\/wp-json\/wp\/v2\/media\/4446"}],"wp:attachment":[{"href":"https:\/\/eu.iko.com\/fr\/wp-json\/wp\/v2\/media?parent=28331"}],"wp:term":[{"taxonomy":"taxonomy_divisions","embeddable":true,"href":"https:\/\/eu.iko.com\/fr\/wp-json\/wp\/v2\/taxonomy_divisions?post=28331"}],"curies":[{"name":"wp","href":"https:\/\/api.w.org\/{rel}","templated":true}]}}