{"id":29083,"date":"2023-06-13T13:27:57","date_gmt":"2023-06-13T13:27:57","guid":{"rendered":"https:\/\/iko.website-in-progress.be\/systemes-liquides\/bouwproducten\/diverse-toepassingen\/"},"modified":"2023-10-12T09:53:10","modified_gmt":"2023-10-12T09:53:10","slug":"applications-diverses","status":"publish","type":"page","link":"https:\/\/eu.iko.com\/fr\/systemes-liquides\/produits-de-construction\/applications-diverses\/","title":{"rendered":"Applications diverses"},"content":{"rendered":"\n<section class=\"block block-hero-product pt-15 pb-50 pb-md-60 pb-lg-80 pb-xl-100 \" id=\"block_64ccc18f28351\">\n    <div class=\"container\">\n        <div class=\"row\">\n            <div class=\"col-12\" data-aos=\"fade-up\">\n                <h1 class=\"h2 mb-40\"><span>Applications diverses<\/span><\/h1>\n            <\/div>\n            <div class=\"col-12 col-md-6 order-2 order-md-1 pr-md-30 pr-lg-40 pr-xl-60 block-hero-product__text\" data-aos=\"fade-up\">\n                <p>IKO propose aux entrepreneurs des produits nettoyants adapt\u00e9s \u00e0 divers supports. IKO produit \u00e9galement des rev\u00eatements de protection \u00e0 base de bitume et d&#8217;acrylique pour divers substrats.<\/p>\n                                                    <div class=\"d-flex flex-row flex-wrap align-items-center mt-10\">\n                                                                        <\/div>\n                                            <\/div>\n            <div class=\"col-12 col-md-6 text-center order-1 order-md-2 mb-40 mb-md-0 block-hero-product__image\" data-aos=\"fade-up\">\n                                    <img decoding=\"async\" src=\"https:\/\/eu.iko.com\/wp-content\/uploads\/2023\/06\/vloeibare-bouwproducten-diverse-toepassingen.jpg\" alt=\"vloeibare bouwproducten diverse toepassingen\" class=\"img-fluid h-100\">\n                            <\/div>\n        <\/div>\n    <\/div>\n<\/section>\n\n\n<section class=\"block b-post-grid pt-30 pt-md-50 pt-lg-70 pt-xl-80 pb-30 pb-md-50 pb-lg-70 pb-xl-80 bg-light\" id=\"block_648c55635f97f\">\n<div class=\"container\">\n\n            <div class=\"row mb-20 mb-md-30 mb-lg-40\" data-aos=\"fade-up\">\n            <div class=\"col-12\">\n                <h2>D\u00e9couvrez nos <span>produits de construction liquides<\/span> pour diverses applications<\/h2>\n            <\/div>\n        <\/div>\n     \n    \n    <div class=\"row c-filter__animation_obj-wrapper c-filter__cpt_product\" data-aos=\"fade-up\">\n                    \n            \n<div class=\"c-filter__animation_obj shadow d-flex flex-column c-product-card\">\n            <a class=\"min-height-1 bg-white\" href=\"https:\/\/products.ikopro.com\/products\/download\/434\/fr_be\/I\" target=\"_blank\">\n            <div class=\"overflow-hidden c-small-product__image\">\n                <img loading=\"lazy\" decoding=\"async\" width=\"600\" height=\"400\" src=\"https:\/\/eu.iko.com\/wp-content\/uploads\/2023\/06\/iko-pro-stop-groene-aanslag-packshot.jpg\" class=\"c-filter__animation_obj__thumbnail w-100 img-fluid wp-post-image\" alt=\"IKO pro Stop D\u00e9p\u00f4ts Verts\" srcset=\"https:\/\/eu.iko.com\/wp-content\/uploads\/2023\/06\/iko-pro-stop-groene-aanslag-packshot.jpg 600w, https:\/\/eu.iko.com\/wp-content\/uploads\/2023\/06\/iko-pro-stop-groene-aanslag-packshot-290x193.jpg 290w, https:\/\/eu.iko.com\/wp-content\/uploads\/2023\/06\/iko-pro-stop-groene-aanslag-packshot-1050x700.jpg 1050w\" sizes=\"auto, (max-width: 600px) 100vw, 600px\" \/>            <\/div>\n        <\/a>\n        <a class=\"bg-light text-dark d-flex flex-column flex-grow-1 p-20 p-lg-30\" href=\"https:\/\/products.ikopro.com\/products\/download\/434\/fr_be\/I\" target=\"_blank\">\n        <h5 class=\"text-dark text-center font-weight-bolder mb-0\">\n            IKO pro Stop D\u00e9p\u00f4ts Verts        <\/h5>\n\n                    <p class=\"mt-15 text-center small\">Produit s\u00e9lectif pr\u00eat \u00e0 l\u2019emploi pour la destruction des algues, lichens,\nchampignons et autres d\u00e9p\u00f4ts verts.<\/p>\n            <\/a>\n            <div class=\"bg-light text-center pb-20 pb-lg-30 px-20 px-lg-30\">\n            <a class=\"btn btn-primary btn-sm d-inline-flex flex-wrap align-items-center\" href=\"https:\/\/products.ikopro.com\/products\/download\/434\/fr_be\/I\" target=\"_blank\">\n                                    Fiche technique                                <i class=\"fas fa-plus-circle text-white ml-2 mr-0\"><\/i>\n            <\/a>\n        <\/div>\n    <\/div>                                \n            \n<div class=\"c-filter__animation_obj shadow d-flex flex-column c-product-card\">\n            <a class=\"min-height-1 bg-white\" href=\"https:\/\/products.ikopro.com\/products\/download\/890\/fr_be\/I\" target=\"_blank\">\n            <div class=\"overflow-hidden c-small-product__image\">\n                <img loading=\"lazy\" decoding=\"async\" width=\"600\" height=\"400\" src=\"https:\/\/eu.iko.com\/wp-content\/uploads\/2023\/06\/iko-pro-roof-wall-packshot.jpg\" class=\"c-filter__animation_obj__thumbnail w-100 img-fluid wp-post-image\" alt=\"IKO pro Roof&amp;Wall Cleaner\" srcset=\"https:\/\/eu.iko.com\/wp-content\/uploads\/2023\/06\/iko-pro-roof-wall-packshot.jpg 600w, https:\/\/eu.iko.com\/wp-content\/uploads\/2023\/06\/iko-pro-roof-wall-packshot-290x193.jpg 290w, https:\/\/eu.iko.com\/wp-content\/uploads\/2023\/06\/iko-pro-roof-wall-packshot-1050x700.jpg 1050w\" sizes=\"auto, (max-width: 600px) 100vw, 600px\" \/>            <\/div>\n        <\/a>\n        <a class=\"bg-light text-dark d-flex flex-column flex-grow-1 p-20 p-lg-30\" href=\"https:\/\/products.ikopro.com\/products\/download\/890\/fr_be\/I\" target=\"_blank\">\n        <h5 class=\"text-dark text-center font-weight-bolder mb-0\">\n            IKO pro Roof&amp;Wall Cleaner        <\/h5>\n\n                    <p class=\"mt-15 text-center small\">Produit de nettoyage liquide et l\u00e9g\u00e8rement acide qui \u00e9limine les\nd\u00e9p\u00f4ts et pollutions atmosph\u00e9riques.<\/p>\n            <\/a>\n            <div class=\"bg-light text-center pb-20 pb-lg-30 px-20 px-lg-30\">\n            <a class=\"btn btn-primary btn-sm d-inline-flex flex-wrap align-items-center\" href=\"https:\/\/products.ikopro.com\/products\/download\/890\/fr_be\/I\" target=\"_blank\">\n                                    Fiche technique                                <i class=\"fas fa-plus-circle text-white ml-2 mr-0\"><\/i>\n            <\/a>\n        <\/div>\n    <\/div>                                \n            \n<div class=\"c-filter__animation_obj shadow d-flex flex-column c-product-card\">\n            <a class=\"min-height-1 bg-white\" href=\"https:\/\/products.ikopro.com\/products\/download\/669\/fr_be\/I\" target=\"_blank\">\n            <div class=\"overflow-hidden c-small-product__image\">\n                <img loading=\"lazy\" decoding=\"async\" width=\"600\" height=\"400\" src=\"https:\/\/eu.iko.com\/wp-content\/uploads\/2023\/06\/iko-pro-elastic-rubber-packshot.jpg\" class=\"c-filter__animation_obj__thumbnail w-100 img-fluid wp-post-image\" alt=\"IKO pro Elastic Rubber\" srcset=\"https:\/\/eu.iko.com\/wp-content\/uploads\/2023\/06\/iko-pro-elastic-rubber-packshot.jpg 600w, https:\/\/eu.iko.com\/wp-content\/uploads\/2023\/06\/iko-pro-elastic-rubber-packshot-290x193.jpg 290w, https:\/\/eu.iko.com\/wp-content\/uploads\/2023\/06\/iko-pro-elastic-rubber-packshot-1050x700.jpg 1050w\" sizes=\"auto, (max-width: 600px) 100vw, 600px\" \/>            <\/div>\n        <\/a>\n        <a class=\"bg-light text-dark d-flex flex-column flex-grow-1 p-20 p-lg-30\" href=\"https:\/\/products.ikopro.com\/products\/download\/669\/fr_be\/I\" target=\"_blank\">\n        <h5 class=\"text-dark text-center font-weight-bolder mb-0\">\n            IKO pro Elastic Rubber        <\/h5>\n\n                    <p class=\"mt-15 text-center small\">Coating pr\u00eat \u00e0 l\u2019emploi, non-solvant\u00e9 et thixotrope \u00e0 base de bitume\net de latex de haute qualit\u00e9.<\/p>\n            <\/a>\n            <div class=\"bg-light text-center pb-20 pb-lg-30 px-20 px-lg-30\">\n            <a class=\"btn btn-primary btn-sm d-inline-flex flex-wrap align-items-center\" href=\"https:\/\/products.ikopro.com\/products\/download\/669\/fr_be\/I\" target=\"_blank\">\n                                    Fiche technique                                <i class=\"fas fa-plus-circle text-white ml-2 mr-0\"><\/i>\n            <\/a>\n        <\/div>\n    <\/div>                                \n            \n<div class=\"c-filter__animation_obj shadow d-flex flex-column c-product-card\">\n            <a class=\"min-height-1 bg-white\" href=\"https:\/\/products.ikopro.com\/products\/download\/351\/fr_be\/I\" target=\"_blank\">\n            <div class=\"overflow-hidden c-small-product__image\">\n                <img loading=\"lazy\" decoding=\"async\" width=\"600\" height=\"400\" src=\"https:\/\/eu.iko.com\/wp-content\/uploads\/2023\/06\/iko-pro-bitumen-bescherming-packshot.jpg\" class=\"c-filter__animation_obj__thumbnail w-100 img-fluid wp-post-image\" alt=\"IKO pro Peinture Bitume\" srcset=\"https:\/\/eu.iko.com\/wp-content\/uploads\/2023\/06\/iko-pro-bitumen-bescherming-packshot.jpg 600w, https:\/\/eu.iko.com\/wp-content\/uploads\/2023\/06\/iko-pro-bitumen-bescherming-packshot-290x193.jpg 290w, https:\/\/eu.iko.com\/wp-content\/uploads\/2023\/06\/iko-pro-bitumen-bescherming-packshot-1050x700.jpg 1050w\" sizes=\"auto, (max-width: 600px) 100vw, 600px\" \/>            <\/div>\n        <\/a>\n        <a class=\"bg-light text-dark d-flex flex-column flex-grow-1 p-20 p-lg-30\" href=\"https:\/\/products.ikopro.com\/products\/download\/351\/fr_be\/I\" target=\"_blank\">\n        <h5 class=\"text-dark text-center font-weight-bolder mb-0\">\n            IKO pro Peinture Bitume        <\/h5>\n\n                    <p class=\"mt-15 text-center small\">Liquide de protection tr\u00e8s performant, \u00e0 base de bitume et solvants.<\/p>\n            <\/a>\n            <div class=\"bg-light text-center pb-20 pb-lg-30 px-20 px-lg-30\">\n            <a class=\"btn btn-primary btn-sm d-inline-flex flex-wrap align-items-center\" href=\"https:\/\/products.ikopro.com\/products\/download\/351\/fr_be\/I\" target=\"_blank\">\n                                    Fiche technique                                <i class=\"fas fa-plus-circle text-white ml-2 mr-0\"><\/i>\n            <\/a>\n        <\/div>\n    <\/div>                        <\/div>\n\n        \n    \n<\/div>\n<\/section>\n\n\n<section class=\"block block-documentation   bg-light\" id=\"block_648c3561cee9e\">\n    <div class=\"block-documentation__content\">\n        <div class=\"block-documentation__container py-40 py-lg-80 bp-xl-100 bg-white\" data-aos=\"fade-up\">\n            <div class=\"px-15 pl-sm-0 pr-sm-25 pr-md-40\">\n\n                            <div class=\"row mb-20 mb-md-30 mb-lg-40 mb-xl-50\">\n                    <div class=\"col-12\">\n                        <h2>Toute la <span>documentation<\/span> en un seul endroit<\/h2>\n                    <\/div>\n                <\/div>\n            \n            <div class=\"row\">\n                                                        <div class=\"col-6 col-md-20 mb-30\" data-aos=\"fade-up\">\n                                                    <a class=\"d-flex flex-column align-items-center bg-white h-100 p-20 py-lg-30 px-lg-40 block-documentation__single\" href=\"https:\/\/eu.iko.com\/fr\/iko-fiches-techniques\/?search=&#038;divisions%5B%5D=940&#038;doc_type=1142\" target=\"_blank\">\n                                                                                            <div class=\"min-height-1\">\n                                        <div class=\"overflow-hidden\">\n                                            <img loading=\"lazy\" decoding=\"async\" width=\"70\" height=\"70\" src=\"https:\/\/eu.iko.com\/wp-content\/uploads\/2023\/01\/image-51.png\" class=\"block-documentation__single-image w-100 img-fluid\" alt=\"\" srcset=\"https:\/\/eu.iko.com\/wp-content\/uploads\/2023\/01\/image-51.png 70w, https:\/\/eu.iko.com\/wp-content\/uploads\/2023\/01\/image-51-200x200.png 200w\" sizes=\"auto, (max-width: 70px) 100vw, 70px\" \/>                                        <\/div>\n                                    <\/div>\n                                                                <div class=\"text-dark text-center mt-15 mt-lg-20 block-documentation__single-text\">Fiches techniques<\/div>\n                                                                                    <\/a>\n                                            <\/div>\n                                                        <div class=\"col-6 col-md-20 mb-30\" data-aos=\"fade-up\">\n                                                    <a class=\"d-flex flex-column align-items-center bg-white h-100 p-20 py-lg-30 px-lg-40 block-documentation__single\" href=\"https:\/\/eu.iko.com\/fr\/iko-brochures\/\" target=\"_blank\">\n                                                                                            <div class=\"min-height-1\">\n                                        <div class=\"overflow-hidden\">\n                                            <img loading=\"lazy\" decoding=\"async\" width=\"70\" height=\"70\" src=\"https:\/\/eu.iko.com\/wp-content\/uploads\/2023\/01\/image-49.png\" class=\"block-documentation__single-image w-100 img-fluid\" alt=\"\" srcset=\"https:\/\/eu.iko.com\/wp-content\/uploads\/2023\/01\/image-49.png 70w, https:\/\/eu.iko.com\/wp-content\/uploads\/2023\/01\/image-49-200x200.png 200w\" sizes=\"auto, (max-width: 70px) 100vw, 70px\" \/>                                        <\/div>\n                                    <\/div>\n                                                                <div class=\"text-dark text-center mt-15 mt-lg-20 block-documentation__single-text\">Brochures<\/div>\n                                                                                    <\/a>\n                                            <\/div>\n                                                        <div class=\"col-6 col-md-20 mb-30\" data-aos=\"fade-up\">\n                                                    <a class=\"d-flex flex-column align-items-center bg-white h-100 p-20 py-lg-30 px-lg-40 block-documentation__single\" href=\"https:\/\/eu.iko.com\/fr\/iko-certificats\/?search=&#038;divisions%5B%5D=940&#038;doc_type=515\" target=\"_blank\">\n                                                                                            <div class=\"min-height-1\">\n                                        <div class=\"overflow-hidden\">\n                                            <img loading=\"lazy\" decoding=\"async\" width=\"70\" height=\"70\" src=\"https:\/\/eu.iko.com\/wp-content\/uploads\/2023\/01\/image-48.png\" class=\"block-documentation__single-image w-100 img-fluid\" alt=\"\" srcset=\"https:\/\/eu.iko.com\/wp-content\/uploads\/2023\/01\/image-48.png 70w, https:\/\/eu.iko.com\/wp-content\/uploads\/2023\/01\/image-48-200x200.png 200w\" sizes=\"auto, (max-width: 70px) 100vw, 70px\" \/>                                        <\/div>\n                                    <\/div>\n                                                                <div class=\"text-dark text-center mt-15 mt-lg-20 block-documentation__single-text\">Certificats<\/div>\n                                                                                    <\/a>\n                                            <\/div>\n                                                        <div class=\"col-6 col-md-20 mb-30\" data-aos=\"fade-up\">\n                                                    <a class=\"d-flex flex-column align-items-center bg-white h-100 p-20 py-lg-30 px-lg-40 block-documentation__single\" href=\"https:\/\/eu.iko.com\/fr\/iko-directives-de-mise-en-oeuvre\/?search=&#038;divisions%5B%5D=940&#038;doc_type=258\" target=\"_blank\">\n                                                                                            <div class=\"min-height-1\">\n                                        <div class=\"overflow-hidden\">\n                                            <img loading=\"lazy\" decoding=\"async\" width=\"70\" height=\"70\" src=\"https:\/\/eu.iko.com\/wp-content\/uploads\/2023\/02\/icon-verwerkingsrichtlijnen.png\" class=\"block-documentation__single-image w-100 img-fluid\" alt=\"\" srcset=\"https:\/\/eu.iko.com\/wp-content\/uploads\/2023\/02\/icon-verwerkingsrichtlijnen.png 70w, https:\/\/eu.iko.com\/wp-content\/uploads\/2023\/02\/icon-verwerkingsrichtlijnen-200x200.png 200w\" sizes=\"auto, (max-width: 70px) 100vw, 70px\" \/>                                        <\/div>\n                                    <\/div>\n                                                                <div class=\"text-dark text-center mt-15 mt-lg-20 block-documentation__single-text\">Consignes de mise en oeuvre<\/div>\n                                                                                    <\/a>\n                                            <\/div>\n                            <\/div>\n\n            \n            <\/div>\n        <\/div>\n    <\/div>\n\n    <div class=\"block-documentation__background py-40 py-md-60 py-lg-80 py-xl-100 filter-primary\" style=\"background-image: url('https:\/\/eu.iko.com\/wp-content\/uploads\/2023\/06\/vloeibare-bouwproducten-diverse-toepassingen.jpg');\">\n        <div class=\"container pt-120 pt-md-150 pt-lg-200 pt-xl-250\">\n            <div class=\"row\">\n                <div class=\"col-12 block-documentation__background-content\">\n                                            <h2 class=\"text-white\">Je souhaite obtenir <span>plus d\u2019informations<\/span> sur produits de construction liquides<\/h2>\n                                                                <div class=\"mt-20 mt-md-30 mt-lg-40\">\n                            <a href=\"https:\/\/eu.iko.com\/fr\/contact\/\" class=\"btn btn-white\" target=\"\">Prendre contact avec nous<\/a>\n                        <\/div>\n                                    <\/div>\n            <\/div>\n        <\/div>\n    <\/div>\n<\/section>\n","protected":false},"excerpt":{"rendered":"","protected":false},"author":1,"featured_media":0,"parent":29081,"menu_order":0,"comment_status":"closed","ping_status":"closed","template":"","meta":{"_acf_changed":false,"footnotes":""},"taxonomy_divisions":[940],"class_list":["post-29083","page","type-page","status-publish","hentry","taxonomy_divisions-systemes-liquides"],"acf":[],"yoast_head":"<!-- This site is optimized with the Yoast SEO plugin v27.0 - https:\/\/yoast.com\/product\/yoast-seo-wordpress\/ -->\n<title>Applications diverses | IKO<\/title>\n<meta name=\"robots\" content=\"index, follow, max-snippet:-1, max-image-preview:large, max-video-preview:-1\" \/>\n<link rel=\"canonical\" href=\"https:\/\/eu.iko.com\/fr\/systemes-liquides\/produits-de-construction\/applications-diverses\/\" \/>\n<meta property=\"og:locale\" content=\"fr_FR\" \/>\n<meta property=\"og:type\" content=\"article\" \/>\n<meta property=\"og:title\" content=\"Applications diverses | IKO\" \/>\n<meta property=\"og:url\" content=\"https:\/\/eu.iko.com\/fr\/systemes-liquides\/produits-de-construction\/applications-diverses\/\" \/>\n<meta property=\"og:site_name\" content=\"IKO\" \/>\n<meta property=\"article:publisher\" content=\"https:\/\/www.facebook.com\/IKOwaterproofingandinsulation\/\" \/>\n<meta property=\"article:modified_time\" content=\"2023-10-12T09:53:10+00:00\" \/>\n<meta property=\"og:image\" content=\"https:\/\/eu.iko.com\/wp-content\/uploads\/2024\/03\/emailheader.jpg\" \/>\n\t<meta property=\"og:image:width\" content=\"600\" \/>\n\t<meta property=\"og:image:height\" content=\"200\" \/>\n\t<meta property=\"og:image:type\" content=\"image\/jpeg\" \/>\n<meta name=\"twitter:card\" content=\"summary_large_image\" \/>\n<script type=\"application\/ld+json\" class=\"yoast-schema-graph\">{\"@context\":\"https:\/\/schema.org\",\"@graph\":[{\"@type\":\"WebPage\",\"@id\":\"https:\/\/eu.iko.com\/fr\/systemes-liquides\/produits-de-construction\/applications-diverses\/\",\"url\":\"https:\/\/eu.iko.com\/fr\/systemes-liquides\/produits-de-construction\/applications-diverses\/\",\"name\":\"Applications diverses | IKO\",\"isPartOf\":{\"@id\":\"https:\/\/eu.iko.com\/fr\/#website\"},\"datePublished\":\"2023-06-13T13:27:57+00:00\",\"dateModified\":\"2023-10-12T09:53:10+00:00\",\"breadcrumb\":{\"@id\":\"https:\/\/eu.iko.com\/fr\/systemes-liquides\/produits-de-construction\/applications-diverses\/#breadcrumb\"},\"inLanguage\":\"fr-BE\",\"potentialAction\":[{\"@type\":\"ReadAction\",\"target\":[\"https:\/\/eu.iko.com\/fr\/systemes-liquides\/produits-de-construction\/applications-diverses\/\"]}]},{\"@type\":\"BreadcrumbList\",\"@id\":\"https:\/\/eu.iko.com\/fr\/systemes-liquides\/produits-de-construction\/applications-diverses\/#breadcrumb\",\"itemListElement\":[{\"@type\":\"ListItem\",\"position\":1,\"name\":\"Home\",\"item\":\"https:\/\/eu.iko.com\/fr\/\"},{\"@type\":\"ListItem\",\"position\":2,\"name\":\"Syst\u00e8mes liquides\",\"item\":\"https:\/\/eu.iko.com\/fr\/systemes-liquides\/\"},{\"@type\":\"ListItem\",\"position\":3,\"name\":\"Produits de construction liquides\",\"item\":\"https:\/\/eu.iko.com\/fr\/systemes-liquides\/produits-de-construction\/\"},{\"@type\":\"ListItem\",\"position\":4,\"name\":\"Applications diverses\"}]},{\"@type\":\"WebSite\",\"@id\":\"https:\/\/eu.iko.com\/fr\/#website\",\"url\":\"https:\/\/eu.iko.com\/fr\/\",\"name\":\"IKO Waterproofing & Insulation\",\"description\":\"Dakdichting, waterdichting en isolatie\",\"publisher\":{\"@id\":\"https:\/\/eu.iko.com\/fr\/#organization\"},\"potentialAction\":[{\"@type\":\"SearchAction\",\"target\":{\"@type\":\"EntryPoint\",\"urlTemplate\":\"https:\/\/eu.iko.com\/fr\/?s={search_term_string}\"},\"query-input\":{\"@type\":\"PropertyValueSpecification\",\"valueRequired\":true,\"valueName\":\"search_term_string\"}}],\"inLanguage\":\"fr-BE\"},{\"@type\":\"Organization\",\"@id\":\"https:\/\/eu.iko.com\/fr\/#organization\",\"name\":\"IKO Waterproofing & Insulation\",\"url\":\"https:\/\/eu.iko.com\/fr\/\",\"logo\":{\"@type\":\"ImageObject\",\"inLanguage\":\"fr-BE\",\"@id\":\"https:\/\/eu.iko.com\/fr\/#\/schema\/logo\/image\/\",\"url\":\"https:\/\/eu.iko.com\/wp-content\/uploads\/2024\/03\/emailheader.jpg\",\"contentUrl\":\"https:\/\/eu.iko.com\/wp-content\/uploads\/2024\/03\/emailheader.jpg\",\"width\":600,\"height\":200,\"caption\":\"IKO Waterproofing & Insulation\"},\"image\":{\"@id\":\"https:\/\/eu.iko.com\/fr\/#\/schema\/logo\/image\/\"},\"sameAs\":[\"https:\/\/www.facebook.com\/IKOwaterproofingandinsulation\/\",\"https:\/\/www.linkedin.com\/company\/iko-waterproofingandinsulation\/\",\"https:\/\/www.instagram.com\/iko_waterproofing_insulation\/\",\"https:\/\/www.youtube.com\/channel\/UCb6EjYDrbNjJJM0EeZHQHcg\"]}]}<\/script>\n<!-- \/ Yoast SEO plugin. -->","yoast_head_json":{"title":"Applications diverses | IKO","robots":{"index":"index","follow":"follow","max-snippet":"max-snippet:-1","max-image-preview":"max-image-preview:large","max-video-preview":"max-video-preview:-1"},"canonical":"https:\/\/eu.iko.com\/fr\/systemes-liquides\/produits-de-construction\/applications-diverses\/","og_locale":"fr_FR","og_type":"article","og_title":"Applications diverses | IKO","og_url":"https:\/\/eu.iko.com\/fr\/systemes-liquides\/produits-de-construction\/applications-diverses\/","og_site_name":"IKO","article_publisher":"https:\/\/www.facebook.com\/IKOwaterproofingandinsulation\/","article_modified_time":"2023-10-12T09:53:10+00:00","og_image":[{"width":600,"height":200,"url":"https:\/\/eu.iko.com\/wp-content\/uploads\/2024\/03\/emailheader.jpg","type":"image\/jpeg"}],"twitter_card":"summary_large_image","schema":{"@context":"https:\/\/schema.org","@graph":[{"@type":"WebPage","@id":"https:\/\/eu.iko.com\/fr\/systemes-liquides\/produits-de-construction\/applications-diverses\/","url":"https:\/\/eu.iko.com\/fr\/systemes-liquides\/produits-de-construction\/applications-diverses\/","name":"Applications diverses | IKO","isPartOf":{"@id":"https:\/\/eu.iko.com\/fr\/#website"},"datePublished":"2023-06-13T13:27:57+00:00","dateModified":"2023-10-12T09:53:10+00:00","breadcrumb":{"@id":"https:\/\/eu.iko.com\/fr\/systemes-liquides\/produits-de-construction\/applications-diverses\/#breadcrumb"},"inLanguage":"fr-BE","potentialAction":[{"@type":"ReadAction","target":["https:\/\/eu.iko.com\/fr\/systemes-liquides\/produits-de-construction\/applications-diverses\/"]}]},{"@type":"BreadcrumbList","@id":"https:\/\/eu.iko.com\/fr\/systemes-liquides\/produits-de-construction\/applications-diverses\/#breadcrumb","itemListElement":[{"@type":"ListItem","position":1,"name":"Home","item":"https:\/\/eu.iko.com\/fr\/"},{"@type":"ListItem","position":2,"name":"Syst\u00e8mes liquides","item":"https:\/\/eu.iko.com\/fr\/systemes-liquides\/"},{"@type":"ListItem","position":3,"name":"Produits de construction liquides","item":"https:\/\/eu.iko.com\/fr\/systemes-liquides\/produits-de-construction\/"},{"@type":"ListItem","position":4,"name":"Applications diverses"}]},{"@type":"WebSite","@id":"https:\/\/eu.iko.com\/fr\/#website","url":"https:\/\/eu.iko.com\/fr\/","name":"IKO Waterproofing & Insulation","description":"Dakdichting, waterdichting en isolatie","publisher":{"@id":"https:\/\/eu.iko.com\/fr\/#organization"},"potentialAction":[{"@type":"SearchAction","target":{"@type":"EntryPoint","urlTemplate":"https:\/\/eu.iko.com\/fr\/?s={search_term_string}"},"query-input":{"@type":"PropertyValueSpecification","valueRequired":true,"valueName":"search_term_string"}}],"inLanguage":"fr-BE"},{"@type":"Organization","@id":"https:\/\/eu.iko.com\/fr\/#organization","name":"IKO Waterproofing & Insulation","url":"https:\/\/eu.iko.com\/fr\/","logo":{"@type":"ImageObject","inLanguage":"fr-BE","@id":"https:\/\/eu.iko.com\/fr\/#\/schema\/logo\/image\/","url":"https:\/\/eu.iko.com\/wp-content\/uploads\/2024\/03\/emailheader.jpg","contentUrl":"https:\/\/eu.iko.com\/wp-content\/uploads\/2024\/03\/emailheader.jpg","width":600,"height":200,"caption":"IKO Waterproofing & Insulation"},"image":{"@id":"https:\/\/eu.iko.com\/fr\/#\/schema\/logo\/image\/"},"sameAs":["https:\/\/www.facebook.com\/IKOwaterproofingandinsulation\/","https:\/\/www.linkedin.com\/company\/iko-waterproofingandinsulation\/","https:\/\/www.instagram.com\/iko_waterproofing_insulation\/","https:\/\/www.youtube.com\/channel\/UCb6EjYDrbNjJJM0EeZHQHcg"]}]}},"_links":{"self":[{"href":"https:\/\/eu.iko.com\/fr\/wp-json\/wp\/v2\/pages\/29083","targetHints":{"allow":["GET"]}}],"collection":[{"href":"https:\/\/eu.iko.com\/fr\/wp-json\/wp\/v2\/pages"}],"about":[{"href":"https:\/\/eu.iko.com\/fr\/wp-json\/wp\/v2\/types\/page"}],"author":[{"embeddable":true,"href":"https:\/\/eu.iko.com\/fr\/wp-json\/wp\/v2\/users\/1"}],"replies":[{"embeddable":true,"href":"https:\/\/eu.iko.com\/fr\/wp-json\/wp\/v2\/comments?post=29083"}],"version-history":[{"count":0,"href":"https:\/\/eu.iko.com\/fr\/wp-json\/wp\/v2\/pages\/29083\/revisions"}],"up":[{"embeddable":true,"href":"https:\/\/eu.iko.com\/fr\/wp-json\/wp\/v2\/pages\/29081"}],"wp:attachment":[{"href":"https:\/\/eu.iko.com\/fr\/wp-json\/wp\/v2\/media?parent=29083"}],"wp:term":[{"taxonomy":"taxonomy_divisions","embeddable":true,"href":"https:\/\/eu.iko.com\/fr\/wp-json\/wp\/v2\/taxonomy_divisions?post=29083"}],"curies":[{"name":"wp","href":"https:\/\/api.w.org\/{rel}","templated":true}]}}