{"id":29251,"date":"2023-01-13T07:46:57","date_gmt":"2023-01-13T07:46:57","guid":{"rendered":"https:\/\/iko.website-in-progress.be\/jobs\/"},"modified":"2024-06-04T08:37:34","modified_gmt":"2024-06-04T08:37:34","slug":"postes-vacants","status":"publish","type":"page","link":"https:\/\/eu.iko.com\/fr\/postes-vacants\/","title":{"rendered":"Postes vacants"},"content":{"rendered":"\n<div class=\"wp-block-jetpack-layout-grid column1-desktop-grid__span-9 column1-desktop-grid__row-1 column2-desktop-grid__span-3 column2-desktop-grid__start-10 column2-desktop-grid__row-1 column1-tablet-grid__span-4 column1-tablet-grid__row-1 column2-tablet-grid__span-4 column2-tablet-grid__start-5 column2-tablet-grid__row-1 column1-mobile-grid__span-4 column1-mobile-grid__row-1 column2-mobile-grid__span-4 column2-mobile-grid__row-2\">\n<div class=\"wp-block-jetpack-layout-grid-column wp-block-jetpack-layout-grid__padding-none\">    <div class=\"pt-15 pb-15 \" id=\"block_dd999a573a47fe7558e991eee0c66816\">\n        <div class=\"container\">            <div class=\"block block-heading text-left\" data-aos=\"fade-up\">\n                <h3 class=\"h2 text-dark mb-0\">IKO est toujours \u00e0 la recherche de <span>talents de haut niveau<\/span> !<\/h3>\n            <\/div>\n        <\/div>\n    <\/div>\n\n\n<div class=\"block block-editor pt-15 pb-15 \" id=\"block_84a00090e1a488339302ca8112100da1\">\n    <div class=\"container\">        <div class=\"row\">\n            <div class=\"col-12\" data-aos=\"fade-up\">\n                <p>Chez IKO, les personnes sont la ressource la plus importante\u00a0! Une organisation horizontale, plate et flexible, o\u00f9 chacun peut saisir les opportunit\u00e9s qui s&#8217;offrent \u00e0 lui chaque jour\u00a0: telles sont nos priorit\u00e9s. Nos 6 valeurs fondamentales font de notre organisation un lieu de travail o\u00f9 les gens se sentent bien\u00a0: partage des connaissances, int\u00e9grit\u00e9, long terme, performance, humilit\u00e9 et agilit\u00e9. Vous vous reconnaissez dans ces valeurs et l&#8217;un des postes ci-dessous vous attire\u00a0? N\u2019h\u00e9sitez pas \u00e0 nous contacter. Nous sommes \u00e0 votre \u00e9coute\u00a0!<\/p>\n            <\/div>\n        <\/div>\n    <\/div><\/div><\/div>\n\n\n\n<div class=\"wp-block-jetpack-layout-grid-column wp-block-jetpack-layout-grid__padding-none\"><\/div>\n<\/div>\n\n\n\n<div class=\"wp-block-jetpack-layout-grid column1-desktop-grid__span-12 column1-desktop-grid__row-1 column1-tablet-grid__span-8 column1-tablet-grid__row-1 column1-mobile-grid__span-4 column1-mobile-grid__row-1\">\n<div class=\"wp-block-jetpack-layout-grid-column wp-block-jetpack-layout-grid__padding-none\">\n<section class=\"block b-post-grid pt-0 pb-30 pb-md-50 pb-lg-70 pb-xl-80 \" id=\"block_e61a624e5dcfe55b931b2b06f37c5b86\">\n<div class=\"container\">\n\n            <div class=\"row mb-20 mb-md-30 mb-lg-40\" data-aos=\"fade-up\">\n            <div class=\"col-12\">\n                <h2> <\/h2>\n            <\/div>\n        <\/div>\n     \n    \n    <div class=\"row c-filter__animation_obj-wrapper c-filter__cpt_vacancy\" data-aos=\"fade-up\">\n                    \n                            \n<div class=\"c-filter__animation_obj c-filter__blog cpt_vacancy shadow d-flex flex-column\">\n    <a href=\"https:\/\/eu.iko.com\/fr\/vacancy\/antwerpen-belgie\/procesoperator-dakrollen\/\" class=\"bg-white text-dark d-flex flex-column flex-grow-1 p-20 p-md-30\">\n\n        <h3 class=\"text-dark font-weight-bold mb-15\">\n            Procesoperator Dakrollen        <\/h3>\n\n                    <div class=\"d-flex flex-row mb-20\">\n                                                            <span class=\"badge badge-white order-first mr-10 text-muted\">\n                            <i class=\"fas fa-map-marker-alt fa-lg text-primary mr-10\"><\/i>\n                            Antwerpen &#8211; Belgi\u00eb                        <\/span>\n                                                <\/div>\n        \n    <\/a>\n<\/div>                                \n                            \n<div class=\"c-filter__animation_obj c-filter__blog cpt_vacancy shadow d-flex flex-column\">\n    <a href=\"https:\/\/eu.iko.com\/fr\/vacancy\/antwerpen-belgie\/mixing-operator-dakrollen\/\" class=\"bg-white text-dark d-flex flex-column flex-grow-1 p-20 p-md-30\">\n\n        <h3 class=\"text-dark font-weight-bold mb-15\">\n            Mixing Operator Dakrollen        <\/h3>\n\n                    <div class=\"d-flex flex-row mb-20\">\n                                                            <span class=\"badge badge-white order-first mr-10 text-muted\">\n                            <i class=\"fas fa-map-marker-alt fa-lg text-primary mr-10\"><\/i>\n                            Antwerpen &#8211; Belgi\u00eb                        <\/span>\n                                                <\/div>\n        \n    <\/a>\n<\/div>                        <\/div>\n\n        \n    \n<\/div>\n<\/section>\n\n\n<section class=\"block-actions pt-0 pb-0 \" data-aos=\"fade-up\" id=\"block_463e138cb6d156bcfe6b2a2d6035a7b5\">\n    <div class=\"container\">        <div class=\"row\">\n                                            <div class=\"col-12 col-md-6 col-md-6 mb-30\" data-aos=\"fade-up\">\n                    <div class=\"d-flex flex-column bg-white h-100 p-20 p-lg-30 p-xl-40 block-actions__single\" style=\"background-image: url('');\">\n                                                <h3 class=\" text-dark mb-15 mb-lg-20 block-actions__single-text\">Candidatures spontan\u00e9es<\/h3>\n                                                    <div class=\"flex-grow-1 mb-10 mb-lg-15 block-actions__single-description\">Envoyez votre CV et votre lettre de motivation \u00e0 Annik Van Looy, notre HR Manager, afin que nous puissions vous contacter de mani\u00e8re proactive si votre candidature entre en ligne de compte pour un nouveau poste.<\/div>\n                                                                            <div class=\"block-actions__single-button\">\n                                <a href=\"mailto:annik.vanlooy@iko.com\" class=\"btn btn-primary\" target=\"\">Envoyez un mail \u00e0 annik.vanlooy@iko.com<\/a>\n                            <\/div>\n                                            <\/div>\n                <\/div>\n                                            <div class=\"col-12 col-md-6 col-md-6 mb-30\" data-aos=\"fade-up\">\n                    <div class=\"d-flex flex-column bg-white h-100 p-20 p-lg-30 p-xl-40 block-actions__single\" style=\"background-image: url('');\">\n                                                <h3 class=\" text-dark mb-15 mb-lg-20 block-actions__single-text\">Tous les postes vacants en Europe<\/h3>\n                                                    <div class=\"flex-grow-1 mb-10 mb-lg-15 block-actions__single-description\">Si vous souhaitez travailler sur un autre site europ\u00e9en d&#8217;IKO, consultez notre site de carri\u00e8res internationales.<\/div>\n                                                                            <div class=\"block-actions__single-button\">\n                                <a href=\"https:\/\/eucareers.iko.com\/\" class=\"btn btn-primary\" target=\"_blank\">Voir tous les postes vacants sur eucareers.iko.com<\/a>\n                            <\/div>\n                                            <\/div>\n                <\/div>\n                    <\/div>\n    <\/div><\/section><\/div>\n<\/div>\n\n\n    <div class=\"pt-40 pt-md-60 pt-lg-80 pt-xl-90 pb-40 pb-md-60 pb-lg-80 pb-xl-90 \" id=\"block_7bb98d2ad5056586032dd0a81e31e83c\">\n        <div class=\"container\">            <div class=\"block block-heading text-center\" data-aos=\"fade-up\">\n                <h3 class=\"h2 text-secondary mb-0\">As a company we enjoy <br>bringing the best out of our people!<\/h3>\n            <\/div>\n        <\/div>\n    <\/div>\n\n    <div class=\"pt-40 pt-md-60 pt-lg-80 pt-xl-90 pb-15 bg-light pb-30\" id=\"block_192947f52783508ae67ba0b339e3e0ea\">\n        <div class=\"container\">            <div class=\"block block-heading text-left\" data-aos=\"fade-up\">\n                <h3 class=\"h2 text-dark mb-0\">Rencontrez d\u00e9j\u00e0 vos <span>futurs coll\u00e8gues<\/span><\/h3>\n            <\/div>\n        <\/div>\n    <\/div>\n\n\n<section class=\"block-testimonials pt-0 pb-20 pb-md-30 pb-lg-40 pb-xl-60  bg-light\" data-aos=\"fade-up\" id=\"block_12e8f33229cb71d04dce4c1a22f13074\">\n    <div class=\"container\">\n        <div class=\"row\">\n                                            <div class=\"col-12 col-md-6 mb-50\" data-aos=\"fade-up\">\n                    <div class=\"bg-white h-100 p-20 p-lg-30 p-xl-40 block-testimonials__single\">\n                        <div class=\"row\">\n                            <div class=\"col-8 pr-15 pr-lg-25 pr-xl-45 d-flex flex-column block-testimonials__single-content\">\n                                                                    <div class=\"flex-grow-1 mb-10 mb-lg-15 block-testimonials__single-text\"><p>Au cours des dix derni\u00e8res ann\u00e9es, j&#8217;ai b\u00e9n\u00e9fici\u00e9 d&#8217;un excellent environnement de travail au sein du service comptable d&#8217;IKO. La vue magnifique et les bons coll\u00e8gues en font un lieu de travail id\u00e9al. Notre r\u00f4le de moteur de l&#8217;entreprise rend les choses encore plus sp\u00e9ciales. Et bien entendu, les grands \u00e9v\u00e9nements d&#8217;IKO sont particuli\u00e8rement agr\u00e9ables.<\/p>\n<\/div>\n                                                                                                    <div class=\"block-testimonials__single-label font-weight-bold pt-15\">Anja Hermans, membre de l&#8217;\u00e9quipe comptable d&#8217;IKO depuis 10 ans<\/div>\n                                                            <\/div>\n                            <div class=\"col-4 block-testimonials__single-image\">\n                                                                    <img decoding=\"async\" src=\"https:\/\/eu.iko.com\/wp-content\/uploads\/2023\/08\/Anja-e1693203728230.webp\" alt=\"\" class=\"img-fluid\">\n                                                            <\/div>\n                        <\/div>\n                        <div class=\"triangle\"><\/div>\n                    <\/div>\n                <\/div>\n                                            <div class=\"col-12 col-md-6 mb-50\" data-aos=\"fade-up\">\n                    <div class=\"bg-white h-100 p-20 p-lg-30 p-xl-40 block-testimonials__single\">\n                        <div class=\"row\">\n                            <div class=\"col-8 pr-15 pr-lg-25 pr-xl-45 d-flex flex-column block-testimonials__single-content\">\n                                                                    <div class=\"flex-grow-1 mb-10 mb-lg-15 block-testimonials__single-text\"><p>Le m\u00e9tier de clarkiste me donne la libert\u00e9 que je recherche dans ma profession. En outre, je fais partie d&#8217;une \u00e9quipe o\u00f9 j&#8217;ai d\u2019excellents contacts sociaux et qui se distingue par un fort esprit d&#8217;\u00e9quipe. Une \u00e9quipe de haut niveau donne un travail de haut niveau\u00a0!<\/p>\n<\/div>\n                                                                                                    <div class=\"block-testimonials__single-label font-weight-bold pt-15\">Bart De Vijlder, depuis 24 ans chez IKO<\/div>\n                                                            <\/div>\n                            <div class=\"col-4 block-testimonials__single-image\">\n                                                                    <img decoding=\"async\" src=\"https:\/\/eu.iko.com\/wp-content\/uploads\/2023\/08\/Bart-e1693204000980.webp\" alt=\"\" class=\"img-fluid\">\n                                                            <\/div>\n                        <\/div>\n                        <div class=\"triangle\"><\/div>\n                    <\/div>\n                <\/div>\n                    <\/div>\n    <\/div>\n<\/section>","protected":false},"excerpt":{"rendered":"","protected":false},"author":1,"featured_media":0,"parent":0,"menu_order":0,"comment_status":"closed","ping_status":"closed","template":"","meta":{"_acf_changed":false,"footnotes":""},"taxonomy_divisions":[],"class_list":["post-29251","page","type-page","status-publish","hentry"],"acf":[],"yoast_head":"<!-- This site is optimized with the Yoast SEO plugin v27.3 - https:\/\/yoast.com\/product\/yoast-seo-wordpress\/ -->\n<title>Postes vacants | IKO<\/title>\n<meta name=\"robots\" content=\"index, follow, max-snippet:-1, max-image-preview:large, max-video-preview:-1\" \/>\n<link rel=\"canonical\" href=\"https:\/\/eu.iko.com\/fr\/postes-vacants\/\" \/>\n<meta property=\"og:locale\" content=\"fr_FR\" \/>\n<meta property=\"og:type\" content=\"article\" \/>\n<meta property=\"og:title\" content=\"Postes vacants | IKO\" \/>\n<meta property=\"og:url\" content=\"https:\/\/eu.iko.com\/fr\/postes-vacants\/\" \/>\n<meta property=\"og:site_name\" content=\"IKO\" \/>\n<meta property=\"article:publisher\" content=\"https:\/\/www.facebook.com\/IKOwaterproofingandinsulation\/\" \/>\n<meta property=\"article:modified_time\" content=\"2024-06-04T08:37:34+00:00\" \/>\n<meta property=\"og:image\" content=\"https:\/\/eu.iko.com\/wp-content\/uploads\/2024\/03\/emailheader.jpg\" \/>\n\t<meta property=\"og:image:width\" content=\"600\" \/>\n\t<meta property=\"og:image:height\" content=\"200\" \/>\n\t<meta property=\"og:image:type\" content=\"image\/jpeg\" \/>\n<meta name=\"twitter:card\" content=\"summary_large_image\" \/>\n<script type=\"application\/ld+json\" class=\"yoast-schema-graph\">{\"@context\":\"https:\\\/\\\/schema.org\",\"@graph\":[{\"@type\":\"WebPage\",\"@id\":\"https:\\\/\\\/eu.iko.com\\\/fr\\\/postes-vacants\\\/\",\"url\":\"https:\\\/\\\/eu.iko.com\\\/fr\\\/postes-vacants\\\/\",\"name\":\"Postes vacants | IKO\",\"isPartOf\":{\"@id\":\"https:\\\/\\\/eu.iko.com\\\/fr\\\/#website\"},\"datePublished\":\"2023-01-13T07:46:57+00:00\",\"dateModified\":\"2024-06-04T08:37:34+00:00\",\"breadcrumb\":{\"@id\":\"https:\\\/\\\/eu.iko.com\\\/fr\\\/postes-vacants\\\/#breadcrumb\"},\"inLanguage\":\"fr-BE\",\"potentialAction\":[{\"@type\":\"ReadAction\",\"target\":[\"https:\\\/\\\/eu.iko.com\\\/fr\\\/postes-vacants\\\/\"]}]},{\"@type\":\"BreadcrumbList\",\"@id\":\"https:\\\/\\\/eu.iko.com\\\/fr\\\/postes-vacants\\\/#breadcrumb\",\"itemListElement\":[{\"@type\":\"ListItem\",\"position\":1,\"name\":\"Home\",\"item\":\"https:\\\/\\\/eu.iko.com\\\/fr\\\/\"},{\"@type\":\"ListItem\",\"position\":2,\"name\":\"Postes vacants\"}]},{\"@type\":\"WebSite\",\"@id\":\"https:\\\/\\\/eu.iko.com\\\/fr\\\/#website\",\"url\":\"https:\\\/\\\/eu.iko.com\\\/fr\\\/\",\"name\":\"IKO Waterproofing & Insulation\",\"description\":\"Dakdichting, waterdichting en isolatie\",\"publisher\":{\"@id\":\"https:\\\/\\\/eu.iko.com\\\/fr\\\/#organization\"},\"potentialAction\":[{\"@type\":\"SearchAction\",\"target\":{\"@type\":\"EntryPoint\",\"urlTemplate\":\"https:\\\/\\\/eu.iko.com\\\/fr\\\/?s={search_term_string}\"},\"query-input\":{\"@type\":\"PropertyValueSpecification\",\"valueRequired\":true,\"valueName\":\"search_term_string\"}}],\"inLanguage\":\"fr-BE\"},{\"@type\":\"Organization\",\"@id\":\"https:\\\/\\\/eu.iko.com\\\/fr\\\/#organization\",\"name\":\"IKO Waterproofing & Insulation\",\"url\":\"https:\\\/\\\/eu.iko.com\\\/fr\\\/\",\"logo\":{\"@type\":\"ImageObject\",\"inLanguage\":\"fr-BE\",\"@id\":\"https:\\\/\\\/eu.iko.com\\\/fr\\\/#\\\/schema\\\/logo\\\/image\\\/\",\"url\":\"https:\\\/\\\/eu.iko.com\\\/wp-content\\\/uploads\\\/2024\\\/03\\\/emailheader.jpg\",\"contentUrl\":\"https:\\\/\\\/eu.iko.com\\\/wp-content\\\/uploads\\\/2024\\\/03\\\/emailheader.jpg\",\"width\":600,\"height\":200,\"caption\":\"IKO Waterproofing & Insulation\"},\"image\":{\"@id\":\"https:\\\/\\\/eu.iko.com\\\/fr\\\/#\\\/schema\\\/logo\\\/image\\\/\"},\"sameAs\":[\"https:\\\/\\\/www.facebook.com\\\/IKOwaterproofingandinsulation\\\/\",\"https:\\\/\\\/www.linkedin.com\\\/company\\\/iko-waterproofingandinsulation\\\/\",\"https:\\\/\\\/www.instagram.com\\\/iko_waterproofing_insulation\\\/\",\"https:\\\/\\\/www.youtube.com\\\/channel\\\/UCb6EjYDrbNjJJM0EeZHQHcg\"]}]}<\/script>\n<!-- \/ Yoast SEO plugin. -->","yoast_head_json":{"title":"Postes vacants | IKO","robots":{"index":"index","follow":"follow","max-snippet":"max-snippet:-1","max-image-preview":"max-image-preview:large","max-video-preview":"max-video-preview:-1"},"canonical":"https:\/\/eu.iko.com\/fr\/postes-vacants\/","og_locale":"fr_FR","og_type":"article","og_title":"Postes vacants | IKO","og_url":"https:\/\/eu.iko.com\/fr\/postes-vacants\/","og_site_name":"IKO","article_publisher":"https:\/\/www.facebook.com\/IKOwaterproofingandinsulation\/","article_modified_time":"2024-06-04T08:37:34+00:00","og_image":[{"width":600,"height":200,"url":"https:\/\/eu.iko.com\/wp-content\/uploads\/2024\/03\/emailheader.jpg","type":"image\/jpeg"}],"twitter_card":"summary_large_image","schema":{"@context":"https:\/\/schema.org","@graph":[{"@type":"WebPage","@id":"https:\/\/eu.iko.com\/fr\/postes-vacants\/","url":"https:\/\/eu.iko.com\/fr\/postes-vacants\/","name":"Postes vacants | IKO","isPartOf":{"@id":"https:\/\/eu.iko.com\/fr\/#website"},"datePublished":"2023-01-13T07:46:57+00:00","dateModified":"2024-06-04T08:37:34+00:00","breadcrumb":{"@id":"https:\/\/eu.iko.com\/fr\/postes-vacants\/#breadcrumb"},"inLanguage":"fr-BE","potentialAction":[{"@type":"ReadAction","target":["https:\/\/eu.iko.com\/fr\/postes-vacants\/"]}]},{"@type":"BreadcrumbList","@id":"https:\/\/eu.iko.com\/fr\/postes-vacants\/#breadcrumb","itemListElement":[{"@type":"ListItem","position":1,"name":"Home","item":"https:\/\/eu.iko.com\/fr\/"},{"@type":"ListItem","position":2,"name":"Postes vacants"}]},{"@type":"WebSite","@id":"https:\/\/eu.iko.com\/fr\/#website","url":"https:\/\/eu.iko.com\/fr\/","name":"IKO Waterproofing & Insulation","description":"Dakdichting, waterdichting en isolatie","publisher":{"@id":"https:\/\/eu.iko.com\/fr\/#organization"},"potentialAction":[{"@type":"SearchAction","target":{"@type":"EntryPoint","urlTemplate":"https:\/\/eu.iko.com\/fr\/?s={search_term_string}"},"query-input":{"@type":"PropertyValueSpecification","valueRequired":true,"valueName":"search_term_string"}}],"inLanguage":"fr-BE"},{"@type":"Organization","@id":"https:\/\/eu.iko.com\/fr\/#organization","name":"IKO Waterproofing & Insulation","url":"https:\/\/eu.iko.com\/fr\/","logo":{"@type":"ImageObject","inLanguage":"fr-BE","@id":"https:\/\/eu.iko.com\/fr\/#\/schema\/logo\/image\/","url":"https:\/\/eu.iko.com\/wp-content\/uploads\/2024\/03\/emailheader.jpg","contentUrl":"https:\/\/eu.iko.com\/wp-content\/uploads\/2024\/03\/emailheader.jpg","width":600,"height":200,"caption":"IKO Waterproofing & Insulation"},"image":{"@id":"https:\/\/eu.iko.com\/fr\/#\/schema\/logo\/image\/"},"sameAs":["https:\/\/www.facebook.com\/IKOwaterproofingandinsulation\/","https:\/\/www.linkedin.com\/company\/iko-waterproofingandinsulation\/","https:\/\/www.instagram.com\/iko_waterproofing_insulation\/","https:\/\/www.youtube.com\/channel\/UCb6EjYDrbNjJJM0EeZHQHcg"]}]}},"_links":{"self":[{"href":"https:\/\/eu.iko.com\/fr\/wp-json\/wp\/v2\/pages\/29251","targetHints":{"allow":["GET"]}}],"collection":[{"href":"https:\/\/eu.iko.com\/fr\/wp-json\/wp\/v2\/pages"}],"about":[{"href":"https:\/\/eu.iko.com\/fr\/wp-json\/wp\/v2\/types\/page"}],"author":[{"embeddable":true,"href":"https:\/\/eu.iko.com\/fr\/wp-json\/wp\/v2\/users\/1"}],"replies":[{"embeddable":true,"href":"https:\/\/eu.iko.com\/fr\/wp-json\/wp\/v2\/comments?post=29251"}],"version-history":[{"count":0,"href":"https:\/\/eu.iko.com\/fr\/wp-json\/wp\/v2\/pages\/29251\/revisions"}],"wp:attachment":[{"href":"https:\/\/eu.iko.com\/fr\/wp-json\/wp\/v2\/media?parent=29251"}],"wp:term":[{"taxonomy":"taxonomy_divisions","embeddable":true,"href":"https:\/\/eu.iko.com\/fr\/wp-json\/wp\/v2\/taxonomy_divisions?post=29251"}],"curies":[{"name":"wp","href":"https:\/\/api.w.org\/{rel}","templated":true}]}}