{"id":35416,"date":"2023-02-10T13:57:27","date_gmt":"2023-02-10T13:57:27","guid":{"rendered":"https:\/\/iko.website-in-progress.be\/about-iko\/iko-en-topsport\/"},"modified":"2024-05-30T08:02:06","modified_gmt":"2024-05-30T08:02:06","slug":"iko-et-le-sport-de-haut-niveau","status":"publish","type":"page","link":"https:\/\/eu.iko.com\/fr\/about-iko\/iko-et-le-sport-de-haut-niveau\/","title":{"rendered":"IKO et le sport de haut niveau"},"content":{"rendered":"    <div class=\"pt-15 pb-15 \" id=\"block_a34f02355cfa58fc0935779c8bf2ab23\">\n        <div class=\"container\">            <div class=\"block block-heading text-left\" data-aos=\"fade-up\">\n                <h3 class=\"h2 text-dark mb-0\">IKO et <span>le sport de haut niveau<\/span>: Une passion partag\u00e9e pour l&#8217;excellence<\/h3>\n            <\/div>\n        <\/div>\n    <\/div>\n\n\n<div class=\"block block-editor pt-15 pb-15 \" id=\"block_3cc25df9c58966be5dafa15fc9327437\">\n    <div class=\"container\">        <div class=\"row\">\n            <div class=\"col-12\" data-aos=\"fade-up\">\n                <p data-sourcepos=\"3:1-3:55\">Chez IKO, notre engagement envers la qualit\u00e9 et l&#8217;innovation va au-del\u00e0 de nos solutions d&#8217;isolation et d&#8217;\u00e9tanch\u00e9it\u00e9 de premier plan.<br \/>\nNous sommes fiers de soutenir les meilleurs athl\u00e8tes en Europe qui partagent nos valeurs de d\u00e9vouement, de pers\u00e9v\u00e9rance et de qu\u00eate incessante d&#8217;excellence.<\/p>\n            <\/div>\n        <\/div>\n    <\/div><\/div>\n\n\n<div class=\"wp-block-jetpack-layout-grid column1-desktop-grid__span-6 column1-desktop-grid__row-1 column2-desktop-grid__span-4 column2-desktop-grid__start-8 column2-desktop-grid__row-1 column1-tablet-grid__span-4 column1-tablet-grid__row-1 column2-tablet-grid__span-4 column2-tablet-grid__start-5 column2-tablet-grid__row-1 column1-mobile-grid__span-4 column1-mobile-grid__row-1 column2-mobile-grid__span-4 column2-mobile-grid__row-2 wp-block-jetpack-layout-gutter__nowrap are-vertically-aligned-center\">\n<div class=\"wp-block-jetpack-layout-grid-column wp-block-jetpack-layout-grid__padding-none is-vertically-aligned-center\">    <div class=\"pt-15 pb-15 \" id=\"block_42480b9f9a8ab551e0c546ac2fa35008\">\n        <div class=\"container\">            <div class=\"block block-heading text-left\" data-aos=\"fade-up\">\n                <h3 class=\"h2 text-dark mb-0\">Des champions <span>sur la glace<\/span><\/h3>\n            <\/div>\n        <\/div>\n    <\/div>\n\n\n<div class=\"block block-editor pt-15 pb-15 \" id=\"block_c340ba3d825cded18ad80fb9ca47ee22\">\n    <div class=\"container\">        <div class=\"row\">\n            <div class=\"col-12\" data-aos=\"fade-up\">\n                <p data-sourcepos=\"7:1-7:107\">En tant que sponsor principal de <strong>Team IKO<\/strong>, nous alimentons les r\u00eaves de patineurs de classe mondiale dans leur qu\u00eate de l&#8217;or. Cette \u00e9quipe exceptionnelle comprend des champions olympiques et des m\u00e9daill\u00e9s tels que Bart Swings, Jorien ter Mors, Esmee Visser et Joy Beune, qui repoussent constamment les limites de leur sport.<\/p>\n            <\/div>\n        <\/div>\n    <\/div><\/div><\/div>\n\n\n\n<div class=\"wp-block-jetpack-layout-grid-column wp-block-jetpack-layout-grid__padding-none is-vertically-aligned-center\"><div class=\"block block-image pt-15 pt-md-20 pt-lg-30 pb-15 pb-md-20 pb-lg-30 \" id=\"block_a2bcad0971652a43546d0af666707b7e\">\n    <div class=\"container\">        <figure class=\"mx-auto\" style=\"max-width: px\" data-aos=\"fade-up\">\n            <img loading=\"lazy\" decoding=\"async\" width=\"979\" height=\"1033\" src=\"https:\/\/eu.iko.com\/wp-content\/uploads\/2024\/05\/IKO-en-topsport.webp\" class=\"img-fluid\" alt=\"\" title=\"IKO en topsport\" srcset=\"https:\/\/eu.iko.com\/wp-content\/uploads\/2024\/05\/IKO-en-topsport.webp 979w, https:\/\/eu.iko.com\/wp-content\/uploads\/2024\/05\/IKO-en-topsport-768x810.webp 768w, https:\/\/eu.iko.com\/wp-content\/uploads\/2024\/05\/IKO-en-topsport-290x306.webp 290w, https:\/\/eu.iko.com\/wp-content\/uploads\/2024\/05\/IKO-en-topsport-600x633.webp 600w, https:\/\/eu.iko.com\/wp-content\/uploads\/2024\/05\/IKO-en-topsport-800x844.webp 800w\" sizes=\"auto, (max-width: 979px) 100vw, 979px\" \/>        <\/figure>\n            <\/div><\/div><\/div>\n<\/div>\n\n\n<div style=\"background-color: #f3f3f3;\"><section class=\"block block-video-text pt-40 pt-md-50 pt-lg-60 pb-40 pb-md-50 pb-lg-60 \" id=\"block_fc29ee29e7188bf8468c1b14d4bdeabd\">\n    <div class=\"container video_text_right\">\n        <div class=\"row align-items-center\">\n            <div class=\"col-12 col-md-6 block-video-text__text order-2 px-sm-40 py-30 py-md-60 py-lg-80\" data-aos=\"fade-up\">\n                <h2 class=\"mb-40\">IKO <span>acad\u00e9mie de cyclo-cross et de cyclisme<\/span><\/h2>\n                <h3 class=\"\" data-sourcepos=\"9:1-9:30\">En route vers la victoire<\/h3>\n<p data-sourcepos=\"11:1-11:291\">Notre passion pour le cyclisme se manifeste par notre parrainage de l&#8217;\u00e9quipe cycliste <strong>Alpecin-Deceuninck<\/strong>, une puissance dans le monde du cyclo-cross et du cyclisme sur route. Nous soutenons des champions comme Mathieu van der Poel, Jasper Philipsen, S\u00f8ren Kragh Andersen et Quinten Hermans alors qu&#8217;ils surmontent des terrains difficiles et inspirent des fans du monde entier.<\/p>\n                            <\/div>\n            <div class=\"col-12 col-md-6 block-video-text__video order-1 \" data-aos=\"fade-up\">\n                <figure>\n                    <a class=\"block-video-text__video-play venobox\" data-autoplay=\"true\" data-vbtype=\"video\" href=\"https:\/\/www.youtube.com\/watch?v=X1-hcZGz2Y0\">\n                        <img loading=\"lazy\" decoding=\"async\" width=\"649\" height=\"392\" src=\"https:\/\/eu.iko.com\/wp-content\/uploads\/2023\/02\/iko-enertherm-en-topsport.jpeg\" class=\"attachment-uncropped size-uncropped\" alt=\"\" title=\"iko-enertherm-en-topsport\" srcset=\"https:\/\/eu.iko.com\/wp-content\/uploads\/2023\/02\/iko-enertherm-en-topsport.jpeg 649w, https:\/\/eu.iko.com\/wp-content\/uploads\/2023\/02\/iko-enertherm-en-topsport-290x175.jpeg 290w, https:\/\/eu.iko.com\/wp-content\/uploads\/2023\/02\/iko-enertherm-en-topsport-600x362.jpeg 600w\" sizes=\"auto, (max-width: 649px) 100vw, 649px\" \/>                    <\/a>\n                <\/figure>\n            <\/div>\n        <\/div>\n    <\/div>\n<\/section>\n<\/div>\n\n<section class=\"block block-image-text pt-40 pt-md-50 pt-lg-60 pb-40 pb-md-50 pb-lg-60  \" id=\"block_00bc05ba1c72d7f83521c94246566b87\">\n    <div class=\"container image_text_left\">\n        <div class=\"row align-items-center\">\n            <div class=\"col-12 col-sm-6 block-image-text__text  py-20 py-md-30 py-lg-40\" data-aos=\"fade-up\">\n                <h2 class=\"mb-40\">Promouvoir <span>l&#8217;inclusivit\u00e9<\/span> dans le sport<\/h2>\n                <p data-sourcepos=\"5:1-5:25\">Chez IKO, nous croyons au pouvoir du sport pour unir et \u00e9lever les gens de tous horizons. C&#8217;est pourquoi nous sommes fiers de soutenir <strong>Peter Genyn<\/strong>, un champion paralympique de course en fauteuil roulant qui incarne l&#8217;esprit de d\u00e9termination et de r\u00e9silience. Les r\u00e9alisations remarquables de Peter sur la piste sont une preuve de la puissance de l&#8217;esprit humain et de l&#8217;importance de cr\u00e9er un terrain de jeu \u00e9gal pour tous les athl\u00e8tes.<\/p>\n                <div class=\"mx-n10\">\n                                                        <\/div>\n            <\/div>\n            <div class=\"col-12 col-sm-6 text-center block-image-text__image   \" data-aos=\"fade-up\">\n                <img decoding=\"async\" src=\"https:\/\/eu.iko.com\/wp-content\/uploads\/2023\/05\/IKO-peter-genyn-strikes-again-1.webp\" alt=\"\" class=\"img-fluid h-100\">\n            <\/div>\n        <\/div>\n    <\/div>\n<\/section>\n\n\n<div style=\"background-color: #f3f3f3;\"><section class=\"block block-image-text pt-40 pt-md-50 pt-lg-60 pb-40 pb-md-50 pb-lg-60  \" id=\"block_3a20c4b94b845703176cf5b1cc8a24e2\">\n    <div class=\"container image_text_right\">\n        <div class=\"row align-items-center\">\n            <div class=\"col-12 col-sm-6 block-image-text__text order-2 px-sm-40 py-20 py-md-30 py-lg-40\" data-aos=\"fade-up\">\n                <h2 class=\"mb-40\">Une qu\u00eate partag\u00e9e de <span>grandeur<\/span><\/h2>\n                <p data-sourcepos=\"19:1-19:292\">Notre collaboration avec ces athl\u00e8tes et \u00e9quipes exceptionnels refl\u00e8te notre engagement ind\u00e9fectible envers la qualit\u00e9, l&#8217;innovation et la responsabilit\u00e9 sociale. Ensemble, nous nous effor\u00e7ons d&#8217;inspirer et d&#8217;autonomiser la prochaine g\u00e9n\u00e9ration de champions, tant sur le terrain qu&#8217;en dehors.<\/p>\n<p data-sourcepos=\"19:1-19:292\"><strong>C\u00e9l\u00e9brez avec nous le pouvoir du sport pour rassembler les gens et repousser les limites du potentiel humain.<\/strong><\/p>\n                <div class=\"mx-n10\">\n                                                        <\/div>\n            <\/div>\n            <div class=\"col-12 col-sm-6 text-center block-image-text__image order-1  \" data-aos=\"fade-up\">\n                <img decoding=\"async\" src=\"https:\/\/eu.iko.com\/wp-content\/uploads\/2024\/05\/Team-IKO-logo.webp\" alt=\"Team IKO logo\" class=\"img-fluid h-100\">\n            <\/div>\n        <\/div>\n    <\/div>\n<\/section>\n<\/div>","protected":false},"excerpt":{"rendered":"","protected":false},"author":1,"featured_media":0,"parent":19382,"menu_order":0,"comment_status":"closed","ping_status":"closed","template":"","meta":{"_acf_changed":false,"footnotes":""},"taxonomy_divisions":[],"class_list":["post-35416","page","type-page","status-publish","hentry"],"acf":[],"yoast_head":"<!-- This site is optimized with the Yoast SEO plugin v27.3 - https:\/\/yoast.com\/product\/yoast-seo-wordpress\/ -->\n<title>IKO et le sport de haut niveau | IKO<\/title>\n<meta name=\"robots\" content=\"index, follow, max-snippet:-1, max-image-preview:large, max-video-preview:-1\" \/>\n<link rel=\"canonical\" href=\"https:\/\/eu.iko.com\/fr\/about-iko\/iko-et-le-sport-de-haut-niveau\/\" \/>\n<meta property=\"og:locale\" content=\"fr_FR\" \/>\n<meta property=\"og:type\" content=\"article\" \/>\n<meta property=\"og:title\" content=\"IKO et le sport de haut niveau | IKO\" \/>\n<meta property=\"og:url\" content=\"https:\/\/eu.iko.com\/fr\/about-iko\/iko-et-le-sport-de-haut-niveau\/\" \/>\n<meta property=\"og:site_name\" content=\"IKO\" \/>\n<meta property=\"article:publisher\" content=\"https:\/\/www.facebook.com\/IKOwaterproofingandinsulation\/\" \/>\n<meta property=\"article:modified_time\" content=\"2024-05-30T08:02:06+00:00\" \/>\n<meta property=\"og:image\" content=\"https:\/\/eu.iko.com\/wp-content\/uploads\/2024\/03\/emailheader.jpg\" \/>\n\t<meta property=\"og:image:width\" content=\"600\" \/>\n\t<meta property=\"og:image:height\" content=\"200\" \/>\n\t<meta property=\"og:image:type\" content=\"image\/jpeg\" \/>\n<meta name=\"twitter:card\" content=\"summary_large_image\" \/>\n<script type=\"application\/ld+json\" class=\"yoast-schema-graph\">{\"@context\":\"https:\\\/\\\/schema.org\",\"@graph\":[{\"@type\":\"WebPage\",\"@id\":\"https:\\\/\\\/eu.iko.com\\\/fr\\\/about-iko\\\/iko-et-le-sport-de-haut-niveau\\\/\",\"url\":\"https:\\\/\\\/eu.iko.com\\\/fr\\\/about-iko\\\/iko-et-le-sport-de-haut-niveau\\\/\",\"name\":\"IKO et le sport de haut niveau | IKO\",\"isPartOf\":{\"@id\":\"https:\\\/\\\/eu.iko.com\\\/fr\\\/#website\"},\"datePublished\":\"2023-02-10T13:57:27+00:00\",\"dateModified\":\"2024-05-30T08:02:06+00:00\",\"breadcrumb\":{\"@id\":\"https:\\\/\\\/eu.iko.com\\\/fr\\\/about-iko\\\/iko-et-le-sport-de-haut-niveau\\\/#breadcrumb\"},\"inLanguage\":\"fr-BE\",\"potentialAction\":[{\"@type\":\"ReadAction\",\"target\":[\"https:\\\/\\\/eu.iko.com\\\/fr\\\/about-iko\\\/iko-et-le-sport-de-haut-niveau\\\/\"]}]},{\"@type\":\"BreadcrumbList\",\"@id\":\"https:\\\/\\\/eu.iko.com\\\/fr\\\/about-iko\\\/iko-et-le-sport-de-haut-niveau\\\/#breadcrumb\",\"itemListElement\":[{\"@type\":\"ListItem\",\"position\":1,\"name\":\"Home\",\"item\":\"https:\\\/\\\/eu.iko.com\\\/fr\\\/\"},{\"@type\":\"ListItem\",\"position\":2,\"name\":\"About IKO\",\"item\":\"https:\\\/\\\/eu.iko.com\\\/fr\\\/about-iko\\\/\"},{\"@type\":\"ListItem\",\"position\":3,\"name\":\"IKO et le sport de haut niveau\"}]},{\"@type\":\"WebSite\",\"@id\":\"https:\\\/\\\/eu.iko.com\\\/fr\\\/#website\",\"url\":\"https:\\\/\\\/eu.iko.com\\\/fr\\\/\",\"name\":\"IKO Waterproofing & Insulation\",\"description\":\"Dakdichting, waterdichting en isolatie\",\"publisher\":{\"@id\":\"https:\\\/\\\/eu.iko.com\\\/fr\\\/#organization\"},\"potentialAction\":[{\"@type\":\"SearchAction\",\"target\":{\"@type\":\"EntryPoint\",\"urlTemplate\":\"https:\\\/\\\/eu.iko.com\\\/fr\\\/?s={search_term_string}\"},\"query-input\":{\"@type\":\"PropertyValueSpecification\",\"valueRequired\":true,\"valueName\":\"search_term_string\"}}],\"inLanguage\":\"fr-BE\"},{\"@type\":\"Organization\",\"@id\":\"https:\\\/\\\/eu.iko.com\\\/fr\\\/#organization\",\"name\":\"IKO Waterproofing & Insulation\",\"url\":\"https:\\\/\\\/eu.iko.com\\\/fr\\\/\",\"logo\":{\"@type\":\"ImageObject\",\"inLanguage\":\"fr-BE\",\"@id\":\"https:\\\/\\\/eu.iko.com\\\/fr\\\/#\\\/schema\\\/logo\\\/image\\\/\",\"url\":\"https:\\\/\\\/eu.iko.com\\\/wp-content\\\/uploads\\\/2024\\\/03\\\/emailheader.jpg\",\"contentUrl\":\"https:\\\/\\\/eu.iko.com\\\/wp-content\\\/uploads\\\/2024\\\/03\\\/emailheader.jpg\",\"width\":600,\"height\":200,\"caption\":\"IKO Waterproofing & Insulation\"},\"image\":{\"@id\":\"https:\\\/\\\/eu.iko.com\\\/fr\\\/#\\\/schema\\\/logo\\\/image\\\/\"},\"sameAs\":[\"https:\\\/\\\/www.facebook.com\\\/IKOwaterproofingandinsulation\\\/\",\"https:\\\/\\\/www.linkedin.com\\\/company\\\/iko-waterproofingandinsulation\\\/\",\"https:\\\/\\\/www.instagram.com\\\/iko_waterproofing_insulation\\\/\",\"https:\\\/\\\/www.youtube.com\\\/channel\\\/UCb6EjYDrbNjJJM0EeZHQHcg\"]}]}<\/script>\n<!-- \/ Yoast SEO plugin. -->","yoast_head_json":{"title":"IKO et le sport de haut niveau | IKO","robots":{"index":"index","follow":"follow","max-snippet":"max-snippet:-1","max-image-preview":"max-image-preview:large","max-video-preview":"max-video-preview:-1"},"canonical":"https:\/\/eu.iko.com\/fr\/about-iko\/iko-et-le-sport-de-haut-niveau\/","og_locale":"fr_FR","og_type":"article","og_title":"IKO et le sport de haut niveau | IKO","og_url":"https:\/\/eu.iko.com\/fr\/about-iko\/iko-et-le-sport-de-haut-niveau\/","og_site_name":"IKO","article_publisher":"https:\/\/www.facebook.com\/IKOwaterproofingandinsulation\/","article_modified_time":"2024-05-30T08:02:06+00:00","og_image":[{"width":600,"height":200,"url":"https:\/\/eu.iko.com\/wp-content\/uploads\/2024\/03\/emailheader.jpg","type":"image\/jpeg"}],"twitter_card":"summary_large_image","schema":{"@context":"https:\/\/schema.org","@graph":[{"@type":"WebPage","@id":"https:\/\/eu.iko.com\/fr\/about-iko\/iko-et-le-sport-de-haut-niveau\/","url":"https:\/\/eu.iko.com\/fr\/about-iko\/iko-et-le-sport-de-haut-niveau\/","name":"IKO et le sport de haut niveau | IKO","isPartOf":{"@id":"https:\/\/eu.iko.com\/fr\/#website"},"datePublished":"2023-02-10T13:57:27+00:00","dateModified":"2024-05-30T08:02:06+00:00","breadcrumb":{"@id":"https:\/\/eu.iko.com\/fr\/about-iko\/iko-et-le-sport-de-haut-niveau\/#breadcrumb"},"inLanguage":"fr-BE","potentialAction":[{"@type":"ReadAction","target":["https:\/\/eu.iko.com\/fr\/about-iko\/iko-et-le-sport-de-haut-niveau\/"]}]},{"@type":"BreadcrumbList","@id":"https:\/\/eu.iko.com\/fr\/about-iko\/iko-et-le-sport-de-haut-niveau\/#breadcrumb","itemListElement":[{"@type":"ListItem","position":1,"name":"Home","item":"https:\/\/eu.iko.com\/fr\/"},{"@type":"ListItem","position":2,"name":"About IKO","item":"https:\/\/eu.iko.com\/fr\/about-iko\/"},{"@type":"ListItem","position":3,"name":"IKO et le sport de haut niveau"}]},{"@type":"WebSite","@id":"https:\/\/eu.iko.com\/fr\/#website","url":"https:\/\/eu.iko.com\/fr\/","name":"IKO Waterproofing & Insulation","description":"Dakdichting, waterdichting en isolatie","publisher":{"@id":"https:\/\/eu.iko.com\/fr\/#organization"},"potentialAction":[{"@type":"SearchAction","target":{"@type":"EntryPoint","urlTemplate":"https:\/\/eu.iko.com\/fr\/?s={search_term_string}"},"query-input":{"@type":"PropertyValueSpecification","valueRequired":true,"valueName":"search_term_string"}}],"inLanguage":"fr-BE"},{"@type":"Organization","@id":"https:\/\/eu.iko.com\/fr\/#organization","name":"IKO Waterproofing & Insulation","url":"https:\/\/eu.iko.com\/fr\/","logo":{"@type":"ImageObject","inLanguage":"fr-BE","@id":"https:\/\/eu.iko.com\/fr\/#\/schema\/logo\/image\/","url":"https:\/\/eu.iko.com\/wp-content\/uploads\/2024\/03\/emailheader.jpg","contentUrl":"https:\/\/eu.iko.com\/wp-content\/uploads\/2024\/03\/emailheader.jpg","width":600,"height":200,"caption":"IKO Waterproofing & Insulation"},"image":{"@id":"https:\/\/eu.iko.com\/fr\/#\/schema\/logo\/image\/"},"sameAs":["https:\/\/www.facebook.com\/IKOwaterproofingandinsulation\/","https:\/\/www.linkedin.com\/company\/iko-waterproofingandinsulation\/","https:\/\/www.instagram.com\/iko_waterproofing_insulation\/","https:\/\/www.youtube.com\/channel\/UCb6EjYDrbNjJJM0EeZHQHcg"]}]}},"_links":{"self":[{"href":"https:\/\/eu.iko.com\/fr\/wp-json\/wp\/v2\/pages\/35416","targetHints":{"allow":["GET"]}}],"collection":[{"href":"https:\/\/eu.iko.com\/fr\/wp-json\/wp\/v2\/pages"}],"about":[{"href":"https:\/\/eu.iko.com\/fr\/wp-json\/wp\/v2\/types\/page"}],"author":[{"embeddable":true,"href":"https:\/\/eu.iko.com\/fr\/wp-json\/wp\/v2\/users\/1"}],"replies":[{"embeddable":true,"href":"https:\/\/eu.iko.com\/fr\/wp-json\/wp\/v2\/comments?post=35416"}],"version-history":[{"count":0,"href":"https:\/\/eu.iko.com\/fr\/wp-json\/wp\/v2\/pages\/35416\/revisions"}],"up":[{"embeddable":true,"href":"https:\/\/eu.iko.com\/fr\/wp-json\/wp\/v2\/pages\/19382"}],"wp:attachment":[{"href":"https:\/\/eu.iko.com\/fr\/wp-json\/wp\/v2\/media?parent=35416"}],"wp:term":[{"taxonomy":"taxonomy_divisions","embeddable":true,"href":"https:\/\/eu.iko.com\/fr\/wp-json\/wp\/v2\/taxonomy_divisions?post=35416"}],"curies":[{"name":"wp","href":"https:\/\/api.w.org\/{rel}","templated":true}]}}