{"id":67239,"date":"2024-02-26T12:54:46","date_gmt":"2024-02-26T12:54:46","guid":{"rendered":"https:\/\/iko.website-in-progress.be\/isolatiepremies\/isolatiepremies-vlaanderen\/"},"modified":"2024-02-27T11:56:23","modified_gmt":"2024-02-27T11:56:23","slug":"les-primes-isolation-flandre","status":"publish","type":"page","link":"https:\/\/eu.iko.com\/fr\/isolatiepremies\/les-primes-isolation-flandre\/","title":{"rendered":"Les primes d\u2019isolation Flandre"},"content":{"rendered":"    <div class=\"pt-15 pb-15 \" id=\"block_65dc8b22f8bde\">\n        <div class=\"container\">            <div class=\"block block-heading text-left\" data-aos=\"fade-up\">\n                <h3 class=\"h2 text-dark mb-0\">Les primes d&#8217;isolation Frandre 2023-2025<\/h3>\n            <\/div>\n        <\/div>\n    <\/div>\n\n    <section class=\"pt-15 pb-15 \" id=\"block_65ddab0414d03\">\n        <div class=\"container\">            <div class=\"block block-table\" data-aos=\"fade-up\">\n                <table class=\"table table-striped\">\n\n                                            <thead class=\"thead-dark\">\n                            <tr>\n                                                                    <th scope=\"col\"><\/th>\n                                                                    <th scope=\"col\">2019<\/th>\n                                                                    <th scope=\"col\">2023-2025<\/th>\n                                                            <\/tr>\n                        <\/thead>\n                                        \n                    <tbody>\n                                                    <tr>\n                                                                    <td><b>Prime flamande pour les projets de r\u00e9novation collective\n\n<\/b><\/td>\n                                                                    <td>Pour 10 logements\n(dans la m\u00eame rue \/ commune),\nune prime de 400 EUR par logement<br>\n\u279d accompagnement par un chef de projet \/ coach en r\u00e9novation<\/td>\n                                                                    <td>Pour 10 logements\n(dans la m\u00eame rue \/ commune)\nune prime d\u2019accompagnement de 600 EUR par logement \n<br>\n\u279d accompagnement par un chef de projet \/ coach en r\u00e9novation<\/td>\n                                                            <\/tr>\n                                                    <tr>\n                                                                    <td><b>Bonus de r\u00e9novation totale pour les habitations existantes (BENO-pass)<\/b><\/td>\n                                                                    <td>Apr\u00e8s avoir r\u00e9alis\u00e9 3 investissements \u00e9conomisant de l\u2019\u00e9nergie dans une p\u00e9riode de 5 ans\n<br>\nInvestissement 3 : 1250 EUR\n<br>\nInvestissement 4 : +500 EUR\n<br>\nInvestissement 5\/6\/7 : +1000 EUR \u00e0 chaque fois<\/td>\n                                                                    <td>Apr\u00e8s la r\u00e9alisation de trois investissements \u00e9conomisant l\u2019\u00e9nergie dans un d\u00e9lai de cinq ans pour une maison individuelle, une prime est accord\u00e9e comme suit :\n<br>\nInvestissement 3 : 1250 EUR\n<br>\nInvestissement 4 : +500 EUR\n<br>\nInvestissement 5\/6\/7 : +1000 EUR \u00e0 chaque fois<\/td>\n                                                            <\/tr>\n                                                    <tr>\n                                                                    <td><b>Isolation des murs int\u00e9rieurs\n<\/b><\/td>\n                                                                    <td>R \u2265 2 m\u00b2K\/W\n<br>\n15 EUR\/m\u00b2 (prof)\n<br>\n\u279d accompagnement par un architecte\/entrepreneur<\/td>\n                                                                    <td>R \u2265 2 m\u00b2K\/W\n<br>\n15 EUR\/m\u00b2 (prof)\n<br>\n\u279d accompagnement par un architecte\/entrepreneur<\/td>\n                                                            <\/tr>\n                                                    <tr>\n                                                                    <td><b>Isolation des murs creux (isolation post\u00e9rieure)<\/b><\/td>\n                                                                    <td>\u00c9paisseur \u2265 5 cm\n<br>\n\u03bb \u2265 0,065 W\/mK\n<br>\n5 EUR\/m\u00b2 (prof)<\/td>\n                                                                    <td>\u00c9paisseur \u2265 5 cm\n<br>\n\u03bb \u2265 0,065 W\/mK\n<br>\n5 EUR\/m\u00b2 (prof)<\/td>\n                                                            <\/tr>\n                                                    <tr>\n                                                                    <td><b>Isolation du toit\n\n<\/b><\/td>\n                                                                    <td>R \u2265 4,5 m\u00b2K\/W\n<br>\n4 EUR\/m\u00b2 (prof)\n<br>\n2 EUR\/m\u00b2 (DHZ)<\/td>\n                                                                    <td>R \u2265 4,5 m\u00b2K\/W\n<br>\n8 EUR\/m\u00b2 (prof)\n<br>\n2 EUR\/m\u00b2 (DHZ)<\/td>\n                                                            <\/tr>\n                                                    <tr>\n                                                                    <td><b>Isolation des murs ext\u00e9rieurs\n\n<\/b><\/td>\n                                                                    <td>R \u2265 3 m\u00b2K\/W\n<br>\n15 EUR\/m\u00b2 (prof)<\/td>\n                                                                    <td>R \u2265 3 m\u00b2K\/W\n<br>\n30 EUR\/m\u00b2 (prof)<\/td>\n                                                            <\/tr>\n                                                    <tr>\n                                                                    <td><b>Isolation du sol\n\n<\/b><\/td>\n                                                                    <td>R \u2265 2 m\u00b2K\/W\n<br>\n6 EUR\/m\u00b2 (prof)<\/td>\n                                                                    <td>R \u2265 2 m\u00b2K\/W\n<br>\n6 EUR\/m\u00b2 (prof)<\/td>\n                                                            <\/tr>\n                                            <\/tbody>\n\n                <\/table>\n            <\/div>\n        <\/div>    <\/section>\n\n\n\n<div class=\"block block-editor pt-15 pb-15 \" id=\"block_65dc8b2ff8bdf\">\n    <div class=\"container\">        <div class=\"row\">\n            <div class=\"col-12\" data-aos=\"fade-up\">\n                <h3>Pour plus d\u2019informations concernant les conditions limites et les proc\u00e9dures de demande:<\/h3>\n<ul>\n<li><strong>VEA:<\/strong>\u00a0<a href=\"https:\/\/www.energiesparen.be\/\" target=\"_blank\" rel=\"noopener noreferrer\">www.energiesparen.be<\/a><\/li>\n<li><strong>Gestionnaire du r\u00e9seau:<\/strong>\u00a0<a href=\"https:\/\/www.eandis.be\/nl\/klant\/energie-besparen\/overzicht-premies\" target=\"_blank\" rel=\"noopener noreferrer\">www.eandis.be\/nl\/klant\/energie-besparen\/overzicht-premies<\/a>\u00a0\/\u00a0<a href=\"https:\/\/www.infrax.be\/nl\/Mijn-premies\/Premies\/Premie-overzicht\" target=\"_blank\" rel=\"noopener noreferrer\">www.infrax.be\/nl\/Mijn-premies\/Premies\/Premie-overzicht<\/a><\/li>\n<li><strong>Flandres:<\/strong>\u00a0<a href=\"https:\/\/www.wonenvlaanderen.be\/\" target=\"_blank\" rel=\"noopener noreferrer\">www.wonenvlaanderen.be<\/a><\/li>\n<\/ul>\n            <\/div>\n        <\/div>\n    <\/div><\/div>","protected":false},"excerpt":{"rendered":"","protected":false},"author":1,"featured_media":0,"parent":67234,"menu_order":0,"comment_status":"closed","ping_status":"closed","template":"","meta":{"_acf_changed":false,"footnotes":""},"taxonomy_divisions":[],"class_list":["post-67239","page","type-page","status-publish","hentry"],"acf":[],"yoast_head":"<!-- This site is optimized with the Yoast SEO plugin v27.0 - https:\/\/yoast.com\/product\/yoast-seo-wordpress\/ -->\n<title>Les primes d\u2019isolation Flandre | IKO<\/title>\n<meta name=\"robots\" content=\"index, follow, max-snippet:-1, max-image-preview:large, max-video-preview:-1\" \/>\n<link rel=\"canonical\" href=\"https:\/\/eu.iko.com\/fr\/isolatiepremies\/les-primes-isolation-flandre\/\" \/>\n<meta property=\"og:locale\" content=\"fr_FR\" \/>\n<meta property=\"og:type\" content=\"article\" \/>\n<meta property=\"og:title\" content=\"Les primes d\u2019isolation Flandre | IKO\" \/>\n<meta property=\"og:url\" content=\"https:\/\/eu.iko.com\/fr\/isolatiepremies\/les-primes-isolation-flandre\/\" \/>\n<meta property=\"og:site_name\" content=\"IKO\" \/>\n<meta property=\"article:publisher\" content=\"https:\/\/www.facebook.com\/IKOwaterproofingandinsulation\/\" \/>\n<meta property=\"article:modified_time\" content=\"2024-02-27T11:56:23+00:00\" \/>\n<meta property=\"og:image\" content=\"https:\/\/eu.iko.com\/wp-content\/uploads\/2024\/03\/emailheader.jpg\" \/>\n\t<meta property=\"og:image:width\" content=\"600\" \/>\n\t<meta property=\"og:image:height\" content=\"200\" \/>\n\t<meta property=\"og:image:type\" content=\"image\/jpeg\" \/>\n<meta name=\"twitter:card\" content=\"summary_large_image\" \/>\n<script type=\"application\/ld+json\" class=\"yoast-schema-graph\">{\"@context\":\"https:\/\/schema.org\",\"@graph\":[{\"@type\":\"WebPage\",\"@id\":\"https:\/\/eu.iko.com\/fr\/isolatiepremies\/les-primes-isolation-flandre\/\",\"url\":\"https:\/\/eu.iko.com\/fr\/isolatiepremies\/les-primes-isolation-flandre\/\",\"name\":\"Les primes d\u2019isolation Flandre | IKO\",\"isPartOf\":{\"@id\":\"https:\/\/eu.iko.com\/fr\/#website\"},\"datePublished\":\"2024-02-26T12:54:46+00:00\",\"dateModified\":\"2024-02-27T11:56:23+00:00\",\"breadcrumb\":{\"@id\":\"https:\/\/eu.iko.com\/fr\/isolatiepremies\/les-primes-isolation-flandre\/#breadcrumb\"},\"inLanguage\":\"fr-BE\",\"potentialAction\":[{\"@type\":\"ReadAction\",\"target\":[\"https:\/\/eu.iko.com\/fr\/isolatiepremies\/les-primes-isolation-flandre\/\"]}]},{\"@type\":\"BreadcrumbList\",\"@id\":\"https:\/\/eu.iko.com\/fr\/isolatiepremies\/les-primes-isolation-flandre\/#breadcrumb\",\"itemListElement\":[{\"@type\":\"ListItem\",\"position\":1,\"name\":\"Home\",\"item\":\"https:\/\/eu.iko.com\/fr\/\"},{\"@type\":\"ListItem\",\"position\":2,\"name\":\"Les primes d&#8217;isolation\",\"item\":\"https:\/\/eu.iko.com\/fr\/isolatiepremies\/\"},{\"@type\":\"ListItem\",\"position\":3,\"name\":\"Les primes d\u2019isolation Flandre\"}]},{\"@type\":\"WebSite\",\"@id\":\"https:\/\/eu.iko.com\/fr\/#website\",\"url\":\"https:\/\/eu.iko.com\/fr\/\",\"name\":\"IKO Waterproofing & Insulation\",\"description\":\"Dakdichting, waterdichting en isolatie\",\"publisher\":{\"@id\":\"https:\/\/eu.iko.com\/fr\/#organization\"},\"potentialAction\":[{\"@type\":\"SearchAction\",\"target\":{\"@type\":\"EntryPoint\",\"urlTemplate\":\"https:\/\/eu.iko.com\/fr\/?s={search_term_string}\"},\"query-input\":{\"@type\":\"PropertyValueSpecification\",\"valueRequired\":true,\"valueName\":\"search_term_string\"}}],\"inLanguage\":\"fr-BE\"},{\"@type\":\"Organization\",\"@id\":\"https:\/\/eu.iko.com\/fr\/#organization\",\"name\":\"IKO Waterproofing & Insulation\",\"url\":\"https:\/\/eu.iko.com\/fr\/\",\"logo\":{\"@type\":\"ImageObject\",\"inLanguage\":\"fr-BE\",\"@id\":\"https:\/\/eu.iko.com\/fr\/#\/schema\/logo\/image\/\",\"url\":\"https:\/\/eu.iko.com\/wp-content\/uploads\/2024\/03\/emailheader.jpg\",\"contentUrl\":\"https:\/\/eu.iko.com\/wp-content\/uploads\/2024\/03\/emailheader.jpg\",\"width\":600,\"height\":200,\"caption\":\"IKO Waterproofing & Insulation\"},\"image\":{\"@id\":\"https:\/\/eu.iko.com\/fr\/#\/schema\/logo\/image\/\"},\"sameAs\":[\"https:\/\/www.facebook.com\/IKOwaterproofingandinsulation\/\",\"https:\/\/www.linkedin.com\/company\/iko-waterproofingandinsulation\/\",\"https:\/\/www.instagram.com\/iko_waterproofing_insulation\/\",\"https:\/\/www.youtube.com\/channel\/UCb6EjYDrbNjJJM0EeZHQHcg\"]}]}<\/script>\n<!-- \/ Yoast SEO plugin. -->","yoast_head_json":{"title":"Les primes d\u2019isolation Flandre | IKO","robots":{"index":"index","follow":"follow","max-snippet":"max-snippet:-1","max-image-preview":"max-image-preview:large","max-video-preview":"max-video-preview:-1"},"canonical":"https:\/\/eu.iko.com\/fr\/isolatiepremies\/les-primes-isolation-flandre\/","og_locale":"fr_FR","og_type":"article","og_title":"Les primes d\u2019isolation Flandre | IKO","og_url":"https:\/\/eu.iko.com\/fr\/isolatiepremies\/les-primes-isolation-flandre\/","og_site_name":"IKO","article_publisher":"https:\/\/www.facebook.com\/IKOwaterproofingandinsulation\/","article_modified_time":"2024-02-27T11:56:23+00:00","og_image":[{"width":600,"height":200,"url":"https:\/\/eu.iko.com\/wp-content\/uploads\/2024\/03\/emailheader.jpg","type":"image\/jpeg"}],"twitter_card":"summary_large_image","schema":{"@context":"https:\/\/schema.org","@graph":[{"@type":"WebPage","@id":"https:\/\/eu.iko.com\/fr\/isolatiepremies\/les-primes-isolation-flandre\/","url":"https:\/\/eu.iko.com\/fr\/isolatiepremies\/les-primes-isolation-flandre\/","name":"Les primes d\u2019isolation Flandre | IKO","isPartOf":{"@id":"https:\/\/eu.iko.com\/fr\/#website"},"datePublished":"2024-02-26T12:54:46+00:00","dateModified":"2024-02-27T11:56:23+00:00","breadcrumb":{"@id":"https:\/\/eu.iko.com\/fr\/isolatiepremies\/les-primes-isolation-flandre\/#breadcrumb"},"inLanguage":"fr-BE","potentialAction":[{"@type":"ReadAction","target":["https:\/\/eu.iko.com\/fr\/isolatiepremies\/les-primes-isolation-flandre\/"]}]},{"@type":"BreadcrumbList","@id":"https:\/\/eu.iko.com\/fr\/isolatiepremies\/les-primes-isolation-flandre\/#breadcrumb","itemListElement":[{"@type":"ListItem","position":1,"name":"Home","item":"https:\/\/eu.iko.com\/fr\/"},{"@type":"ListItem","position":2,"name":"Les primes d&#8217;isolation","item":"https:\/\/eu.iko.com\/fr\/isolatiepremies\/"},{"@type":"ListItem","position":3,"name":"Les primes d\u2019isolation Flandre"}]},{"@type":"WebSite","@id":"https:\/\/eu.iko.com\/fr\/#website","url":"https:\/\/eu.iko.com\/fr\/","name":"IKO Waterproofing & Insulation","description":"Dakdichting, waterdichting en isolatie","publisher":{"@id":"https:\/\/eu.iko.com\/fr\/#organization"},"potentialAction":[{"@type":"SearchAction","target":{"@type":"EntryPoint","urlTemplate":"https:\/\/eu.iko.com\/fr\/?s={search_term_string}"},"query-input":{"@type":"PropertyValueSpecification","valueRequired":true,"valueName":"search_term_string"}}],"inLanguage":"fr-BE"},{"@type":"Organization","@id":"https:\/\/eu.iko.com\/fr\/#organization","name":"IKO Waterproofing & Insulation","url":"https:\/\/eu.iko.com\/fr\/","logo":{"@type":"ImageObject","inLanguage":"fr-BE","@id":"https:\/\/eu.iko.com\/fr\/#\/schema\/logo\/image\/","url":"https:\/\/eu.iko.com\/wp-content\/uploads\/2024\/03\/emailheader.jpg","contentUrl":"https:\/\/eu.iko.com\/wp-content\/uploads\/2024\/03\/emailheader.jpg","width":600,"height":200,"caption":"IKO Waterproofing & Insulation"},"image":{"@id":"https:\/\/eu.iko.com\/fr\/#\/schema\/logo\/image\/"},"sameAs":["https:\/\/www.facebook.com\/IKOwaterproofingandinsulation\/","https:\/\/www.linkedin.com\/company\/iko-waterproofingandinsulation\/","https:\/\/www.instagram.com\/iko_waterproofing_insulation\/","https:\/\/www.youtube.com\/channel\/UCb6EjYDrbNjJJM0EeZHQHcg"]}]}},"_links":{"self":[{"href":"https:\/\/eu.iko.com\/fr\/wp-json\/wp\/v2\/pages\/67239","targetHints":{"allow":["GET"]}}],"collection":[{"href":"https:\/\/eu.iko.com\/fr\/wp-json\/wp\/v2\/pages"}],"about":[{"href":"https:\/\/eu.iko.com\/fr\/wp-json\/wp\/v2\/types\/page"}],"author":[{"embeddable":true,"href":"https:\/\/eu.iko.com\/fr\/wp-json\/wp\/v2\/users\/1"}],"replies":[{"embeddable":true,"href":"https:\/\/eu.iko.com\/fr\/wp-json\/wp\/v2\/comments?post=67239"}],"version-history":[{"count":0,"href":"https:\/\/eu.iko.com\/fr\/wp-json\/wp\/v2\/pages\/67239\/revisions"}],"up":[{"embeddable":true,"href":"https:\/\/eu.iko.com\/fr\/wp-json\/wp\/v2\/pages\/67234"}],"wp:attachment":[{"href":"https:\/\/eu.iko.com\/fr\/wp-json\/wp\/v2\/media?parent=67239"}],"wp:term":[{"taxonomy":"taxonomy_divisions","embeddable":true,"href":"https:\/\/eu.iko.com\/fr\/wp-json\/wp\/v2\/taxonomy_divisions?post=67239"}],"curies":[{"name":"wp","href":"https:\/\/api.w.org\/{rel}","templated":true}]}}