{"id":67546,"date":"2024-02-27T12:59:53","date_gmt":"2024-02-27T12:59:53","guid":{"rendered":"https:\/\/iko.website-in-progress.be\/about-iko\/notre-vision-de-la-securite-incendie\/"},"modified":"2024-02-27T13:51:14","modified_gmt":"2024-02-27T13:51:14","slug":"notre-vision-de-la-securite-incendie","status":"publish","type":"page","link":"https:\/\/eu.iko.com\/fr\/about-iko\/notre-vision-de-la-securite-incendie\/","title":{"rendered":"Notre vision de la s\u00e9curit\u00e9 incendie"},"content":{"rendered":"<section class=\"block block-image-text  pb-40 pb-md-50 pb-lg-60 \" id=\"block_65dddcf6b6a83\">\n    <div class=\"container image_text_left\">\n        <div class=\"row align-items-center\">\n            <div class=\"col-12 col-sm-6 block-image-text__text  py-20 py-md-30 py-lg-40\" data-aos=\"fade-up\">\n                <h2 class=\"mb-40\">Notre vision de la <span>s\u00e9curit\u00e9 incendie<\/span><\/h2>\n                <p><strong>IKO accorde une grande importance \u00e0 l&#8217;utilisation s\u00fbre et conforme de ses produits d&#8217;isolation dans les applications de construction pr\u00e9vues. L&#8217;objectif de cette annexe est de vous conseiller, en tant qu\u2019auteur de projet, client ou entrepreneur en b\u00e2timent, sur l&#8217;\u00e9valuation correcte de la s\u00e9curit\u00e9 incendie des applications d&#8217;isolation.<\/strong><\/p>\n<p>&nbsp;<\/p>\n<h3>1. La s\u00e9curit\u00e9 incendie requiert une approche holistique<\/h3>\n<p>Outre la conception du b\u00e2timent, de nombreux facteurs d\u00e9terminent la s\u00e9curit\u00e9 incendie finale, comme les installations techniques, la gestion du b\u00e2timent, la planification de l\u2019\u00e9vacuation, etc.\u00a0 Nous nous r\u00e9f\u00e9rons au cadre l\u00e9gal en mati\u00e8re de b\u00e2timent, d\u2019installations et d\u2019organisation de la Modern Building Alliance.<\/p>\n<p>Rendez-vous \u00e0 l\u2019adresse\u00a0<a href=\"http:\/\/www.modernbuildingalliance.eu\/\" target=\"_blank\" rel=\"noopener noreferrer\">www.modernbuildingalliance.eu<\/a>\u00a0pour plus d\u2019informations sur l\u2019approche holistique d\u2019un b\u00e2timent s\u00fbr en cas d\u2019incendie.<\/p>\n                <div class=\"mx-n10\">\n                                            <a href=\"http:\/\/www.modernbuildingalliance.eu\/\" target=\"_blank\" class=\"btn btn-dark mt-20 mx-10\">\n                            www.modernbuildingalliance.eu  \n                            <i class=\"fas fa-plus fa-xs border border-sm rounded-circle p-1 ml-2\"><\/i>\n                        <\/a>\n                                                        <\/div>\n            <\/div>\n            <div class=\"col-12 col-sm-6 text-center block-image-text__image   \" data-aos=\"fade-up\">\n                <img decoding=\"async\" src=\"https:\/\/eu.iko.com\/wp-content\/uploads\/2024\/02\/brandveiligheid.png\" alt=\"\" class=\"img-fluid h-100\">\n            <\/div>\n        <\/div>\n    <\/div>\n<\/section>\n\n\n\n<div class=\"wp-block-jetpack-layout-grid alignfull bg-light pt-80 pb-40 column1-desktop-grid__span-4 column1-desktop-grid__row-1 column2-desktop-grid__span-4 column2-desktop-grid__start-5 column2-desktop-grid__row-1 column3-desktop-grid__span-4 column3-desktop-grid__start-9 column3-desktop-grid__row-1 column1-tablet-grid__span-4 column1-tablet-grid__row-1 column2-tablet-grid__span-4 column2-tablet-grid__start-5 column2-tablet-grid__row-1 column3-tablet-grid__span-8 column3-tablet-grid__row-2 column1-mobile-grid__span-4 column1-mobile-grid__row-1 column2-mobile-grid__span-4 column2-mobile-grid__row-2 column3-mobile-grid__span-4 column3-mobile-grid__row-3\">\n<div class=\"wp-block-jetpack-layout-grid-column wp-block-jetpack-layout-grid__padding-none\">\n<section class=\"block-icon text-left \" data-aos=\"fade-up\" id=\"block_65dddf60b6a85\">\n        \n        <img decoding=\"async\" src=\"https:\/\/eu.iko.com\/wp-content\/uploads\/2024\/02\/brandveiligheid-icon-3.png\" alt=\"\" class=\"img-fluid mb-20\">\n        <div class=\"mb-20\">\n        <h3 class=\"mt-15 mb-20\">2. Une \u00e9valuation au niveau du produit est insuffisante<\/h3>\n        <p>La r\u00e9action au feu de ce produit d\u2019isolation n\u2019est pas une mesure de la s\u00e9curit\u00e9 incendie finale de l\u2019ensemble de la structure ou du b\u00e2timent. Outre le comportement au feu du mat\u00e9riau isolant, la s\u00e9curit\u00e9 incendie est \u00e9galement d\u00e9termin\u00e9e par les autres produits de construction du syst\u00e8me et leurs propri\u00e9t\u00e9s (r\u00e9action au feu, r\u00e9sistance au feu, pr\u00e9sence d\u2019un vide d\u2019air et de joints, etc.)<\/p>\n    <\/div>\n<\/section><\/div>\n\n\n\n<div class=\"wp-block-jetpack-layout-grid-column wp-block-jetpack-layout-grid__padding-none\">\n<section class=\"block-icon text-left \" data-aos=\"fade-up\" id=\"block_65dddfadb6a86\">\n        \n        <img decoding=\"async\" src=\"https:\/\/eu.iko.com\/wp-content\/uploads\/2024\/02\/brandveiligheid-icon-1.png\" alt=\"\" class=\"img-fluid mb-20\">\n        <div class=\"mb-20\">\n        <h3 class=\"mt-15 mb-20\">3. Consultation et respect des derni\u00e8res r\u00e9glementations en mati\u00e8re d&#8217;incendie<\/h3>\n        <p>Les domaines d\u2019application indiqu\u00e9s sur la fiche technique doivent \u00eatre valid\u00e9s par le client. Consultez toujours la r\u00e9glementation (incendie) la plus r\u00e9cente en vue d\u2019une application correcte et conforme du produit d\u2019isolation. Les propri\u00e9t\u00e9s requises au niveau du produit et\/ou du syst\u00e8me sont d\u00e9termin\u00e9es, entre autres choses, par le type d\u2019application, la hauteur du b\u00e2timent, la fonction du b\u00e2timent ou de la pi\u00e8ce et le type d\u2019occupation du b\u00e2timent.<\/p>\n<p>&nbsp;<\/p>\n    <\/div>\n<\/section><\/div>\n\n\n\n<div class=\"wp-block-jetpack-layout-grid-column wp-block-jetpack-layout-grid__padding-none\">\n<section class=\"block-icon text-left \" data-aos=\"fade-up\" id=\"block_65dddfbbb6a87\">\n        \n        <img decoding=\"async\" src=\"https:\/\/eu.iko.com\/wp-content\/uploads\/2024\/02\/brandveiligheid-icon-2.png\" alt=\"\" class=\"img-fluid mb-20\">\n        <div class=\"mb-20\">\n        <h3 class=\"mt-15 mb-20\">4. Le comportement au feu doit reposer sur les rapports d&#8217;essai fournis<\/h3>\n        <p>Les produits d\u2019isolation doivent \u00eatre install\u00e9s conform\u00e9ment aux conditions d\u2019application du rapport d\u2019essai, en tenant compte des exigences de s\u00e9curit\u00e9 incendie applicables au domaine d\u2019application pr\u00e9vu et \u00e0 l\u2019ensemble de la construction. Les rapports d\u2019essai disponibles peuvent \u00eatre obtenus sur simple demande aupr\u00e8s de votre agent IKO.<\/p>\n    <\/div>\n<\/section><\/div>\n<\/div>\n\n\n<div class=\"block block-cta text-left\" id=\"block_65dddfccb6a88\">\n    <div class=\"block-cta__background\" style=\"background-image: url(https:\/\/eu.iko.com\/wp-content\/uploads\/2024\/02\/banner-iko-enertherm.jpeg);\">\n        <div class=\"   block-cta__overlay\">\n            <div class=\"block-cta__container py-60 py-lg-80 pl-20 pl-md-60 pl-md-40\">\n                <div class=\"row align-items-center\">\n                    <div class=\"col-12 col-lg-8\">\n                                                    <h2 class=\"text-white\" data-aos=\"fade-up\">Si vous avez des questions concernant cette annexe, veuillez contacter votre agent IKO.<\/h2>\n                        \n                                            <\/div>\n                                            <div class=\"col-12 col-lg-4 mt-2 mt-lg-0 text-lg-right\" data-aos=\"fade-up\">\n                            <a href=\"https:\/\/eu.iko.com\/fr\/contact\/\" class=\"btn btn-primary\" target=\"\">\n                                Contactez-nous  \n                                <i class=\"fas fa-plus fa-xs border border-sm rounded-circle p-1 ml-2\"><\/i>\n                            <\/a>\n                        <\/div>\n                                    <\/div>\n            <\/div>\n        <\/div>\n    <\/div>\n<\/div>\n\n\n<div class=\"block block-editor pt-40 pt-md-60 pt-lg-80 pt-xl-90 pb-40 pb-md-60 pb-lg-80 pb-xl-90 \" id=\"block_65dde050b6a89\">\n    <div class=\"container\">        <div class=\"row\">\n            <div class=\"col-12\" data-aos=\"fade-up\">\n                <div class=\"container\">\n<div class=\"row\">\n<div class=\"col-xs-12\">\n<article class=\"post-34964 page type-page status-publish hentry\">\n<div class=\"page-content\">\n<div class=\"vc_row wpb_row vc_row-fluid\">\n<div class=\"wpb_column vc_column_container vc_col-sm-12\">\n<div class=\"vc_column-inner\">\n<div class=\"wpb_wrapper\">\n<div class=\"wpb_text_column wpb_content_element \">\n<div class=\"wpb_wrapper\">\n<p><em>Le Groupe IKO \u2013 entendez les soci\u00e9t\u00e9s NV IKO, BV IKO et IKO Insulations BV dans leur ensemble et chacune s\u00e9par\u00e9ment \u2013 n\u2019a jamais d\u2019obligation de r\u00e9sultat quant \u00e0 l\u2019indication du domaine d\u2019application. Cette information ne pourra jamais mettre en cause la responsabilit\u00e9 du Groupe IKO.<\/em><\/p>\n<\/div>\n<\/div>\n<\/div>\n<\/div>\n<\/div>\n<\/div>\n<\/div>\n<\/article>\n<\/div>\n<\/div>\n<\/div>\n<div class=\"site-footer footer-type1\">\n<div class=\"container\">\n<div class=\"row\">\n<div class=\"col-footer\">\n<div id=\"text-914\" class=\"widget widget_text\"><\/div>\n<\/div>\n<\/div>\n<\/div>\n<\/div>\n            <\/div>\n        <\/div>\n    <\/div><\/div>","protected":false},"excerpt":{"rendered":"","protected":false},"author":1,"featured_media":0,"parent":19382,"menu_order":0,"comment_status":"closed","ping_status":"closed","template":"","meta":{"_acf_changed":false,"footnotes":""},"taxonomy_divisions":[],"class_list":["post-67546","page","type-page","status-publish","hentry"],"acf":[],"yoast_head":"<!-- This site is optimized with the Yoast SEO plugin v27.3 - https:\/\/yoast.com\/product\/yoast-seo-wordpress\/ -->\n<title>Notre vision de la s\u00e9curit\u00e9 incendie | IKO<\/title>\n<meta name=\"robots\" content=\"index, follow, max-snippet:-1, max-image-preview:large, max-video-preview:-1\" \/>\n<link rel=\"canonical\" href=\"https:\/\/eu.iko.com\/fr\/about-iko\/notre-vision-de-la-securite-incendie\/\" \/>\n<meta property=\"og:locale\" content=\"fr_FR\" \/>\n<meta property=\"og:type\" content=\"article\" \/>\n<meta property=\"og:title\" content=\"Notre vision de la s\u00e9curit\u00e9 incendie | IKO\" \/>\n<meta property=\"og:url\" content=\"https:\/\/eu.iko.com\/fr\/about-iko\/notre-vision-de-la-securite-incendie\/\" \/>\n<meta property=\"og:site_name\" content=\"IKO\" \/>\n<meta property=\"article:publisher\" content=\"https:\/\/www.facebook.com\/IKOwaterproofingandinsulation\/\" \/>\n<meta property=\"article:modified_time\" content=\"2024-02-27T13:51:14+00:00\" \/>\n<meta property=\"og:image\" content=\"https:\/\/eu.iko.com\/wp-content\/uploads\/2024\/03\/emailheader.jpg\" \/>\n\t<meta property=\"og:image:width\" content=\"600\" \/>\n\t<meta property=\"og:image:height\" content=\"200\" \/>\n\t<meta property=\"og:image:type\" content=\"image\/jpeg\" \/>\n<meta name=\"twitter:card\" content=\"summary_large_image\" \/>\n<script type=\"application\/ld+json\" class=\"yoast-schema-graph\">{\"@context\":\"https:\\\/\\\/schema.org\",\"@graph\":[{\"@type\":\"WebPage\",\"@id\":\"https:\\\/\\\/eu.iko.com\\\/fr\\\/about-iko\\\/notre-vision-de-la-securite-incendie\\\/\",\"url\":\"https:\\\/\\\/eu.iko.com\\\/fr\\\/about-iko\\\/notre-vision-de-la-securite-incendie\\\/\",\"name\":\"Notre vision de la s\u00e9curit\u00e9 incendie | IKO\",\"isPartOf\":{\"@id\":\"https:\\\/\\\/eu.iko.com\\\/fr\\\/#website\"},\"datePublished\":\"2024-02-27T12:59:53+00:00\",\"dateModified\":\"2024-02-27T13:51:14+00:00\",\"breadcrumb\":{\"@id\":\"https:\\\/\\\/eu.iko.com\\\/fr\\\/about-iko\\\/notre-vision-de-la-securite-incendie\\\/#breadcrumb\"},\"inLanguage\":\"fr-BE\",\"potentialAction\":[{\"@type\":\"ReadAction\",\"target\":[\"https:\\\/\\\/eu.iko.com\\\/fr\\\/about-iko\\\/notre-vision-de-la-securite-incendie\\\/\"]}]},{\"@type\":\"BreadcrumbList\",\"@id\":\"https:\\\/\\\/eu.iko.com\\\/fr\\\/about-iko\\\/notre-vision-de-la-securite-incendie\\\/#breadcrumb\",\"itemListElement\":[{\"@type\":\"ListItem\",\"position\":1,\"name\":\"Home\",\"item\":\"https:\\\/\\\/eu.iko.com\\\/fr\\\/\"},{\"@type\":\"ListItem\",\"position\":2,\"name\":\"About IKO\",\"item\":\"https:\\\/\\\/eu.iko.com\\\/fr\\\/about-iko\\\/\"},{\"@type\":\"ListItem\",\"position\":3,\"name\":\"Notre vision de la s\u00e9curit\u00e9 incendie\"}]},{\"@type\":\"WebSite\",\"@id\":\"https:\\\/\\\/eu.iko.com\\\/fr\\\/#website\",\"url\":\"https:\\\/\\\/eu.iko.com\\\/fr\\\/\",\"name\":\"IKO Waterproofing & Insulation\",\"description\":\"Dakdichting, waterdichting en isolatie\",\"publisher\":{\"@id\":\"https:\\\/\\\/eu.iko.com\\\/fr\\\/#organization\"},\"potentialAction\":[{\"@type\":\"SearchAction\",\"target\":{\"@type\":\"EntryPoint\",\"urlTemplate\":\"https:\\\/\\\/eu.iko.com\\\/fr\\\/?s={search_term_string}\"},\"query-input\":{\"@type\":\"PropertyValueSpecification\",\"valueRequired\":true,\"valueName\":\"search_term_string\"}}],\"inLanguage\":\"fr-BE\"},{\"@type\":\"Organization\",\"@id\":\"https:\\\/\\\/eu.iko.com\\\/fr\\\/#organization\",\"name\":\"IKO Waterproofing & Insulation\",\"url\":\"https:\\\/\\\/eu.iko.com\\\/fr\\\/\",\"logo\":{\"@type\":\"ImageObject\",\"inLanguage\":\"fr-BE\",\"@id\":\"https:\\\/\\\/eu.iko.com\\\/fr\\\/#\\\/schema\\\/logo\\\/image\\\/\",\"url\":\"https:\\\/\\\/eu.iko.com\\\/wp-content\\\/uploads\\\/2024\\\/03\\\/emailheader.jpg\",\"contentUrl\":\"https:\\\/\\\/eu.iko.com\\\/wp-content\\\/uploads\\\/2024\\\/03\\\/emailheader.jpg\",\"width\":600,\"height\":200,\"caption\":\"IKO Waterproofing & Insulation\"},\"image\":{\"@id\":\"https:\\\/\\\/eu.iko.com\\\/fr\\\/#\\\/schema\\\/logo\\\/image\\\/\"},\"sameAs\":[\"https:\\\/\\\/www.facebook.com\\\/IKOwaterproofingandinsulation\\\/\",\"https:\\\/\\\/www.linkedin.com\\\/company\\\/iko-waterproofingandinsulation\\\/\",\"https:\\\/\\\/www.instagram.com\\\/iko_waterproofing_insulation\\\/\",\"https:\\\/\\\/www.youtube.com\\\/channel\\\/UCb6EjYDrbNjJJM0EeZHQHcg\"]}]}<\/script>\n<!-- \/ Yoast SEO plugin. -->","yoast_head_json":{"title":"Notre vision de la s\u00e9curit\u00e9 incendie | IKO","robots":{"index":"index","follow":"follow","max-snippet":"max-snippet:-1","max-image-preview":"max-image-preview:large","max-video-preview":"max-video-preview:-1"},"canonical":"https:\/\/eu.iko.com\/fr\/about-iko\/notre-vision-de-la-securite-incendie\/","og_locale":"fr_FR","og_type":"article","og_title":"Notre vision de la s\u00e9curit\u00e9 incendie | IKO","og_url":"https:\/\/eu.iko.com\/fr\/about-iko\/notre-vision-de-la-securite-incendie\/","og_site_name":"IKO","article_publisher":"https:\/\/www.facebook.com\/IKOwaterproofingandinsulation\/","article_modified_time":"2024-02-27T13:51:14+00:00","og_image":[{"width":600,"height":200,"url":"https:\/\/eu.iko.com\/wp-content\/uploads\/2024\/03\/emailheader.jpg","type":"image\/jpeg"}],"twitter_card":"summary_large_image","schema":{"@context":"https:\/\/schema.org","@graph":[{"@type":"WebPage","@id":"https:\/\/eu.iko.com\/fr\/about-iko\/notre-vision-de-la-securite-incendie\/","url":"https:\/\/eu.iko.com\/fr\/about-iko\/notre-vision-de-la-securite-incendie\/","name":"Notre vision de la s\u00e9curit\u00e9 incendie | IKO","isPartOf":{"@id":"https:\/\/eu.iko.com\/fr\/#website"},"datePublished":"2024-02-27T12:59:53+00:00","dateModified":"2024-02-27T13:51:14+00:00","breadcrumb":{"@id":"https:\/\/eu.iko.com\/fr\/about-iko\/notre-vision-de-la-securite-incendie\/#breadcrumb"},"inLanguage":"fr-BE","potentialAction":[{"@type":"ReadAction","target":["https:\/\/eu.iko.com\/fr\/about-iko\/notre-vision-de-la-securite-incendie\/"]}]},{"@type":"BreadcrumbList","@id":"https:\/\/eu.iko.com\/fr\/about-iko\/notre-vision-de-la-securite-incendie\/#breadcrumb","itemListElement":[{"@type":"ListItem","position":1,"name":"Home","item":"https:\/\/eu.iko.com\/fr\/"},{"@type":"ListItem","position":2,"name":"About IKO","item":"https:\/\/eu.iko.com\/fr\/about-iko\/"},{"@type":"ListItem","position":3,"name":"Notre vision de la s\u00e9curit\u00e9 incendie"}]},{"@type":"WebSite","@id":"https:\/\/eu.iko.com\/fr\/#website","url":"https:\/\/eu.iko.com\/fr\/","name":"IKO Waterproofing & Insulation","description":"Dakdichting, waterdichting en isolatie","publisher":{"@id":"https:\/\/eu.iko.com\/fr\/#organization"},"potentialAction":[{"@type":"SearchAction","target":{"@type":"EntryPoint","urlTemplate":"https:\/\/eu.iko.com\/fr\/?s={search_term_string}"},"query-input":{"@type":"PropertyValueSpecification","valueRequired":true,"valueName":"search_term_string"}}],"inLanguage":"fr-BE"},{"@type":"Organization","@id":"https:\/\/eu.iko.com\/fr\/#organization","name":"IKO Waterproofing & Insulation","url":"https:\/\/eu.iko.com\/fr\/","logo":{"@type":"ImageObject","inLanguage":"fr-BE","@id":"https:\/\/eu.iko.com\/fr\/#\/schema\/logo\/image\/","url":"https:\/\/eu.iko.com\/wp-content\/uploads\/2024\/03\/emailheader.jpg","contentUrl":"https:\/\/eu.iko.com\/wp-content\/uploads\/2024\/03\/emailheader.jpg","width":600,"height":200,"caption":"IKO Waterproofing & Insulation"},"image":{"@id":"https:\/\/eu.iko.com\/fr\/#\/schema\/logo\/image\/"},"sameAs":["https:\/\/www.facebook.com\/IKOwaterproofingandinsulation\/","https:\/\/www.linkedin.com\/company\/iko-waterproofingandinsulation\/","https:\/\/www.instagram.com\/iko_waterproofing_insulation\/","https:\/\/www.youtube.com\/channel\/UCb6EjYDrbNjJJM0EeZHQHcg"]}]}},"_links":{"self":[{"href":"https:\/\/eu.iko.com\/fr\/wp-json\/wp\/v2\/pages\/67546","targetHints":{"allow":["GET"]}}],"collection":[{"href":"https:\/\/eu.iko.com\/fr\/wp-json\/wp\/v2\/pages"}],"about":[{"href":"https:\/\/eu.iko.com\/fr\/wp-json\/wp\/v2\/types\/page"}],"author":[{"embeddable":true,"href":"https:\/\/eu.iko.com\/fr\/wp-json\/wp\/v2\/users\/1"}],"replies":[{"embeddable":true,"href":"https:\/\/eu.iko.com\/fr\/wp-json\/wp\/v2\/comments?post=67546"}],"version-history":[{"count":0,"href":"https:\/\/eu.iko.com\/fr\/wp-json\/wp\/v2\/pages\/67546\/revisions"}],"up":[{"embeddable":true,"href":"https:\/\/eu.iko.com\/fr\/wp-json\/wp\/v2\/pages\/19382"}],"wp:attachment":[{"href":"https:\/\/eu.iko.com\/fr\/wp-json\/wp\/v2\/media?parent=67546"}],"wp:term":[{"taxonomy":"taxonomy_divisions","embeddable":true,"href":"https:\/\/eu.iko.com\/fr\/wp-json\/wp\/v2\/taxonomy_divisions?post=67546"}],"curies":[{"name":"wp","href":"https:\/\/api.w.org\/{rel}","templated":true}]}}