{"id":35418,"date":"2023-02-10T13:57:27","date_gmt":"2023-02-10T13:57:27","guid":{"rendered":"https:\/\/iko.website-in-progress.be\/about-iko\/iko-en-topsport\/"},"modified":"2023-09-06T05:56:15","modified_gmt":"2023-09-06T05:56:15","slug":"iko-i-sport-najwyzszych-lotow","status":"publish","type":"page","link":"https:\/\/eu.iko.com\/pl\/about-iko\/iko-i-sport-najwyzszych-lotow\/","title":{"rendered":"IKO i sport najwy\u017cszych lot\u00f3w"},"content":{"rendered":"<section class=\"block block-image-text  pb-40 pb-md-50 pb-lg-60  \" id=\"block_63e25a581ba3e\">\n    <div class=\"container image_text_left\">\n        <div class=\"row align-items-center\">\n            <div class=\"col-12 col-sm-6 block-image-text__text  py-20 py-md-30 py-lg-40\" data-aos=\"fade-up\">\n                <h2 class=\"mb-40\">IKO i <span>sport najwy\u017cszych lot\u00f3w<\/span><\/h2>\n                <p><strong>\u201cOsi\u0105ganie dobrych wynik\u00f3w to przesuwanie granic\u201d<\/strong><\/p>\n<p>Ci\u0105g\u0142e przesuwanie granic w zakresie warto\u015bci izolacyjnej i oszcz\u0119dno\u015bci energii oraz proporcjonalne \u0142\u0105czenie wszystkich czynnik\u00f3w decyduj\u0105cych o najlepszych wynikach \u2013 to w\u0142a\u015bnie cechy wyr\u00f3\u017cniaj\u0105ce najlepszych sportowc\u00f3w.<\/p>\n<p>R\u00f3wnie\u017c prawdziwi mistrzowie sportu musz\u0105 nieustannie przesuwa\u0107 swoje w\u0142asne granice: uzyskiwa\u0107 lepszy czas, polepsza\u0107 kondycj\u0119, zdobywa\u0107 wi\u0119cej punkt\u00f3w, czy te\u017c pracowa\u0107 nad technik\u0105.<\/p>\n<p>Osi\u0105gaj\u0105 najlepsze wyniki nie tylko poprzez intensywny trening, ale r\u00f3wnie\u017c dzi\u0119ki po\u0142\u0105czeniu r\u00f3\u017cnych aspekt\u00f3w (odpowiedniej diety, koncentracji, najlepszego sprz\u0119tu itp.). W podobny spos\u00f3b post\u0119puje IKO enertherm, staraj\u0105c si\u0119 w pe\u0142ni anga\u017cowa\u0107 wszystkie \u015brodki \u2013 zupe\u0142nie tak, jak to robi\u0105 najlepsi sportowcy!<\/p>\n                <div class=\"mx-n10\">\n                                                        <\/div>\n            <\/div>\n            <div class=\"col-12 col-sm-6 text-center block-image-text__image   \" data-aos=\"fade-up\">\n                <img decoding=\"async\" src=\"https:\/\/eu.iko.com\/wp-content\/uploads\/2023\/03\/iko-en-topsport-jorien-ter-mors.jpg\" alt=\"\" class=\"img-fluid h-100\">\n            <\/div>\n        <\/div>\n    <\/div>\n<\/section>\n\n\n<div style=\"background-color: #f3f3f3;\"><section class=\"block block-video-text pt-40 pt-md-50 pt-lg-60 pb-40 pb-md-50 pb-lg-60 mt-150 mt-lg-250\" id=\"block_63f4989a974ed\">\n    <div class=\"container video_text_right\">\n        <div class=\"row align-items-center\">\n            <div class=\"col-12 col-md-6 block-video-text__text order-2 px-sm-40 py-30 py-md-60 py-lg-80\" data-aos=\"fade-up\">\n                <h2 class=\"mb-40\">IKO enertherm <span>cyclocross academy<\/span><\/h2>\n                <p>Z tej perspektywy IKO enertherm inwestuje w sport na najwy\u017cszym poziomie.<\/p>\n<p>Strategiczny wyb\u00f3r sponsoringu sportowego &#8211; przede wszystkim w celu budowania \u015bwiadomo\u015bci marki IKO enertherm &#8211; op\u0142aci\u0142 si\u0119 ju\u017c w ostatnich latach.<\/p>\n<p>Udana wsp\u00f3\u0142praca z dru\u017cyn\u0105 kolarsk\u0105 zosta\u0142a przed\u0142u\u017cona. IKO enertherm jest g\u0142\u00f3wnym sponsorem juniorskiej i kobiecej dru\u017cyny kolarskiej IKO enertherm-BKCP, kt\u00f3rej g\u0142\u00f3wn\u0105 postaci\u0105 jest Sanne Cant, mistrzyni Belgii i Europy w kolarstwie prze\u0142ajowym. W\u015br\u00f3d elitarnych kolarzy IKO enertherm jest sponsorem koszulkowym mi\u0119dzynarodowej grupy, w sk\u0142ad kt\u00f3rej wchodz\u0105 Niemiec Philipp Walsleben, Holendrzy Mathieu i David van der Poel oraz Czesi Petrus Lubomir i Adam Toupalik.<\/p>\n                            <\/div>\n            <div class=\"col-12 col-md-6 block-video-text__video order-1 \" data-aos=\"fade-up\">\n                <figure>\n                    <a class=\"block-video-text__video-play venobox\" data-autoplay=\"true\" data-vbtype=\"video\" href=\"https:\/\/www.youtube.com\/watch?v=X1-hcZGz2Y0\">\n                        <img loading=\"lazy\" decoding=\"async\" width=\"649\" height=\"392\" src=\"https:\/\/eu.iko.com\/wp-content\/uploads\/2023\/02\/iko-enertherm-en-topsport.jpeg\" class=\"attachment-uncropped size-uncropped\" alt=\"\" title=\"iko-enertherm-en-topsport\" srcset=\"https:\/\/eu.iko.com\/wp-content\/uploads\/2023\/02\/iko-enertherm-en-topsport.jpeg 649w, https:\/\/eu.iko.com\/wp-content\/uploads\/2023\/02\/iko-enertherm-en-topsport-290x175.jpeg 290w, https:\/\/eu.iko.com\/wp-content\/uploads\/2023\/02\/iko-enertherm-en-topsport-600x362.jpeg 600w\" sizes=\"auto, (max-width: 649px) 100vw, 649px\" \/>                    <\/a>\n                <\/figure>\n            <\/div>\n        <\/div>\n    <\/div>\n<\/section>\n<\/div>","protected":false},"excerpt":{"rendered":"","protected":false},"author":1,"featured_media":0,"parent":29266,"menu_order":0,"comment_status":"closed","ping_status":"closed","template":"","meta":{"_acf_changed":false,"footnotes":""},"taxonomy_divisions":[],"class_list":["post-35418","page","type-page","status-publish","hentry"],"acf":[],"yoast_head":"<!-- This site is optimized with the Yoast SEO plugin v27.3 - https:\/\/yoast.com\/product\/yoast-seo-wordpress\/ -->\n<title>IKO i sport najwy\u017cszych lot\u00f3w | IKO<\/title>\n<meta name=\"robots\" content=\"index, follow, max-snippet:-1, max-image-preview:large, max-video-preview:-1\" \/>\n<link rel=\"canonical\" href=\"https:\/\/eu.iko.com\/pl\/about-iko\/iko-i-sport-najwyzszych-lotow\/\" \/>\n<meta property=\"og:locale\" content=\"pl_PL\" \/>\n<meta property=\"og:type\" content=\"article\" \/>\n<meta property=\"og:title\" content=\"IKO i sport najwy\u017cszych lot\u00f3w | IKO\" \/>\n<meta property=\"og:url\" content=\"https:\/\/eu.iko.com\/pl\/about-iko\/iko-i-sport-najwyzszych-lotow\/\" \/>\n<meta property=\"og:site_name\" content=\"IKO\" \/>\n<meta property=\"article:publisher\" content=\"https:\/\/www.facebook.com\/IKOwaterproofingandinsulation\/\" \/>\n<meta property=\"article:modified_time\" content=\"2023-09-06T05:56:15+00:00\" \/>\n<meta property=\"og:image\" content=\"https:\/\/eu.iko.com\/wp-content\/uploads\/2024\/03\/emailheader.jpg\" \/>\n\t<meta property=\"og:image:width\" content=\"600\" \/>\n\t<meta property=\"og:image:height\" content=\"200\" \/>\n\t<meta property=\"og:image:type\" content=\"image\/jpeg\" \/>\n<meta name=\"twitter:card\" content=\"summary_large_image\" \/>\n<script type=\"application\/ld+json\" class=\"yoast-schema-graph\">{\"@context\":\"https:\\\/\\\/schema.org\",\"@graph\":[{\"@type\":\"WebPage\",\"@id\":\"https:\\\/\\\/eu.iko.com\\\/pl\\\/about-iko\\\/iko-i-sport-najwyzszych-lotow\\\/\",\"url\":\"https:\\\/\\\/eu.iko.com\\\/pl\\\/about-iko\\\/iko-i-sport-najwyzszych-lotow\\\/\",\"name\":\"IKO i sport najwy\u017cszych lot\u00f3w | IKO\",\"isPartOf\":{\"@id\":\"https:\\\/\\\/eu.iko.com\\\/pl\\\/#website\"},\"datePublished\":\"2023-02-10T13:57:27+00:00\",\"dateModified\":\"2023-09-06T05:56:15+00:00\",\"breadcrumb\":{\"@id\":\"https:\\\/\\\/eu.iko.com\\\/pl\\\/about-iko\\\/iko-i-sport-najwyzszych-lotow\\\/#breadcrumb\"},\"inLanguage\":\"pl-PL\",\"potentialAction\":[{\"@type\":\"ReadAction\",\"target\":[\"https:\\\/\\\/eu.iko.com\\\/pl\\\/about-iko\\\/iko-i-sport-najwyzszych-lotow\\\/\"]}]},{\"@type\":\"BreadcrumbList\",\"@id\":\"https:\\\/\\\/eu.iko.com\\\/pl\\\/about-iko\\\/iko-i-sport-najwyzszych-lotow\\\/#breadcrumb\",\"itemListElement\":[{\"@type\":\"ListItem\",\"position\":1,\"name\":\"Home\",\"item\":\"https:\\\/\\\/eu.iko.com\\\/pl\\\/\"},{\"@type\":\"ListItem\",\"position\":2,\"name\":\"About IKO\",\"item\":\"https:\\\/\\\/eu.iko.com\\\/pl\\\/about-iko\\\/\"},{\"@type\":\"ListItem\",\"position\":3,\"name\":\"IKO i sport najwy\u017cszych lot\u00f3w\"}]},{\"@type\":\"WebSite\",\"@id\":\"https:\\\/\\\/eu.iko.com\\\/pl\\\/#website\",\"url\":\"https:\\\/\\\/eu.iko.com\\\/pl\\\/\",\"name\":\"IKO Waterproofing & Insulation\",\"description\":\"Dakdichting, waterdichting en isolatie\",\"publisher\":{\"@id\":\"https:\\\/\\\/eu.iko.com\\\/pl\\\/#organization\"},\"potentialAction\":[{\"@type\":\"SearchAction\",\"target\":{\"@type\":\"EntryPoint\",\"urlTemplate\":\"https:\\\/\\\/eu.iko.com\\\/pl\\\/?s={search_term_string}\"},\"query-input\":{\"@type\":\"PropertyValueSpecification\",\"valueRequired\":true,\"valueName\":\"search_term_string\"}}],\"inLanguage\":\"pl-PL\"},{\"@type\":\"Organization\",\"@id\":\"https:\\\/\\\/eu.iko.com\\\/pl\\\/#organization\",\"name\":\"IKO Waterproofing & Insulation\",\"url\":\"https:\\\/\\\/eu.iko.com\\\/pl\\\/\",\"logo\":{\"@type\":\"ImageObject\",\"inLanguage\":\"pl-PL\",\"@id\":\"https:\\\/\\\/eu.iko.com\\\/pl\\\/#\\\/schema\\\/logo\\\/image\\\/\",\"url\":\"https:\\\/\\\/eu.iko.com\\\/wp-content\\\/uploads\\\/2024\\\/03\\\/emailheader.jpg\",\"contentUrl\":\"https:\\\/\\\/eu.iko.com\\\/wp-content\\\/uploads\\\/2024\\\/03\\\/emailheader.jpg\",\"width\":600,\"height\":200,\"caption\":\"IKO Waterproofing & Insulation\"},\"image\":{\"@id\":\"https:\\\/\\\/eu.iko.com\\\/pl\\\/#\\\/schema\\\/logo\\\/image\\\/\"},\"sameAs\":[\"https:\\\/\\\/www.facebook.com\\\/IKOwaterproofingandinsulation\\\/\",\"https:\\\/\\\/www.linkedin.com\\\/company\\\/iko-waterproofingandinsulation\\\/\",\"https:\\\/\\\/www.instagram.com\\\/iko_waterproofing_insulation\\\/\",\"https:\\\/\\\/www.youtube.com\\\/channel\\\/UCb6EjYDrbNjJJM0EeZHQHcg\"]}]}<\/script>\n<!-- \/ Yoast SEO plugin. -->","yoast_head_json":{"title":"IKO i sport najwy\u017cszych lot\u00f3w | IKO","robots":{"index":"index","follow":"follow","max-snippet":"max-snippet:-1","max-image-preview":"max-image-preview:large","max-video-preview":"max-video-preview:-1"},"canonical":"https:\/\/eu.iko.com\/pl\/about-iko\/iko-i-sport-najwyzszych-lotow\/","og_locale":"pl_PL","og_type":"article","og_title":"IKO i sport najwy\u017cszych lot\u00f3w | IKO","og_url":"https:\/\/eu.iko.com\/pl\/about-iko\/iko-i-sport-najwyzszych-lotow\/","og_site_name":"IKO","article_publisher":"https:\/\/www.facebook.com\/IKOwaterproofingandinsulation\/","article_modified_time":"2023-09-06T05:56:15+00:00","og_image":[{"width":600,"height":200,"url":"https:\/\/eu.iko.com\/wp-content\/uploads\/2024\/03\/emailheader.jpg","type":"image\/jpeg"}],"twitter_card":"summary_large_image","schema":{"@context":"https:\/\/schema.org","@graph":[{"@type":"WebPage","@id":"https:\/\/eu.iko.com\/pl\/about-iko\/iko-i-sport-najwyzszych-lotow\/","url":"https:\/\/eu.iko.com\/pl\/about-iko\/iko-i-sport-najwyzszych-lotow\/","name":"IKO i sport najwy\u017cszych lot\u00f3w | IKO","isPartOf":{"@id":"https:\/\/eu.iko.com\/pl\/#website"},"datePublished":"2023-02-10T13:57:27+00:00","dateModified":"2023-09-06T05:56:15+00:00","breadcrumb":{"@id":"https:\/\/eu.iko.com\/pl\/about-iko\/iko-i-sport-najwyzszych-lotow\/#breadcrumb"},"inLanguage":"pl-PL","potentialAction":[{"@type":"ReadAction","target":["https:\/\/eu.iko.com\/pl\/about-iko\/iko-i-sport-najwyzszych-lotow\/"]}]},{"@type":"BreadcrumbList","@id":"https:\/\/eu.iko.com\/pl\/about-iko\/iko-i-sport-najwyzszych-lotow\/#breadcrumb","itemListElement":[{"@type":"ListItem","position":1,"name":"Home","item":"https:\/\/eu.iko.com\/pl\/"},{"@type":"ListItem","position":2,"name":"About IKO","item":"https:\/\/eu.iko.com\/pl\/about-iko\/"},{"@type":"ListItem","position":3,"name":"IKO i sport najwy\u017cszych lot\u00f3w"}]},{"@type":"WebSite","@id":"https:\/\/eu.iko.com\/pl\/#website","url":"https:\/\/eu.iko.com\/pl\/","name":"IKO Waterproofing & Insulation","description":"Dakdichting, waterdichting en isolatie","publisher":{"@id":"https:\/\/eu.iko.com\/pl\/#organization"},"potentialAction":[{"@type":"SearchAction","target":{"@type":"EntryPoint","urlTemplate":"https:\/\/eu.iko.com\/pl\/?s={search_term_string}"},"query-input":{"@type":"PropertyValueSpecification","valueRequired":true,"valueName":"search_term_string"}}],"inLanguage":"pl-PL"},{"@type":"Organization","@id":"https:\/\/eu.iko.com\/pl\/#organization","name":"IKO Waterproofing & Insulation","url":"https:\/\/eu.iko.com\/pl\/","logo":{"@type":"ImageObject","inLanguage":"pl-PL","@id":"https:\/\/eu.iko.com\/pl\/#\/schema\/logo\/image\/","url":"https:\/\/eu.iko.com\/wp-content\/uploads\/2024\/03\/emailheader.jpg","contentUrl":"https:\/\/eu.iko.com\/wp-content\/uploads\/2024\/03\/emailheader.jpg","width":600,"height":200,"caption":"IKO Waterproofing & Insulation"},"image":{"@id":"https:\/\/eu.iko.com\/pl\/#\/schema\/logo\/image\/"},"sameAs":["https:\/\/www.facebook.com\/IKOwaterproofingandinsulation\/","https:\/\/www.linkedin.com\/company\/iko-waterproofingandinsulation\/","https:\/\/www.instagram.com\/iko_waterproofing_insulation\/","https:\/\/www.youtube.com\/channel\/UCb6EjYDrbNjJJM0EeZHQHcg"]}]}},"_links":{"self":[{"href":"https:\/\/eu.iko.com\/pl\/wp-json\/wp\/v2\/pages\/35418","targetHints":{"allow":["GET"]}}],"collection":[{"href":"https:\/\/eu.iko.com\/pl\/wp-json\/wp\/v2\/pages"}],"about":[{"href":"https:\/\/eu.iko.com\/pl\/wp-json\/wp\/v2\/types\/page"}],"author":[{"embeddable":true,"href":"https:\/\/eu.iko.com\/pl\/wp-json\/wp\/v2\/users\/1"}],"replies":[{"embeddable":true,"href":"https:\/\/eu.iko.com\/pl\/wp-json\/wp\/v2\/comments?post=35418"}],"version-history":[{"count":0,"href":"https:\/\/eu.iko.com\/pl\/wp-json\/wp\/v2\/pages\/35418\/revisions"}],"up":[{"embeddable":true,"href":"https:\/\/eu.iko.com\/pl\/wp-json\/wp\/v2\/pages\/29266"}],"wp:attachment":[{"href":"https:\/\/eu.iko.com\/pl\/wp-json\/wp\/v2\/media?parent=35418"}],"wp:term":[{"taxonomy":"taxonomy_divisions","embeddable":true,"href":"https:\/\/eu.iko.com\/pl\/wp-json\/wp\/v2\/taxonomy_divisions?post=35418"}],"curies":[{"name":"wp","href":"https:\/\/api.w.org\/{rel}","templated":true}]}}